{"id":906,"date":"2015-11-29T17:08:01","date_gmt":"2015-11-29T16:08:01","guid":{"rendered":"http:\/\/serveiseducatius.xtec.cat\/se-vallesoccidental1\/?page_id=906"},"modified":"2020-05-19T17:22:00","modified_gmt":"2020-05-19T15:22:00","slug":"recursos","status":"publish","type":"page","link":"https:\/\/serveiseducatius.xtec.cat\/vallesoccidental1\/recursos\/","title":{"rendered":"Recursos"},"content":{"rendered":"<ul class=\"sub-menu menu-odd menu-depth-1 visible\">\n<li id=\"nav-menu-item-1571\" class=\"sub-menu-item menu-item-odd menu-item-depth-1 menu-item menu-item-type-taxonomy menu-item-object-category\"><span style=\"color: #000000;\"><a class=\"menu-link sub-menu-link\" style=\"color: #000000;\" href=\"https:\/\/serveiseducatius.xtec.cat\/vallesoccidental1\/categoria\/recursos\/alumnatnouvingut\/\">Alumnat nouvingut.<\/a><\/span><\/li>\n<li id=\"nav-menu-item-1064\" class=\"sub-menu-item menu-item-odd menu-item-depth-1 menu-item menu-item-type-taxonomy menu-item-object-category\"><span style=\"color: #000000;\"><a class=\"menu-link sub-menu-link\" style=\"color: #000000;\" href=\"https:\/\/serveiseducatius.xtec.cat\/vallesoccidental1\/categoria\/recursos\/aparells\/\">Aparells.<\/a><\/span><\/li>\n<li id=\"nav-menu-item-1547\" class=\"sub-menu-item menu-item-odd menu-item-depth-1 menu-item menu-item-type-taxonomy menu-item-object-category\"><span style=\"color: #000000;\"><a class=\"menu-link sub-menu-link\" style=\"color: #000000;\" href=\"https:\/\/serveiseducatius.xtec.cat\/vallesoccidental1\/categoria\/recursos\/bancderecursos\/\">Banc de recursos.<\/a><\/span><\/li>\n<li id=\"nav-menu-item-1583\" class=\"sub-menu-item menu-item-odd menu-item-depth-1 menu-item menu-item-type-taxonomy menu-item-object-category\"><span style=\"color: #000000;\"><a class=\"menu-link sub-menu-link\" style=\"color: #000000;\" href=\"https:\/\/serveiseducatius.xtec.cat\/vallesoccidental1\/categoria\/recursos\/full-informatiu\/\">Full informatiu.<\/a><\/span><\/li>\n<li id=\"nav-menu-item-1382\" class=\"sub-menu-item menu-item-odd menu-item-depth-1 menu-item menu-item-type-post_type menu-item-object-page\"><span style=\"color: #000000;\"><a class=\"menu-link sub-menu-link\" style=\"color: #000000;\" href=\"https:\/\/serveiseducatius.xtec.cat\/vallesoccidental1\/recursos\/guies-per-a-leducacio-inclusiva\/\">Guies per a l\u2019educaci\u00f3 inclusiva.<\/a><\/span><\/li>\n<li id=\"nav-menu-item-1056\" class=\"sub-menu-item menu-item-odd menu-item-depth-1 menu-item menu-item-type-taxonomy menu-item-object-category\"><span style=\"color: #000000;\"><a class=\"menu-link sub-menu-link\" style=\"color: #000000;\" href=\"https:\/\/serveiseducatius.xtec.cat\/vallesoccidental1\/categoria\/recursos\/maletes-pedagogiques\/\">Maletes pedag\u00f2giques.<\/a><\/span><\/li>\n<li id=\"nav-menu-item-1570\" class=\"sub-menu-item menu-item-odd menu-item-depth-1 menu-item menu-item-type-taxonomy menu-item-object-category\"><span style=\"color: #000000;\"><a class=\"menu-link sub-menu-link\" style=\"color: #000000;\" href=\"https:\/\/serveiseducatius.xtec.cat\/vallesoccidental1\/categoria\/recursos\/pindoles-per-a-lassessorament\/\">P\u00edndoles per a l\u2019assessorament.<\/a><\/span><\/li>\n<\/ul>\n","protected":false},"excerpt":{"rendered":"<p>Alumnat nouvingut. Aparells. Banc de recursos. Full informatiu. Guies per a l\u2019educaci\u00f3 inclusiva. Maletes pedag\u00f2giques. P\u00edndoles per a l\u2019assessorament.<\/p>\n","protected":false},"author":1,"featured_media":0,"parent":0,"menu_order":0,"comment_status":"closed","ping_status":"closed","template":"page-templates\/front-page.php","meta":{"_bbp_topic_count":0,"_bbp_reply_count":0,"_bbp_total_topic_count":0,"_bbp_total_reply_count":0,"_bbp_voice_count":0,"_bbp_anonymous_reply_count":0,"_bbp_topic_count_hidden":0,"_bbp_reply_count_hidden":0,"_bbp_forum_subforum_count":0,"site-sidebar-layout":"default","site-content-layout":"","ast-site-content-layout":"","site-content-style":"default","site-sidebar-style":"default","ast-global-header-display":"","ast-banner-title-visibility":"","ast-main-header-display":"","ast-hfb-above-header-display":"","ast-hfb-below-header-display":"","ast-hfb-mobile-header-display":"","site-post-title":"","ast-breadcrumbs-content":"","ast-featured-img":"","footer-sml-layout":"","theme-transparent-header-meta":"","adv-header-id-meta":"","stick-header-meta":"","header-above-stick-meta":"","header-main-stick-meta":"","header-below-stick-meta":"","astra-migrate-meta-layouts":"default","ast-page-background-enabled":"default","ast-page-background-meta":{"desktop":{"background-color":"var(--ast-global-color-4)","background-image":"","background-repeat":"repeat","background-position":"center center","background-size":"auto","background-attachment":"scroll","background-type":"","background-media":"","overlay-type":"","overlay-color":"","overlay-opacity":"","overlay-gradient":""},"tablet":{"background-color":"","background-image":"","background-repeat":"repeat","background-position":"center center","background-size":"auto","background-attachment":"scroll","background-type":"","background-media":"","overlay-type":"","overlay-color":"","overlay-opacity":"","overlay-gradient":""},"mobile":{"background-color":"","background-image":"","background-repeat":"repeat","background-position":"center center","background-size":"auto","background-attachment":"scroll","background-type":"","background-media":"","overlay-type":"","overlay-color":"","overlay-opacity":"","overlay-gradient":""}},"ast-content-background-meta":{"desktop":{"background-color":"var(--ast-global-color-5)","background-image":"","background-repeat":"repeat","background-position":"center center","background-size":"auto","background-attachment":"scroll","background-type":"","background-media":"","overlay-type":"","overlay-color":"","overlay-opacity":"","overlay-gradient":""},"tablet":{"background-color":"var(--ast-global-color-5)","background-image":"","background-repeat":"repeat","background-position":"center center","background-size":"auto","background-attachment":"scroll","background-type":"","background-media":"","overlay-type":"","overlay-color":"","overlay-opacity":"","overlay-gradient":""},"mobile":{"background-color":"var(--ast-global-color-5)","background-image":"","background-repeat":"repeat","background-position":"center center","background-size":"auto","background-attachment":"scroll","background-type":"","background-media":"","overlay-type":"","overlay-color":"","overlay-opacity":"","overlay-gradient":""}},"footnotes":""},"class_list":["post-906","page","type-page","status-publish","hentry"],"post_mailing_queue_ids":[],"_links":{"self":[{"href":"https:\/\/serveiseducatius.xtec.cat\/vallesoccidental1\/wp-json\/wp\/v2\/pages\/906","targetHints":{"allow":["GET"]}}],"collection":[{"href":"https:\/\/serveiseducatius.xtec.cat\/vallesoccidental1\/wp-json\/wp\/v2\/pages"}],"about":[{"href":"https:\/\/serveiseducatius.xtec.cat\/vallesoccidental1\/wp-json\/wp\/v2\/types\/page"}],"author":[{"embeddable":true,"href":"https:\/\/serveiseducatius.xtec.cat\/vallesoccidental1\/wp-json\/wp\/v2\/users\/1"}],"replies":[{"embeddable":true,"href":"https:\/\/serveiseducatius.xtec.cat\/vallesoccidental1\/wp-json\/wp\/v2\/comments?post=906"}],"version-history":[{"count":4,"href":"https:\/\/serveiseducatius.xtec.cat\/vallesoccidental1\/wp-json\/wp\/v2\/pages\/906\/revisions"}],"predecessor-version":[{"id":1693,"href":"https:\/\/serveiseducatius.xtec.cat\/vallesoccidental1\/wp-json\/wp\/v2\/pages\/906\/revisions\/1693"}],"wp:attachment":[{"href":"https:\/\/serveiseducatius.xtec.cat\/vallesoccidental1\/wp-json\/wp\/v2\/media?parent=906"}],"curies":[{"name":"wp","href":"https:\/\/api.w.org\/{rel}","templated":true}]}}