{"id":608,"date":"2023-11-09T12:00:51","date_gmt":"2023-11-09T11:00:51","guid":{"rendered":"http:\/\/serveiseducatius.xtec.cat\/se-vallesoccidental1\/?page_id=608"},"modified":"2026-03-02T16:04:47","modified_gmt":"2026-03-02T15:04:47","slug":"horari-i-calendari","status":"publish","type":"page","link":"https:\/\/serveiseducatius.xtec.cat\/vallesoccidental1\/el-servei-educatiu\/horari-i-calendari\/","title":{"rendered":"Horari d&#8217;atenci\u00f3 i calendari"},"content":{"rendered":"\n<p class=\"has-medium-font-size\"><strong>Horari d&#8217;atenci\u00f3 presencial:<\/strong> <\/p>\n\n\n\n<p class=\"has-medium-font-size\">De dilluns a dijous obert <strong>de 9h a 14h<\/strong> i de <strong>15h a 18h<\/strong>. <strong>Divendes de 9h a 15h.<\/strong><\/p>\n\n\n\n<p class=\"has-medium-font-size\">Dies d&#8217;horari intensiu, de <strong>9h<\/strong> a <strong>15h<\/strong>:<\/p>\n\n\n\n<ul class=\"wp-block-list\">\n<li class=\"has-medium-font-size\">19 de desembre del 2025<\/li>\n\n\n\n<li class=\"has-medium-font-size\">Del 8 de juny al 15 de juliol del 2026<\/li>\n<\/ul>\n\n\n\n<p class=\"has-medium-font-size\">En cas que hagueu de venir presencialment al Servei Educatiu, assegureu-vos de <strong>demanar cita pr\u00e8via<\/strong> amb les professionals del servei amb qui necessiteu parlar.<\/p>\n\n\n\n<p class=\"has-medium-font-size\">Podeu contactar-hi a trav\u00e9s del <strong>tel\u00e8fon <strong>93 566 85 70<\/strong> o per <span style=\"color: #000000;\">correu electr\u00f2nic<\/span>:<\/strong><\/p>\n\n\n\n<ul class=\"wp-block-list\">\n<li class=\"has-medium-font-size\"><strong>EAP<\/strong>: a8900277@xtec.cat<\/li>\n\n\n\n<li class=\"has-medium-font-size\"><strong>CRP<\/strong>: crp-sabadell@xtec.cat<\/li>\n\n\n\n<li class=\"has-medium-font-size\"><strong>ELIC:<\/strong> correu directe a la referent del centre\n<ul class=\"wp-block-list\">\n<li>L. Andr\u00e9s: landres@xtec.cat<\/li>\n\n\n\n<li>I. Sans: msans11@xtec.cat<\/li>\n\n\n\n<li>M. Ma\u00f1as: mmanas22@xtec.cat<\/li>\n\n\n\n<li>M. Ferreiro: mferrei5@xtec.cat<\/li>\n<\/ul>\n<\/li>\n<\/ul>\n\n\n\n<p><\/p>\n\n\n\n<ul class=\"wp-block-list\">\n<li class=\"has-medium-font-size\"><strong>Contacte directe professional projecte RECONNECT-ES (orientaci\u00f3 educativa):<\/strong>&nbsp;egellida@xtec.cat<\/li>\n<\/ul>\n\n\n\n<p><\/p>\n\n\n\n<p class=\"has-medium-font-size\">El nostre servei educatiu romandr\u00e0 tancat al p\u00fablic, a part dels per\u00edodes de vacances escolars i dels dies de festes laborals oficials a Catalunya, els seg\u00fcents dies de festa local i de lliure disposici\u00f3, acordats pel Consell Escolar Municipal de Sabadell:<\/p>\n\n\n\n<p class=\"has-text-align-center\">Descarrega el Calendari Escolar 2025-26 (en pdf) <a href=\"https:\/\/web.sabadell.cat\/images\/CEM_Calendari_2025_2026_CENTRES_EDUCATIUS_NO_UNIVERSATARIS_amb_logo.pdf\" data-type=\"link\" data-id=\"https:\/\/web.sabadell.cat\/images\/CEM_Calendari_2025_2026_CENTRES_EDUCATIUS_NO_UNIVERSATARIS_amb_logo.pdf\">AQU\u00cd<\/a><\/p>\n\n\n\n<figure class=\"wp-block-image aligncenter size-full\"><a href=\"https:\/\/serveiseducatius.xtec.cat\/vallesoccidental1\/wp-content\/uploads\/usu762\/2025\/09\/image-1.png\"><img loading=\"lazy\" decoding=\"async\" width=\"956\" height=\"773\" src=\"https:\/\/serveiseducatius.xtec.cat\/vallesoccidental1\/wp-content\/uploads\/usu762\/2025\/09\/image-1.png\" alt=\"\" class=\"wp-image-6047\" srcset=\"https:\/\/serveiseducatius.xtec.cat\/vallesoccidental1\/wp-content\/uploads\/usu762\/2025\/09\/image-1.png 956w, https:\/\/serveiseducatius.xtec.cat\/vallesoccidental1\/wp-content\/uploads\/usu762\/2025\/09\/image-1-300x243.png 300w, https:\/\/serveiseducatius.xtec.cat\/vallesoccidental1\/wp-content\/uploads\/usu762\/2025\/09\/image-1-768x621.png 768w\" sizes=\"auto, (max-width: 956px) 100vw, 956px\" \/><\/a><\/figure>\n\n\n\n<p><\/p>\n","protected":false},"excerpt":{"rendered":"<p>Horari d&#8217;atenci\u00f3 presencial: De dilluns a dijous obert de 9h a 14h i de 15h a 18h. Divendes de 9h [&hellip;]<\/p>\n","protected":false},"author":1,"featured_media":0,"parent":806,"menu_order":30,"comment_status":"closed","ping_status":"closed","template":"","meta":{"_bbp_topic_count":0,"_bbp_reply_count":0,"_bbp_total_topic_count":0,"_bbp_total_reply_count":0,"_bbp_voice_count":0,"_bbp_anonymous_reply_count":0,"_bbp_topic_count_hidden":0,"_bbp_reply_count_hidden":0,"_bbp_forum_subforum_count":0,"site-sidebar-layout":"no-sidebar","site-content-layout":"","ast-site-content-layout":"full-width-container","site-content-style":"default","site-sidebar-style":"default","ast-global-header-display":"","ast-banner-title-visibility":"","ast-main-header-display":"","ast-hfb-above-header-display":"","ast-hfb-below-header-display":"","ast-hfb-mobile-header-display":"","site-post-title":"","ast-breadcrumbs-content":"","ast-featured-img":"","footer-sml-layout":"","theme-transparent-header-meta":"","adv-header-id-meta":"","stick-header-meta":"","header-above-stick-meta":"","header-main-stick-meta":"","header-below-stick-meta":"","astra-migrate-meta-layouts":"set","ast-page-background-enabled":"default","ast-page-background-meta":{"desktop":{"background-color":"var(--ast-global-color-4)","background-image":"","background-repeat":"repeat","background-position":"center center","background-size":"auto","background-attachment":"scroll","background-type":"","background-media":"","overlay-type":"","overlay-color":"","overlay-opacity":"","overlay-gradient":""},"tablet":{"background-color":"","background-image":"","background-repeat":"repeat","background-position":"center center","background-size":"auto","background-attachment":"scroll","background-type":"","background-media":"","overlay-type":"","overlay-color":"","overlay-opacity":"","overlay-gradient":""},"mobile":{"background-color":"","background-image":"","background-repeat":"repeat","background-position":"center center","background-size":"auto","background-attachment":"scroll","background-type":"","background-media":"","overlay-type":"","overlay-color":"","overlay-opacity":"","overlay-gradient":""}},"ast-content-background-meta":{"desktop":{"background-color":"var(--ast-global-color-5)","background-image":"","background-repeat":"repeat","background-position":"center center","background-size":"auto","background-attachment":"scroll","background-type":"","background-media":"","overlay-type":"","overlay-color":"","overlay-opacity":"","overlay-gradient":""},"tablet":{"background-color":"var(--ast-global-color-5)","background-image":"","background-repeat":"repeat","background-position":"center center","background-size":"auto","background-attachment":"scroll","background-type":"","background-media":"","overlay-type":"","overlay-color":"","overlay-opacity":"","overlay-gradient":""},"mobile":{"background-color":"var(--ast-global-color-5)","background-image":"","background-repeat":"repeat","background-position":"center center","background-size":"auto","background-attachment":"scroll","background-type":"","background-media":"","overlay-type":"","overlay-color":"","overlay-opacity":"","overlay-gradient":""}},"footnotes":""},"class_list":["post-608","page","type-page","status-publish","hentry"],"post_mailing_queue_ids":[],"_links":{"self":[{"href":"https:\/\/serveiseducatius.xtec.cat\/vallesoccidental1\/wp-json\/wp\/v2\/pages\/608","targetHints":{"allow":["GET"]}}],"collection":[{"href":"https:\/\/serveiseducatius.xtec.cat\/vallesoccidental1\/wp-json\/wp\/v2\/pages"}],"about":[{"href":"https:\/\/serveiseducatius.xtec.cat\/vallesoccidental1\/wp-json\/wp\/v2\/types\/page"}],"author":[{"embeddable":true,"href":"https:\/\/serveiseducatius.xtec.cat\/vallesoccidental1\/wp-json\/wp\/v2\/users\/1"}],"replies":[{"embeddable":true,"href":"https:\/\/serveiseducatius.xtec.cat\/vallesoccidental1\/wp-json\/wp\/v2\/comments?post=608"}],"version-history":[{"count":6,"href":"https:\/\/serveiseducatius.xtec.cat\/vallesoccidental1\/wp-json\/wp\/v2\/pages\/608\/revisions"}],"predecessor-version":[{"id":6470,"href":"https:\/\/serveiseducatius.xtec.cat\/vallesoccidental1\/wp-json\/wp\/v2\/pages\/608\/revisions\/6470"}],"up":[{"embeddable":true,"href":"https:\/\/serveiseducatius.xtec.cat\/vallesoccidental1\/wp-json\/wp\/v2\/pages\/806"}],"wp:attachment":[{"href":"https:\/\/serveiseducatius.xtec.cat\/vallesoccidental1\/wp-json\/wp\/v2\/media?parent=608"}],"curies":[{"name":"wp","href":"https:\/\/api.w.org\/{rel}","templated":true}]}}