{"id":416,"date":"2015-11-25T15:58:53","date_gmt":"2015-11-25T14:58:53","guid":{"rendered":"http:\/\/serveiseducatius.xtec.cat\/se-vallesoccidental1\/?page_id=416"},"modified":"2025-03-11T11:09:38","modified_gmt":"2025-03-11T10:09:38","slug":"formacio","status":"publish","type":"page","link":"https:\/\/serveiseducatius.xtec.cat\/vallesoccidental1\/formacio\/","title":{"rendered":"Formaci\u00f3"},"content":{"rendered":"<p><img loading=\"lazy\" decoding=\"async\" class=\"size-full wp-image-422 alignleft\" src=\"https:\/\/serveiseducatius.xtec.cat\/vallesoccidental1\/wp-content\/uploads\/usu762\/2015\/11\/pfz.jpg\" alt=\"\" width=\"258\" height=\"195\" srcset=\"https:\/\/serveiseducatius.xtec.cat\/vallesoccidental1\/wp-content\/uploads\/usu762\/2015\/11\/pfz.jpg 258w, https:\/\/serveiseducatius.xtec.cat\/vallesoccidental1\/wp-content\/uploads\/usu762\/2015\/11\/pfz-200x150.jpg 200w\" sizes=\"auto, (max-width: 258px) 100vw, 258px\" \/><\/p>\n<p>Els Plans de Formaci\u00f3 de Zona (PFZ) s\u00f3n un recurs de formaci\u00f3 al servei de la millora dels centres i el professorat d&#8217;una zona educativa\u00a0que pretenen donar resposta a les necessitats de formaci\u00f3 d&#8217;uns ensenyants i d&#8217;uns centres per assolir uns objectius, de millora i de canvi de les pr\u00e0ctiques docents o de l&#8217;organitzaci\u00f3 i el funcionament dels centres educatius.<\/p>\n<p>El Departament d\u2019Educaci\u00f3 ha establert un conjunt d&#8217;<a href=\"https:\/\/xtec.gencat.cat\/ca\/formacio\/info-general\/objectius-formacio\/\">objectius de formaci\u00f3<\/a> permanent que tenen com a objectiu donar resposta a les necessitats de formaci\u00f3 dels centres educatius i dels docents. Aquests objectius seran prioritzats, complementats o adaptats a cada territori d\u2019acord amb les seves caracter\u00edstiques espec\u00edfiques, \u00e9s per aix\u00f2 que cada Servei Educatiu estableix els seus objectius espec\u00edfics.<\/p>\n<p>Les activitats dels PFZ s&#8217;adrecen a tot el professorat d&#8217;educaci\u00f3 infantil, prim\u00e0ria, secund\u00e0ria, de formaci\u00f3 professional, de persones adultes, d&#8217;ensenyaments d&#8217;idiomes, art\u00edstics i esportius dels centres educatius d&#8217;una zona.<\/p>\n<p>Quines s\u00f3n les modalitats formatives?<\/p>\n<ul>\n<li style=\"list-style-type: none;\">\n<ul>\n<li><strong>Formaci\u00f3 en centre.<\/strong>\u00a0Formaci\u00f3 lligada a projectes de canvi o millora del centre o de la ZER.<br \/>\nLa modalitat preferents s\u00f3n l&#8217;Assessorament, la Formaci\u00f3 interna de centre (FIC) i el Taller a centre.<\/li>\n<li><strong>Formaci\u00f3 per a centres<\/strong>. Eina de suport i d&#8217;enfortiment del projecte educatiu de cada entre aprofitant l&#8217;intercanvi pedag\u00f2gic i la formaci\u00f3 de persones de diferents centes educatius que actuen com a equips impulsor o responsables dels seus centres. Inclouen: seminaris de coordinaci\u00f3 i formaci\u00f3 a equips de centres.<\/li>\n<li><strong>Formaci\u00f3 individual per al professorat de diversos centres.<\/strong>\u00a0Inclouen seminaris, cursos, tallers i grups de treball.<\/li>\n<li><strong>Actuacions de dinamitzaci\u00f3 i sensibilitzaci\u00f3.<\/strong>\u00a0Activitats obertes a un gran nombre d&#8217;assistents. Inclouen jornades, trobades pedag\u00f2giques, confer\u00e8ncies i taules rodones.<\/li>\n<\/ul>\n<\/li>\n<\/ul>\n<p><strong>Demanda de formaci\u00f3 en centre:<\/strong><\/p>\n<p>Els equips directius dels centres de la zona del Servei Educatiu del Vall\u00e8s Occidental I, \u00e9s a dir, els centres de Sabadell i Sant Quirze del Vall\u00e8s, podreu fer la demanda pel proper curs 2025-2026 a partir de finals de maig.<\/p>\n<p>A m\u00e9s, s&#8217;ofereixen tamb\u00e9 tota una s\u00e8rie d&#8217;activitats tipificades organitzades des de diferents unitats gestores del Departament d&#8217;Educaci\u00f3 i en diferents modalitats (taller a centre, assessorament, &#8230;) que tamb\u00e9 es poden sol\u00b7licitar. Podeu consultar aqu\u00ed la <a href=\"https:\/\/xtec.gencat.cat\/ca\/formacio\/cataleg-de-formacio\/curs-2024-2025\/\">llista de tipus d&#8217;activitats planificades per al curs 2024-2025. <\/a>Si voleu cercar activitats que s&#8217;ofereixen en centre, filtreu segons modalitat de formaci\u00f3 i segons l&#8217;\u00e0mbit d&#8217;inter\u00e8s. Feu la demanda d&#8217;aquestes activitats.<\/p>\n<p><strong>Inscripci\u00f3 a la formaci\u00f3 per a centres i formacions obertes<\/strong><\/p>\n<p>Properament es publicar\u00e0 l&#8217;oferta del tercer torn (juliol). La inscripci\u00f3 a aquest tipus d&#8217;activitats \u00e9s individual.<\/p>\n<p>Per a fer la inscripci\u00f3 cal tenir les <a href=\"https:\/\/serveiseducatius.xtec.cat\/vallesoccidental1\/general\/correu-electronic-i-credencials-xtec\/\">credencials XTEC activades<\/a>.<\/p>\n","protected":false},"excerpt":{"rendered":"<p>Els Plans de Formaci\u00f3 de Zona (PFZ) s\u00f3n un recurs de formaci\u00f3 al servei de la millora dels centres i [&hellip;]<\/p>\n","protected":false},"author":1,"featured_media":0,"parent":0,"menu_order":0,"comment_status":"closed","ping_status":"closed","template":"","meta":{"_bbp_topic_count":0,"_bbp_reply_count":0,"_bbp_total_topic_count":0,"_bbp_total_reply_count":0,"_bbp_voice_count":0,"_bbp_anonymous_reply_count":0,"_bbp_topic_count_hidden":0,"_bbp_reply_count_hidden":0,"_bbp_forum_subforum_count":0,"site-sidebar-layout":"no-sidebar","site-content-layout":"","ast-site-content-layout":"normal-width-container","site-content-style":"default","site-sidebar-style":"default","ast-global-header-display":"","ast-banner-title-visibility":"","ast-main-header-display":"","ast-hfb-above-header-display":"","ast-hfb-below-header-display":"","ast-hfb-mobile-header-display":"","site-post-title":"","ast-breadcrumbs-content":"","ast-featured-img":"","footer-sml-layout":"","theme-transparent-header-meta":"","adv-header-id-meta":"","stick-header-meta":"","header-above-stick-meta":"","header-main-stick-meta":"","header-below-stick-meta":"","astra-migrate-meta-layouts":"set","ast-page-background-enabled":"default","ast-page-background-meta":{"desktop":{"background-color":"var(--ast-global-color-4)","background-image":"","background-repeat":"repeat","background-position":"center center","background-size":"auto","background-attachment":"scroll","background-type":"","background-media":"","overlay-type":"","overlay-color":"","overlay-opacity":"","overlay-gradient":""},"tablet":{"background-color":"","background-image":"","background-repeat":"repeat","background-position":"center center","background-size":"auto","background-attachment":"scroll","background-type":"","background-media":"","overlay-type":"","overlay-color":"","overlay-opacity":"","overlay-gradient":""},"mobile":{"background-color":"","background-image":"","background-repeat":"repeat","background-position":"center center","background-size":"auto","background-attachment":"scroll","background-type":"","background-media":"","overlay-type":"","overlay-color":"","overlay-opacity":"","overlay-gradient":""}},"ast-content-background-meta":{"desktop":{"background-color":"var(--ast-global-color-5)","background-image":"","background-repeat":"repeat","background-position":"center center","background-size":"auto","background-attachment":"scroll","background-type":"","background-media":"","overlay-type":"","overlay-color":"","overlay-opacity":"","overlay-gradient":""},"tablet":{"background-color":"var(--ast-global-color-5)","background-image":"","background-repeat":"repeat","background-position":"center center","background-size":"auto","background-attachment":"scroll","background-type":"","background-media":"","overlay-type":"","overlay-color":"","overlay-opacity":"","overlay-gradient":""},"mobile":{"background-color":"var(--ast-global-color-5)","background-image":"","background-repeat":"repeat","background-position":"center center","background-size":"auto","background-attachment":"scroll","background-type":"","background-media":"","overlay-type":"","overlay-color":"","overlay-opacity":"","overlay-gradient":""}},"footnotes":""},"class_list":["post-416","page","type-page","status-publish","hentry"],"post_mailing_queue_ids":[],"_links":{"self":[{"href":"https:\/\/serveiseducatius.xtec.cat\/vallesoccidental1\/wp-json\/wp\/v2\/pages\/416","targetHints":{"allow":["GET"]}}],"collection":[{"href":"https:\/\/serveiseducatius.xtec.cat\/vallesoccidental1\/wp-json\/wp\/v2\/pages"}],"about":[{"href":"https:\/\/serveiseducatius.xtec.cat\/vallesoccidental1\/wp-json\/wp\/v2\/types\/page"}],"author":[{"embeddable":true,"href":"https:\/\/serveiseducatius.xtec.cat\/vallesoccidental1\/wp-json\/wp\/v2\/users\/1"}],"replies":[{"embeddable":true,"href":"https:\/\/serveiseducatius.xtec.cat\/vallesoccidental1\/wp-json\/wp\/v2\/comments?post=416"}],"version-history":[{"count":4,"href":"https:\/\/serveiseducatius.xtec.cat\/vallesoccidental1\/wp-json\/wp\/v2\/pages\/416\/revisions"}],"predecessor-version":[{"id":5844,"href":"https:\/\/serveiseducatius.xtec.cat\/vallesoccidental1\/wp-json\/wp\/v2\/pages\/416\/revisions\/5844"}],"wp:attachment":[{"href":"https:\/\/serveiseducatius.xtec.cat\/vallesoccidental1\/wp-json\/wp\/v2\/media?parent=416"}],"curies":[{"name":"wp","href":"https:\/\/api.w.org\/{rel}","templated":true}]}}