{"id":414,"date":"2015-11-25T15:58:37","date_gmt":"2015-11-25T14:58:37","guid":{"rendered":"http:\/\/serveiseducatius.xtec.cat\/se-vallesoccidental1\/?page_id=414"},"modified":"2025-09-03T14:27:31","modified_gmt":"2025-09-03T12:27:31","slug":"pla-de-formacio-de-zona-pfz","status":"publish","type":"page","link":"https:\/\/serveiseducatius.xtec.cat\/vallesoccidental1\/formacio\/pla-de-formacio-de-zona-pfz\/","title":{"rendered":"Pla de formaci\u00f3 de zona (PFZ)"},"content":{"rendered":"<div><\/div>\n<div><\/div>\n<ul>\n<li><strong><strong>Oferta d&#8217;activitats de formaci\u00f3<\/strong><\/strong>\n<ul>\n<li><a href=\"https:\/\/aplicacions.gestioeducativa.gencat.cat\/ords\/pls\/soloas\/pk_for_mod_ins.p_for_cons_activitats?p_any=2025-2026&amp;p_crp=401&amp;p_totes=S&amp;p_paginar=n\">Pla de Formaci\u00f3 de Sabadell i Sant Quirze del Vall\u00e8s 25-26<\/a><\/li>\n<li><a href=\"http:\/\/xtec.gencat.cat\/ca\/formacio\/info-general\/cercador-activitats\/\" target=\"_blank\" rel=\"noopener noreferrer\">Cercador general d&#8217;activitats<\/a><br \/>\n<hr \/>\n<\/li>\n<\/ul>\n<\/li>\n<li><strong>Demanda d&#8217;activitats<\/strong>\n<ul>\n<li><a href=\"https:\/\/forms.gle\/ijBZReuF4bKm7Ru7A\"><strong>Formulari per comunicar demandes de formaci\u00f3 en centre. Curs 2025-2026<\/strong><\/a><\/li>\n<li><a href=\"https:\/\/xtec.gencat.cat\/ca\/formacio\/cataleg-de-formacio\/curs-2025-2026\/\">Cat\u00e0leg d&#8217;activitats formatives tipificades 25-26<\/a><\/li>\n<\/ul>\n<\/li>\n<\/ul>\n<ul>\n<li style=\"list-style-type: none;\">\n<ul>\n<li><a href=\"http:\/\/xtec.gencat.cat\/ca\/formacio\/la-meva-formacio\/inscripcio-direccions\/\" target=\"_blank\" rel=\"noopener noreferrer\">Acc\u00e9s inscripci\u00f3 des de direcci\u00f3<\/a><\/li>\n<li><a href=\"https:\/\/docs.google.com\/document\/d\/1WNZov4ORKR7bWZFU2oljbgr8VOKpSGmh5GUI1_E-3xM\/template\/preview\" target=\"_blank\" rel=\"noopener\">Model programaci\u00f3 activitat<\/a><br \/>\n<hr \/>\n<\/li>\n<\/ul>\n<\/li>\n<li><strong>Consulta\u00a0 <\/strong>\n<ul>\n<li><a href=\"http:\/\/xtec.gencat.cat\/ca\/formacio\/la-meva-formacio\/les-meves-activitats\/\" target=\"_blank\" rel=\"noopener noreferrer\">Les teves activitats en curs<\/a><\/li>\n<li><a href=\"http:\/\/xtec.gencat.cat\/ca\/formacio\/la-meva-formacio\/els-meus-certificats\/\" target=\"_blank\" rel=\"noopener noreferrer\">Els teus certificats<\/a><\/li>\n<\/ul>\n<\/li>\n<\/ul>\n<hr \/>\n<ul>\n<li style=\"text-align: left;\"><strong>M\u00e9s informaci\u00f3<\/strong>\n<ul>\n<li><a href=\"http:\/\/xtec.gencat.cat\/ca\/formacio\/\" target=\"_blank\" rel=\"noopener noreferrer\">XTEC Formaci\u00f3<\/a><\/li>\n<\/ul>\n<\/li>\n<\/ul>\n<p style=\"text-align: right;\">\n","protected":false},"excerpt":{"rendered":"<p>Oferta d&#8217;activitats de formaci\u00f3 Pla de Formaci\u00f3 de Sabadell i Sant Quirze del Vall\u00e8s 25-26 Cercador general d&#8217;activitats Demanda d&#8217;activitats [&hellip;]<\/p>\n","protected":false},"author":1,"featured_media":0,"parent":416,"menu_order":2,"comment_status":"closed","ping_status":"closed","template":"","meta":{"_bbp_topic_count":0,"_bbp_reply_count":0,"_bbp_total_topic_count":0,"_bbp_total_reply_count":0,"_bbp_voice_count":0,"_bbp_anonymous_reply_count":0,"_bbp_topic_count_hidden":0,"_bbp_reply_count_hidden":0,"_bbp_forum_subforum_count":0,"site-sidebar-layout":"no-sidebar","site-content-layout":"","ast-site-content-layout":"full-width-container","site-content-style":"boxed","site-sidebar-style":"default","ast-global-header-display":"","ast-banner-title-visibility":"","ast-main-header-display":"","ast-hfb-above-header-display":"","ast-hfb-below-header-display":"","ast-hfb-mobile-header-display":"","site-post-title":"","ast-breadcrumbs-content":"","ast-featured-img":"","footer-sml-layout":"","theme-transparent-header-meta":"","adv-header-id-meta":"","stick-header-meta":"","header-above-stick-meta":"","header-main-stick-meta":"","header-below-stick-meta":"","astra-migrate-meta-layouts":"set","ast-page-background-enabled":"default","ast-page-background-meta":{"desktop":{"background-color":"var(--ast-global-color-4)","background-image":"","background-repeat":"repeat","background-position":"center center","background-size":"auto","background-attachment":"scroll","background-type":"","background-media":"","overlay-type":"","overlay-color":"","overlay-opacity":"","overlay-gradient":""},"tablet":{"background-color":"","background-image":"","background-repeat":"repeat","background-position":"center center","background-size":"auto","background-attachment":"scroll","background-type":"","background-media":"","overlay-type":"","overlay-color":"","overlay-opacity":"","overlay-gradient":""},"mobile":{"background-color":"","background-image":"","background-repeat":"repeat","background-position":"center center","background-size":"auto","background-attachment":"scroll","background-type":"","background-media":"","overlay-type":"","overlay-color":"","overlay-opacity":"","overlay-gradient":""}},"ast-content-background-meta":{"desktop":{"background-color":"var(--ast-global-color-5)","background-image":"","background-repeat":"repeat","background-position":"center center","background-size":"auto","background-attachment":"scroll","background-type":"","background-media":"","overlay-type":"","overlay-color":"","overlay-opacity":"","overlay-gradient":""},"tablet":{"background-color":"var(--ast-global-color-5)","background-image":"","background-repeat":"repeat","background-position":"center center","background-size":"auto","background-attachment":"scroll","background-type":"","background-media":"","overlay-type":"","overlay-color":"","overlay-opacity":"","overlay-gradient":""},"mobile":{"background-color":"var(--ast-global-color-5)","background-image":"","background-repeat":"repeat","background-position":"center center","background-size":"auto","background-attachment":"scroll","background-type":"","background-media":"","overlay-type":"","overlay-color":"","overlay-opacity":"","overlay-gradient":""}},"footnotes":""},"class_list":["post-414","page","type-page","status-publish","hentry"],"post_mailing_queue_ids":[],"_links":{"self":[{"href":"https:\/\/serveiseducatius.xtec.cat\/vallesoccidental1\/wp-json\/wp\/v2\/pages\/414","targetHints":{"allow":["GET"]}}],"collection":[{"href":"https:\/\/serveiseducatius.xtec.cat\/vallesoccidental1\/wp-json\/wp\/v2\/pages"}],"about":[{"href":"https:\/\/serveiseducatius.xtec.cat\/vallesoccidental1\/wp-json\/wp\/v2\/types\/page"}],"author":[{"embeddable":true,"href":"https:\/\/serveiseducatius.xtec.cat\/vallesoccidental1\/wp-json\/wp\/v2\/users\/1"}],"replies":[{"embeddable":true,"href":"https:\/\/serveiseducatius.xtec.cat\/vallesoccidental1\/wp-json\/wp\/v2\/comments?post=414"}],"version-history":[{"count":6,"href":"https:\/\/serveiseducatius.xtec.cat\/vallesoccidental1\/wp-json\/wp\/v2\/pages\/414\/revisions"}],"predecessor-version":[{"id":6049,"href":"https:\/\/serveiseducatius.xtec.cat\/vallesoccidental1\/wp-json\/wp\/v2\/pages\/414\/revisions\/6049"}],"up":[{"embeddable":true,"href":"https:\/\/serveiseducatius.xtec.cat\/vallesoccidental1\/wp-json\/wp\/v2\/pages\/416"}],"wp:attachment":[{"href":"https:\/\/serveiseducatius.xtec.cat\/vallesoccidental1\/wp-json\/wp\/v2\/media?parent=414"}],"curies":[{"name":"wp","href":"https:\/\/api.w.org\/{rel}","templated":true}]}}