{"id":338,"date":"2015-11-24T18:40:49","date_gmt":"2015-11-24T17:40:49","guid":{"rendered":"http:\/\/serveiseducatius.xtec.cat\/se-vallesoccidental1\/?page_id=338"},"modified":"2024-03-15T11:07:21","modified_gmt":"2024-03-15T10:07:21","slug":"centres-educatius","status":"publish","type":"page","link":"https:\/\/serveiseducatius.xtec.cat\/vallesoccidental1\/comunitat\/centres-educatius\/","title":{"rendered":"Centres educatius"},"content":{"rendered":"<p><a href=\"https:\/\/educacio.gencat.cat\/ca\/inici\/index.html\"><img loading=\"lazy\" decoding=\"async\" class=\"size-full wp-image-4874 alignleft\" src=\"https:\/\/serveiseducatius.xtec.cat\/vallesoccidental1\/wp-content\/uploads\/usu762\/2024\/03\/marca-educacio.png_602392567.png\" alt=\"\" width=\"550\" height=\"58\" srcset=\"https:\/\/serveiseducatius.xtec.cat\/vallesoccidental1\/wp-content\/uploads\/usu762\/2024\/03\/marca-educacio.png_602392567.png 550w, https:\/\/serveiseducatius.xtec.cat\/vallesoccidental1\/wp-content\/uploads\/usu762\/2024\/03\/marca-educacio.png_602392567-300x32.png 300w\" sizes=\"auto, (max-width: 550px) 100vw, 550px\" \/><\/a><img loading=\"lazy\" decoding=\"async\" class=\"wp-image-4875 alignleft\" src=\"https:\/\/serveiseducatius.xtec.cat\/vallesoccidental1\/wp-content\/uploads\/usu762\/2024\/03\/noulogogene.png\" alt=\"\" width=\"220\" height=\"60\" srcset=\"https:\/\/serveiseducatius.xtec.cat\/vallesoccidental1\/wp-content\/uploads\/usu762\/2024\/03\/noulogogene.png 1824w, https:\/\/serveiseducatius.xtec.cat\/vallesoccidental1\/wp-content\/uploads\/usu762\/2024\/03\/noulogogene-300x82.png 300w, https:\/\/serveiseducatius.xtec.cat\/vallesoccidental1\/wp-content\/uploads\/usu762\/2024\/03\/noulogogene-1024x280.png 1024w, https:\/\/serveiseducatius.xtec.cat\/vallesoccidental1\/wp-content\/uploads\/usu762\/2024\/03\/noulogogene-768x210.png 768w, https:\/\/serveiseducatius.xtec.cat\/vallesoccidental1\/wp-content\/uploads\/usu762\/2024\/03\/noulogogene-1536x419.png 1536w\" sizes=\"auto, (max-width: 220px) 100vw, 220px\" \/><\/p>\n<p>&nbsp;<\/p>\n<p>&nbsp;<\/p>\n<ul>\n<li style=\"list-style-type: none;\">\n<ul>\n<li style=\"list-style-type: none;\">\n<ul>\n<li style=\"list-style-type: none;\">\n<ul>\n<li style=\"text-align: justify;\"><a href=\"https:\/\/web.gencat.cat\/ca\/situacions-de-vida\/familia\/vull-portar-el-meu-fill-a-la-llar-dinfants\/escoles-bressol\/index.html\">Escoles Bressol<\/a><\/li>\n<li style=\"text-align: justify;\"><a href=\"https:\/\/preinscripcio.gencat.cat\/ca\/estudis\/infantil-3-6\/inici\/\">Educaci\u00f3 Infantil<\/a><\/li>\n<li style=\"text-align: justify;\"><a href=\"https:\/\/preinscripcio.gencat.cat\/ca\/estudis\/primaria\/inici\/\">Educaci\u00f3 Prim\u00e0ria<\/a><\/li>\n<li style=\"text-align: justify;\"><a href=\"https:\/\/preinscripcio.gencat.cat\/ca\/estudis\/eso\/inici\/index.html\">Educaci\u00f3 Secund\u00e0ria Obligat\u00f2ria<\/a><\/li>\n<li style=\"text-align: justify;\"><a href=\"https:\/\/triaeducativa.gencat.cat\/ca\/batxillerat\/index.html\">Batxillerat<\/a><\/li>\n<li style=\"text-align: justify;\"><a href=\"https:\/\/triaeducativa.gencat.cat\/ca\/fp\/index.html\">Formaci\u00f3 Professional<\/a><\/li>\n<li style=\"text-align: justify;\"><a href=\"https:\/\/educacio.gencat.cat\/ca\/departament\/estadistiques\/estadistiques-ensenyament\/cursos-anteriors\/curs-2019-2020\/educacio-especial\/index.html\">Educaci\u00f3 Especial<\/a><\/li>\n<li><a href=\"https:\/\/triaeducativa.gencat.cat\/ca\/al-llarg-vida\/\">Educaci\u00f3 d&#8217;Adults &#8211; Educaci\u00f3 al llarg de la vida<\/a><\/li>\n<\/ul>\n<\/li>\n<\/ul>\n<\/li>\n<\/ul>\n<\/li>\n<\/ul>\n","protected":false},"excerpt":{"rendered":"<p>&nbsp; &nbsp; Escoles Bressol Educaci\u00f3 Infantil Educaci\u00f3 Prim\u00e0ria Educaci\u00f3 Secund\u00e0ria Obligat\u00f2ria Batxillerat Formaci\u00f3 Professional Educaci\u00f3 Especial Educaci\u00f3 d&#8217;Adults &#8211; Educaci\u00f3 [&hellip;]<\/p>\n","protected":false},"author":1,"featured_media":0,"parent":341,"menu_order":10,"comment_status":"closed","ping_status":"closed","template":"page-templates\/side-menu.php","meta":{"_bbp_topic_count":0,"_bbp_reply_count":0,"_bbp_total_topic_count":0,"_bbp_total_reply_count":0,"_bbp_voice_count":0,"_bbp_anonymous_reply_count":0,"_bbp_topic_count_hidden":0,"_bbp_reply_count_hidden":0,"_bbp_forum_subforum_count":0,"site-sidebar-layout":"default","site-content-layout":"","ast-site-content-layout":"","site-content-style":"default","site-sidebar-style":"default","ast-global-header-display":"","ast-banner-title-visibility":"","ast-main-header-display":"","ast-hfb-above-header-display":"","ast-hfb-below-header-display":"","ast-hfb-mobile-header-display":"","site-post-title":"","ast-breadcrumbs-content":"","ast-featured-img":"","footer-sml-layout":"","theme-transparent-header-meta":"","adv-header-id-meta":"","stick-header-meta":"","header-above-stick-meta":"","header-main-stick-meta":"","header-below-stick-meta":"","astra-migrate-meta-layouts":"default","ast-page-background-enabled":"default","ast-page-background-meta":{"desktop":{"background-color":"var(--ast-global-color-4)","background-image":"","background-repeat":"repeat","background-position":"center center","background-size":"auto","background-attachment":"scroll","background-type":"","background-media":"","overlay-type":"","overlay-color":"","overlay-opacity":"","overlay-gradient":""},"tablet":{"background-color":"","background-image":"","background-repeat":"repeat","background-position":"center center","background-size":"auto","background-attachment":"scroll","background-type":"","background-media":"","overlay-type":"","overlay-color":"","overlay-opacity":"","overlay-gradient":""},"mobile":{"background-color":"","background-image":"","background-repeat":"repeat","background-position":"center center","background-size":"auto","background-attachment":"scroll","background-type":"","background-media":"","overlay-type":"","overlay-color":"","overlay-opacity":"","overlay-gradient":""}},"ast-content-background-meta":{"desktop":{"background-color":"var(--ast-global-color-5)","background-image":"","background-repeat":"repeat","background-position":"center center","background-size":"auto","background-attachment":"scroll","background-type":"","background-media":"","overlay-type":"","overlay-color":"","overlay-opacity":"","overlay-gradient":""},"tablet":{"background-color":"var(--ast-global-color-5)","background-image":"","background-repeat":"repeat","background-position":"center center","background-size":"auto","background-attachment":"scroll","background-type":"","background-media":"","overlay-type":"","overlay-color":"","overlay-opacity":"","overlay-gradient":""},"mobile":{"background-color":"var(--ast-global-color-5)","background-image":"","background-repeat":"repeat","background-position":"center center","background-size":"auto","background-attachment":"scroll","background-type":"","background-media":"","overlay-type":"","overlay-color":"","overlay-opacity":"","overlay-gradient":""}},"footnotes":""},"class_list":["post-338","page","type-page","status-publish","hentry"],"post_mailing_queue_ids":[],"_links":{"self":[{"href":"https:\/\/serveiseducatius.xtec.cat\/vallesoccidental1\/wp-json\/wp\/v2\/pages\/338","targetHints":{"allow":["GET"]}}],"collection":[{"href":"https:\/\/serveiseducatius.xtec.cat\/vallesoccidental1\/wp-json\/wp\/v2\/pages"}],"about":[{"href":"https:\/\/serveiseducatius.xtec.cat\/vallesoccidental1\/wp-json\/wp\/v2\/types\/page"}],"author":[{"embeddable":true,"href":"https:\/\/serveiseducatius.xtec.cat\/vallesoccidental1\/wp-json\/wp\/v2\/users\/1"}],"replies":[{"embeddable":true,"href":"https:\/\/serveiseducatius.xtec.cat\/vallesoccidental1\/wp-json\/wp\/v2\/comments?post=338"}],"version-history":[{"count":6,"href":"https:\/\/serveiseducatius.xtec.cat\/vallesoccidental1\/wp-json\/wp\/v2\/pages\/338\/revisions"}],"predecessor-version":[{"id":4877,"href":"https:\/\/serveiseducatius.xtec.cat\/vallesoccidental1\/wp-json\/wp\/v2\/pages\/338\/revisions\/4877"}],"up":[{"embeddable":true,"href":"https:\/\/serveiseducatius.xtec.cat\/vallesoccidental1\/wp-json\/wp\/v2\/pages\/341"}],"wp:attachment":[{"href":"https:\/\/serveiseducatius.xtec.cat\/vallesoccidental1\/wp-json\/wp\/v2\/media?parent=338"}],"curies":[{"name":"wp","href":"https:\/\/api.w.org\/{rel}","templated":true}]}}