{"id":318,"date":"2015-11-24T18:18:24","date_gmt":"2015-11-24T17:18:24","guid":{"rendered":"http:\/\/serveiseducatius.xtec.cat\/se-vallesoccidental1\/?page_id=318"},"modified":"2025-09-25T09:54:12","modified_gmt":"2025-09-25T07:54:12","slug":"on-som","status":"publish","type":"page","link":"https:\/\/serveiseducatius.xtec.cat\/vallesoccidental1\/el-servei-educatiu\/on-som\/","title":{"rendered":"On som?"},"content":{"rendered":"\n<p class=\"has-medium-font-size\"><strong>Servei Educatiu Vall\u00e8s Occidental I<br><\/strong>C. Mare de les Aig\u00fces, 22<br>08206 Sabadell<br>Tel. <strong>93 566 85 70<\/strong><br>se-vallesoccidental1@xtec.cat<\/p>\n\n\n\n<p><strong><a href=\"https:\/\/goo.gl\/maps\/5n6gEGNmx5ofP6Fw8\" target=\"_blank\" rel=\"noopener noreferrer\">MAPA<\/a><\/strong><\/p>\n\n\n\n<iframe src=\"https:\/\/www.google.com\/maps\/embed?pb=!1m18!1m12!1m3!1d2985.4151839615197!2d2.0886648764714657!3d41.56025808525392!2m3!1f0!2f0!3f0!3m2!1i1024!2i768!4f13.1!3m3!1m2!1s0x12a494e98650d967%3A0x6a6ea258e3d1df38!2sCentro%20de%20Recursos%20Pedag%C3%B3gicos%20Vall%C3%A8s%20Occidental%201!5e0!3m2!1ses!2ses!4v1736956783170!5m2!1ses!2ses\" width=\"600\" height=\"450\" style=\"border:0;\" allowfullscreen=\"\" loading=\"lazy\" referrerpolicy=\"no-referrer-when-downgrade\"><\/iframe>\n\n\n\n<p><strong>Com arribar-hi:<br><\/strong><\/p>\n\n\n\n<ul class=\"wp-block-list\">\n<li><b>Autob\u00fas<\/b>: TUS. L\u00ednies 2 i 3<\/li>\n\n\n\n<li><strong>Renfe<\/strong>: Estaci\u00f3 Sabadell Nord<\/li>\n\n\n\n<li><strong>FGC.<\/strong> L\u00ednia Vall\u00e8s. Estaci\u00f3 Sabadell<\/li>\n<\/ul>\n","protected":false},"excerpt":{"rendered":"<p>Servei Educatiu Vall\u00e8s Occidental IC. Mare de les Aig\u00fces, 2208206 SabadellTel. 93 566 85 70se-vallesoccidental1@xtec.cat MAPA Com arribar-hi:<\/p>\n","protected":false},"author":1,"featured_media":0,"parent":806,"menu_order":50,"comment_status":"closed","ping_status":"closed","template":"","meta":{"_bbp_topic_count":0,"_bbp_reply_count":0,"_bbp_total_topic_count":0,"_bbp_total_reply_count":0,"_bbp_voice_count":0,"_bbp_anonymous_reply_count":0,"_bbp_topic_count_hidden":0,"_bbp_reply_count_hidden":0,"_bbp_forum_subforum_count":0,"site-sidebar-layout":"no-sidebar","site-content-layout":"","ast-site-content-layout":"full-width-container","site-content-style":"default","site-sidebar-style":"default","ast-global-header-display":"","ast-banner-title-visibility":"","ast-main-header-display":"","ast-hfb-above-header-display":"","ast-hfb-below-header-display":"","ast-hfb-mobile-header-display":"","site-post-title":"","ast-breadcrumbs-content":"","ast-featured-img":"","footer-sml-layout":"","theme-transparent-header-meta":"","adv-header-id-meta":"","stick-header-meta":"","header-above-stick-meta":"","header-main-stick-meta":"","header-below-stick-meta":"","astra-migrate-meta-layouts":"set","ast-page-background-enabled":"default","ast-page-background-meta":{"desktop":{"background-color":"var(--ast-global-color-4)","background-image":"","background-repeat":"repeat","background-position":"center center","background-size":"auto","background-attachment":"scroll","background-type":"","background-media":"","overlay-type":"","overlay-color":"","overlay-opacity":"","overlay-gradient":""},"tablet":{"background-color":"","background-image":"","background-repeat":"repeat","background-position":"center center","background-size":"auto","background-attachment":"scroll","background-type":"","background-media":"","overlay-type":"","overlay-color":"","overlay-opacity":"","overlay-gradient":""},"mobile":{"background-color":"","background-image":"","background-repeat":"repeat","background-position":"center center","background-size":"auto","background-attachment":"scroll","background-type":"","background-media":"","overlay-type":"","overlay-color":"","overlay-opacity":"","overlay-gradient":""}},"ast-content-background-meta":{"desktop":{"background-color":"var(--ast-global-color-5)","background-image":"","background-repeat":"repeat","background-position":"center center","background-size":"auto","background-attachment":"scroll","background-type":"","background-media":"","overlay-type":"","overlay-color":"","overlay-opacity":"","overlay-gradient":""},"tablet":{"background-color":"var(--ast-global-color-5)","background-image":"","background-repeat":"repeat","background-position":"center center","background-size":"auto","background-attachment":"scroll","background-type":"","background-media":"","overlay-type":"","overlay-color":"","overlay-opacity":"","overlay-gradient":""},"mobile":{"background-color":"var(--ast-global-color-5)","background-image":"","background-repeat":"repeat","background-position":"center center","background-size":"auto","background-attachment":"scroll","background-type":"","background-media":"","overlay-type":"","overlay-color":"","overlay-opacity":"","overlay-gradient":""}},"footnotes":""},"class_list":["post-318","page","type-page","status-publish","hentry"],"post_mailing_queue_ids":[],"_links":{"self":[{"href":"https:\/\/serveiseducatius.xtec.cat\/vallesoccidental1\/wp-json\/wp\/v2\/pages\/318","targetHints":{"allow":["GET"]}}],"collection":[{"href":"https:\/\/serveiseducatius.xtec.cat\/vallesoccidental1\/wp-json\/wp\/v2\/pages"}],"about":[{"href":"https:\/\/serveiseducatius.xtec.cat\/vallesoccidental1\/wp-json\/wp\/v2\/types\/page"}],"author":[{"embeddable":true,"href":"https:\/\/serveiseducatius.xtec.cat\/vallesoccidental1\/wp-json\/wp\/v2\/users\/1"}],"replies":[{"embeddable":true,"href":"https:\/\/serveiseducatius.xtec.cat\/vallesoccidental1\/wp-json\/wp\/v2\/comments?post=318"}],"version-history":[{"count":6,"href":"https:\/\/serveiseducatius.xtec.cat\/vallesoccidental1\/wp-json\/wp\/v2\/pages\/318\/revisions"}],"predecessor-version":[{"id":6125,"href":"https:\/\/serveiseducatius.xtec.cat\/vallesoccidental1\/wp-json\/wp\/v2\/pages\/318\/revisions\/6125"}],"up":[{"embeddable":true,"href":"https:\/\/serveiseducatius.xtec.cat\/vallesoccidental1\/wp-json\/wp\/v2\/pages\/806"}],"wp:attachment":[{"href":"https:\/\/serveiseducatius.xtec.cat\/vallesoccidental1\/wp-json\/wp\/v2\/media?parent=318"}],"curies":[{"name":"wp","href":"https:\/\/api.w.org\/{rel}","templated":true}]}}