{"id":306,"date":"2023-10-20T12:00:44","date_gmt":"2023-10-20T10:00:44","guid":{"rendered":"http:\/\/serveiseducatius.xtec.cat\/se-vallesoccidental1\/?page_id=306"},"modified":"2026-02-02T17:32:27","modified_gmt":"2026-02-02T16:32:27","slug":"equip","status":"publish","type":"page","link":"https:\/\/serveiseducatius.xtec.cat\/vallesoccidental1\/el-servei-educatiu\/equip\/","title":{"rendered":"Equip de professionals del Servei Educatiu"},"content":{"rendered":"\n<p class=\"has-medium-font-size\">Cada centre educatiu de Sabadell i Sant Quirze del Vall\u00e8s t\u00e9 assignat un professional de refer\u00e8ncia de cadascun dels equips del Servei Educatiu: EAP, CRP i ELIC. <\/p>\n\n\n\n<p class=\"has-medium-font-size\">Dins de l&#8217;equip de l&#8217;EAP hi trobem tamb\u00e9 l&#8217;equip de Treballadores Socials i l&#8217;Equip de Fisioterapeutes (que at\u00e9n a infants que tenen adscrit aquets servei). <\/p>\n\n\n\n<p class=\"has-medium-font-size\">Al SE comptem tamb\u00e9 amb l&#8217;equip de mentoria 4.0 que s&#8217;encarrega d\u2019assessorar i acompanyar els docents amb la finalitat de capacitar el professorat i l\u2019alumnat en compet\u00e8ncies digitals, especialment les relacionades amb el pensament computacional, la rob\u00f2tica i la programaci\u00f3.<\/p>\n\n\n\n<p class=\"has-medium-font-size\">Recentment s&#8217;ha incorporat al SE la figura d&#8217;una Educadora Social que desenvolupa tasques d&#8217;orientaci\u00f3 a joves d&#8217;entre 16 i 24 anys que han abandonat els estudis.<\/p>\n\n\n\n<p class=\"has-medium-font-size\">Consulteu a continuaci\u00f3 la relaci\u00f3 dels professionals de refer\u00e8ncia per centres del curs <strong>2025-2026<\/strong>:<\/p>\n\n\n\n<div data-wp-interactive=\"core\/file\" class=\"wp-block-file\"><object data-wp-bind--hidden=\"!state.hasPdfPreview\" hidden class=\"wp-block-file__embed\" data=\"https:\/\/serveiseducatius.xtec.cat\/vallesoccidental1\/wp-content\/uploads\/usu762\/2026\/02\/Distribucio-dels-Professionals-x-centres_25-26-_-web.pdf\" type=\"application\/pdf\" style=\"width:100%;height:580px\" aria-label=\"Incrustaci\u00f3 del fitxer Distribuci\u00f3 dels Professionals x centres_25-26 _ web.\"><\/object><a id=\"wp-block-file--media-31883601-629e-4d54-b5ad-98f8637b1df8\" href=\"https:\/\/serveiseducatius.xtec.cat\/vallesoccidental1\/wp-content\/uploads\/usu762\/2026\/02\/Distribucio-dels-Professionals-x-centres_25-26-_-web.pdf\">Distribuci\u00f3 dels Professionals x centres_25-26 _ web<\/a><a href=\"https:\/\/serveiseducatius.xtec.cat\/vallesoccidental1\/wp-content\/uploads\/usu762\/2026\/02\/Distribucio-dels-Professionals-x-centres_25-26-_-web.pdf\" class=\"wp-block-file__button wp-element-button\" download aria-describedby=\"wp-block-file--media-31883601-629e-4d54-b5ad-98f8637b1df8\">Baixa<\/a><\/div>\n\n\n\n<hr class=\"wp-block-separator has-alpha-channel-opacity\"\/>\n\n\n\n<h5 class=\"wp-block-heading has-medium-font-size\">Correus de contacte:<\/h5>\n\n\n\n<p class=\"has-medium-font-size\" style=\"padding-top:0;padding-right:var(--wp--preset--spacing--70);padding-bottom:0;padding-left:var(--wp--preset--spacing--70)\"><strong>Contacte gen\u00e8ric EAP:  a8900277@xtec.cat<\/strong><\/p>\n\n\n\n<p class=\"has-medium-font-size\" style=\"padding-top:0;padding-right:var(--wp--preset--spacing--70);padding-bottom:0;padding-left:var(--wp--preset--spacing--70)\"><strong>Contacte gen\u00e8ric CRP:  crp-sabadell@xtec.cat<\/strong><\/p>\n\n\n\n<p class=\"has-medium-font-size\" style=\"padding-top:0;padding-right:var(--wp--preset--spacing--70);padding-bottom:0;padding-left:var(--wp--preset--spacing--70)\"><strong>Contacte directe professional projecte RECONNECT-ES (orientaci\u00f3 educativa):<\/strong> egellida@xtec.cat<\/p>\n\n\n\n<p class=\"has-medium-font-size\" style=\"padding-top:0;padding-right:var(--wp--preset--spacing--70);padding-bottom:0;padding-left:var(--wp--preset--spacing--70)\"><strong>Contacte professionals equip LIC:<\/strong><\/p>\n\n\n\n<figure class=\"wp-block-image alignright size-medium\"><a href=\"https:\/\/serveiseducatius.xtec.cat\/vallesoccidental1\/wp-content\/uploads\/usu762\/2025\/01\/965980.gif\"><img loading=\"lazy\" decoding=\"async\" width=\"300\" height=\"203\" src=\"https:\/\/serveiseducatius.xtec.cat\/vallesoccidental1\/wp-content\/uploads\/usu762\/2025\/01\/965980-300x203.gif\" alt=\"\" class=\"wp-image-5664\"\/><\/a><\/figure>\n\n\n\n<ul class=\"wp-block-list\">\n<li class=\"has-medium-font-size\">L. Andr\u00e9s: landres@xtec.cat<\/li>\n\n\n\n<li class=\"has-medium-font-size\">I. Sans: msans11@xtec.cat<\/li>\n\n\n\n<li class=\"has-medium-font-size\">M. Ma\u00f1as: mmanas22@xtec.cat<\/li>\n\n\n\n<li class=\"has-medium-font-size\">M. Ferreiro: mferrei5@xtec.cat<br><\/li>\n<\/ul>\n\n\n\n<p class=\"has-medium-font-size\" style=\"margin-right:var(--wp--preset--spacing--70);margin-left:var(--wp--preset--spacing--70)\"><strong>Cada centre educatiu t\u00e9 el contacte del seu referent de de l&#8217;EAP, Treballadores Socials i de Mentoria 4.0.<\/strong><\/p>\n\n\n\n<p><\/p>\n","protected":false},"excerpt":{"rendered":"<p>Cada centre educatiu de Sabadell i Sant Quirze del Vall\u00e8s t\u00e9 assignat un professional de refer\u00e8ncia de cadascun dels equips [&hellip;]<\/p>\n","protected":false},"author":1,"featured_media":0,"parent":806,"menu_order":20,"comment_status":"closed","ping_status":"closed","template":"","meta":{"_bbp_topic_count":0,"_bbp_reply_count":0,"_bbp_total_topic_count":0,"_bbp_total_reply_count":0,"_bbp_voice_count":0,"_bbp_anonymous_reply_count":0,"_bbp_topic_count_hidden":0,"_bbp_reply_count_hidden":0,"_bbp_forum_subforum_count":0,"site-sidebar-layout":"no-sidebar","site-content-layout":"","ast-site-content-layout":"full-width-container","site-content-style":"default","site-sidebar-style":"default","ast-global-header-display":"","ast-banner-title-visibility":"","ast-main-header-display":"","ast-hfb-above-header-display":"","ast-hfb-below-header-display":"","ast-hfb-mobile-header-display":"","site-post-title":"","ast-breadcrumbs-content":"","ast-featured-img":"","footer-sml-layout":"","theme-transparent-header-meta":"","adv-header-id-meta":"","stick-header-meta":"","header-above-stick-meta":"","header-main-stick-meta":"","header-below-stick-meta":"","astra-migrate-meta-layouts":"set","ast-page-background-enabled":"default","ast-page-background-meta":{"desktop":{"background-color":"var(--ast-global-color-4)","background-image":"","background-repeat":"repeat","background-position":"center center","background-size":"auto","background-attachment":"scroll","background-type":"","background-media":"","overlay-type":"","overlay-color":"","overlay-opacity":"","overlay-gradient":""},"tablet":{"background-color":"","background-image":"","background-repeat":"repeat","background-position":"center center","background-size":"auto","background-attachment":"scroll","background-type":"","background-media":"","overlay-type":"","overlay-color":"","overlay-opacity":"","overlay-gradient":""},"mobile":{"background-color":"","background-image":"","background-repeat":"repeat","background-position":"center center","background-size":"auto","background-attachment":"scroll","background-type":"","background-media":"","overlay-type":"","overlay-color":"","overlay-opacity":"","overlay-gradient":""}},"ast-content-background-meta":{"desktop":{"background-color":"var(--ast-global-color-5)","background-image":"","background-repeat":"repeat","background-position":"center center","background-size":"auto","background-attachment":"scroll","background-type":"","background-media":"","overlay-type":"","overlay-color":"","overlay-opacity":"","overlay-gradient":""},"tablet":{"background-color":"var(--ast-global-color-5)","background-image":"","background-repeat":"repeat","background-position":"center center","background-size":"auto","background-attachment":"scroll","background-type":"","background-media":"","overlay-type":"","overlay-color":"","overlay-opacity":"","overlay-gradient":""},"mobile":{"background-color":"var(--ast-global-color-5)","background-image":"","background-repeat":"repeat","background-position":"center center","background-size":"auto","background-attachment":"scroll","background-type":"","background-media":"","overlay-type":"","overlay-color":"","overlay-opacity":"","overlay-gradient":""}},"footnotes":""},"class_list":["post-306","page","type-page","status-publish","hentry"],"post_mailing_queue_ids":[],"_links":{"self":[{"href":"https:\/\/serveiseducatius.xtec.cat\/vallesoccidental1\/wp-json\/wp\/v2\/pages\/306","targetHints":{"allow":["GET"]}}],"collection":[{"href":"https:\/\/serveiseducatius.xtec.cat\/vallesoccidental1\/wp-json\/wp\/v2\/pages"}],"about":[{"href":"https:\/\/serveiseducatius.xtec.cat\/vallesoccidental1\/wp-json\/wp\/v2\/types\/page"}],"author":[{"embeddable":true,"href":"https:\/\/serveiseducatius.xtec.cat\/vallesoccidental1\/wp-json\/wp\/v2\/users\/1"}],"replies":[{"embeddable":true,"href":"https:\/\/serveiseducatius.xtec.cat\/vallesoccidental1\/wp-json\/wp\/v2\/comments?post=306"}],"version-history":[{"count":6,"href":"https:\/\/serveiseducatius.xtec.cat\/vallesoccidental1\/wp-json\/wp\/v2\/pages\/306\/revisions"}],"predecessor-version":[{"id":6430,"href":"https:\/\/serveiseducatius.xtec.cat\/vallesoccidental1\/wp-json\/wp\/v2\/pages\/306\/revisions\/6430"}],"up":[{"embeddable":true,"href":"https:\/\/serveiseducatius.xtec.cat\/vallesoccidental1\/wp-json\/wp\/v2\/pages\/806"}],"wp:attachment":[{"href":"https:\/\/serveiseducatius.xtec.cat\/vallesoccidental1\/wp-json\/wp\/v2\/media?parent=306"}],"curies":[{"name":"wp","href":"https:\/\/api.w.org\/{rel}","templated":true}]}}