{"id":2576,"date":"2021-09-20T16:50:40","date_gmt":"2021-09-20T14:50:40","guid":{"rendered":"https:\/\/serveiseducatius.xtec.cat\/vallesoccidental1\/?page_id=2576"},"modified":"2025-10-07T14:00:41","modified_gmt":"2025-10-07T12:00:41","slug":"blanca","status":"publish","type":"page","link":"https:\/\/serveiseducatius.xtec.cat\/vallesoccidental1\/blanca\/","title":{"rendered":"Blanca"},"content":{"rendered":"<div dir=\"ltr\">\n<table style=\"border-collapse: collapse; width: 100%; height: 670px;\">\n<tbody>\n<tr style=\"height: 31px;\">\n<td style=\"width: 33.3333%; height: 31px;\">\n<div style=\"text-align: left;\"><span style=\"color: #cc0000; font-size: medium;\">UTILITATS CRP<\/span><\/div>\n<\/td>\n<td style=\"width: 33.3333%; height: 31px;\"><span style=\"color: #cc0000; font-size: medium;\">UTILITATS DIRECCIONS<\/span><\/td>\n<td style=\"width: 33.3333%; height: 31px;\"><span style=\"color: #cc0000; font-size: medium;\">INSTITUCIONAL<\/span><\/td>\n<\/tr>\n<tr style=\"height: 639px;\">\n<td style=\"width: 33.3333%; height: 639px;\"><a href=\"https:\/\/aplicacions.gestioeducativa.gencat.cat\/pls\/e13_formacio_gaf\">Formaci\u00f3 (nou GAF)<\/a><a href=\"https:\/\/aplicacions.gestioeducativa.gencat.cat\/pls\/gtaf\/inici\">GAF<\/a><\/p>\n<p><a href=\"https:\/\/aplicacions.gestioeducativa.gencat.cat\/pls\/e13_cert_pub\/certificacio_formacio.menu_opcions\">Certificats de formaci\u00f3<\/a><\/p>\n<p><a href=\"https:\/\/aplicacions.gestioeducativa.gencat.cat\/pls\/apex\/f?p=2017002\">Perfils (gesti\u00f3 CRP)<\/a><\/p>\n<p><span style=\"color: #3366ff;\"><a style=\"color: #3366ff;\" href=\"https:\/\/sites.google.com\/xtec.cat\/gtafformacioprofessorat\/inici?authuser=0\" target=\"_blank\" rel=\"nofollow noopener\">Documentaci\u00f3 PFZ<\/a><\/span><\/p>\n<p><span style=\"font-family: arial, sans-serif; color: #3366ff;\"><a style=\"color: #3366ff;\" href=\"http:\/\/apliense.xtec.cat\/sirius\" target=\"_blank\" rel=\"noopener\">Cat\u00e0leg Form-SIRIUS<\/a><\/span><\/p>\n<p><a href=\"https:\/\/script.google.com\/a\/macros\/xtec.cat\/s\/AKfycbwwt9rAERYsv8GVPNwe2kypyWzdgCn3URq-d775gY7p1h_DZeH1OSWKgpCLzftlcAdwVA\/exec\" target=\"_blank\" rel=\"noopener\">Fitxa de centre (usuari XTEC del CRP)<\/a><\/p>\n<p><a href=\"https:\/\/projectes.xtec.cat\/secrp\/\" target=\"_blank\" rel=\"noopener\">Men\u00fa de recursos (Sandra Gay)<\/a><\/p>\n<p><span style=\"color: #3366ff;\"><span style=\"font-family: arial, sans-serif;\"><a style=\"color: #3366ff;\" href=\"http:\/\/srvcnpbs.xtec.cat\/cse\/dia_ciencia\/\" target=\"_blank\" rel=\"noopener\">Dia de la ci\u00e8ncia<\/a><\/span><\/span><\/p>\n<p><span style=\"color: #3366ff;\"><span style=\"font-family: Arial, sans-serif;\"><a style=\"color: #3366ff;\" href=\"https:\/\/aplicacions.economia.gencat.cat\/ecofin_pced\/AppJava\/cepd\/creditor.do?reqCode=init&amp;set-locale=ca_ES\" target=\"_blank\" rel=\"nofollow noopener\">Pagaments Gencat<\/a><\/span><\/span><\/p>\n<p><span style=\"color: #3366ff;\"><a style=\"color: #3366ff;\" href=\"http:\/\/srvcnpbs.xtec.cat\/cse\/dades\/login.php\" target=\"_blank\" rel=\"noopener\">Dades dels SE<\/a><\/span><\/p>\n<p><span style=\"font-family: arial, sans-serif; color: #3366ff;\"><a style=\"color: #3366ff;\" href=\"http:\/\/srvcnpbs.xtec.cat\/cse\/adreces\/SElist.php?x_Tipus_SE=CRP\" target=\"_blank\" rel=\"noopener\">Xarxa CRP<\/a><\/span><\/p>\n<p><span style=\"font-family: arial, sans-serif; color: #3366ff;\"><a style=\"color: #3366ff;\" href=\"http:\/\/odissea.xtec.cat\/course\/view.php?id=3200\" target=\"_blank\" rel=\"noopener\">Moodle CRP Sabadell<\/a><\/span><\/p>\n<p><span style=\"font-family: arial, sans-serif; color: #3366ff;\"><a style=\"color: #3366ff;\" href=\"https:\/\/projectes.xtec.cat\/xtcd\/\" target=\"_blank\" rel=\"noopener\">Xarxa territorial cultura digital<\/a><\/span><\/p>\n<p><a href=\"https:\/\/script.google.com\/a\/xtec.cat\/macros\/s\/AKfycbzBztjynyLklMFpYCqzfOpb9zCp2acXQuE9f2OoIwyt7CHZ9VTOYkLJ1Z59fvHu6udA_w\/exec\">Centres FIC EDC<\/a><\/p>\n<p><span style=\"font-family: arial, sans-serif; color: #3366ff;\"><a style=\"color: #3366ff;\" href=\"https:\/\/sites.google.com\/a\/xtec.cat\/crp-sabadell\/recursos\/maletes\" target=\"_blank\" rel=\"noopener\">Acc\u00e9s al llistat complet de maletes pedag\u00f2giques<\/a><\/span><\/p>\n<p><span style=\"color: #3366ff;\"><span style=\"font-family: arial, sans-serif;\"><a style=\"color: #3366ff;\" href=\"https:\/\/www.google.es\/url?sa=t&amp;rct=j&amp;q=&amp;esrc=s&amp;source=web&amp;cd=1&amp;cad=rja&amp;uact=8&amp;ved=0ahUKEwiLxIew3svQAhVRkRQKHfiYA3cQFggcMAA&amp;url=https%3A\/\/aplicacions.ensenyament.gencat.cat\/pls\/apex\/f?p=140%3A101%3A&amp;usg=AFQjCNFTRFjlE9430EWeVj31xUpIM_BHXA\" target=\"_blank\" rel=\"noopener\">Gesti\u00f3 Activitats Innovaci\u00f3 AGAI<\/a><\/span><\/span><\/p>\n<p><span style=\"font-family: Verdana, Arial, Helvetica, sans-serif;\"><a style=\"color: #3366ff; font-family: Arial, sans-serif;\" href=\"http:\/\/bit.ly\/AGAI_guia\" target=\"_blank\" rel=\"nofollow noopener\">Guia<\/a><\/span><\/p>\n<p><span style=\"font-family: arial, sans-serif; color: #3366ff;\"><a style=\"color: #3366ff;\" href=\"http:\/\/merli.xtec.cat\/e13_merli\/\" target=\"_blank\" rel=\"noopener\">Catalogador Merl\u00ed<\/a><\/span><\/p>\n<p><span style=\"color: #3366ff; font-family: Arial, Helvetica, sans-serif;\"><span style=\"font-family: Arial, Helvetica, sans-serif;\"><a style=\"color: #3366ff;\" href=\"http:\/\/www.xtec.cat\/~jdomingo\/idealist\/sumari.htm\" target=\"_blank\" rel=\"nofollow noopener\">Supmed<\/a><\/span><\/span><\/p>\n<p><span style=\"color: #3366ff;\"><span style=\"font-family: Arial, Helvetica, sans-serif;\"><a style=\"color: #3366ff;\" href=\"https:\/\/campusobert2.ub.edu\/login\/index.php\" target=\"_blank\" rel=\"noopener\">Campus virtual UB<\/a><\/span><\/span><\/p>\n<p><span style=\"color: #3366ff;\"><span style=\"font-family: Arial, Helvetica, sans-serif;\"><a style=\"color: #3366ff;\" href=\"https:\/\/sia.uab.es\/\" target=\"_blank\" rel=\"noopener\">Intranet UAB<\/a><\/span><\/span><\/p>\n<p><span style=\"color: #3366ff;\"><span style=\"font-family: Arial, Helvetica, sans-serif;\"><a style=\"color: #3366ff;\" href=\"https:\/\/sites.google.com\/xtec.cat\/entorn-virtual-aprenentatge\/inici\" target=\"_blank\" rel=\"noopener\">Entorns virtuals d&#8217;aprenentatge<\/a><\/span><\/span><\/p>\n<p><span style=\"color: #3366ff;\"><span style=\"font-family: Arial, Helvetica, sans-serif;\"><a style=\"color: #3366ff;\" href=\"http:\/\/www.se-vallesoccidental2.net\/0.htm\" target=\"_blank\" rel=\"noopener\">Adreces inter\u00e8s CRP Terrassa<\/a><\/span><\/span><\/p>\n<p><a href=\"https:\/\/docs.google.com\/forms\/d\/e\/1FAIpQLSezxYistYjrBTuT6tDfleAAxBUty_ljifr4TbdErNcwm1q6IA\/viewform?usp=sf_link\">Demanda Formaci\u00f3 inclusiva (FEI-VOC)<\/a><\/p>\n<p><a href=\"https:\/\/projectes.xtec.cat\/secrp\/categoria\/experiencies-acompanyament\/\">NODES Servei CRP &#8211; xarxes<\/a><\/td>\n<td style=\"width: 33.3333%; height: 639px;\"><span style=\"color: #3366ff;\"><a style=\"color: #3366ff;\" href=\"https:\/\/pladigitalcentres.educacio.gencat.cat\/ca\/Account\/Login\" target=\"_blank\" rel=\"noopener\">INDIC- Pla educaci\u00f3 digital <\/a><\/span><\/p>\n<p><span style=\"color: #3366ff;\"><span style=\"font-family: Arial, Helvetica, sans-serif;\"><a style=\"color: #3366ff;\" href=\"http:\/\/idpeacat.gencat.cat\/group\/1\/valisa\" target=\"_blank\" rel=\"nofollow noopener\">e-VALISA<\/a><\/span><\/span><\/p>\n<p><a href=\"https:\/\/bfgh.aplicacions.ensenyament.gencat.cat\/bfgh\">Esfera<\/a><\/p>\n<p><span style=\"color: #3366ff;\"><span style=\"font-family: Arial, Helvetica, sans-serif;\"><a style=\"color: #3366ff;\" target=\"_blank\" rel=\"nofollow noopener\">GFACT<\/a><\/span><\/span><\/p>\n<p><span style=\"color: #3366ff;\"><a style=\"color: #3366ff;\" href=\"https:\/\/www.symbaloo.com\/mix\/formaciodireccionsvoc2\" target=\"_blank\" rel=\"nofollow noopener\">Symbaloo direccions<\/a><\/span><\/p>\n<p><span style=\"color: #3366ff;\"><span style=\"font-family: arial, sans-serif;\"><a style=\"color: #3366ff;\" href=\"https:\/\/agora.xtec.cat\/moodle\/moodle\/mod\/book\/view.php?id=1981&amp;chapterid=41\" target=\"_blank\" rel=\"noopener\">Nom propi centres<\/a><\/span><\/span><\/p>\n<p><span style=\"color: #3366ff;\"><span style=\"font-family: arial, sans-serif;\"><a style=\"color: #3366ff;\" href=\"https:\/\/secundaria.info\/centres.php\" target=\"_blank\" rel=\"noopener\">Cercador de centres<\/a><\/span><\/span><\/p>\n<p><span style=\"color: #3366ff;\"><a style=\"color: #3366ff; font-family: Arial, sans-serif;\" href=\"http:\/\/educacio.gencat.cat\/portal\/page\/portal\/Educacio\/PCentrePrivat\/PCPInici\/PCPGestioAcademica\/PCPGestiPractiquesCentresFormadors\" target=\"_blank\" rel=\"nofollow noopener\">Estudiants Pr\u00e0ctiques<\/a><\/span><\/p>\n<p><span style=\"color: #3366ff;\"><a style=\"color: #3366ff; font-family: Arial, sans-serif;\" href=\"https:\/\/atriportal.gencat.cat\/\" target=\"_blank\" rel=\"nofollow noopener\">Comunicaci\u00f3 abs\u00e8ncies<\/a><\/span><\/p>\n<p><span style=\"color: #3366ff;\"><a style=\"color: #3366ff; font-family: Arial, sans-serif;\" href=\"https:\/\/aplicacions.gestioeducativa.gencat.cat\/pls\/apex\/f?p=113\" target=\"_blank\" rel=\"nofollow noopener\">Comunicaci\u00f3 vaga<\/a><\/span><\/p>\n<p><span style=\"color: #3366ff;\"><a style=\"color: #3366ff; font-family: Arial, sans-serif;\" href=\"http:\/\/educacio.gencat.cat\/portal\/page\/portal\/EducacioIntranet\/Inici\/PortalCentres\/PCPlantillesProvisioDocents\/AvaluacioInterinsDireccionsCentres\" target=\"_blank\" rel=\"nofollow noopener\">Avaluaci\u00f3 interins<\/a><\/span><\/p>\n<p><span style=\"color: #3366ff;\"><a style=\"color: #3366ff; font-family: Arial, sans-serif;\" href=\"http:\/\/www.xtec.cat\/~gperez12\/lletranif.htm\" target=\"_blank\" rel=\"nofollow noopener\">C\u00e0lcul de lletra NIF<\/a><\/span><\/p>\n<p><span style=\"color: #3366ff;\"><a style=\"color: #3366ff; font-family: Arial, sans-serif;\" href=\"http:\/\/www.gabilos.com\/textocalculadoradccuenta.htm\" target=\"_blank\" rel=\"nofollow noopener\">C\u00e0lcul d\u00edgit CCC<\/a><\/span><\/p>\n<p><span style=\"color: #3366ff;\"><a style=\"color: #3366ff; font-family: Arial, sans-serif;\" href=\"https:\/\/inici.espai.educacio.gencat.cat\/\" target=\"_blank\" rel=\"nofollow noopener\">Portal de centres<\/a><\/span><\/p>\n<p><span style=\"color: #3366ff;\"><a style=\"color: #3366ff; font-family: Arial, sans-serif;\" href=\"https:\/\/inici.espai.educacio.gencat.cat\/\" target=\"_blank\" rel=\"nofollow noopener\">Intranet<\/a><\/span><\/p>\n<p><span style=\"color: #3366ff;\"><a style=\"color: #3366ff; font-family: Arial, sans-serif;\" href=\"https:\/\/aplicacions.gestioeducativa.gencat.cat\/pls\/gepse\/gepse.home\" target=\"_blank\" rel=\"nofollow noopener\">GEPSE<\/a><\/span><\/p>\n<p><span style=\"font-family: arial, sans-serif; color: #3366ff;\"><a style=\"color: #3366ff;\" href=\"https:\/\/atri.gencat.cat\/\" target=\"_blank\" rel=\"noopener\">ATRI<\/a><\/span><\/p>\n<p><span style=\"font-family: arial, sans-serif; color: #3366ff;\"><a style=\"color: #3366ff;\" href=\"https:\/\/aplicacions.gestioeducativa.gencat.cat\/pls\/apex\/f?p=2011015:1:303582002812023:::::\" target=\"_blank\" rel=\"noopener\">GUAC<\/a><\/span><\/p>\n<p><span style=\"font-family: arial, sans-serif; color: #3366ff;\"><a style=\"color: #3366ff;\" href=\"https:\/\/pauticgencat.onbmc.com\" target=\"_blank\" rel=\"noopener\">PAUTIC- Remedy<\/a><\/span><\/p>\n<p><span style=\"font-family: arial, sans-serif; color: #3366ff;\"><a style=\"color: #3366ff;\" href=\"https:\/\/projectes.xtec.cat\/edc\/\" target=\"_blank\" rel=\"noopener\">Projecte acceleraci\u00f3 digital<\/a><\/span><\/p>\n<p><span style=\"font-family: arial, sans-serif; color: #3366ff;\"><a style=\"color: #3366ff;\" href=\"https:\/\/projectes.xtec.cat\/edc-suport\/\" target=\"_blank\" rel=\"noopener\">Estrat\u00e8gia digital de centre<\/a><\/span><\/p>\n<p><span style=\"font-family: arial, sans-serif; color: #3366ff;\"><a style=\"color: #3366ff;\" href=\"https:\/\/aplicacions.gestioeducativa.gencat.cat\/pls\/apex\/f?p=2017002:500\" target=\"_blank\" rel=\"noopener\">Formaci\u00f3 i perfils professionals (usuaris personals)<\/a><\/span><\/p>\n<p><span style=\"color: #3366ff; font-family: arial, sans-serif;\"><a style=\"color: #3366ff;\" href=\"https:\/\/gen.cat\/36d9rWq\" target=\"_blank\" rel=\"noopener\">Tra\u00e7acovid<\/a><\/span><\/p>\n<p><span style=\"color: #3366ff; font-family: arial, sans-serif;\"><a style=\"color: #3366ff;\" href=\"https:\/\/espai.educacio.gencat.cat\/Recursos\/Biblioteca\/Biblioteca-virtual\/Revistes-electroniques\/Pagines\/default.aspx\" target=\"_blank\" rel=\"noopener\">Revistes electr\u00f2niques GencatEdu<\/a><\/span><\/td>\n<td style=\"width: 33.3333%; height: 639px;\">\n<div>\n<p><span style=\"color: #3366ff; font-family: arial, sans-serif;\"><a style=\"color: #3366ff;\" href=\"https:\/\/serveiseducatius.xtec.cat\/vallesoccidental1\/\" target=\"_blank\" rel=\"noopener\">Web SE Vall\u00e8s Occidental I<\/a><\/span><\/p>\n<p><span style=\"color: #3366ff; font-family: arial, sans-serif;\"><a style=\"color: #3366ff;\" href=\"http:\/\/ensenyament.gencat.cat\/ca\" target=\"_blank\" rel=\"noopener\">Departament d&#8217;Educaci\u00f3<\/a><\/span><\/p>\n<p><span style=\"color: #3366ff; font-family: arial, sans-serif;\"><a style=\"color: #3366ff;\" href=\"http:\/\/educacio.gencat.net\/portal\/page\/portal\/EducacioIntranet\/Benvinguda\" target=\"_blank\" rel=\"nofollow noopener\">Intranet\u00a0 Departament Educaci\u00f3<\/a><\/span><\/p>\n<p><span style=\"color: #3366ff; font-family: arial, sans-serif;\"><a style=\"color: #3366ff;\" href=\"http:\/\/ensenyament.gencat.cat\/ca\/serveis_territorials\/valles_occidental\/\" target=\"_blank\" rel=\"noopener\">Web ST Vall\u00e8s Occidental<\/a><\/span><\/p>\n<p><span style=\"color: #3366ff; font-family: arial, sans-serif;\"><a style=\"color: #3366ff;\" href=\"https:\/\/sites.google.com\/xtec.cat\/tacvoc\/presentaci%C3%B3\" target=\"_blank\" rel=\"noopener\">Coordinaci\u00f3 digital de centre VOC<\/a><\/span><\/p>\n<p><span style=\"color: #3366ff; font-family: arial, sans-serif;\"><a style=\"color: #3366ff;\" href=\"http:\/\/www.xtec.cat\/\" target=\"_blank\" rel=\"nofollow noopener\">XTEC<\/a><\/span><\/p>\n<p><span style=\"color: #3366ff; font-family: arial, sans-serif;\"><a style=\"color: #3366ff;\" href=\"http:\/\/csda.gencat.cat\/ca\/\" target=\"_blank\" rel=\"noopener\" data-wplink-edit=\"true\">Consell Superior Avaluaci\u00f3<\/a><\/span><\/p>\n<p><span style=\"color: #3366ff; font-family: arial, sans-serif;\"><a style=\"color: #3366ff;\" href=\"http:\/\/srvcnpbs.xtec.cat\/inslle\/cen_mapa.php\" target=\"_blank\" rel=\"nofollow noopener\">Normativa<\/a><\/span><\/p>\n<p><span style=\"color: #3366ff; font-family: arial, sans-serif;\"><a style=\"color: #3366ff;\" href=\"http:\/\/www.gencat.cat\/dogc\/\" target=\"_blank\" rel=\"nofollow noopener\">DOGC<\/a><\/span><\/p>\n<p><span style=\"color: #3366ff; font-family: arial, sans-serif;\"><a style=\"color: #3366ff;\" href=\"http:\/\/mapaescolar.gencat.cat\/\" target=\"_blank\" rel=\"noopener\">Mapa escolar Catalunya<\/a><\/span><\/p>\n<p><span style=\"color: #3366ff; font-family: arial, sans-serif;\"><a style=\"color: #3366ff; font-family: Arial, sans-serif;\" href=\"http:\/\/llta.formacio.ctti.extranet.gencat.cat\/\" target=\"_blank\" rel=\"nofollow noopener\">Servei impressi\u00f3<\/a><\/span><\/p>\n<p><span style=\"color: #3366ff; font-family: arial, sans-serif;\"><a style=\"color: #3366ff;\" href=\"http:\/\/llta.formacio.ctti.extranet.gencat.cat\/cise\/\" target=\"_blank\" rel=\"noopener\">Nous equips TIC<\/a><\/span><\/p>\n<p><span style=\"color: #3366ff; font-family: arial, sans-serif;\"><a style=\"color: #3366ff;\" href=\"http:\/\/xtec.gencat.cat\/ca\/at_usuari\/at_usuari\" target=\"_blank\" rel=\"noopener\">Informaci\u00f3 t\u00e8cnica<\/a>\u00a0&#8211;\u00a0<a style=\"background-color: transparent; color: #3366ff; font-family: Arial, sans-serif;\" href=\"http:\/\/xtec.gencat.cat\/ca\/at_usuari\/suport\/suportpreventiu\" target=\"_blank\" rel=\"nofollow noopener\">Visites t\u00e8cnic<\/a><\/span><\/p>\n<p><span style=\"color: #3366ff; font-family: arial, sans-serif;\"><a style=\"color: #3366ff;\" href=\"https:\/\/www.google.com\/a\/xtec.cat\/ServiceLogin?service=mail&amp;passive=true&amp;rm=false&amp;continue=https%3A%2F%2Fmail.google.com%2Fa%2Fxtec.cat%2F&amp;bsv=1eic6yu9oa4y3&amp;ss=1&amp;ltmpl=default&amp;ltmplcache=2\" target=\"_blank\" rel=\"noopener\">Correu XTEC<\/a><\/span><\/p>\n<p><span style=\"color: #3366ff; font-family: arial, sans-serif;\"><a style=\"color: #3366ff;\" href=\"https:\/\/docs.google.com\/a\/xtec.cat\/?tab=mo#all\" target=\"_blank\" rel=\"noopener\">Docs Google<\/a><\/span><\/p>\n<p><span style=\"color: #3366ff; font-family: arial, sans-serif;\"><a style=\"color: #3366ff;\" href=\"http:\/\/www.uab.es\/ice\/\" target=\"_blank\" rel=\"nofollow noopener\">ICE UAB<\/a><\/span><\/p>\n<p><span style=\"color: #3366ff; font-family: arial, sans-serif;\"><a style=\"color: #3366ff;\" href=\"http:\/\/www.amgali.cat\/\" target=\"_blank\" rel=\"noopener\">Associaci\u00f3 Mestres A. Gal\u00ed<\/a><\/span><\/p>\n<p><span style=\"color: #3366ff; font-family: arial, sans-serif;\"><a style=\"color: #3366ff;\" href=\"https:\/\/sites.google.com\/view\/acdevoc\/index?authuser=0\" target=\"_blank\" rel=\"noopener\">Xarxes ST VOC<\/a><\/span><\/p>\n<p><a href=\"https:\/\/serveiseducatius.xtec.cat\/bdrlectura\/\">Banc de recursos lectura<\/a><\/p>\n<p><a href=\"https:\/\/sites.google.com\/xtec.cat\/bancderecursos\">Butllet\u00ed del BdR<\/a><\/p>\n<p><span style=\"color: #3366ff; font-family: arial, sans-serif;\"><a style=\"color: #3366ff;\" href=\"https:\/\/srvapp.sabadell.net\/webapps\/tramits\/cat\/principal.asp?idtr=2269\" target=\"_blank\" rel=\"noopener\">Ajuntament Sabadell- Seu electr\u00f2nica<\/a><\/span><\/p>\n<p><span style=\"color: #3366ff;\"><span style=\"font-family: Arial, sans-serif;\"><a style=\"color: #3366ff;\" href=\"http:\/\/www20.gencat.cat\/portal\/site\/mobilitat\" target=\"_blank\" rel=\"nofollow noopener\">Mobilitat-Gencat<\/a><\/span><\/span><\/p>\n<p><span style=\"color: #3366ff; font-family: Arial, Helvetica, sans-serif;\"><a style=\"color: #3366ff;\" href=\"https:\/\/seu.sabadell.cat\/opensiac\/action\/tramites?method=enter#l27\" target=\"_blank\" rel=\"noopener\">Cessi\u00f3 espais Casal Pere Quart<\/a><\/span><\/p>\n<\/div>\n<\/td>\n<\/tr>\n<\/tbody>\n<\/table>\n<div><\/div>\n<div><\/div>\n<\/div>\n","protected":false},"excerpt":{"rendered":"<p>UTILITATS CRP UTILITATS DIRECCIONS INSTITUCIONAL Formaci\u00f3 (nou GAF)GAF Certificats de formaci\u00f3 Perfils (gesti\u00f3 CRP) Documentaci\u00f3 PFZ Cat\u00e0leg Form-SIRIUS Fitxa de [&hellip;]<\/p>\n","protected":false},"author":1,"featured_media":0,"parent":0,"menu_order":0,"comment_status":"closed","ping_status":"closed","template":"","meta":{"_bbp_topic_count":0,"_bbp_reply_count":0,"_bbp_total_topic_count":0,"_bbp_total_reply_count":0,"_bbp_voice_count":0,"_bbp_anonymous_reply_count":0,"_bbp_topic_count_hidden":0,"_bbp_reply_count_hidden":0,"_bbp_forum_subforum_count":0,"site-sidebar-layout":"default","site-content-layout":"","ast-site-content-layout":"default","site-content-style":"default","site-sidebar-style":"default","ast-global-header-display":"","ast-banner-title-visibility":"","ast-main-header-display":"","ast-hfb-above-header-display":"","ast-hfb-below-header-display":"","ast-hfb-mobile-header-display":"","site-post-title":"","ast-breadcrumbs-content":"","ast-featured-img":"","footer-sml-layout":"","theme-transparent-header-meta":"","adv-header-id-meta":"","stick-header-meta":"","header-above-stick-meta":"","header-main-stick-meta":"","header-below-stick-meta":"","astra-migrate-meta-layouts":"set","ast-page-background-enabled":"default","ast-page-background-meta":{"desktop":{"background-color":"var(--ast-global-color-4)","background-image":"","background-repeat":"repeat","background-position":"center center","background-size":"auto","background-attachment":"scroll","background-type":"","background-media":"","overlay-type":"","overlay-color":"","overlay-opacity":"","overlay-gradient":""},"tablet":{"background-color":"","background-image":"","background-repeat":"repeat","background-position":"center center","background-size":"auto","background-attachment":"scroll","background-type":"","background-media":"","overlay-type":"","overlay-color":"","overlay-opacity":"","overlay-gradient":""},"mobile":{"background-color":"","background-image":"","background-repeat":"repeat","background-position":"center center","background-size":"auto","background-attachment":"scroll","background-type":"","background-media":"","overlay-type":"","overlay-color":"","overlay-opacity":"","overlay-gradient":""}},"ast-content-background-meta":{"desktop":{"background-color":"var(--ast-global-color-5)","background-image":"","background-repeat":"repeat","background-position":"center center","background-size":"auto","background-attachment":"scroll","background-type":"","background-media":"","overlay-type":"","overlay-color":"","overlay-opacity":"","overlay-gradient":""},"tablet":{"background-color":"var(--ast-global-color-5)","background-image":"","background-repeat":"repeat","background-position":"center center","background-size":"auto","background-attachment":"scroll","background-type":"","background-media":"","overlay-type":"","overlay-color":"","overlay-opacity":"","overlay-gradient":""},"mobile":{"background-color":"var(--ast-global-color-5)","background-image":"","background-repeat":"repeat","background-position":"center center","background-size":"auto","background-attachment":"scroll","background-type":"","background-media":"","overlay-type":"","overlay-color":"","overlay-opacity":"","overlay-gradient":""}},"footnotes":""},"class_list":["post-2576","page","type-page","status-publish","hentry"],"post_mailing_queue_ids":[],"_links":{"self":[{"href":"https:\/\/serveiseducatius.xtec.cat\/vallesoccidental1\/wp-json\/wp\/v2\/pages\/2576","targetHints":{"allow":["GET"]}}],"collection":[{"href":"https:\/\/serveiseducatius.xtec.cat\/vallesoccidental1\/wp-json\/wp\/v2\/pages"}],"about":[{"href":"https:\/\/serveiseducatius.xtec.cat\/vallesoccidental1\/wp-json\/wp\/v2\/types\/page"}],"author":[{"embeddable":true,"href":"https:\/\/serveiseducatius.xtec.cat\/vallesoccidental1\/wp-json\/wp\/v2\/users\/1"}],"replies":[{"embeddable":true,"href":"https:\/\/serveiseducatius.xtec.cat\/vallesoccidental1\/wp-json\/wp\/v2\/comments?post=2576"}],"version-history":[{"count":4,"href":"https:\/\/serveiseducatius.xtec.cat\/vallesoccidental1\/wp-json\/wp\/v2\/pages\/2576\/revisions"}],"predecessor-version":[{"id":6192,"href":"https:\/\/serveiseducatius.xtec.cat\/vallesoccidental1\/wp-json\/wp\/v2\/pages\/2576\/revisions\/6192"}],"wp:attachment":[{"href":"https:\/\/serveiseducatius.xtec.cat\/vallesoccidental1\/wp-json\/wp\/v2\/media?parent=2576"}],"curies":[{"name":"wp","href":"https:\/\/api.w.org\/{rel}","templated":true}]}}