{"id":1985,"date":"2020-12-16T16:31:08","date_gmt":"2020-12-16T15:31:08","guid":{"rendered":"http:\/\/serveiseducatius.xtec.cat\/vallesoccidental1\/?page_id=1985"},"modified":"2026-01-30T10:22:23","modified_gmt":"2026-01-30T09:22:23","slug":"treballs-de-recerca","status":"publish","type":"page","link":"https:\/\/serveiseducatius.xtec.cat\/vallesoccidental1\/treballs-de-recerca\/","title":{"rendered":"Treballs de recerca"},"content":{"rendered":"\n<figure class=\"wp-block-gallery has-nested-images columns-default is-cropped wp-block-gallery-1 is-layout-flex wp-block-gallery-is-layout-flex\">\n<figure class=\"wp-block-image size-large\"><img loading=\"lazy\" decoding=\"async\" width=\"1024\" height=\"206\" data-id=\"6414\" src=\"https:\/\/serveiseducatius.xtec.cat\/vallesoccidental1\/wp-content\/uploads\/usu762\/2026\/01\/MMM_XXV_Edicio-removebg-preview-1024x206.png\" alt=\"\" class=\"wp-image-6414\" srcset=\"https:\/\/serveiseducatius.xtec.cat\/vallesoccidental1\/wp-content\/uploads\/usu762\/2026\/01\/MMM_XXV_Edicio-removebg-preview-1024x206.png 1024w, https:\/\/serveiseducatius.xtec.cat\/vallesoccidental1\/wp-content\/uploads\/usu762\/2026\/01\/MMM_XXV_Edicio-removebg-preview-300x60.png 300w, https:\/\/serveiseducatius.xtec.cat\/vallesoccidental1\/wp-content\/uploads\/usu762\/2026\/01\/MMM_XXV_Edicio-removebg-preview-768x155.png 768w, https:\/\/serveiseducatius.xtec.cat\/vallesoccidental1\/wp-content\/uploads\/usu762\/2026\/01\/MMM_XXV_Edicio-removebg-preview.png 1113w\" sizes=\"auto, (max-width: 1024px) 100vw, 1024px\" \/><\/figure>\n<\/figure>\n\n\n\n<figure class=\"wp-block-image alignleft size-full is-resized\"><a href=\"https:\/\/serveiseducatius.xtec.cat\/vallesoccidental1\/wp-content\/uploads\/usu762\/2025\/01\/Scan13-1-1-1.jpg\"><img loading=\"lazy\" decoding=\"async\" width=\"236\" height=\"348\" src=\"https:\/\/serveiseducatius.xtec.cat\/vallesoccidental1\/wp-content\/uploads\/usu762\/2025\/01\/Scan13-1-1-1.jpg\" alt=\"\" class=\"wp-image-5514\" style=\"width:216px;height:auto\" srcset=\"https:\/\/serveiseducatius.xtec.cat\/vallesoccidental1\/wp-content\/uploads\/usu762\/2025\/01\/Scan13-1-1-1.jpg 236w, https:\/\/serveiseducatius.xtec.cat\/vallesoccidental1\/wp-content\/uploads\/usu762\/2025\/01\/Scan13-1-1-1-203x300.jpg 203w\" sizes=\"auto, (max-width: 236px) 100vw, 236px\" \/><\/a><\/figure>\n\n\n\n<p>Aquest premi de car\u00e0cter anual,\u00a0\u00e9s convocat\u00a0de manera conjunta per la\u00a0<a href=\"https:\/\/fbc.cat\/ca\/premis_montserrat_miro_marimon\/\"><strong>Fundaci\u00f3 Bosch i Cardellach<\/strong><\/a>,\u00a0<strong>l&#8217;Ajuntament de Sabadell\u00a0<\/strong>i el\u00a0<strong>Centre de Recursos Pedag\u00f2gics Vall\u00e8s Occidental I<\/strong>\u00a0(Sabadell-Sant Quirze), amb l&#8217;objectiu de recon\u00e8ixer l&#8217;esfor\u00e7 fet per l&#8217;alumnat i el professorat i en l&#8217;elaboraci\u00f3 de treballs de recerca i projectar-los a la societat m\u00e9s propera.<\/p>\n\n\n\n<p>Est\u00e0 obert a la participaci\u00f3 de l&#8217;alumnat de 2n curs de batxillerat que pr\u00e8viament ha estat seleccionat pels respectius centres de secund\u00e0ria de Sabadell i Sant Quirze del Vall\u00e8s. Els treballs presentats han d&#8217;estar redactats en catal\u00e0 i correspondre al curs 2025-2026. Poden ser individuals o col\u00b7lectius.<\/p>\n\n\n\n<p>L&#8217;\u00e0mbit dels treballs \u00e9s multidisciplinar: ci\u00e8ncies socials, lleng\u00fces, \u00e0rea art\u00edstica, educaci\u00f3 f\u00edsica, ci\u00e8ncies experimentals, medi ambient, tecnologia i matem\u00e0tiques.<\/p>\n\n\n\n<p class=\"has-text-align-center\"><a href=\"https:\/\/ca.wikipedia.org\/wiki\/Montserrat_Mir%C3%B3_i_Marimon\"><strong>QUI ERA MONTSERRAT MIR\u00d3 I MARIMON?&nbsp;<\/strong><\/a><\/p>\n\n\n\n<p class=\"has-black-color has-text-color has-background has-link-color has-medium-font-size wp-elements-5b235bc332a316847a81744827a6fd30\" style=\"background-color:#5e68c3\"><strong>DOCUMENTACI\u00d3<\/strong><\/p>\n\n\n\n<ul class=\"wp-block-list\">\n<li><a href=\"https:\/\/drive.google.com\/file\/d\/1mle6mvrIyBM6syNW5Z1QMULZR7vwJqGD\/view?usp=sharing\">Bases del concurs i premis<\/a><\/li>\n<\/ul>\n\n\n\n<ul class=\"wp-block-list\">\n<li><a href=\"https:\/\/docs.google.com\/document\/d\/1ddbGcgd721D2zWPylj917S5oKTDndsxa\/edit?usp=sharing&amp;ouid=116029699451996612952&amp;rtpof=true&amp;sd=true\">Fitxa de participaci\u00f3<\/a><\/li>\n<\/ul>\n\n\n\n<ul class=\"wp-block-list\">\n<li><a href=\"https:\/\/docs.google.com\/document\/d\/1aKZ3pjGIrcvyChxaQE8cJv0B5_B9o0Vk\/edit?usp=sharing&amp;ouid=116029699451996612952&amp;rtpof=true&amp;sd=true\">S\u00edntesi<\/a><\/li>\n<\/ul>\n\n\n\n<ul class=\"wp-block-list\">\n<li><a href=\"https:\/\/drive.google.com\/file\/d\/1K5WvxUTusHFGbbg9oXcPu4XLDISo3mGS\/view?usp=sharing\">R\u00fabrica avaluaci\u00f3 treballs de recerca <\/a><\/li>\n<\/ul>\n\n\n\n<ul class=\"wp-block-list\">\n<li><a href=\"https:\/\/docs.google.com\/document\/d\/1xL6-1_aqPiQOqm3xOMvkpmwQXJidnaNV\/edit?usp=sharing&amp;ouid=116029699451996612952&amp;rtpof=true&amp;sd=true\">Autoritzaci\u00f3 d&#8217;\u00fas d&#8217;imatge<\/a><\/li>\n<\/ul>\n\n\n\n<ul class=\"wp-block-list\">\n<li><a href=\"https:\/\/drive.google.com\/file\/d\/1rpYVpEsYsTFBoG2gVRImCegMAJwv5BlP\/view?usp=sharing\">V\u00eddeo per l&#8217;acte de lliurament dels premis (Opcional)<\/a><\/li>\n<\/ul>\n\n\n\n<p class=\"has-white-color has-text-color has-link-color has-medium-font-size wp-elements-75c3cd023ad000fe7a3c08d088e839d3\"><strong>INSCRIPCIONS<\/strong> <\/p>\n\n\n\n<p>Data l\u00edmit de lliurament: <strong>dilluns 9 de mar\u00e7 de 2026 a les 24h<\/strong><\/p>\n\n\n\n<p>Adre\u00e7a electr\u00f2nica: <strong>crp-sabadell@xtec.cat<\/strong><\/p>\n\n\n\n<p>Assumpte del correu &#8220;<strong>TDR XXV- Nom del centre&#8221;<\/strong><\/p>\n\n\n\n<p>Documentaci\u00f3 que cal adjuntar per formalitzar la inscripci\u00f3:<\/p>\n\n\n\n<ul class=\"wp-block-list\">\n<li><strong>Treball<\/strong> de recerca i <strong>annexos<\/strong> corresponents<\/li>\n\n\n\n<li><strong>Fitxa de participaci\u00f3<\/strong> degudament emplenada, signada pel tutor\/a i la direcci\u00f3 del centre i amb el comentari de la persona que ha tutoritzat el treball.<\/li>\n\n\n\n<li><strong>S\u00edntesi del treball <\/strong>explicant les motivacions, els objectius i els resultats obtinguts<\/li>\n\n\n\n<li><strong>Autoritzaci\u00f3 d\u2019\u00fas d\u2019imatges<\/strong><\/li>\n\n\n\n<li><strong>V\u00eddeo (opcional)<\/strong> \u00a0(format horitzontal, pla mitj\u00e0, sense text sobreposat i de durada m\u00e0xima de 2 minuts) responent les dues q\u00fcestions<\/li>\n<\/ul>\n\n\n\n<p><\/p>\n\n\n\n<p class=\"has-black-color has-text-color has-background has-link-color has-medium-font-size wp-elements-554a086bbb6b5835fb7483af92d72a39\" style=\"background-color:#5e68c3\"><strong>TREBALLS PRESENTATS I VEREDICTE<\/strong><\/p>\n\n\n\n<p>Bloc. Treballs de recerca presentats i veredicte<\/p>\n\n\n\n<p class=\"has-black-color has-text-color has-background has-link-color has-medium-font-size wp-elements-725a256a2dc5430a5d1a1f5e1ad00c64\" style=\"background-color:#5e68c3\"><strong>RECURSOS<\/strong><\/p>\n\n\n\n<ul class=\"wp-block-list\">\n<li><a href=\"http:\/\/xtec.gencat.cat\/ca\/curriculum\/batxillerat\/treballrecerca\">Orientacions del Departament d&#8217;Ensenyament &#8211; Xtec &#8211; Recursos en l\u00ednia.<\/a><\/li>\n\n\n\n<li><a href=\"https:\/\/drive.google.com\/file\/d\/1iy5mbA3VJ4QNLtDNCEOo7WAZUmFyjo85\/view?usp=sharing\">Guia pr\u00e0ctica per tutoritzar un bon treball de recerca a batxillerat. 20 consells essencials<\/a><\/li>\n\n\n\n<li><a href=\"https:\/\/ddd.uab.cat\/pub\/recdoc\/2016\/145881\/citrefapa_a2016.pdf\">Com citar i referenciar en els textos acad\u00e8mics Compilaci\u00f3 basada en la normativa APA<\/a><\/li>\n\n\n\n<li><a href=\"https:\/\/www.edubcn.cat\/rcs_gene\/extra\/05_recerca\/recursos\/220122_recursos_tutoritzacio_treball_recerca.pdf\">Recursos per acompanyar la tutoritzaci\u00f3 del treball de recerca al batxillerat<\/a><\/li>\n\n\n\n<li><a href=\"https:\/\/xtec.gencat.cat\/ca\/curriculum\/batxillerat\/treballrecerca\/premis\">Llista de premis per als treballs de recerca<\/a><\/li>\n<\/ul>\n\n\n\n<h4 class=\"wp-block-heading has-text-align-center\"><\/h4>\n\n\n\n<p><\/p>\n","protected":false},"excerpt":{"rendered":"<p>Aquest premi de car\u00e0cter anual,\u00a0\u00e9s convocat\u00a0de manera conjunta per la\u00a0Fundaci\u00f3 Bosch i Cardellach,\u00a0l&#8217;Ajuntament de Sabadell\u00a0i el\u00a0Centre de Recursos Pedag\u00f2gics Vall\u00e8s [&hellip;]<\/p>\n","protected":false},"author":40,"featured_media":0,"parent":0,"menu_order":0,"comment_status":"closed","ping_status":"closed","template":"","meta":{"_bbp_topic_count":0,"_bbp_reply_count":0,"_bbp_total_topic_count":0,"_bbp_total_reply_count":0,"_bbp_voice_count":0,"_bbp_anonymous_reply_count":0,"_bbp_topic_count_hidden":0,"_bbp_reply_count_hidden":0,"_bbp_forum_subforum_count":0,"site-sidebar-layout":"default","site-content-layout":"","ast-site-content-layout":"default","site-content-style":"default","site-sidebar-style":"default","ast-global-header-display":"","ast-banner-title-visibility":"","ast-main-header-display":"","ast-hfb-above-header-display":"","ast-hfb-below-header-display":"","ast-hfb-mobile-header-display":"","site-post-title":"","ast-breadcrumbs-content":"","ast-featured-img":"","footer-sml-layout":"","theme-transparent-header-meta":"","adv-header-id-meta":"","stick-header-meta":"","header-above-stick-meta":"","header-main-stick-meta":"","header-below-stick-meta":"","astra-migrate-meta-layouts":"set","ast-page-background-enabled":"default","ast-page-background-meta":{"desktop":{"background-color":"var(--ast-global-color-4)","background-image":"","background-repeat":"repeat","background-position":"center center","background-size":"auto","background-attachment":"scroll","background-type":"","background-media":"","overlay-type":"","overlay-color":"","overlay-opacity":"","overlay-gradient":""},"tablet":{"background-color":"","background-image":"","background-repeat":"repeat","background-position":"center center","background-size":"auto","background-attachment":"scroll","background-type":"","background-media":"","overlay-type":"","overlay-color":"","overlay-opacity":"","overlay-gradient":""},"mobile":{"background-color":"","background-image":"","background-repeat":"repeat","background-position":"center center","background-size":"auto","background-attachment":"scroll","background-type":"","background-media":"","overlay-type":"","overlay-color":"","overlay-opacity":"","overlay-gradient":""}},"ast-content-background-meta":{"desktop":{"background-color":"var(--ast-global-color-5)","background-image":"","background-repeat":"repeat","background-position":"center center","background-size":"auto","background-attachment":"scroll","background-type":"","background-media":"","overlay-type":"","overlay-color":"","overlay-opacity":"","overlay-gradient":""},"tablet":{"background-color":"var(--ast-global-color-5)","background-image":"","background-repeat":"repeat","background-position":"center center","background-size":"auto","background-attachment":"scroll","background-type":"","background-media":"","overlay-type":"","overlay-color":"","overlay-opacity":"","overlay-gradient":""},"mobile":{"background-color":"var(--ast-global-color-5)","background-image":"","background-repeat":"repeat","background-position":"center center","background-size":"auto","background-attachment":"scroll","background-type":"","background-media":"","overlay-type":"","overlay-color":"","overlay-opacity":"","overlay-gradient":""}},"footnotes":""},"class_list":["post-1985","page","type-page","status-publish","hentry"],"post_mailing_queue_ids":[],"_links":{"self":[{"href":"https:\/\/serveiseducatius.xtec.cat\/vallesoccidental1\/wp-json\/wp\/v2\/pages\/1985","targetHints":{"allow":["GET"]}}],"collection":[{"href":"https:\/\/serveiseducatius.xtec.cat\/vallesoccidental1\/wp-json\/wp\/v2\/pages"}],"about":[{"href":"https:\/\/serveiseducatius.xtec.cat\/vallesoccidental1\/wp-json\/wp\/v2\/types\/page"}],"author":[{"embeddable":true,"href":"https:\/\/serveiseducatius.xtec.cat\/vallesoccidental1\/wp-json\/wp\/v2\/users\/40"}],"replies":[{"embeddable":true,"href":"https:\/\/serveiseducatius.xtec.cat\/vallesoccidental1\/wp-json\/wp\/v2\/comments?post=1985"}],"version-history":[{"count":6,"href":"https:\/\/serveiseducatius.xtec.cat\/vallesoccidental1\/wp-json\/wp\/v2\/pages\/1985\/revisions"}],"predecessor-version":[{"id":6422,"href":"https:\/\/serveiseducatius.xtec.cat\/vallesoccidental1\/wp-json\/wp\/v2\/pages\/1985\/revisions\/6422"}],"wp:attachment":[{"href":"https:\/\/serveiseducatius.xtec.cat\/vallesoccidental1\/wp-json\/wp\/v2\/media?parent=1985"}],"curies":[{"name":"wp","href":"https:\/\/api.w.org\/{rel}","templated":true}]}}