{"id":9922,"date":"2025-09-09T15:42:32","date_gmt":"2025-09-09T13:42:32","guid":{"rendered":"https:\/\/serveiseducatius.xtec.cat\/vallesoccidental\/?page_id=9922"},"modified":"2025-09-29T11:18:53","modified_gmt":"2025-09-29T09:18:53","slug":"cultura","status":"publish","type":"page","link":"https:\/\/serveiseducatius.xtec.cat\/vallesoccidental\/cultura\/","title":{"rendered":"Cultura"},"content":{"rendered":"\n<figure class=\"wp-block-image size-large\"><a href=\"https:\/\/serveiseducatius.xtec.cat\/vallesoccidental\/wp-content\/uploads\/usu2531\/2025\/09\/top_cae.png\"><img loading=\"lazy\" decoding=\"async\" width=\"1024\" height=\"200\" src=\"https:\/\/serveiseducatius.xtec.cat\/vallesoccidental\/wp-content\/uploads\/usu2531\/2025\/09\/top_cae-1024x200.png\" alt=\"\" class=\"wp-image-9947\" srcset=\"https:\/\/serveiseducatius.xtec.cat\/vallesoccidental\/wp-content\/uploads\/usu2531\/2025\/09\/top_cae-1024x200.png 1024w, https:\/\/serveiseducatius.xtec.cat\/vallesoccidental\/wp-content\/uploads\/usu2531\/2025\/09\/top_cae-300x59.png 300w, https:\/\/serveiseducatius.xtec.cat\/vallesoccidental\/wp-content\/uploads\/usu2531\/2025\/09\/top_cae-768x150.png 768w, https:\/\/serveiseducatius.xtec.cat\/vallesoccidental\/wp-content\/uploads\/usu2531\/2025\/09\/top_cae-1536x301.png 1536w, https:\/\/serveiseducatius.xtec.cat\/vallesoccidental\/wp-content\/uploads\/usu2531\/2025\/09\/top_cae.png 1900w\" sizes=\"auto, (max-width: 1024px) 100vw, 1024px\" \/><\/a><\/figure>\n\n\n\n<p>El&nbsp;<strong><a href=\"https:\/\/govern.cat\/salapremsa\/notes-premsa\/669142\/comenca-desplegament-del-programa-millora-presencia-arts-cultura-educacio?v=\">Programa per la millora de la pres\u00e8ncia de les arts i la cultura en l\u2019educaci\u00f3<\/a><\/strong>&nbsp;\u00e9s una iniciativa conjunta dels&nbsp;<strong>departaments d\u2019Educaci\u00f3 i Formaci\u00f3 Professional i de Cultura de la Generalitat de Catalunya<\/strong>, amb una durada inicial de tres anys. Neix amb l\u2019objectiu de vincular encara m\u00e9s les arts i la cultura al sistema educatiu, promovent l\u2019acc\u00e9s universal i la participaci\u00f3 cultural entre infants i joves. El programa pret\u00e9n impulsar les pr\u00e0ctiques art\u00edstiques com a eina tant per enriquir l\u2019aprenentatge i la millora educativa, aix\u00ed com per garantir una educaci\u00f3 m\u00e9s creativa, inclusiva i globalitzada.<\/p>\n\n\n\n<p>Consulta <a href=\"https:\/\/serveiseducatius.xtec.cat\/vallesoccidental\/categoria\/arts-i-cultura\/\" data-type=\"link\" data-id=\"https:\/\/serveiseducatius.xtec.cat\/vallesoccidental\/categoria\/arts-i-cultura\/\">aqu\u00ed <\/a>els darrers articles publicats sobre Arts i Cultura en aquest espai web. Podeu trobar not\u00edcies relacionades amb el programa i tamb\u00e9 informaci\u00f3 d&#8217;inter\u00e8s sobre activitats, programes i iniciatives de cultura i educaci\u00f3.<\/p>\n\n\n\n<p><\/p>\n\n\n\n<p><em>P\u00e0gina en construcci\u00f3<\/em><\/p>\n\n\n\n<figure class=\"wp-block-gallery has-nested-images columns-default is-cropped wp-block-gallery-1 is-layout-flex wp-block-gallery-is-layout-flex\">\n<figure class=\"wp-block-image size-large\"><a href=\"https:\/\/serveiseducatius.xtec.cat\/vallesoccidental\/wp-content\/uploads\/usu2531\/2025\/09\/d_ini_cult.png_2147148254.png\"><img loading=\"lazy\" decoding=\"async\" width=\"271\" height=\"271\" data-id=\"9955\" src=\"https:\/\/serveiseducatius.xtec.cat\/vallesoccidental\/wp-content\/uploads\/usu2531\/2025\/09\/d_ini_cult.png_2147148254.png\" alt=\"\" class=\"wp-image-9955\" srcset=\"https:\/\/serveiseducatius.xtec.cat\/vallesoccidental\/wp-content\/uploads\/usu2531\/2025\/09\/d_ini_cult.png_2147148254.png 271w, https:\/\/serveiseducatius.xtec.cat\/vallesoccidental\/wp-content\/uploads\/usu2531\/2025\/09\/d_ini_cult.png_2147148254-150x150.png 150w\" sizes=\"auto, (max-width: 271px) 100vw, 271px\" \/><\/a><\/figure>\n\n\n\n<figure class=\"wp-block-image size-large\"><a href=\"https:\/\/serveiseducatius.xtec.cat\/vallesoccidental\/wp-content\/uploads\/usu2531\/2025\/09\/a_exercir_2.png\"><img loading=\"lazy\" decoding=\"async\" width=\"1024\" height=\"658\" data-id=\"9949\" src=\"https:\/\/serveiseducatius.xtec.cat\/vallesoccidental\/wp-content\/uploads\/usu2531\/2025\/09\/a_exercir_2-1024x658.png\" alt=\"\" class=\"wp-image-9949\" srcset=\"https:\/\/serveiseducatius.xtec.cat\/vallesoccidental\/wp-content\/uploads\/usu2531\/2025\/09\/a_exercir_2-1024x658.png 1024w, https:\/\/serveiseducatius.xtec.cat\/vallesoccidental\/wp-content\/uploads\/usu2531\/2025\/09\/a_exercir_2-300x193.png 300w, https:\/\/serveiseducatius.xtec.cat\/vallesoccidental\/wp-content\/uploads\/usu2531\/2025\/09\/a_exercir_2-768x493.png 768w, https:\/\/serveiseducatius.xtec.cat\/vallesoccidental\/wp-content\/uploads\/usu2531\/2025\/09\/a_exercir_2.png 1200w\" sizes=\"auto, (max-width: 1024px) 100vw, 1024px\" \/><\/a><\/figure>\n\n\n\n<figure class=\"wp-block-image size-large\"><a href=\"https:\/\/serveiseducatius.xtec.cat\/vallesoccidental\/wp-content\/uploads\/usu2531\/2025\/09\/d_banc.png_1595044798-1.png\"><img loading=\"lazy\" decoding=\"async\" width=\"538\" height=\"538\" data-id=\"9952\" src=\"https:\/\/serveiseducatius.xtec.cat\/vallesoccidental\/wp-content\/uploads\/usu2531\/2025\/09\/d_banc.png_1595044798-1.png\" alt=\"\" class=\"wp-image-9952\" srcset=\"https:\/\/serveiseducatius.xtec.cat\/vallesoccidental\/wp-content\/uploads\/usu2531\/2025\/09\/d_banc.png_1595044798-1.png 538w, https:\/\/serveiseducatius.xtec.cat\/vallesoccidental\/wp-content\/uploads\/usu2531\/2025\/09\/d_banc.png_1595044798-1-300x300.png 300w, https:\/\/serveiseducatius.xtec.cat\/vallesoccidental\/wp-content\/uploads\/usu2531\/2025\/09\/d_banc.png_1595044798-1-150x150.png 150w\" sizes=\"auto, (max-width: 538px) 100vw, 538px\" \/><\/a><\/figure>\n<\/figure>\n\n\n\n<div class=\"wp-block-getwid-content-slider has-arrows-inside has-dots-inside\"><div class=\"wp-block-getwid-content-slider__wrapper\">\n<div class=\"wp-block-getwid-content-slider-slide\"><div class=\"wp-block-getwid-content-slider-slide__wrapper\"><\/div><\/div>\n<\/div><\/div>\n\n\n\n<p><\/p>\n","protected":false},"excerpt":{"rendered":"<p>El&nbsp;Programa per la millora de la pres\u00e8ncia de les arts i la cultura en l\u2019educaci\u00f3&nbsp;\u00e9s una iniciativa conjunta dels&nbsp;departaments d\u2019Educaci\u00f3 [&hellip;]<\/p>\n","protected":false},"author":1,"featured_media":0,"parent":0,"menu_order":0,"comment_status":"closed","ping_status":"close","template":"","meta":{"_bbp_topic_count":0,"_bbp_reply_count":0,"_bbp_total_topic_count":0,"_bbp_total_reply_count":0,"_bbp_voice_count":0,"_bbp_anonymous_reply_count":0,"_bbp_topic_count_hidden":0,"_bbp_reply_count_hidden":0,"_bbp_forum_subforum_count":0,"site-sidebar-layout":"default","site-content-layout":"","ast-site-content-layout":"default","site-content-style":"default","site-sidebar-style":"default","ast-global-header-display":"","ast-banner-title-visibility":"","ast-main-header-display":"","ast-hfb-above-header-display":"","ast-hfb-below-header-display":"","ast-hfb-mobile-header-display":"","site-post-title":"","ast-breadcrumbs-content":"","ast-featured-img":"","footer-sml-layout":"","theme-transparent-header-meta":"","adv-header-id-meta":"","stick-header-meta":"","header-above-stick-meta":"","header-main-stick-meta":"","header-below-stick-meta":"","astra-migrate-meta-layouts":"set","ast-page-background-enabled":"default","ast-page-background-meta":{"desktop":{"background-color":"var(--ast-global-color-4)","background-image":"","background-repeat":"repeat","background-position":"center center","background-size":"auto","background-attachment":"scroll","background-type":"","background-media":"","overlay-type":"","overlay-color":"","overlay-opacity":"","overlay-gradient":""},"tablet":{"background-color":"","background-image":"","background-repeat":"repeat","background-position":"center center","background-size":"auto","background-attachment":"scroll","background-type":"","background-media":"","overlay-type":"","overlay-color":"","overlay-opacity":"","overlay-gradient":""},"mobile":{"background-color":"","background-image":"","background-repeat":"repeat","background-position":"center center","background-size":"auto","background-attachment":"scroll","background-type":"","background-media":"","overlay-type":"","overlay-color":"","overlay-opacity":"","overlay-gradient":""}},"ast-content-background-meta":{"desktop":{"background-color":"var(--ast-global-color-5)","background-image":"","background-repeat":"repeat","background-position":"center center","background-size":"auto","background-attachment":"scroll","background-type":"","background-media":"","overlay-type":"","overlay-color":"","overlay-opacity":"","overlay-gradient":""},"tablet":{"background-color":"var(--ast-global-color-5)","background-image":"","background-repeat":"repeat","background-position":"center center","background-size":"auto","background-attachment":"scroll","background-type":"","background-media":"","overlay-type":"","overlay-color":"","overlay-opacity":"","overlay-gradient":""},"mobile":{"background-color":"var(--ast-global-color-5)","background-image":"","background-repeat":"repeat","background-position":"center center","background-size":"auto","background-attachment":"scroll","background-type":"","background-media":"","overlay-type":"","overlay-color":"","overlay-opacity":"","overlay-gradient":""}},"footnotes":""},"class_list":["post-9922","page","type-page","status-publish","hentry"],"post_mailing_queue_ids":[],"_links":{"self":[{"href":"https:\/\/serveiseducatius.xtec.cat\/vallesoccidental\/wp-json\/wp\/v2\/pages\/9922","targetHints":{"allow":["GET"]}}],"collection":[{"href":"https:\/\/serveiseducatius.xtec.cat\/vallesoccidental\/wp-json\/wp\/v2\/pages"}],"about":[{"href":"https:\/\/serveiseducatius.xtec.cat\/vallesoccidental\/wp-json\/wp\/v2\/types\/page"}],"author":[{"embeddable":true,"href":"https:\/\/serveiseducatius.xtec.cat\/vallesoccidental\/wp-json\/wp\/v2\/users\/1"}],"replies":[{"embeddable":true,"href":"https:\/\/serveiseducatius.xtec.cat\/vallesoccidental\/wp-json\/wp\/v2\/comments?post=9922"}],"version-history":[{"count":6,"href":"https:\/\/serveiseducatius.xtec.cat\/vallesoccidental\/wp-json\/wp\/v2\/pages\/9922\/revisions"}],"predecessor-version":[{"id":10022,"href":"https:\/\/serveiseducatius.xtec.cat\/vallesoccidental\/wp-json\/wp\/v2\/pages\/9922\/revisions\/10022"}],"wp:attachment":[{"href":"https:\/\/serveiseducatius.xtec.cat\/vallesoccidental\/wp-json\/wp\/v2\/media?parent=9922"}],"curies":[{"name":"wp","href":"https:\/\/api.w.org\/{rel}","templated":true}]}}