{"id":9675,"date":"2025-01-24T12:00:02","date_gmt":"2025-01-24T11:00:02","guid":{"rendered":"https:\/\/serveiseducatius.xtec.cat\/vallesoccidental\/?page_id=9675"},"modified":"2025-02-17T13:38:42","modified_gmt":"2025-02-17T12:38:42","slug":"serveis-eductius","status":"publish","type":"page","link":"https:\/\/serveiseducatius.xtec.cat\/vallesoccidental\/serveis-eductius\/","title":{"rendered":"CRP, EAP  i LIC"},"content":{"rendered":"\n<p>Al Vall\u00e8s Occidental hi ha un total de 8 Serveis Educatius distribu\u00efts per diferents zones de la comarca. Cada Servei Educatiu atenen als centres a trav\u00e9s del seu equip de CRP, EAP i LIC.<\/p>\n\n\n\n<div class=\"wp-block-columns alignwide is-layout-flex wp-container-core-columns-is-layout-1 wp-block-columns-is-layout-flex\" style=\"padding-top:0;padding-bottom:0\">\n<div class=\"wp-block-column is-layout-flow wp-block-column-is-layout-flow\">\n<figure class=\"wp-block-image aligncenter size-full is-resized\"><a href=\"https:\/\/serveiseducatius.xtec.cat\/vallesoccidental1\/\" target=\"_blank\" rel=\"noreferrer noopener\"><img loading=\"lazy\" decoding=\"async\" width=\"298\" height=\"207\" src=\"https:\/\/serveiseducatius.xtec.cat\/vallesoccidental\/wp-content\/uploads\/usu2531\/2024\/08\/SE1.jpg\" alt=\"\" class=\"wp-image-9375\" style=\"width:256px;height:auto\"\/><\/a><\/figure>\n\n\n\n<p><\/p>\n\n\n\n<figure class=\"wp-block-image aligncenter is-resized\"><a href=\"https:\/\/serveiseducatius.xtec.cat\/vallesoccidental3\/\" target=\"_blank\" rel=\"noreferrer noopener\"><img loading=\"lazy\" decoding=\"async\" width=\"356\" height=\"208\" src=\"https:\/\/serveiseducatius.xtec.cat\/vallesoccidental\/wp-content\/uploads\/usu2531\/2024\/08\/SE3.jpg\" alt=\"\" class=\"wp-image-9373\" style=\"width:265px;height:auto\" srcset=\"https:\/\/serveiseducatius.xtec.cat\/vallesoccidental\/wp-content\/uploads\/usu2531\/2024\/08\/SE3.jpg 356w, https:\/\/serveiseducatius.xtec.cat\/vallesoccidental\/wp-content\/uploads\/usu2531\/2024\/08\/SE3-300x175.jpg 300w\" sizes=\"auto, (max-width: 356px) 100vw, 356px\" \/><\/a><\/figure>\n\n\n\n<p><\/p>\n\n\n\n<figure class=\"wp-block-image aligncenter size-large is-resized\"><a href=\"https:\/\/serveiseducatius.xtec.cat\/vallesoccidental5\/\" target=\"_blank\" rel=\"noreferrer noopener\"><img loading=\"lazy\" decoding=\"async\" width=\"346\" height=\"218\" src=\"https:\/\/serveiseducatius.xtec.cat\/vallesoccidental\/wp-content\/uploads\/usu2531\/2024\/08\/SE5.jpg\" alt=\"\" class=\"wp-image-9371\" style=\"width:265px;height:auto\" srcset=\"https:\/\/serveiseducatius.xtec.cat\/vallesoccidental\/wp-content\/uploads\/usu2531\/2024\/08\/SE5.jpg 346w, https:\/\/serveiseducatius.xtec.cat\/vallesoccidental\/wp-content\/uploads\/usu2531\/2024\/08\/SE5-300x189.jpg 300w\" sizes=\"auto, (max-width: 346px) 100vw, 346px\" \/><\/a><\/figure>\n\n\n\n<p><\/p>\n\n\n\n<figure class=\"wp-block-image aligncenter size-full is-resized\"><a href=\"https:\/\/serveiseducatius.xtec.cat\/vallesoccidental7\/\" target=\"_blank\" rel=\"noreferrer noopener\"><img loading=\"lazy\" decoding=\"async\" width=\"402\" height=\"226\" src=\"https:\/\/serveiseducatius.xtec.cat\/vallesoccidental\/wp-content\/uploads\/usu2531\/2025\/01\/Screenshot-4-1.png\" alt=\"\" class=\"wp-image-9686\" style=\"width:265px\" srcset=\"https:\/\/serveiseducatius.xtec.cat\/vallesoccidental\/wp-content\/uploads\/usu2531\/2025\/01\/Screenshot-4-1.png 402w, https:\/\/serveiseducatius.xtec.cat\/vallesoccidental\/wp-content\/uploads\/usu2531\/2025\/01\/Screenshot-4-1-300x169.png 300w\" sizes=\"auto, (max-width: 402px) 100vw, 402px\" \/><\/a><\/figure>\n<\/div>\n\n\n\n<div class=\"wp-block-column is-layout-flow wp-block-column-is-layout-flow\">\n<figure class=\"wp-block-image is-resized\"><a href=\"https:\/\/serveiseducatius.xtec.cat\/vallesoccidental2\/\" target=\"_blank\" rel=\"noreferrer noopener\"><img loading=\"lazy\" decoding=\"async\" width=\"335\" height=\"218\" src=\"https:\/\/serveiseducatius.xtec.cat\/vallesoccidental\/wp-content\/uploads\/usu2531\/2024\/08\/SE2.jpg\" alt=\"\" class=\"wp-image-9394\" style=\"width:277px;height:auto\" srcset=\"https:\/\/serveiseducatius.xtec.cat\/vallesoccidental\/wp-content\/uploads\/usu2531\/2024\/08\/SE2.jpg 335w, https:\/\/serveiseducatius.xtec.cat\/vallesoccidental\/wp-content\/uploads\/usu2531\/2024\/08\/SE2-300x195.jpg 300w\" sizes=\"auto, (max-width: 335px) 100vw, 335px\" \/><\/a><\/figure>\n\n\n\n<p><\/p>\n\n\n\n<figure class=\"wp-block-image is-resized\"><a href=\"https:\/\/serveiseducatius.xtec.cat\/vallesoccidental4\/\" target=\"_blank\" rel=\"noreferrer noopener\"><img loading=\"lazy\" decoding=\"async\" width=\"367\" height=\"209\" src=\"https:\/\/serveiseducatius.xtec.cat\/vallesoccidental\/wp-content\/uploads\/usu2531\/2024\/08\/SE4.jpg\" alt=\"\" class=\"wp-image-9372\" style=\"width:279px;height:auto\" srcset=\"https:\/\/serveiseducatius.xtec.cat\/vallesoccidental\/wp-content\/uploads\/usu2531\/2024\/08\/SE4.jpg 367w, https:\/\/serveiseducatius.xtec.cat\/vallesoccidental\/wp-content\/uploads\/usu2531\/2024\/08\/SE4-300x171.jpg 300w\" sizes=\"auto, (max-width: 367px) 100vw, 367px\" \/><\/a><\/figure>\n\n\n\n<p><\/p>\n\n\n\n<figure class=\"wp-block-image size-full is-resized\"><a href=\"https:\/\/serveiseducatius.xtec.cat\/vallesoccidental6\/\" target=\"_blank\" rel=\"noreferrer noopener\"><img loading=\"lazy\" decoding=\"async\" width=\"361\" height=\"221\" src=\"https:\/\/serveiseducatius.xtec.cat\/vallesoccidental\/wp-content\/uploads\/usu2531\/2024\/08\/SE6.jpg\" alt=\"\" class=\"wp-image-9370\" style=\"width:280px;height:auto\" srcset=\"https:\/\/serveiseducatius.xtec.cat\/vallesoccidental\/wp-content\/uploads\/usu2531\/2024\/08\/SE6.jpg 361w, https:\/\/serveiseducatius.xtec.cat\/vallesoccidental\/wp-content\/uploads\/usu2531\/2024\/08\/SE6-300x184.jpg 300w\" sizes=\"auto, (max-width: 361px) 100vw, 361px\" \/><\/a><\/figure>\n\n\n\n<p><\/p>\n\n\n\n<figure class=\"wp-block-image size-full is-resized\"><a href=\"https:\/\/serveiseducatius.xtec.cat\/vallesoccidental8\/\" target=\"_blank\" rel=\"noreferrer noopener\"><img loading=\"lazy\" decoding=\"async\" width=\"380\" height=\"204\" src=\"https:\/\/serveiseducatius.xtec.cat\/vallesoccidental\/wp-content\/uploads\/usu2531\/2024\/08\/SE8.jpg\" alt=\"\" class=\"wp-image-9368\" style=\"width:278px;height:auto\" srcset=\"https:\/\/serveiseducatius.xtec.cat\/vallesoccidental\/wp-content\/uploads\/usu2531\/2024\/08\/SE8.jpg 380w, https:\/\/serveiseducatius.xtec.cat\/vallesoccidental\/wp-content\/uploads\/usu2531\/2024\/08\/SE8-300x161.jpg 300w\" sizes=\"auto, (max-width: 380px) 100vw, 380px\" \/><\/a><\/figure>\n<\/div>\n<\/div>\n","protected":false},"excerpt":{"rendered":"<p>Al Vall\u00e8s Occidental hi ha un total de 8 Serveis Educatius distribu\u00efts per diferents zones de la comarca. Cada Servei [&hellip;]<\/p>\n","protected":false},"author":1,"featured_media":0,"parent":0,"menu_order":0,"comment_status":"closed","ping_status":"close","template":"","meta":{"_bbp_topic_count":0,"_bbp_reply_count":0,"_bbp_total_topic_count":0,"_bbp_total_reply_count":0,"_bbp_voice_count":0,"_bbp_anonymous_reply_count":0,"_bbp_topic_count_hidden":0,"_bbp_reply_count_hidden":0,"_bbp_forum_subforum_count":0,"site-sidebar-layout":"default","site-content-layout":"","ast-site-content-layout":"default","site-content-style":"default","site-sidebar-style":"default","ast-global-header-display":"","ast-banner-title-visibility":"","ast-main-header-display":"","ast-hfb-above-header-display":"","ast-hfb-below-header-display":"","ast-hfb-mobile-header-display":"","site-post-title":"","ast-breadcrumbs-content":"","ast-featured-img":"","footer-sml-layout":"","theme-transparent-header-meta":"","adv-header-id-meta":"","stick-header-meta":"","header-above-stick-meta":"","header-main-stick-meta":"","header-below-stick-meta":"","astra-migrate-meta-layouts":"set","ast-page-background-enabled":"default","ast-page-background-meta":{"desktop":{"background-color":"var(--ast-global-color-4)","background-image":"","background-repeat":"repeat","background-position":"center center","background-size":"auto","background-attachment":"scroll","background-type":"","background-media":"","overlay-type":"","overlay-color":"","overlay-opacity":"","overlay-gradient":""},"tablet":{"background-color":"","background-image":"","background-repeat":"repeat","background-position":"center center","background-size":"auto","background-attachment":"scroll","background-type":"","background-media":"","overlay-type":"","overlay-color":"","overlay-opacity":"","overlay-gradient":""},"mobile":{"background-color":"","background-image":"","background-repeat":"repeat","background-position":"center center","background-size":"auto","background-attachment":"scroll","background-type":"","background-media":"","overlay-type":"","overlay-color":"","overlay-opacity":"","overlay-gradient":""}},"ast-content-background-meta":{"desktop":{"background-color":"var(--ast-global-color-5)","background-image":"","background-repeat":"repeat","background-position":"center center","background-size":"auto","background-attachment":"scroll","background-type":"","background-media":"","overlay-type":"","overlay-color":"","overlay-opacity":"","overlay-gradient":""},"tablet":{"background-color":"var(--ast-global-color-5)","background-image":"","background-repeat":"repeat","background-position":"center center","background-size":"auto","background-attachment":"scroll","background-type":"","background-media":"","overlay-type":"","overlay-color":"","overlay-opacity":"","overlay-gradient":""},"mobile":{"background-color":"var(--ast-global-color-5)","background-image":"","background-repeat":"repeat","background-position":"center center","background-size":"auto","background-attachment":"scroll","background-type":"","background-media":"","overlay-type":"","overlay-color":"","overlay-opacity":"","overlay-gradient":""}},"footnotes":""},"class_list":["post-9675","page","type-page","status-publish","hentry"],"post_mailing_queue_ids":[],"_links":{"self":[{"href":"https:\/\/serveiseducatius.xtec.cat\/vallesoccidental\/wp-json\/wp\/v2\/pages\/9675","targetHints":{"allow":["GET"]}}],"collection":[{"href":"https:\/\/serveiseducatius.xtec.cat\/vallesoccidental\/wp-json\/wp\/v2\/pages"}],"about":[{"href":"https:\/\/serveiseducatius.xtec.cat\/vallesoccidental\/wp-json\/wp\/v2\/types\/page"}],"author":[{"embeddable":true,"href":"https:\/\/serveiseducatius.xtec.cat\/vallesoccidental\/wp-json\/wp\/v2\/users\/1"}],"replies":[{"embeddable":true,"href":"https:\/\/serveiseducatius.xtec.cat\/vallesoccidental\/wp-json\/wp\/v2\/comments?post=9675"}],"version-history":[{"count":6,"href":"https:\/\/serveiseducatius.xtec.cat\/vallesoccidental\/wp-json\/wp\/v2\/pages\/9675\/revisions"}],"predecessor-version":[{"id":9795,"href":"https:\/\/serveiseducatius.xtec.cat\/vallesoccidental\/wp-json\/wp\/v2\/pages\/9675\/revisions\/9795"}],"wp:attachment":[{"href":"https:\/\/serveiseducatius.xtec.cat\/vallesoccidental\/wp-json\/wp\/v2\/media?parent=9675"}],"curies":[{"name":"wp","href":"https:\/\/api.w.org\/{rel}","templated":true}]}}