{"id":9526,"date":"2025-01-22T10:42:55","date_gmt":"2025-01-22T09:42:55","guid":{"rendered":"https:\/\/serveiseducatius.xtec.cat\/vallesoccidental\/?page_id=9526"},"modified":"2025-12-18T13:15:37","modified_gmt":"2025-12-18T12:15:37","slug":"inclusio-2","status":"publish","type":"page","link":"https:\/\/serveiseducatius.xtec.cat\/vallesoccidental\/inclusio-2\/","title":{"rendered":"Inclusi\u00f3"},"content":{"rendered":"\n<div class=\"wp-block-columns is-layout-flex wp-container-core-columns-is-layout-1 wp-block-columns-is-layout-flex\">\n<div class=\"wp-block-column is-layout-flow wp-block-column-is-layout-flow\" style=\"flex-basis:66.66%\">\n<p>La inclusi\u00f3 escolar i la cohesi\u00f3 social s\u00f3n dos dels principis generals que inspiren el sistema educatiu de Catalunya (Llei 12\/2009, de 10 de juliol, d\u2019educaci\u00f3), que se sustenten en el reconeixement internacional sobre el fet que l\u2019educaci\u00f3 inclusiva \u00e9s un pilar fonamental per promoure la inclusi\u00f3 social de totes les persones en tots els \u00e0mbits de la vida, des de la inf\u00e0ncia fins a la vellesa.<\/p>\n\n\n\n<p>En les darreres d\u00e8cades les pol\u00edtiques dels organismes internacionals han estat plenament favorables i compromeses amb la qualitat i l\u2019equitat de l\u2019educaci\u00f3 per a tots els infants i joves en el marc d\u2019un sistema educatiu inclusiu.<\/p>\n\n\n\n<p>El 17 d\u2019octubre de 2017 s\u2019aprova el&nbsp;<a href=\"https:\/\/dogc.gencat.cat\/ca\/pdogc_canals_interns\/pdogc_resultats_fitxa\/?action=fitxa&amp;documentId=799722&amp;language=ca_ES\" target=\"_blank\" rel=\"noreferrer noopener\">decret 150\/2017<\/a>&nbsp;de l\u2019atenci\u00f3 educativa a l\u2019alumnat en el marc d\u2019un sistema educatiu inclusiu, que t\u00e9 per objecte garantir que tots els centres educatius sostinguts amb fons p\u00fablics dins l\u2019\u00e0mbit de l\u2019ensenyament no universitari siguin inclusius.<\/p>\n\n\n\n<figure class=\"wp-block-image size-full\" id=\"https:\/\/educacio.gencat.cat\/ca\/departament\/linies-estrategiques\/educacio-inclusiva\/\"><a href=\"https:\/\/serveiseducatius.xtec.cat\/vallesoccidental\/wp-content\/uploads\/usu2531\/2025\/01\/inclusio.png\"><img loading=\"lazy\" decoding=\"async\" width=\"831\" height=\"602\" src=\"https:\/\/serveiseducatius.xtec.cat\/vallesoccidental\/wp-content\/uploads\/usu2531\/2025\/01\/inclusio.png\" alt=\"\" class=\"wp-image-9533\" srcset=\"https:\/\/serveiseducatius.xtec.cat\/vallesoccidental\/wp-content\/uploads\/usu2531\/2025\/01\/inclusio.png 831w, https:\/\/serveiseducatius.xtec.cat\/vallesoccidental\/wp-content\/uploads\/usu2531\/2025\/01\/inclusio-300x217.png 300w, https:\/\/serveiseducatius.xtec.cat\/vallesoccidental\/wp-content\/uploads\/usu2531\/2025\/01\/inclusio-768x556.png 768w\" sizes=\"auto, (max-width: 831px) 100vw, 831px\" \/><\/a><\/figure>\n<\/div>\n\n\n\n<div class=\"wp-block-column is-layout-flow wp-block-column-is-layout-flow\" style=\"flex-basis:40%\">\n<figure class=\"wp-block-image aligncenter size-thumbnail has-custom-border\" id=\"https:\/\/serveiseducatius.xtec.cat\/vallesoccidental\/nodes\/inclusio\/\"><a href=\"https:\/\/serveiseducatius.xtec.cat\/vallesoccidental\/nodes\/inclusio\/\" target=\"_blank\" rel=\"noreferrer noopener\"><img loading=\"lazy\" decoding=\"async\" width=\"150\" height=\"150\" src=\"https:\/\/serveiseducatius.xtec.cat\/vallesoccidental\/wp-content\/uploads\/usu2531\/2025\/01\/inclisio-150x150.png\" alt=\"\" class=\"wp-image-9700\" style=\"border-width:1px\"\/><\/a><figcaption class=\"wp-element-caption\">Espai de treball d&#8217;inclusi\u00f3 (NO ACTIU- EN CONSTRUCCI\u00d3).<\/figcaption><\/figure>\n\n\n\n<div class=\"wp-block-buttons is-layout-flex wp-block-buttons-is-layout-flex\">\n<div class=\"wp-block-button has-custom-width wp-block-button__width-100 has-custom-font-size has-medium-font-size\"><a class=\"wp-block-button__link has-ast-global-color-0-background-color has-background wp-element-button\" href=\"https:\/\/serveiseducatius.xtec.cat\/vallesoccidental\/jornades-en-clau-inclusiva\/\">Jornades d&#8217;intercanvi d&#8217;experi\u00e8ncies 2025-26<\/a><\/div>\n\n\n\n<div class=\"wp-block-button has-custom-width wp-block-button__width-100 has-custom-font-size has-medium-font-size\" id=\"https:\/\/serveiseducatius.xtec.cat\/vallesoccidental\/jornades-en-clau-inclusiva\/\"><a class=\"wp-block-button__link has-white-color has-ast-global-color-1-background-color has-text-color has-background has-link-color has-text-align-center wp-element-button\" href=\"https:\/\/serveiseducatius.xtec.cat\/vallesoccidental\/jornades-en-clau-inclusiva\/\" style=\"padding-top:var(--wp--preset--spacing--30);padding-right:var(--wp--preset--spacing--20);padding-bottom:var(--wp--preset--spacing--30);padding-left:var(--wp--preset--spacing--20)\" target=\"_blank\" rel=\"noreferrer noopener\">Jornades d&#8217;intercanvi d&#8217;experi\u00e8ncies 2023-24<\/a><\/div>\n\n\n\n<div class=\"wp-block-button has-custom-width wp-block-button__width-100 has-custom-font-size has-medium-font-size\" id=\"https:\/\/serveiseducatius.xtec.cat\/vallesoccidental\/jornades-en-clau-inclusiva\/?preview_id=9293&amp;preview_nonce=9fefda2082&amp;preview=true\"><a class=\"wp-block-button__link has-white-color has-ast-global-color-1-background-color has-text-color has-background has-link-color has-text-align-center wp-element-button\" href=\"https:\/\/serveiseducatius.xtec.cat\/vallesoccidental\/formacio-inclusiva\/\" style=\"padding-top:var(--wp--preset--spacing--30);padding-right:var(--wp--preset--spacing--20);padding-bottom:var(--wp--preset--spacing--30);padding-left:var(--wp--preset--spacing--20)\" target=\"_blank\" rel=\"noreferrer noopener\">Oferta formativa en educaci\u00f3 inclusiva<\/a><\/div>\n\n\n\n<div class=\"wp-block-button has-custom-width wp-block-button__width-100 has-custom-font-size has-medium-font-size\" id=\"https:\/\/serveiseducatius.xtec.cat\/vallesoccidental\/unitats-dacompanyament-i-orientacio-uao\/?preview_id=9340&amp;preview_nonce=7b091c4bb1&amp;preview=true\"><a class=\"wp-block-button__link has-white-color has-ast-global-color-1-background-color has-text-color has-background has-link-color has-text-align-center wp-element-button\" href=\"https:\/\/serveiseducatius.xtec.cat\/vallesoccidental\/unitats-dacompanyament-i-orientacio-uao\/\" style=\"padding-top:var(--wp--preset--spacing--30);padding-right:var(--wp--preset--spacing--20);padding-bottom:var(--wp--preset--spacing--30);padding-left:var(--wp--preset--spacing--20)\" target=\"_blank\" rel=\"noreferrer noopener\">Unitats d&#8217;acompanyament i orientaci\u00f3<\/a><\/div>\n\n\n\n<div class=\"wp-block-button has-custom-width wp-block-button__width-100 has-custom-font-size has-medium-font-size\" id=\"https:\/\/projectes.xtec.cat\/educacioinclusiva\/el-projecte\/\"><a class=\"wp-block-button__link has-white-color has-ast-global-color-1-background-color has-text-color has-background has-link-color has-text-align-center wp-element-button\" href=\"https:\/\/projectes.xtec.cat\/educacioinclusiva\/el-projecte\/\" style=\"padding-top:var(--wp--preset--spacing--30);padding-right:var(--wp--preset--spacing--20);padding-bottom:var(--wp--preset--spacing--30);padding-left:var(--wp--preset--spacing--20)\" target=\"_blank\" rel=\"noreferrer noopener\">Educaci\u00f3 inclusiva<\/a><\/div>\n<\/div>\n<\/div>\n<\/div>\n","protected":false},"excerpt":{"rendered":"<p>La inclusi\u00f3 escolar i la cohesi\u00f3 social s\u00f3n dos dels principis generals que inspiren el sistema educatiu de Catalunya (Llei [&hellip;]<\/p>\n","protected":false},"author":1,"featured_media":0,"parent":0,"menu_order":0,"comment_status":"closed","ping_status":"close","template":"","meta":{"_bbp_topic_count":0,"_bbp_reply_count":0,"_bbp_total_topic_count":0,"_bbp_total_reply_count":0,"_bbp_voice_count":0,"_bbp_anonymous_reply_count":0,"_bbp_topic_count_hidden":0,"_bbp_reply_count_hidden":0,"_bbp_forum_subforum_count":0,"site-sidebar-layout":"default","site-content-layout":"","ast-site-content-layout":"default","site-content-style":"default","site-sidebar-style":"default","ast-global-header-display":"","ast-banner-title-visibility":"","ast-main-header-display":"","ast-hfb-above-header-display":"","ast-hfb-below-header-display":"","ast-hfb-mobile-header-display":"","site-post-title":"","ast-breadcrumbs-content":"","ast-featured-img":"","footer-sml-layout":"","theme-transparent-header-meta":"","adv-header-id-meta":"","stick-header-meta":"","header-above-stick-meta":"","header-main-stick-meta":"","header-below-stick-meta":"","astra-migrate-meta-layouts":"set","ast-page-background-enabled":"default","ast-page-background-meta":{"desktop":{"background-color":"var(--ast-global-color-4)","background-image":"","background-repeat":"repeat","background-position":"center center","background-size":"auto","background-attachment":"scroll","background-type":"","background-media":"","overlay-type":"","overlay-color":"","overlay-opacity":"","overlay-gradient":""},"tablet":{"background-color":"","background-image":"","background-repeat":"repeat","background-position":"center center","background-size":"auto","background-attachment":"scroll","background-type":"","background-media":"","overlay-type":"","overlay-color":"","overlay-opacity":"","overlay-gradient":""},"mobile":{"background-color":"","background-image":"","background-repeat":"repeat","background-position":"center center","background-size":"auto","background-attachment":"scroll","background-type":"","background-media":"","overlay-type":"","overlay-color":"","overlay-opacity":"","overlay-gradient":""}},"ast-content-background-meta":{"desktop":{"background-color":"var(--ast-global-color-5)","background-image":"","background-repeat":"repeat","background-position":"center center","background-size":"auto","background-attachment":"scroll","background-type":"","background-media":"","overlay-type":"","overlay-color":"","overlay-opacity":"","overlay-gradient":""},"tablet":{"background-color":"var(--ast-global-color-5)","background-image":"","background-repeat":"repeat","background-position":"center center","background-size":"auto","background-attachment":"scroll","background-type":"","background-media":"","overlay-type":"","overlay-color":"","overlay-opacity":"","overlay-gradient":""},"mobile":{"background-color":"var(--ast-global-color-5)","background-image":"","background-repeat":"repeat","background-position":"center center","background-size":"auto","background-attachment":"scroll","background-type":"","background-media":"","overlay-type":"","overlay-color":"","overlay-opacity":"","overlay-gradient":""}},"footnotes":""},"class_list":["post-9526","page","type-page","status-publish","hentry"],"post_mailing_queue_ids":[],"_links":{"self":[{"href":"https:\/\/serveiseducatius.xtec.cat\/vallesoccidental\/wp-json\/wp\/v2\/pages\/9526","targetHints":{"allow":["GET"]}}],"collection":[{"href":"https:\/\/serveiseducatius.xtec.cat\/vallesoccidental\/wp-json\/wp\/v2\/pages"}],"about":[{"href":"https:\/\/serveiseducatius.xtec.cat\/vallesoccidental\/wp-json\/wp\/v2\/types\/page"}],"author":[{"embeddable":true,"href":"https:\/\/serveiseducatius.xtec.cat\/vallesoccidental\/wp-json\/wp\/v2\/users\/1"}],"replies":[{"embeddable":true,"href":"https:\/\/serveiseducatius.xtec.cat\/vallesoccidental\/wp-json\/wp\/v2\/comments?post=9526"}],"version-history":[{"count":5,"href":"https:\/\/serveiseducatius.xtec.cat\/vallesoccidental\/wp-json\/wp\/v2\/pages\/9526\/revisions"}],"predecessor-version":[{"id":10172,"href":"https:\/\/serveiseducatius.xtec.cat\/vallesoccidental\/wp-json\/wp\/v2\/pages\/9526\/revisions\/10172"}],"wp:attachment":[{"href":"https:\/\/serveiseducatius.xtec.cat\/vallesoccidental\/wp-json\/wp\/v2\/media?parent=9526"}],"curies":[{"name":"wp","href":"https:\/\/api.w.org\/{rel}","templated":true}]}}