{"id":8671,"date":"2022-11-03T15:00:25","date_gmt":"2022-11-03T14:00:25","guid":{"rendered":"https:\/\/serveiseducatius.xtec.cat\/vallesoccidental\/?page_id=8671"},"modified":"2026-04-07T09:19:10","modified_gmt":"2026-04-07T07:19:10","slug":"pmoe-proa","status":"publish","type":"page","link":"https:\/\/serveiseducatius.xtec.cat\/vallesoccidental\/pmoe-proa\/","title":{"rendered":"PMOE PROA+"},"content":{"rendered":"<p><strong>Context \u200b<\/strong><\/p>\n<p>Un cop finalitzat el per\u00edode del Programa de cooperaci\u00f3 territorial per a l\u2019orientaci\u00f3, l\u2019aven\u00e7 i l\u2019enriquiment educatiu PROA+, dins del component 21 \u201cModernitzaci\u00f3 i digitalitzaci\u00f3 del sistema educatiu, inclosa l\u2019educaci\u00f3 primerenca de 0-3 anys\u201d, el Ministeri d\u2019Educaci\u00f3, Formaci\u00f3 Professional i Esports ha aprovat un nou Programa de cooperaci\u00f3 territorial per a l\u2019orientaci\u00f3, l\u2019aven\u00e7 i l\u2019enriquiment educatiu PROA+ per donar continu\u00eftat al programa existent.<\/p>\n<p>El Departament d\u2019Educaci\u00f3 i Formaci\u00f3 Professional considera necessari\u00a0<strong>mantenir el Pla de millora d\u2019oportunitats educatives (PMOE) per al per\u00edode compr\u00e8s entre els cursos 2024-2025 i 2027-2028,<\/strong> dins de les mesures adoptades pel Departament per a l\u2019alumnat en situaci\u00f3 de vulnerabilitat socioecon\u00f2mica i socioeducativa. Aquest pla s&#8217;integrar\u00e0 al Programa del Ministeri d\u2019Educaci\u00f3, Formaci\u00f3 Professional i Esports.<\/p>\n<p><a href=\"https:\/\/serveiseducatius.xtec.cat\/vallesoccidental\/wp-content\/uploads\/usu2531\/2025\/06\/Logos-PROA-transparent-1.png\"><img loading=\"lazy\" decoding=\"async\" class=\"alignnone size-full wp-image-9840\" src=\"https:\/\/serveiseducatius.xtec.cat\/vallesoccidental\/wp-content\/uploads\/usu2531\/2025\/06\/Logos-PROA-transparent-1.png\" alt=\"\" width=\"7791\" height=\"434\" srcset=\"https:\/\/serveiseducatius.xtec.cat\/vallesoccidental\/wp-content\/uploads\/usu2531\/2025\/06\/Logos-PROA-transparent-1.png 7791w, https:\/\/serveiseducatius.xtec.cat\/vallesoccidental\/wp-content\/uploads\/usu2531\/2025\/06\/Logos-PROA-transparent-1-300x17.png 300w, https:\/\/serveiseducatius.xtec.cat\/vallesoccidental\/wp-content\/uploads\/usu2531\/2025\/06\/Logos-PROA-transparent-1-1024x57.png 1024w, https:\/\/serveiseducatius.xtec.cat\/vallesoccidental\/wp-content\/uploads\/usu2531\/2025\/06\/Logos-PROA-transparent-1-768x43.png 768w, https:\/\/serveiseducatius.xtec.cat\/vallesoccidental\/wp-content\/uploads\/usu2531\/2025\/06\/Logos-PROA-transparent-1-1536x86.png 1536w, https:\/\/serveiseducatius.xtec.cat\/vallesoccidental\/wp-content\/uploads\/usu2531\/2025\/06\/Logos-PROA-transparent-1-2048x114.png 2048w\" sizes=\"auto, (max-width: 7791px) 100vw, 7791px\" \/><\/a><\/p>\n<h1><strong>Documents PMOE-PROA+<\/strong><\/h1>\n<p>\ud83d\udcd2 <a href=\"https:\/\/drive.google.com\/file\/d\/1FmdHzSdxPMIq17USwjQoTLwzMf2kugi0\/view?usp=sharing\" target=\"_blank\" rel=\"noopener\">Presentaci\u00f3 sessi\u00f3 20-02-2026 (Xarxa PMOE PROA+ Vall\u00e8s Occidental 25-26)<\/a><\/p>\n<p>\ud83d\udcd2 <a href=\"https:\/\/drive.google.com\/file\/d\/1nio6mDpPlb9LkFJhazxNq2nWUuR4-qf9\/view?usp=sharing\" target=\"_blank\" rel=\"noopener\"><span style=\"color: #000000;\">Presentaci\u00f3 sessi\u00f3 23-01-2026 (Xarxa PMOE PROA+ Vall\u00e8s Occidental 25-26)<\/span><\/a><\/p>\n<p>\ud83d\udcd2 <a href=\"https:\/\/drive.google.com\/file\/d\/1ykS5V-FivRQViOtZ1S7nEmADwCKVt6v9\/view?usp=sharing\" target=\"_blank\" rel=\"noopener\"><span style=\"color: #000000;\">Presentaci\u00f3 sessi\u00f3 24-10-2025 (Xarxa PMOE PROA+ Vall\u00e8s Occidental 25-26)<\/span><\/a><\/p>\n<p>\ud83d\udcd2 <span style=\"color: #ff0000;\"><a href=\"https:\/\/drive.google.com\/file\/d\/1vYcY7KLqXtlLBC8OMLO879rxDYY0zQMv\/view?usp=sharing\" target=\"_blank\" rel=\"noopener\"><span style=\"color: #000000;\">Llista d&#8217;Activitats Palanca (agost 2025)<\/span><\/a><\/span><\/p>\n<p>\ud83d\udcd2 <a href=\"https:\/\/docs.google.com\/document\/d\/1tuRK-SbmS133xAwcozNEI-GNoNGvC5YA\/edit?usp=sharing&amp;ouid=100756556269379647884&amp;rtpof=true&amp;sd=true\" target=\"_blank\" rel=\"noopener\"><span style=\"color: #000000;\">Model de PEM 24-28<\/span><\/a><\/p>\n<p>\ud83d\udcd2 <a href=\"https:\/\/drive.google.com\/file\/d\/1FPAsvm3Vd9mtz_gwYEDx6VXLB9gCKgoF\/view?usp=sharing\" target=\"_blank\" rel=\"noopener\"><span style=\"color: #000000;\">Presentaci\u00f3 sessi\u00f3 23-09-2025 (Xarxa PMOE PROA+ Vall\u00e8s Occidental 25-26)<\/span><\/a><\/p>\n<p>\ud83d\udcd2\u00a0<a href=\"https:\/\/drive.google.com\/file\/d\/1ikJUOEkd_zrEHEfHtVtaUVa-HTYBGZbV\/view?usp=sharing\" target=\"_blank\" rel=\"noopener\"><span style=\"color: #000000;\">Cat\u00e0leg d&#8217;Activitats Palanca PROA+ (agost 2025)<\/span><\/a><\/p>\n<p>\ud83d\udcd2\u00a0<a href=\"https:\/\/drive.google.com\/file\/d\/1kQDBxX59h3_UMsLKIWg7EL9VW5pBf76e\/view?usp=sharing\" target=\"_blank\" rel=\"noopener\"><span style=\"color: #000000;\">Pas a pas Retiment de Comptes Pedag\u00f2gics 24-25<\/span><\/a><\/p>\n<p>\ud83d\udcd2 <a href=\"https:\/\/drive.google.com\/file\/d\/18dzYYSQOemo1xqaiyOq2j4GzLILcEkj9\/view?usp=sharing\" target=\"_blank\" rel=\"noopener\"><span style=\"color: #000000;\">Guia per a la gesti\u00f3 del canvi en els centres d&#8217;educaci\u00f3 PROA+ (febrer 2024)<\/span><\/a><\/p>\n<p>\ud83d\udcd2\u00a0<span style=\"color: #000000;\"><a style=\"color: #000000;\" href=\"https:\/\/drive.google.com\/file\/d\/1JGzBynsCulcBXDssllHsI2VS9Pigu7eW\/view?usp=sharing\" target=\"_blank\" rel=\"noopener\">Presentaci\u00f3 de la p\u00edndola de la Justificaci\u00f3 Econ\u00f2mica 24-25<\/a><\/span><\/p>\n<p>\ud83d\udcd2 <span style=\"color: #000000;\"><a style=\"color: #000000;\" href=\"https:\/\/drive.google.com\/drive\/folders\/1jaM_wrFySIyQac85TijW0KC8qRdv8xMU?usp=sharing\" target=\"_blank\" rel=\"noopener\">Fitxes del Cat\u00e0leg d&#8217;Activitats Palanca PROA+ tradu\u00efdes al catal\u00e0<\/a><\/span><\/p>\n\n\n<p><\/p>\n","protected":false},"excerpt":{"rendered":"<p>Context \u200b Un cop finalitzat el per\u00edode del Programa de cooperaci\u00f3 territorial per a l\u2019orientaci\u00f3, l\u2019aven\u00e7 i l\u2019enriquiment educatiu PROA+, [&hellip;]<\/p>\n","protected":false},"author":1,"featured_media":0,"parent":0,"menu_order":0,"comment_status":"closed","ping_status":"closed","template":"","meta":{"_bbp_topic_count":0,"_bbp_reply_count":0,"_bbp_total_topic_count":0,"_bbp_total_reply_count":0,"_bbp_voice_count":0,"_bbp_anonymous_reply_count":0,"_bbp_topic_count_hidden":0,"_bbp_reply_count_hidden":0,"_bbp_forum_subforum_count":0,"site-sidebar-layout":"default","site-content-layout":"","ast-site-content-layout":"default","site-content-style":"default","site-sidebar-style":"default","ast-global-header-display":"","ast-banner-title-visibility":"","ast-main-header-display":"","ast-hfb-above-header-display":"","ast-hfb-below-header-display":"","ast-hfb-mobile-header-display":"","site-post-title":"","ast-breadcrumbs-content":"","ast-featured-img":"","footer-sml-layout":"","theme-transparent-header-meta":"","adv-header-id-meta":"","stick-header-meta":"","header-above-stick-meta":"","header-main-stick-meta":"","header-below-stick-meta":"","astra-migrate-meta-layouts":"set","ast-page-background-enabled":"default","ast-page-background-meta":{"desktop":{"background-color":"var(--ast-global-color-4)","background-image":"","background-repeat":"repeat","background-position":"center center","background-size":"auto","background-attachment":"scroll","background-type":"","background-media":"","overlay-type":"","overlay-color":"","overlay-opacity":"","overlay-gradient":""},"tablet":{"background-color":"","background-image":"","background-repeat":"repeat","background-position":"center center","background-size":"auto","background-attachment":"scroll","background-type":"","background-media":"","overlay-type":"","overlay-color":"","overlay-opacity":"","overlay-gradient":""},"mobile":{"background-color":"","background-image":"","background-repeat":"repeat","background-position":"center center","background-size":"auto","background-attachment":"scroll","background-type":"","background-media":"","overlay-type":"","overlay-color":"","overlay-opacity":"","overlay-gradient":""}},"ast-content-background-meta":{"desktop":{"background-color":"var(--ast-global-color-5)","background-image":"","background-repeat":"repeat","background-position":"center center","background-size":"auto","background-attachment":"scroll","background-type":"","background-media":"","overlay-type":"","overlay-color":"","overlay-opacity":"","overlay-gradient":""},"tablet":{"background-color":"var(--ast-global-color-5)","background-image":"","background-repeat":"repeat","background-position":"center center","background-size":"auto","background-attachment":"scroll","background-type":"","background-media":"","overlay-type":"","overlay-color":"","overlay-opacity":"","overlay-gradient":""},"mobile":{"background-color":"var(--ast-global-color-5)","background-image":"","background-repeat":"repeat","background-position":"center center","background-size":"auto","background-attachment":"scroll","background-type":"","background-media":"","overlay-type":"","overlay-color":"","overlay-opacity":"","overlay-gradient":""}},"footnotes":""},"class_list":["post-8671","page","type-page","status-publish","hentry"],"post_mailing_queue_ids":[],"_links":{"self":[{"href":"https:\/\/serveiseducatius.xtec.cat\/vallesoccidental\/wp-json\/wp\/v2\/pages\/8671","targetHints":{"allow":["GET"]}}],"collection":[{"href":"https:\/\/serveiseducatius.xtec.cat\/vallesoccidental\/wp-json\/wp\/v2\/pages"}],"about":[{"href":"https:\/\/serveiseducatius.xtec.cat\/vallesoccidental\/wp-json\/wp\/v2\/types\/page"}],"author":[{"embeddable":true,"href":"https:\/\/serveiseducatius.xtec.cat\/vallesoccidental\/wp-json\/wp\/v2\/users\/1"}],"replies":[{"embeddable":true,"href":"https:\/\/serveiseducatius.xtec.cat\/vallesoccidental\/wp-json\/wp\/v2\/comments?post=8671"}],"version-history":[{"count":6,"href":"https:\/\/serveiseducatius.xtec.cat\/vallesoccidental\/wp-json\/wp\/v2\/pages\/8671\/revisions"}],"predecessor-version":[{"id":10650,"href":"https:\/\/serveiseducatius.xtec.cat\/vallesoccidental\/wp-json\/wp\/v2\/pages\/8671\/revisions\/10650"}],"wp:attachment":[{"href":"https:\/\/serveiseducatius.xtec.cat\/vallesoccidental\/wp-json\/wp\/v2\/media?parent=8671"}],"curies":[{"name":"wp","href":"https:\/\/api.w.org\/{rel}","templated":true}]}}