{"id":10429,"date":"2026-04-21T12:24:23","date_gmt":"2026-04-21T10:24:23","guid":{"rendered":"https:\/\/serveiseducatius.xtec.cat\/vallesoccidental\/?page_id=10429"},"modified":"2026-04-21T12:24:24","modified_gmt":"2026-04-21T10:24:24","slug":"xieb-24-25","status":"publish","type":"page","link":"https:\/\/serveiseducatius.xtec.cat\/vallesoccidental\/xieb-24-25\/","title":{"rendered":"XIEB 24-25"},"content":{"rendered":"\n<div class=\"wp-block-getwid-toggle has-icon-left\">\n<div class=\"wp-block-getwid-toggle__row\"><div class=\"wp-block-getwid-toggle__header-wrapper\"><span class=\"wp-block-getwid-toggle__header\"><a href=\"#\"><span class=\"wp-block-getwid-toggle__header-title\"><strong>1a Sessi\u00f3 <\/strong>(22\/10\/24). Vam gaudir de la pon\u00e8ncia del <strong>Fernando Hern\u00e1ndez Hern\u00e1ndez,<\/strong> titulada &#8220;La metacognici\u00f3 o reflexi\u00f3 sobre el propi proc\u00e9s d&#8217;aprenentatge&#8221;.<\/span><span class=\"wp-block-getwid-toggle__icon is-active\"><i class=\"fas fa-plus\"><\/i><\/span><span class=\"wp-block-getwid-toggle__icon is-passive\"><i class=\"fas fa-minus\"><\/i><\/span><\/a><\/span><\/div><div class=\"wp-block-getwid-toggle__content-wrapper\"><div class=\"wp-block-getwid-toggle__content\">\n<div style=\"height:30px\" aria-hidden=\"true\" class=\"wp-block-spacer\"><\/div>\n\n\n\n<div class=\"wp-block-media-text is-stacked-on-mobile\"><figure class=\"wp-block-media-text__media\"><img loading=\"lazy\" decoding=\"async\" width=\"733\" height=\"429\" src=\"https:\/\/serveiseducatius.xtec.cat\/vallesoccidental\/wp-content\/uploads\/usu2531\/2026\/02\/metacognicio.png\" alt=\"\" class=\"wp-image-10434 size-full\" srcset=\"https:\/\/serveiseducatius.xtec.cat\/vallesoccidental\/wp-content\/uploads\/usu2531\/2026\/02\/metacognicio.png 733w, https:\/\/serveiseducatius.xtec.cat\/vallesoccidental\/wp-content\/uploads\/usu2531\/2026\/02\/metacognicio-300x176.png 300w\" sizes=\"auto, (max-width: 733px) 100vw, 733px\" \/><\/figure><div class=\"wp-block-media-text__content\">\n<p><a href=\"https:\/\/docs.google.com\/presentation\/d\/1qjXcrp49qPox264K59VtUk9SyiaTiqOeOp5IDhu-ZzM\/present?slide=id.p\">Presentaci\u00f3 <\/a><\/p>\n<\/div><\/div>\n\n\n\n<div style=\"height:30px\" aria-hidden=\"true\" class=\"wp-block-spacer\"><\/div>\n\n\n\n<p><strong>Per a la propera sessi\u00f3 &#8230;<\/strong><\/p>\n\n\n\n<p><strong>Observem i narrem en una situaci\u00f3 de vida d&#8217;aula:<\/strong><\/p>\n\n\n\n<ul class=\"wp-block-list\">\n<li>Les estrat\u00e8gies que fan servir els estudiants per aprendre.<\/li>\n\n\n\n<li>Les estrat\u00e8gies que tu promous perqu\u00e8 reflexionin sobre el seu aprenentatge.<\/li>\n<\/ul>\n\n\n\n<div style=\"height:30px\" aria-hidden=\"true\" class=\"wp-block-spacer\"><\/div>\n<\/div><\/div><\/div>\n\n\n\n<div class=\"wp-block-getwid-toggle__row\"><div class=\"wp-block-getwid-toggle__header-wrapper\"><span class=\"wp-block-getwid-toggle__header\"><a href=\"#\"><span class=\"wp-block-getwid-toggle__header-title\"><strong>2a Sessi\u00f3 <\/strong>(19\/11\/24). Ens vam organitzar per grups i vam compartir estrat\u00e8gies davant:<\/span><span class=\"wp-block-getwid-toggle__icon is-active\"><i class=\"fas fa-plus\"><\/i><\/span><span class=\"wp-block-getwid-toggle__icon is-passive\"><i class=\"fas fa-minus\"><\/i><\/span><\/a><\/span><\/div><div class=\"wp-block-getwid-toggle__content-wrapper\"><div class=\"wp-block-getwid-toggle__content\">\n<ul class=\"wp-block-list\">\n<li>Dificultats en prestar atenci\u00f3 i concentrar-se.<\/li>\n\n\n\n<li>Dificultats en la comprensi\u00f3 lectora dels enunciats i materials de consulta.<\/li>\n\n\n\n<li>Dificultats en la llengua (a nivell m\u00e9s b\u00e0sic de comprensi\u00f3).<\/li>\n\n\n\n<li>Dificultats de motivaci\u00f3 i inter\u00e8s en el qu\u00e8 han d&#8217;aprendre.<\/li>\n<\/ul>\n\n\n\n<div style=\"height:30px\" aria-hidden=\"true\" class=\"wp-block-spacer\"><\/div>\n\n\n\n<p>Documents de suport:<\/p>\n\n\n\n<ul class=\"wp-block-list\">\n<li><a href=\"https:\/\/docs.google.com\/presentation\/d\/19AjfRkqCHwONJOReKQqelxAez3QFTMNbjEV0T0PyqPA\/present?slide=id.g3160ccee64b_0_10\">Plantilla per compartir les estrat\u00e8gies<\/a><\/li>\n\n\n\n<li><a href=\"https:\/\/docs.google.com\/document\/d\/1as-ex7qThfa4tZs3IMHV30ZXXoAIaVF6go6xGbrg8a0\/edit?tab=t.0\">Recull d&#8217;estrat\u00e8gies que podem fer servir davant les dificultats<\/a><\/li>\n<\/ul>\n\n\n\n<div style=\"height:30px\" aria-hidden=\"true\" class=\"wp-block-spacer\"><\/div>\n\n\n\n<div class=\"wp-block-media-text is-stacked-on-mobile\"><figure class=\"wp-block-media-text__media\"><img loading=\"lazy\" decoding=\"async\" width=\"1024\" height=\"577\" src=\"https:\/\/serveiseducatius.xtec.cat\/vallesoccidental\/wp-content\/uploads\/usu2531\/2026\/02\/metacognicio-2-1024x577.png\" alt=\"\" class=\"wp-image-10438 size-full\" srcset=\"https:\/\/serveiseducatius.xtec.cat\/vallesoccidental\/wp-content\/uploads\/usu2531\/2026\/02\/metacognicio-2-1024x577.png 1024w, https:\/\/serveiseducatius.xtec.cat\/vallesoccidental\/wp-content\/uploads\/usu2531\/2026\/02\/metacognicio-2-300x169.png 300w, https:\/\/serveiseducatius.xtec.cat\/vallesoccidental\/wp-content\/uploads\/usu2531\/2026\/02\/metacognicio-2-768x433.png 768w, https:\/\/serveiseducatius.xtec.cat\/vallesoccidental\/wp-content\/uploads\/usu2531\/2026\/02\/metacognicio-2.png 1065w\" sizes=\"auto, (max-width: 1024px) 100vw, 1024px\" \/><\/figure><div class=\"wp-block-media-text__content\">\n<p><a href=\"https:\/\/drive.google.com\/file\/d\/18qMkx_j0diSARxlSO65VGQ6bQhXlKZv7\/view?usp=sharing\">Presentaci\u00f3 <\/a><\/p>\n<\/div><\/div>\n\n\n\n<div style=\"height:30px\" aria-hidden=\"true\" class=\"wp-block-spacer\"><\/div>\n\n\n\n<p><strong>Per a la propera sessi\u00f3 &#8230;<\/strong><\/p>\n\n\n\n<p><strong>Portar per escrit :<\/strong><\/p>\n\n\n\n<ul class=\"wp-block-list\">\n<li>Com vas recuperar el cam\u00ed d&#8217;aprenentatge amb els teus estudiants el 8 de gener, quan van tornar a l&#8217;escola\/institut despr\u00e9s de les vacances?<\/li>\n\n\n\n<li>Com van tractar de recuperar el que havien oblidat?<\/li>\n\n\n\n<li>Quines situacions i estrat\u00e8gies vas plantejar i activar per recuperar el que havien apr\u00e8s el primer trimestre?<\/li>\n\n\n\n<li>Com vas establir ponts entre el que havien apr\u00e8s i el que plantages que poden aprendre aquest trimestre?<\/li>\n<\/ul>\n\n\n\n<div style=\"height:30px\" aria-hidden=\"true\" class=\"wp-block-spacer\"><\/div>\n<\/div><\/div><\/div>\n\n\n\n<div class=\"wp-block-getwid-toggle__row\"><div class=\"wp-block-getwid-toggle__header-wrapper\"><span class=\"wp-block-getwid-toggle__header\"><a href=\"#\"><span class=\"wp-block-getwid-toggle__header-title\"><strong>3a Sessi\u00f3<\/strong> (21\/01\/25). Vam compartir el buidatge de les estrat\u00e8gies promogudes a les situacions d&#8217;aula plantejades a la 1a sessi\u00f3.<\/span><span class=\"wp-block-getwid-toggle__icon is-active\"><i class=\"fas fa-plus\"><\/i><\/span><span class=\"wp-block-getwid-toggle__icon is-passive\"><i class=\"fas fa-minus\"><\/i><\/span><\/a><\/span><\/div><div class=\"wp-block-getwid-toggle__content-wrapper\"><div class=\"wp-block-getwid-toggle__content\">\n<p>Recordeu que a la primera sessi\u00f3 es va demanar observar i narrar en una situaci\u00f3 de vida d&#8217;aula el seg\u00fcent:<\/p>\n\n\n\n<ul class=\"wp-block-list\">\n<li>Les estrat\u00e8gies que fan servir els estudiants per aprendre<\/li>\n\n\n\n<li>Les estrat\u00e8gies que tu promous perqu\u00e8 reflexionin sobre el seu aprenentatge.<\/li>\n<\/ul>\n\n\n\n<div style=\"height:30px\" aria-hidden=\"true\" class=\"wp-block-spacer\"><\/div>\n\n\n\n<p>Documents de suport:<\/p>\n\n\n\n<ul class=\"wp-block-list\">\n<li><a href=\"https:\/\/docs.google.com\/document\/d\/1iYLyyjTfqSuj1q759qSEWU3SWO21RknWyQPC2cqpCJU\/edit?tab=t.0\">Estrat\u00e8gies promogudes en una situaci\u00f3 d&#8217;aula<\/a><\/li>\n<\/ul>\n\n\n\n<div style=\"height:30px\" aria-hidden=\"true\" class=\"wp-block-spacer\"><\/div>\n\n\n\n<div class=\"wp-block-media-text is-stacked-on-mobile\"><figure class=\"wp-block-media-text__media\"><img loading=\"lazy\" decoding=\"async\" width=\"1024\" height=\"572\" src=\"https:\/\/serveiseducatius.xtec.cat\/vallesoccidental\/wp-content\/uploads\/usu2531\/2026\/02\/presentacio-3-1024x572.png\" alt=\"\" class=\"wp-image-10458 size-full\" srcset=\"https:\/\/serveiseducatius.xtec.cat\/vallesoccidental\/wp-content\/uploads\/usu2531\/2026\/02\/presentacio-3-1024x572.png 1024w, https:\/\/serveiseducatius.xtec.cat\/vallesoccidental\/wp-content\/uploads\/usu2531\/2026\/02\/presentacio-3-300x168.png 300w, https:\/\/serveiseducatius.xtec.cat\/vallesoccidental\/wp-content\/uploads\/usu2531\/2026\/02\/presentacio-3-768x429.png 768w, https:\/\/serveiseducatius.xtec.cat\/vallesoccidental\/wp-content\/uploads\/usu2531\/2026\/02\/presentacio-3.png 1075w\" sizes=\"auto, (max-width: 1024px) 100vw, 1024px\" \/><\/figure><div class=\"wp-block-media-text__content\">\n<p><a href=\"https:\/\/drive.google.com\/file\/d\/1_kmyX7m0bAM1yrkohXio60B67k_0xFJx\/view\">Presentaci\u00f3 <\/a><\/p>\n<\/div><\/div>\n\n\n\n<div style=\"height:30px\" aria-hidden=\"true\" class=\"wp-block-spacer\"><\/div>\n\n\n\n<div class=\"wp-block-media-text is-stacked-on-mobile\"><figure class=\"wp-block-media-text__media\"><img loading=\"lazy\" decoding=\"async\" width=\"1024\" height=\"574\" src=\"https:\/\/serveiseducatius.xtec.cat\/vallesoccidental\/wp-content\/uploads\/usu2531\/2026\/02\/al-voltant-1024x574.png\" alt=\"\" class=\"wp-image-10461 size-full\" srcset=\"https:\/\/serveiseducatius.xtec.cat\/vallesoccidental\/wp-content\/uploads\/usu2531\/2026\/02\/al-voltant-1024x574.png 1024w, https:\/\/serveiseducatius.xtec.cat\/vallesoccidental\/wp-content\/uploads\/usu2531\/2026\/02\/al-voltant-300x168.png 300w, https:\/\/serveiseducatius.xtec.cat\/vallesoccidental\/wp-content\/uploads\/usu2531\/2026\/02\/al-voltant-768x431.png 768w, https:\/\/serveiseducatius.xtec.cat\/vallesoccidental\/wp-content\/uploads\/usu2531\/2026\/02\/al-voltant.png 1066w\" sizes=\"auto, (max-width: 1024px) 100vw, 1024px\" \/><\/figure><div class=\"wp-block-media-text__content\">\n<p><a href=\"https:\/\/drive.google.com\/file\/d\/1L7o6de62nBsyFRrqy30FeHbyylr8Jdsz\/view\">Buidatge de les estrat\u00e8gies promogudes a les situacions d&#8217;aula plantejades als centres. <\/a> Indicar l&#8217;efectivitat a llarg termini de cada estrat\u00e8gia per a ajudar als alumnes a planificar, supervisar i avaluar<\/p>\n<\/div><\/div>\n\n\n\n<div style=\"height:30px\" aria-hidden=\"true\" class=\"wp-block-spacer\"><\/div>\n\n\n\n<p><strong>Per a la propera sessi\u00f3 &#8230;<\/strong><\/p>\n\n\n\n<p><strong>En les sessions que portem, compartir per correu les respostes a aquestes preguntes:<\/strong><\/p>\n\n\n\n<ul class=\"wp-block-list\">\n<li>Que t\u2019ha costat m\u00e9s?<\/li>\n\n\n\n<li>Qu\u00e8 has apr\u00e9s que no sabies?<\/li>\n\n\n\n<li>Quines dificultats has tingut per portar, el que fem-pensem aqu\u00ed, a la teva classe i a la teva escola-institut?<\/li>\n\n\n\n<li>Qu\u00e8 pots fer si no aconsegueixes el que pensaves?<\/li>\n<\/ul>\n\n\n\n<div style=\"height:30px\" aria-hidden=\"true\" class=\"wp-block-spacer\"><\/div>\n<\/div><\/div><\/div>\n\n\n\n<div class=\"wp-block-getwid-toggle__row\"><div class=\"wp-block-getwid-toggle__header-wrapper\"><span class=\"wp-block-getwid-toggle__header\"><a href=\"#\"><span class=\"wp-block-getwid-toggle__header-title\"><strong>4a Sessi\u00f3 <\/strong>(25\/02\/25)<\/span><span class=\"wp-block-getwid-toggle__icon is-active\"><i class=\"fas fa-plus\"><\/i><\/span><span class=\"wp-block-getwid-toggle__icon is-passive\"><i class=\"fas fa-minus\"><\/i><\/span><\/a><\/span><\/div><div class=\"wp-block-getwid-toggle__content-wrapper\"><div class=\"wp-block-getwid-toggle__content\">\n<div style=\"height:30px\" aria-hidden=\"true\" class=\"wp-block-spacer\"><\/div>\n\n\n\n<div class=\"wp-block-media-text is-stacked-on-mobile\"><figure class=\"wp-block-media-text__media\"><img loading=\"lazy\" decoding=\"async\" width=\"1024\" height=\"578\" src=\"https:\/\/serveiseducatius.xtec.cat\/vallesoccidental\/wp-content\/uploads\/usu2531\/2026\/02\/presentacio-4-1024x578.png\" alt=\"\" class=\"wp-image-10465 size-full\" srcset=\"https:\/\/serveiseducatius.xtec.cat\/vallesoccidental\/wp-content\/uploads\/usu2531\/2026\/02\/presentacio-4-1024x578.png 1024w, https:\/\/serveiseducatius.xtec.cat\/vallesoccidental\/wp-content\/uploads\/usu2531\/2026\/02\/presentacio-4-300x169.png 300w, https:\/\/serveiseducatius.xtec.cat\/vallesoccidental\/wp-content\/uploads\/usu2531\/2026\/02\/presentacio-4-768x434.png 768w, https:\/\/serveiseducatius.xtec.cat\/vallesoccidental\/wp-content\/uploads\/usu2531\/2026\/02\/presentacio-4.png 1075w\" sizes=\"auto, (max-width: 1024px) 100vw, 1024px\" \/><\/figure><div class=\"wp-block-media-text__content\">\n<p><a href=\"https:\/\/drive.google.com\/file\/d\/169JlLsz_jGbnncjYMOWNfNdP_pgQ4v09\/view\">Presentaci\u00f3 <\/a><\/p>\n<\/div><\/div>\n\n\n\n<div style=\"height:30px\" aria-hidden=\"true\" class=\"wp-block-spacer\"><\/div>\n<\/div><\/div><\/div>\n\n\n\n<div class=\"wp-block-getwid-toggle__row\"><div class=\"wp-block-getwid-toggle__header-wrapper\"><span class=\"wp-block-getwid-toggle__header\"><a href=\"#\"><span class=\"wp-block-getwid-toggle__header-title\"><strong>5a Sessi\u00f3<\/strong> (25\/03\/25). Ens vam organitzar per preparar la transfer\u00e8ncia al claustre. <\/span><span class=\"wp-block-getwid-toggle__icon is-active\"><i class=\"fas fa-plus\"><\/i><\/span><span class=\"wp-block-getwid-toggle__icon is-passive\"><i class=\"fas fa-minus\"><\/i><\/span><\/a><\/span><\/div><div class=\"wp-block-getwid-toggle__content-wrapper\"><div class=\"wp-block-getwid-toggle__content\">\n<p><strong>Desenvolupament de la sessi\u00f3:<\/strong><\/p>\n\n\n\n<ul class=\"wp-block-list\">\n<li>Creem una xarxa de relacions amb els conceptes treballats<\/li>\n\n\n\n<li>Compartim quins elements hem de tenir en compte per poder fer la transfer\u00e8ncia al centre<\/li>\n\n\n\n<li>Caracter\u00edstiques i orientacions dels p\u00f2sters que hem de compartir a la 6a sessi\u00f3, el 6 de maig.<\/li>\n<\/ul>\n\n\n\n<div style=\"height:30px\" aria-hidden=\"true\" class=\"wp-block-spacer\"><\/div>\n\n\n\n<p>Documents de suport:<\/p>\n\n\n\n<ul class=\"wp-block-list\">\n<li><a href=\"https:\/\/docs.google.com\/document\/d\/1GI9gbffAKLQm0REbbCmwv2szWynhypLV9eFnjcxaty4\/edit?tab=t.0#heading=h.qzmnvbtzxkj5\">Base d&#8217;orientaci\u00f3 per a la implementaci\u00f3 d&#8217;estrat\u00e8gies metacognitives<\/a><\/li>\n<\/ul>\n\n\n\n<div style=\"height:31px\" aria-hidden=\"true\" class=\"wp-block-spacer\"><\/div>\n\n\n\n<div class=\"wp-block-media-text is-stacked-on-mobile\"><figure class=\"wp-block-media-text__media\"><img loading=\"lazy\" decoding=\"async\" width=\"1024\" height=\"571\" src=\"https:\/\/serveiseducatius.xtec.cat\/vallesoccidental\/wp-content\/uploads\/usu2531\/2026\/02\/prsentacio-1024x571.png\" alt=\"\" class=\"wp-image-10471 size-full\" srcset=\"https:\/\/serveiseducatius.xtec.cat\/vallesoccidental\/wp-content\/uploads\/usu2531\/2026\/02\/prsentacio-1024x571.png 1024w, https:\/\/serveiseducatius.xtec.cat\/vallesoccidental\/wp-content\/uploads\/usu2531\/2026\/02\/prsentacio-300x167.png 300w, https:\/\/serveiseducatius.xtec.cat\/vallesoccidental\/wp-content\/uploads\/usu2531\/2026\/02\/prsentacio-768x428.png 768w, https:\/\/serveiseducatius.xtec.cat\/vallesoccidental\/wp-content\/uploads\/usu2531\/2026\/02\/prsentacio.png 1528w\" sizes=\"auto, (max-width: 1024px) 100vw, 1024px\" \/><\/figure><div class=\"wp-block-media-text__content\">\n<p><a href=\"https:\/\/docs.google.com\/presentation\/d\/1ywQIiokpVjae_Wv94BpkFHyTC6lIhnf6wdIdnGJj2pQ\/present?slide=id.g34304cc9086_0_11\">Presentaci\u00f3 <\/a><\/p>\n<\/div><\/div>\n\n\n\n<div style=\"height:31px\" aria-hidden=\"true\" class=\"wp-block-spacer\"><\/div>\n\n\n\n<div class=\"wp-block-media-text is-stacked-on-mobile\"><figure class=\"wp-block-media-text__media\"><img loading=\"lazy\" decoding=\"async\" width=\"1024\" height=\"575\" src=\"https:\/\/serveiseducatius.xtec.cat\/vallesoccidental\/wp-content\/uploads\/usu2531\/2026\/02\/xarxa-1024x575.png\" alt=\"\" class=\"wp-image-10472 size-full\" srcset=\"https:\/\/serveiseducatius.xtec.cat\/vallesoccidental\/wp-content\/uploads\/usu2531\/2026\/02\/xarxa-1024x575.png 1024w, https:\/\/serveiseducatius.xtec.cat\/vallesoccidental\/wp-content\/uploads\/usu2531\/2026\/02\/xarxa-300x169.png 300w, https:\/\/serveiseducatius.xtec.cat\/vallesoccidental\/wp-content\/uploads\/usu2531\/2026\/02\/xarxa-768x431.png 768w, https:\/\/serveiseducatius.xtec.cat\/vallesoccidental\/wp-content\/uploads\/usu2531\/2026\/02\/xarxa.png 1513w\" sizes=\"auto, (max-width: 1024px) 100vw, 1024px\" \/><\/figure><div class=\"wp-block-media-text__content\">\n<p><a href=\"https:\/\/docs.google.com\/presentation\/d\/1JPDPq82dKrN73p1HdPCHY37_t6RPM4ir-h6ErIdCbBM\/present?slide=id.p\">Xarxes de relacions creades durant la sessi\u00f3, i altres fotografies del treball fet<\/a><\/p>\n<\/div><\/div>\n\n\n\n<div style=\"height:30px\" aria-hidden=\"true\" class=\"wp-block-spacer\"><\/div>\n<\/div><\/div><\/div>\n\n\n\n<div class=\"wp-block-getwid-toggle__row\"><div class=\"wp-block-getwid-toggle__header-wrapper\"><span class=\"wp-block-getwid-toggle__header\"><a href=\"#\"><span class=\"wp-block-getwid-toggle__header-title\"><strong>6a Sessi\u00f3 <\/strong>(18\/02\/25).  Vam gaudir d&#8217;una jornada de compartir p\u00f2sters, reflexions i una sorpresa final. <\/span><span class=\"wp-block-getwid-toggle__icon is-active\"><i class=\"fas fa-plus\"><\/i><\/span><span class=\"wp-block-getwid-toggle__icon is-passive\"><i class=\"fas fa-minus\"><\/i><\/span><\/a><\/span><\/div><div class=\"wp-block-getwid-toggle__content-wrapper\"><div class=\"wp-block-getwid-toggle__content\">\n<p><strong>Desenvolupament de la sessi\u00f3:<\/strong><\/p>\n\n\n\n<ul class=\"wp-block-list\">\n<li>Observaci\u00f3 de l&#8217;exposici\u00f3 de p\u00f2sters, anotant a la butlleta: Qu\u00e8 m&#8217;enduc? Qu\u00e8 em pregunto? Qu\u00e8 discutiria?<\/li>\n\n\n\n<li>Compartim reflexions i converses<\/li>\n\n\n\n<li>Cloenda de l&#8217;acte amb el Fernando Hernandez i Albert D\u00edez<\/li>\n\n\n\n<li>Sorpresa final!<\/li>\n<\/ul>\n\n\n\n<div style=\"height:30px\" aria-hidden=\"true\" class=\"wp-block-spacer\"><\/div>\n\n\n\n<div class=\"wp-block-media-text is-stacked-on-mobile\"><figure class=\"wp-block-media-text__media\"><img loading=\"lazy\" decoding=\"async\" width=\"1024\" height=\"576\" src=\"https:\/\/serveiseducatius.xtec.cat\/vallesoccidental\/wp-content\/uploads\/usu2531\/2026\/02\/Disseny-sense-titol-1-1024x576.png\" alt=\"\" class=\"wp-image-10482 size-full\" srcset=\"https:\/\/serveiseducatius.xtec.cat\/vallesoccidental\/wp-content\/uploads\/usu2531\/2026\/02\/Disseny-sense-titol-1-1024x576.png 1024w, https:\/\/serveiseducatius.xtec.cat\/vallesoccidental\/wp-content\/uploads\/usu2531\/2026\/02\/Disseny-sense-titol-1-300x169.png 300w, https:\/\/serveiseducatius.xtec.cat\/vallesoccidental\/wp-content\/uploads\/usu2531\/2026\/02\/Disseny-sense-titol-1-768x432.png 768w, https:\/\/serveiseducatius.xtec.cat\/vallesoccidental\/wp-content\/uploads\/usu2531\/2026\/02\/Disseny-sense-titol-1-1536x864.png 1536w, https:\/\/serveiseducatius.xtec.cat\/vallesoccidental\/wp-content\/uploads\/usu2531\/2026\/02\/Disseny-sense-titol-1.png 1920w\" sizes=\"auto, (max-width: 1024px) 100vw, 1024px\" \/><\/figure><div class=\"wp-block-media-text__content\">\n<p><a href=\"https:\/\/docs.google.com\/presentation\/d\/100gyWZWL-itJwveS2UGJvsvc10E0ViQJ5c7ut41YNvI\/present?slide=id.p\">Presentaci\u00f3 de p\u00f2sters<\/a><\/p>\n<\/div><\/div>\n\n\n\n<div style=\"height:30px\" aria-hidden=\"true\" class=\"wp-block-spacer\"><\/div>\n\n\n\n<div class=\"wp-block-media-text is-stacked-on-mobile\"><figure class=\"wp-block-media-text__media\"><img loading=\"lazy\" decoding=\"async\" width=\"1024\" height=\"269\" src=\"https:\/\/serveiseducatius.xtec.cat\/vallesoccidental\/wp-content\/uploads\/usu2531\/2026\/02\/records-1024x269.png\" alt=\"\" class=\"wp-image-10479 size-full\" srcset=\"https:\/\/serveiseducatius.xtec.cat\/vallesoccidental\/wp-content\/uploads\/usu2531\/2026\/02\/records-1024x269.png 1024w, https:\/\/serveiseducatius.xtec.cat\/vallesoccidental\/wp-content\/uploads\/usu2531\/2026\/02\/records-300x79.png 300w, https:\/\/serveiseducatius.xtec.cat\/vallesoccidental\/wp-content\/uploads\/usu2531\/2026\/02\/records-768x202.png 768w, https:\/\/serveiseducatius.xtec.cat\/vallesoccidental\/wp-content\/uploads\/usu2531\/2026\/02\/records.png 1351w\" sizes=\"auto, (max-width: 1024px) 100vw, 1024px\" \/><\/figure><div class=\"wp-block-media-text__content\">\n<p><a href=\"https:\/\/docs.google.com\/presentation\/d\/19BIRxmjuW7FA-qofOZuimGGGVF8eo22nihF613EZCUk\/present?slide=id.p\">Records de la cloenda de la xarxa<\/a><\/p>\n<\/div><\/div>\n<\/div><\/div><\/div>\n<\/div>\n","protected":false},"excerpt":{"rendered":"","protected":false},"author":19,"featured_media":0,"parent":0,"menu_order":0,"comment_status":"closed","ping_status":"close","template":"","meta":{"_bbp_topic_count":0,"_bbp_reply_count":0,"_bbp_total_topic_count":0,"_bbp_total_reply_count":0,"_bbp_voice_count":0,"_bbp_anonymous_reply_count":0,"_bbp_topic_count_hidden":0,"_bbp_reply_count_hidden":0,"_bbp_forum_subforum_count":0,"site-sidebar-layout":"default","site-content-layout":"","ast-site-content-layout":"default","site-content-style":"default","site-sidebar-style":"default","ast-global-header-display":"","ast-banner-title-visibility":"","ast-main-header-display":"","ast-hfb-above-header-display":"","ast-hfb-below-header-display":"","ast-hfb-mobile-header-display":"","site-post-title":"","ast-breadcrumbs-content":"","ast-featured-img":"","footer-sml-layout":"","theme-transparent-header-meta":"","adv-header-id-meta":"","stick-header-meta":"","header-above-stick-meta":"","header-main-stick-meta":"","header-below-stick-meta":"","astra-migrate-meta-layouts":"set","ast-page-background-enabled":"default","ast-page-background-meta":{"desktop":{"background-color":"var(--ast-global-color-4)","background-image":"","background-repeat":"repeat","background-position":"center center","background-size":"auto","background-attachment":"scroll","background-type":"","background-media":"","overlay-type":"","overlay-color":"","overlay-opacity":"","overlay-gradient":""},"tablet":{"background-color":"","background-image":"","background-repeat":"repeat","background-position":"center center","background-size":"auto","background-attachment":"scroll","background-type":"","background-media":"","overlay-type":"","overlay-color":"","overlay-opacity":"","overlay-gradient":""},"mobile":{"background-color":"","background-image":"","background-repeat":"repeat","background-position":"center center","background-size":"auto","background-attachment":"scroll","background-type":"","background-media":"","overlay-type":"","overlay-color":"","overlay-opacity":"","overlay-gradient":""}},"ast-content-background-meta":{"desktop":{"background-color":"var(--ast-global-color-5)","background-image":"","background-repeat":"repeat","background-position":"center center","background-size":"auto","background-attachment":"scroll","background-type":"","background-media":"","overlay-type":"","overlay-color":"","overlay-opacity":"","overlay-gradient":""},"tablet":{"background-color":"var(--ast-global-color-5)","background-image":"","background-repeat":"repeat","background-position":"center center","background-size":"auto","background-attachment":"scroll","background-type":"","background-media":"","overlay-type":"","overlay-color":"","overlay-opacity":"","overlay-gradient":""},"mobile":{"background-color":"var(--ast-global-color-5)","background-image":"","background-repeat":"repeat","background-position":"center center","background-size":"auto","background-attachment":"scroll","background-type":"","background-media":"","overlay-type":"","overlay-color":"","overlay-opacity":"","overlay-gradient":""}},"footnotes":""},"class_list":["post-10429","page","type-page","status-publish","hentry"],"post_mailing_queue_ids":[],"_links":{"self":[{"href":"https:\/\/serveiseducatius.xtec.cat\/vallesoccidental\/wp-json\/wp\/v2\/pages\/10429","targetHints":{"allow":["GET"]}}],"collection":[{"href":"https:\/\/serveiseducatius.xtec.cat\/vallesoccidental\/wp-json\/wp\/v2\/pages"}],"about":[{"href":"https:\/\/serveiseducatius.xtec.cat\/vallesoccidental\/wp-json\/wp\/v2\/types\/page"}],"author":[{"embeddable":true,"href":"https:\/\/serveiseducatius.xtec.cat\/vallesoccidental\/wp-json\/wp\/v2\/users\/19"}],"replies":[{"embeddable":true,"href":"https:\/\/serveiseducatius.xtec.cat\/vallesoccidental\/wp-json\/wp\/v2\/comments?post=10429"}],"version-history":[{"count":6,"href":"https:\/\/serveiseducatius.xtec.cat\/vallesoccidental\/wp-json\/wp\/v2\/pages\/10429\/revisions"}],"predecessor-version":[{"id":10483,"href":"https:\/\/serveiseducatius.xtec.cat\/vallesoccidental\/wp-json\/wp\/v2\/pages\/10429\/revisions\/10483"}],"wp:attachment":[{"href":"https:\/\/serveiseducatius.xtec.cat\/vallesoccidental\/wp-json\/wp\/v2\/media?parent=10429"}],"curies":[{"name":"wp","href":"https:\/\/api.w.org\/{rel}","templated":true}]}}