{"id":10333,"date":"2026-04-21T12:06:16","date_gmt":"2026-04-21T10:06:16","guid":{"rendered":"https:\/\/serveiseducatius.xtec.cat\/vallesoccidental\/?page_id=10333"},"modified":"2026-04-23T10:25:56","modified_gmt":"2026-04-23T08:25:56","slug":"xieb","status":"publish","type":"page","link":"https:\/\/serveiseducatius.xtec.cat\/vallesoccidental\/xieb\/","title":{"rendered":"XIEB"},"content":{"rendered":"\n<p><strong>OBJECTIUS DE LA XARXA<\/strong><\/p>\n\n\n\n<p>Facilitar que els centres participants puguin incorporar bones pr\u00e0ctiques que es puguin aplicar a l\u2019aula i que els ajudin a promoure l\u2019\u00e8xit educatiu de tot l\u2019alumnat a trav\u00e9s del desenvolupament global de les compet\u00e8ncies (Objectiu 1 de la PGA).<\/p>\n\n\n\n<ul class=\"wp-block-list\">\n<li><strong>Facilitar que els centres participants puguin incorporar bones pr\u00e0ctiques<\/strong> que es puguin aplicar a l\u2019aula i que els ajudin a promoure l\u2019\u00e8xit educatiu de tot l\u2019alumnat a trav\u00e9s del desenvolupament global de les compet\u00e8ncies (Objectiu 1 de la PGA).<\/li>\n\n\n\n<li><strong>Prioritzar una tem\u00e0tica comuna<\/strong> que actu\u00ef com a fil conductor de les diferents sessions de treball, afavorint la coher\u00e8ncia i la continu\u00eftat del proc\u00e9s compartit.<\/li>\n\n\n\n<li><strong>Incorporar aportacions d\u2019expertes i experts<\/strong> en la tem\u00e0tica prioritzada, mitjan\u00e7ant pon\u00e8ncies o espais d\u2019assessorament, per enriquir i orientar el treball de la xarxa.<\/li>\n\n\n\n<li><strong>Fomentar l\u2019aprenentatge entre iguals<\/strong>, promovent l\u2019intercanvi d\u2019experi\u00e8ncies, bones pr\u00e0ctiques i iniciatives que ja s\u2019estan desenvolupant als centres.<\/li>\n\n\n\n<li><strong>Impulsar visites d\u2019aprenentatge<\/strong> vinculades a la tem\u00e0tica treballada, amb l\u2019objectiu de con\u00e8ixer experi\u00e8ncies inspiradores i refor\u00e7ar els vincles entre centres del territori.<\/li>\n<\/ul>\n\n\n\n<div style=\"height:30px\" aria-hidden=\"true\" class=\"wp-block-spacer\"><\/div>\n\n\n\n<p><strong>CURS ACTUAL<\/strong><\/p>\n\n\n\n<div class=\"wp-block-media-text is-stacked-on-mobile\" style=\"grid-template-columns:26% auto\"><figure class=\"wp-block-media-text__media\"><a href=\"https:\/\/serveiseducatius.xtec.cat\/vallesoccidental\/xieb-25-26\/\"><img loading=\"lazy\" decoding=\"async\" width=\"1024\" height=\"341\" src=\"https:\/\/serveiseducatius.xtec.cat\/vallesoccidental\/wp-content\/uploads\/usu2531\/2026\/03\/25-26.png\" alt=\"\" class=\"wp-image-10589 size-full\" srcset=\"https:\/\/serveiseducatius.xtec.cat\/vallesoccidental\/wp-content\/uploads\/usu2531\/2026\/03\/25-26.png 1024w, https:\/\/serveiseducatius.xtec.cat\/vallesoccidental\/wp-content\/uploads\/usu2531\/2026\/03\/25-26-300x100.png 300w, https:\/\/serveiseducatius.xtec.cat\/vallesoccidental\/wp-content\/uploads\/usu2531\/2026\/03\/25-26-768x256.png 768w\" sizes=\"auto, (max-width: 1024px) 100vw, 1024px\" \/><\/a><\/figure><div class=\"wp-block-media-text__content\">\n<p class=\"has-text-align-left\">Curs 2025\/2026: <strong>Vers una educaci\u00f3 de i per a tothom.<\/strong> Marcs per a la reflexi\u00f3 i l\u2019acci\u00f3: Eliminem barreres per garantir la pres\u00e8ncia, la participaci\u00f3, l\u2019aprenentatge de tot l\u2019alumnat amb Jes\u00fas Soldevila P\u00e9rez.<\/p>\n\n\n\n<p class=\"has-text-align-left\"><a href=\"https:\/\/serveiseducatius.xtec.cat\/vallesoccidental\/xieb-25-26\/\" target=\"_blank\" rel=\"noreferrer noopener\">Materials de consulta<\/a><br><\/p>\n<\/div><\/div>\n\n\n\n<div style=\"height:30px\" aria-hidden=\"true\" class=\"wp-block-spacer\"><\/div>\n\n\n\n<p><strong>CURSOS ANTERIORS<\/strong><\/p>\n\n\n\n<div class=\"wp-block-media-text is-stacked-on-mobile\" style=\"grid-template-columns:26% auto\"><figure class=\"wp-block-media-text__media\"><a href=\"https:\/\/serveiseducatius.xtec.cat\/vallesoccidental\/xieb-24-25\/\"><img loading=\"lazy\" decoding=\"async\" width=\"1024\" height=\"341\" src=\"https:\/\/serveiseducatius.xtec.cat\/vallesoccidental\/wp-content\/uploads\/usu2531\/2026\/03\/24-25.jpeg\" alt=\"\" class=\"wp-image-10588 size-full\" srcset=\"https:\/\/serveiseducatius.xtec.cat\/vallesoccidental\/wp-content\/uploads\/usu2531\/2026\/03\/24-25.jpeg 1024w, https:\/\/serveiseducatius.xtec.cat\/vallesoccidental\/wp-content\/uploads\/usu2531\/2026\/03\/24-25-300x100.jpeg 300w, https:\/\/serveiseducatius.xtec.cat\/vallesoccidental\/wp-content\/uploads\/usu2531\/2026\/03\/24-25-768x256.jpeg 768w\" sizes=\"auto, (max-width: 1024px) 100vw, 1024px\" \/><\/a><\/figure><div class=\"wp-block-media-text__content\">\n<p class=\"has-text-align-left\">Curs 2024\/2025: <strong>La metacognici\u00f3 o reflexi\u00f3 sobre el propi proc\u00e9s d\u2019aprenentatge<\/strong> amb l&#8217;acompanyament  de  Fernando Hern\u00e1ndez-Hern\u00e1ndez<\/p>\n\n\n\n<p class=\"has-text-align-left\"><a href=\"https:\/\/serveiseducatius.xtec.cat\/vallesoccidental\/xieb-24-25\/\" target=\"_blank\" rel=\"noreferrer noopener\">Materials de consulta <br><\/a><\/p>\n<\/div><\/div>\n\n\n\n<div style=\"height:50px\" aria-hidden=\"true\" class=\"wp-block-spacer\"><\/div>\n\n\n\n<p><strong>CENTRES PARTICIPANTS<\/strong><\/p>\n\n\n\n<div class=\"wp-block-columns is-layout-flex wp-container-core-columns-is-layout-1 wp-block-columns-is-layout-flex\">\n<div class=\"wp-block-column is-layout-flow wp-block-column-is-layout-flow\">\n<p><strong>Escoles (ESC)<\/strong><\/p>\n\n\n\n<ul class=\"wp-block-list\">\n<li>ESC 25 de Setembre (Rub\u00ed)<\/li>\n\n\n\n<li>ESC Abat Marcet (Terrassa)<\/li>\n\n\n\n<li>ESC Amadeu Vives (Sabadell)<\/li>\n\n\n\n<li>ESC Benviure (Castellbisbal)<\/li>\n\n\n\n<li>ESC Bernat de Mogoda (Santa Perp\u00e8tua de Mogoda)<\/li>\n\n\n\n<li>ESC Ca n\u2019Alzamora (Rub\u00ed)<\/li>\n\n\n\n<li>ESC Catalunya (Sabadell)<\/li>\n\n\n\n<li>ESC Collserola (Cerdanyola del Vall\u00e8s)<\/li>\n\n\n\n<li>ESC de Badia (Badia del Vall\u00e8s)<\/li>\n\n\n\n<li>ESC de Can Llong (Sabadell)<\/li>\n\n\n\n<li>ESC de la Vila (Poliny\u00e0)<\/li>\n\n\n\n<li>ESC del Bosc (Barber\u00e0 del Vall\u00e8s)<\/li>\n\n\n\n<li>ESC Emili Carles i Tolr\u00e0 (Castellar del Vall\u00e8s)<\/li>\n\n\n\n<li>ESC Enxaneta (Terrassa)<\/li>\n\n\n\n<li>ESC Espronceda (Sabadell)<\/li>\n\n\n\n<li>ESC Font de l\u2019Alba (Terrassa)<\/li>\n\n\n\n<li>ESC Font Freda (Montcada i Reixac)<\/li>\n\n\n\n<li>ESC Francesc Aldea i P\u00e9rez (Terrassa)<\/li>\n\n\n\n<li>ESC Gass\u00f3 i Vidal (Ripollet)<\/li>\n\n\n\n<li>ESC Gaud\u00ed (Sabadell)<\/li>\n\n\n\n<li>ESC Ginesta (Matadepera)<\/li>\n\n\n\n<li>ESC Joan Maragall (Rub\u00ed)<\/li>\n\n\n\n<li>ESC Joan Montllor (Sabadell)<\/li>\n\n\n\n<li>ESC Joan Torredemer Canela (Matadepera)<\/li>\n\n\n\n<li>ESC Josep Gras (Sant Lloren\u00e7 Savall)<\/li>\n\n\n\n<li>ESC Josep Ventall\u00f3 i Vintr\u00f3 (Terrassa)<\/li>\n<\/ul>\n<\/div>\n\n\n\n<div class=\"wp-block-column is-layout-flow wp-block-column-is-layout-flow\">\n<p><strong>Escoles (ESC)<\/strong><\/p>\n\n\n\n<ul class=\"wp-block-list\">\n<li>ESC L\u2019Oreneta (Badia del Vall\u00e8s)<\/li>\n\n\n\n<li>ESC La Florida (Santa Perp\u00e8tua de Mogoda)<\/li>\n\n\n\n<li>ESC Les Arenes (Terrassa)<\/li>\n\n\n\n<li>ESC Les Fontetes (Cerdanyola del Vall\u00e8s)<\/li>\n\n\n\n<li>ESC Miquel Mart\u00ed i Pol (Sabadell)<\/li>\n\n\n\n<li>ESC Pau Casals (Rub\u00ed)<\/li>\n\n\n\n<li>ESC Ram\u00f3n y Cajal (Terrassa)<\/li>\n\n\n\n<li>ESC Reixac (Montcada i Reixac)<\/li>\n\n\n\n<li>ESC Rosella (Viladecavalls)<\/li>\n\n\n\n<li>ESC Roser Capdevila (Terrassa)<\/li>\n\n\n\n<li>ESC Sant Mart\u00ed (Cerdanyola del Vall\u00e8s)<\/li>\n\n\n\n<li>ESC Santa Perp\u00e8tua (Santa Perp\u00e8tua de Mogoda)<\/li>\n\n\n\n<li>ESC Santiga (Santa Perp\u00e8tua de Mogoda)<\/li>\n\n\n\n<li>ESC Taula Rodona (Sant Quirze del Vall\u00e8s)<\/li>\n\n\n\n<li>ESC Torre de la Llebre (Rub\u00ed)<\/li>\n\n\n\n<li>ESC Torreguitart (Sabadell)<\/li>\n\n\n\n<li>ESC Tur\u00f3 de Can Mates (Sant Cugat del Vall\u00e8s)<\/li>\n<\/ul>\n\n\n\n<p><strong>Instituts Escola (I-E)<\/strong><\/p>\n\n\n\n<ul class=\"wp-block-list\">\n<li>I-E Can Llobet (Barber\u00e0 del Vall\u00e8s)<\/li>\n\n\n\n<li>I-E Feixes (Terrassa)<\/li>\n\n\n\n<li>I-E Mas Rampinyo (Montcada i Reixac)<\/li>\n\n\n\n<li>I-E Onze de Setembre (Sant Quirze del Vall\u00e8s)<\/li>\n\n\n\n<li>I-E Sala i Badrinas (Terrassa)<\/li>\n\n\n\n<li>I-E Teresa Altet (Rub\u00ed)<\/li>\n\n\n\n<li>I-E Viver (Montcada i Reixac)<br><\/li>\n<\/ul>\n<\/div>\n\n\n\n<div class=\"wp-block-column is-layout-flow wp-block-column-is-layout-flow\">\n<p><strong>Instituts (INS)<\/strong><\/p>\n\n\n\n<ul class=\"wp-block-list\">\n<li>INS Ban\u00fas (Cerdanyola del Vall\u00e8s)<\/li>\n\n\n\n<li>INS Bit\u00e0cola (Barber\u00e0 del Vall\u00e8s)<\/li>\n\n\n\n<li>INS Can Planas (Barber\u00e0 del Vall\u00e8s)<\/li>\n\n\n\n<li>INS Can Roca (Terrassa)<\/li>\n\n\n\n<li>INS de Sabadell (Sabadell)<\/li>\n\n\n\n<li>INS de Sentmenat (Sentmenat)<\/li>\n\n\n\n<li>INS Estela Ib\u00e8rica (Santa Perp\u00e8tua de Mogoda)<\/li>\n\n\n\n<li>INS Federica Montseny (Badia del Vall\u00e8s)<\/li>\n\n\n\n<li>INS J.V. Foix (Rub\u00ed)<\/li>\n\n\n\n<li>INS Jonqueres (Sabadell)<\/li>\n\n\n\n<li>INS L\u2019Estatut (Rub\u00ed)<\/li>\n\n\n\n<li>INS La Serra (Sabadell)<\/li>\n\n\n\n<li>INS Les Termes (Sabadell)<\/li>\n\n\n\n<li>INS Montserrat Mir\u00f3 i Vila (Montcada i Reixac)<\/li>\n\n\n\n<li>INS Ramon Casas i Carb\u00f3 (Palau-solit\u00e0 i Plegamans)<\/li>\n<\/ul>\n<\/div>\n<\/div>\n\n\n\n<p><strong>GRUP MOTOR<\/strong><\/p>\n\n\n\n<ul class=\"wp-block-list\">\n<li>Inspecci\u00f3 Educativa<\/li>\n\n\n\n<li>Equip de Dinamitzadores d&#8217;Educaci\u00f3 Inclusiva (DEI)<\/li>\n\n\n\n<li>Institut de Ci\u00e8ncies de l&#8217;Educaci\u00f3 de la UAB (ICE)<\/li>\n\n\n\n<li>Equips CRP del Vall\u00e8s Occidental <\/li>\n<\/ul>\n\n\n\n<p><\/p>\n","protected":false},"excerpt":{"rendered":"<p>OBJECTIUS DE LA XARXA Facilitar que els centres participants puguin incorporar bones pr\u00e0ctiques que es puguin aplicar a l\u2019aula i [&hellip;]<\/p>\n","protected":false},"author":19,"featured_media":0,"parent":0,"menu_order":0,"comment_status":"closed","ping_status":"close","template":"","meta":{"_bbp_topic_count":0,"_bbp_reply_count":0,"_bbp_total_topic_count":0,"_bbp_total_reply_count":0,"_bbp_voice_count":0,"_bbp_anonymous_reply_count":0,"_bbp_topic_count_hidden":0,"_bbp_reply_count_hidden":0,"_bbp_forum_subforum_count":0,"site-sidebar-layout":"default","site-content-layout":"","ast-site-content-layout":"default","site-content-style":"default","site-sidebar-style":"default","ast-global-header-display":"","ast-banner-title-visibility":"","ast-main-header-display":"","ast-hfb-above-header-display":"","ast-hfb-below-header-display":"","ast-hfb-mobile-header-display":"","site-post-title":"","ast-breadcrumbs-content":"","ast-featured-img":"","footer-sml-layout":"","theme-transparent-header-meta":"","adv-header-id-meta":"","stick-header-meta":"","header-above-stick-meta":"","header-main-stick-meta":"","header-below-stick-meta":"","astra-migrate-meta-layouts":"set","ast-page-background-enabled":"default","ast-page-background-meta":{"desktop":{"background-color":"var(--ast-global-color-4)","background-image":"","background-repeat":"repeat","background-position":"center center","background-size":"auto","background-attachment":"scroll","background-type":"","background-media":"","overlay-type":"","overlay-color":"","overlay-opacity":"","overlay-gradient":""},"tablet":{"background-color":"","background-image":"","background-repeat":"repeat","background-position":"center center","background-size":"auto","background-attachment":"scroll","background-type":"","background-media":"","overlay-type":"","overlay-color":"","overlay-opacity":"","overlay-gradient":""},"mobile":{"background-color":"","background-image":"","background-repeat":"repeat","background-position":"center center","background-size":"auto","background-attachment":"scroll","background-type":"","background-media":"","overlay-type":"","overlay-color":"","overlay-opacity":"","overlay-gradient":""}},"ast-content-background-meta":{"desktop":{"background-color":"var(--ast-global-color-5)","background-image":"","background-repeat":"repeat","background-position":"center center","background-size":"auto","background-attachment":"scroll","background-type":"","background-media":"","overlay-type":"","overlay-color":"","overlay-opacity":"","overlay-gradient":""},"tablet":{"background-color":"var(--ast-global-color-5)","background-image":"","background-repeat":"repeat","background-position":"center center","background-size":"auto","background-attachment":"scroll","background-type":"","background-media":"","overlay-type":"","overlay-color":"","overlay-opacity":"","overlay-gradient":""},"mobile":{"background-color":"var(--ast-global-color-5)","background-image":"","background-repeat":"repeat","background-position":"center center","background-size":"auto","background-attachment":"scroll","background-type":"","background-media":"","overlay-type":"","overlay-color":"","overlay-opacity":"","overlay-gradient":""}},"footnotes":""},"class_list":["post-10333","page","type-page","status-publish","hentry"],"post_mailing_queue_ids":[],"_links":{"self":[{"href":"https:\/\/serveiseducatius.xtec.cat\/vallesoccidental\/wp-json\/wp\/v2\/pages\/10333","targetHints":{"allow":["GET"]}}],"collection":[{"href":"https:\/\/serveiseducatius.xtec.cat\/vallesoccidental\/wp-json\/wp\/v2\/pages"}],"about":[{"href":"https:\/\/serveiseducatius.xtec.cat\/vallesoccidental\/wp-json\/wp\/v2\/types\/page"}],"author":[{"embeddable":true,"href":"https:\/\/serveiseducatius.xtec.cat\/vallesoccidental\/wp-json\/wp\/v2\/users\/19"}],"replies":[{"embeddable":true,"href":"https:\/\/serveiseducatius.xtec.cat\/vallesoccidental\/wp-json\/wp\/v2\/comments?post=10333"}],"version-history":[{"count":5,"href":"https:\/\/serveiseducatius.xtec.cat\/vallesoccidental\/wp-json\/wp\/v2\/pages\/10333\/revisions"}],"predecessor-version":[{"id":10681,"href":"https:\/\/serveiseducatius.xtec.cat\/vallesoccidental\/wp-json\/wp\/v2\/pages\/10333\/revisions\/10681"}],"wp:attachment":[{"href":"https:\/\/serveiseducatius.xtec.cat\/vallesoccidental\/wp-json\/wp\/v2\/media?parent=10333"}],"curies":[{"name":"wp","href":"https:\/\/api.w.org\/{rel}","templated":true}]}}