{"id":10278,"date":"2026-04-21T12:15:35","date_gmt":"2026-04-21T10:15:35","guid":{"rendered":"https:\/\/serveiseducatius.xtec.cat\/vallesoccidental\/?page_id=10278"},"modified":"2026-04-21T12:21:39","modified_gmt":"2026-04-21T10:21:39","slug":"xarxes-territorials","status":"publish","type":"page","link":"https:\/\/serveiseducatius.xtec.cat\/vallesoccidental\/xarxes-territorials\/","title":{"rendered":"Xarxes Territorials"},"content":{"rendered":"\n<p>Les xarxes s\u00f3n espais de trobada, de comunicaci\u00f3, d\u2019interacci\u00f3, d\u2019intercanvi i de reflexi\u00f3 entre iguals que comparteixen uns mateixos objectius. Alhora, permet generar un entramat de vincles i connexions entre professionals orientades a la millora dels centres.<\/p>\n\n\n\n<p>El treball en xarxa implica l\u2019obertura dels centres en una doble direcci\u00f3, des de dins cap a fora amb la voluntat de compartir neguits i experi\u00e8ncies i, al mateix temps, de fora cap a dins,&nbsp; amb la predisposici\u00f3 a rebre altres mirades que poden il\u00b7luminar amb noves perspectives el que est\u00e0 vivint el centre.<\/p>\n\n\n\n<p>Est\u00e0 demostrat que el treball de la xarxa incideix de manera efectiva i positiva en els centres si els seus professionals s\u2019hi impliquen i participen de manera activa. La recerca educativa tamb\u00e9 posa en evid\u00e8ncia que el treball en xarxa impulsa els canvis i \u00e9s el motor de les&nbsp; transformacions que fan avan\u00e7ar en qualitat i equitat&nbsp; els centres i el sistema educatiu.<\/p>\n\n\n\n<p><strong>Les Xarxes al Vall\u00e8s Occidental s\u00f3n:<\/strong><\/p>\n\n\n\n<div class=\"wp-block-columns is-layout-flex wp-container-core-columns-is-layout-1 wp-block-columns-is-layout-flex\">\n<div class=\"wp-block-column is-layout-flow wp-block-column-is-layout-flow\">\n<figure class=\"wp-block-image size-full\"><a href=\"https:\/\/serveiseducatius.xtec.cat\/vallesoccidental\/xieb\/\" target=\"_blank\" rel=\"XIEB noreferrer noopener\"><img loading=\"lazy\" decoding=\"async\" width=\"1500\" height=\"500\" src=\"https:\/\/serveiseducatius.xtec.cat\/vallesoccidental\/wp-content\/uploads\/usu2531\/2026\/03\/xieb-1.png\" alt=\"\" class=\"wp-image-10572\" srcset=\"https:\/\/serveiseducatius.xtec.cat\/vallesoccidental\/wp-content\/uploads\/usu2531\/2026\/03\/xieb-1.png 1500w, https:\/\/serveiseducatius.xtec.cat\/vallesoccidental\/wp-content\/uploads\/usu2531\/2026\/03\/xieb-1-300x100.png 300w, https:\/\/serveiseducatius.xtec.cat\/vallesoccidental\/wp-content\/uploads\/usu2531\/2026\/03\/xieb-1-1024x341.png 1024w, https:\/\/serveiseducatius.xtec.cat\/vallesoccidental\/wp-content\/uploads\/usu2531\/2026\/03\/xieb-1-768x256.png 768w\" sizes=\"auto, (max-width: 1500px) 100vw, 1500px\" \/><\/a><\/figure>\n<\/div>\n\n\n\n<div class=\"wp-block-column is-vertically-aligned-top is-layout-flow wp-block-column-is-layout-flow\">\n<figure class=\"wp-block-image size-full\"><a href=\"https:\/\/sites.google.com\/view\/xinesc\/inici\"><img loading=\"lazy\" decoding=\"async\" width=\"1500\" height=\"500\" src=\"https:\/\/serveiseducatius.xtec.cat\/vallesoccidental\/wp-content\/uploads\/usu2531\/2026\/03\/5.png\" alt=\"\" class=\"wp-image-10573\" srcset=\"https:\/\/serveiseducatius.xtec.cat\/vallesoccidental\/wp-content\/uploads\/usu2531\/2026\/03\/5.png 1500w, https:\/\/serveiseducatius.xtec.cat\/vallesoccidental\/wp-content\/uploads\/usu2531\/2026\/03\/5-300x100.png 300w, https:\/\/serveiseducatius.xtec.cat\/vallesoccidental\/wp-content\/uploads\/usu2531\/2026\/03\/5-1024x341.png 1024w, https:\/\/serveiseducatius.xtec.cat\/vallesoccidental\/wp-content\/uploads\/usu2531\/2026\/03\/5-768x256.png 768w\" sizes=\"auto, (max-width: 1500px) 100vw, 1500px\" \/><\/a><\/figure>\n<\/div>\n\n\n\n<div class=\"wp-block-column is-layout-flow wp-block-column-is-layout-flow\">\n<figure class=\"wp-block-image aligncenter size-full\"><a href=\"https:\/\/sites.google.com\/xtec.cat\/xelv\/inici\"><img loading=\"lazy\" decoding=\"async\" width=\"1500\" height=\"500\" src=\"https:\/\/serveiseducatius.xtec.cat\/vallesoccidental\/wp-content\/uploads\/usu2531\/2026\/03\/7.png\" alt=\"\" class=\"wp-image-10574\" srcset=\"https:\/\/serveiseducatius.xtec.cat\/vallesoccidental\/wp-content\/uploads\/usu2531\/2026\/03\/7.png 1500w, https:\/\/serveiseducatius.xtec.cat\/vallesoccidental\/wp-content\/uploads\/usu2531\/2026\/03\/7-300x100.png 300w, https:\/\/serveiseducatius.xtec.cat\/vallesoccidental\/wp-content\/uploads\/usu2531\/2026\/03\/7-1024x341.png 1024w, https:\/\/serveiseducatius.xtec.cat\/vallesoccidental\/wp-content\/uploads\/usu2531\/2026\/03\/7-768x256.png 768w\" sizes=\"auto, (max-width: 1500px) 100vw, 1500px\" \/><\/a><\/figure>\n<\/div>\n\n\n\n<div class=\"wp-block-column is-layout-flow wp-block-column-is-layout-flow\">\n<figure class=\"wp-block-image aligncenter size-full\"><a href=\"https:\/\/sites.google.com\/xtec.cat\/acde-valles-occidental\/xarxes-acde\"><img loading=\"lazy\" decoding=\"async\" width=\"1500\" height=\"500\" src=\"https:\/\/serveiseducatius.xtec.cat\/vallesoccidental\/wp-content\/uploads\/usu2531\/2026\/03\/6.png\" alt=\"\" class=\"wp-image-10577\" srcset=\"https:\/\/serveiseducatius.xtec.cat\/vallesoccidental\/wp-content\/uploads\/usu2531\/2026\/03\/6.png 1500w, https:\/\/serveiseducatius.xtec.cat\/vallesoccidental\/wp-content\/uploads\/usu2531\/2026\/03\/6-300x100.png 300w, https:\/\/serveiseducatius.xtec.cat\/vallesoccidental\/wp-content\/uploads\/usu2531\/2026\/03\/6-1024x341.png 1024w, https:\/\/serveiseducatius.xtec.cat\/vallesoccidental\/wp-content\/uploads\/usu2531\/2026\/03\/6-768x256.png 768w\" sizes=\"auto, (max-width: 1500px) 100vw, 1500px\" \/><\/a><\/figure>\n<\/div>\n\n\n\n<div class=\"wp-block-column is-layout-flow wp-block-column-is-layout-flow\">\n<figure class=\"wp-block-image size-full\"><a href=\"https:\/\/serveiseducatius.xtec.cat\/vallesoccidental\/wp-content\/uploads\/usu2531\/2026\/03\/11.png\"><img loading=\"lazy\" decoding=\"async\" width=\"1500\" height=\"500\" src=\"https:\/\/serveiseducatius.xtec.cat\/vallesoccidental\/wp-content\/uploads\/usu2531\/2026\/03\/11.png\" alt=\"\" class=\"wp-image-10576\" srcset=\"https:\/\/serveiseducatius.xtec.cat\/vallesoccidental\/wp-content\/uploads\/usu2531\/2026\/03\/11.png 1500w, https:\/\/serveiseducatius.xtec.cat\/vallesoccidental\/wp-content\/uploads\/usu2531\/2026\/03\/11-300x100.png 300w, https:\/\/serveiseducatius.xtec.cat\/vallesoccidental\/wp-content\/uploads\/usu2531\/2026\/03\/11-1024x341.png 1024w, https:\/\/serveiseducatius.xtec.cat\/vallesoccidental\/wp-content\/uploads\/usu2531\/2026\/03\/11-768x256.png 768w\" sizes=\"auto, (max-width: 1500px) 100vw, 1500px\" \/><\/a><\/figure>\n<\/div>\n<\/div>\n\n\n\n<p><strong>Altres xarxes<\/strong><\/p>\n\n\n\n<div class=\"wp-block-columns is-layout-flex wp-container-core-columns-is-layout-2 wp-block-columns-is-layout-flex\">\n<div class=\"wp-block-column is-layout-flow wp-block-column-is-layout-flow\">\n<figure class=\"wp-block-image aligncenter size-full\"><a href=\"https:\/\/projectes.xtec.cat\/xarxacb\/\"><img loading=\"lazy\" decoding=\"async\" width=\"1500\" height=\"500\" src=\"https:\/\/serveiseducatius.xtec.cat\/vallesoccidental\/wp-content\/uploads\/usu2531\/2026\/03\/10-1.png\" alt=\"\" class=\"wp-image-10579\" srcset=\"https:\/\/serveiseducatius.xtec.cat\/vallesoccidental\/wp-content\/uploads\/usu2531\/2026\/03\/10-1.png 1500w, https:\/\/serveiseducatius.xtec.cat\/vallesoccidental\/wp-content\/uploads\/usu2531\/2026\/03\/10-1-300x100.png 300w, https:\/\/serveiseducatius.xtec.cat\/vallesoccidental\/wp-content\/uploads\/usu2531\/2026\/03\/10-1-1024x341.png 1024w, https:\/\/serveiseducatius.xtec.cat\/vallesoccidental\/wp-content\/uploads\/usu2531\/2026\/03\/10-1-768x256.png 768w\" sizes=\"auto, (max-width: 1500px) 100vw, 1500px\" \/><\/a><\/figure>\n<\/div>\n\n\n\n<div class=\"wp-block-column is-layout-flow wp-block-column-is-layout-flow\">\n<figure class=\"wp-block-image aligncenter size-full\"><a href=\"https:\/\/xtec.gencat.cat\/ca\/formacio\/formaciogeneralprofessorat\/llengues\/competencia-lectora\/xarxa-de-competencia-lectora\/\"><img loading=\"lazy\" decoding=\"async\" width=\"1500\" height=\"500\" src=\"https:\/\/serveiseducatius.xtec.cat\/vallesoccidental\/wp-content\/uploads\/usu2531\/2026\/03\/9.png\" alt=\"\" class=\"wp-image-10580\" srcset=\"https:\/\/serveiseducatius.xtec.cat\/vallesoccidental\/wp-content\/uploads\/usu2531\/2026\/03\/9.png 1500w, https:\/\/serveiseducatius.xtec.cat\/vallesoccidental\/wp-content\/uploads\/usu2531\/2026\/03\/9-300x100.png 300w, https:\/\/serveiseducatius.xtec.cat\/vallesoccidental\/wp-content\/uploads\/usu2531\/2026\/03\/9-1024x341.png 1024w, https:\/\/serveiseducatius.xtec.cat\/vallesoccidental\/wp-content\/uploads\/usu2531\/2026\/03\/9-768x256.png 768w\" sizes=\"auto, (max-width: 1500px) 100vw, 1500px\" \/><\/a><\/figure>\n<\/div>\n\n\n\n<div class=\"wp-block-column is-layout-flow wp-block-column-is-layout-flow\">\n<figure class=\"wp-block-image aligncenter size-full\"><a href=\"https:\/\/projectes.xtec.cat\/laboratori-millora-educativa\/xarxes-territorials-de-millora-educativa\/\"><img loading=\"lazy\" decoding=\"async\" width=\"1500\" height=\"500\" src=\"https:\/\/serveiseducatius.xtec.cat\/vallesoccidental\/wp-content\/uploads\/usu2531\/2026\/03\/8.png\" alt=\"\" class=\"wp-image-10581\" srcset=\"https:\/\/serveiseducatius.xtec.cat\/vallesoccidental\/wp-content\/uploads\/usu2531\/2026\/03\/8.png 1500w, https:\/\/serveiseducatius.xtec.cat\/vallesoccidental\/wp-content\/uploads\/usu2531\/2026\/03\/8-300x100.png 300w, https:\/\/serveiseducatius.xtec.cat\/vallesoccidental\/wp-content\/uploads\/usu2531\/2026\/03\/8-1024x341.png 1024w, https:\/\/serveiseducatius.xtec.cat\/vallesoccidental\/wp-content\/uploads\/usu2531\/2026\/03\/8-768x256.png 768w\" sizes=\"auto, (max-width: 1500px) 100vw, 1500px\" \/><\/a><\/figure>\n<\/div>\n\n\n\n<div class=\"wp-block-column is-layout-flow wp-block-column-is-layout-flow\">\n<figure class=\"wp-block-image size-full\"><a href=\"https:\/\/sites.google.com\/xtec.cat\/xarxa-xiep\/inici\"><img loading=\"lazy\" decoding=\"async\" width=\"1500\" height=\"500\" src=\"https:\/\/serveiseducatius.xtec.cat\/vallesoccidental\/wp-content\/uploads\/usu2531\/2026\/03\/4.png\" alt=\"\" class=\"wp-image-10582\" srcset=\"https:\/\/serveiseducatius.xtec.cat\/vallesoccidental\/wp-content\/uploads\/usu2531\/2026\/03\/4.png 1500w, https:\/\/serveiseducatius.xtec.cat\/vallesoccidental\/wp-content\/uploads\/usu2531\/2026\/03\/4-300x100.png 300w, https:\/\/serveiseducatius.xtec.cat\/vallesoccidental\/wp-content\/uploads\/usu2531\/2026\/03\/4-1024x341.png 1024w, https:\/\/serveiseducatius.xtec.cat\/vallesoccidental\/wp-content\/uploads\/usu2531\/2026\/03\/4-768x256.png 768w\" sizes=\"auto, (max-width: 1500px) 100vw, 1500px\" \/><\/a><\/figure>\n<\/div>\n\n\n\n<div class=\"wp-block-column is-layout-flow wp-block-column-is-layout-flow\">\n<figure class=\"wp-block-image size-full\"><a href=\"https:\/\/sites.google.com\/xtec.cat\/acde-valles-occidental\/xies#h.p_R_8b0DHj6SkL\"><img loading=\"lazy\" decoding=\"async\" width=\"1500\" height=\"500\" src=\"https:\/\/serveiseducatius.xtec.cat\/vallesoccidental\/wp-content\/uploads\/usu2531\/2026\/03\/3.png\" alt=\"\" class=\"wp-image-10583\" srcset=\"https:\/\/serveiseducatius.xtec.cat\/vallesoccidental\/wp-content\/uploads\/usu2531\/2026\/03\/3.png 1500w, https:\/\/serveiseducatius.xtec.cat\/vallesoccidental\/wp-content\/uploads\/usu2531\/2026\/03\/3-300x100.png 300w, https:\/\/serveiseducatius.xtec.cat\/vallesoccidental\/wp-content\/uploads\/usu2531\/2026\/03\/3-1024x341.png 1024w, https:\/\/serveiseducatius.xtec.cat\/vallesoccidental\/wp-content\/uploads\/usu2531\/2026\/03\/3-768x256.png 768w\" sizes=\"auto, (max-width: 1500px) 100vw, 1500px\" \/><\/a><\/figure>\n<\/div>\n<\/div>\n\n\n\n<p><\/p>\n","protected":false},"excerpt":{"rendered":"<p>Les xarxes s\u00f3n espais de trobada, de comunicaci\u00f3, d\u2019interacci\u00f3, d\u2019intercanvi i de reflexi\u00f3 entre iguals que comparteixen uns mateixos objectius. [&hellip;]<\/p>\n","protected":false},"author":1,"featured_media":0,"parent":0,"menu_order":0,"comment_status":"closed","ping_status":"close","template":"","meta":{"_bbp_topic_count":0,"_bbp_reply_count":0,"_bbp_total_topic_count":0,"_bbp_total_reply_count":0,"_bbp_voice_count":0,"_bbp_anonymous_reply_count":0,"_bbp_topic_count_hidden":0,"_bbp_reply_count_hidden":0,"_bbp_forum_subforum_count":0,"site-sidebar-layout":"default","site-content-layout":"","ast-site-content-layout":"default","site-content-style":"default","site-sidebar-style":"default","ast-global-header-display":"","ast-banner-title-visibility":"","ast-main-header-display":"","ast-hfb-above-header-display":"","ast-hfb-below-header-display":"","ast-hfb-mobile-header-display":"","site-post-title":"","ast-breadcrumbs-content":"","ast-featured-img":"","footer-sml-layout":"","theme-transparent-header-meta":"","adv-header-id-meta":"","stick-header-meta":"","header-above-stick-meta":"","header-main-stick-meta":"","header-below-stick-meta":"","astra-migrate-meta-layouts":"set","ast-page-background-enabled":"default","ast-page-background-meta":{"desktop":{"background-color":"var(--ast-global-color-4)","background-image":"","background-repeat":"repeat","background-position":"center center","background-size":"auto","background-attachment":"scroll","background-type":"","background-media":"","overlay-type":"","overlay-color":"","overlay-opacity":"","overlay-gradient":""},"tablet":{"background-color":"","background-image":"","background-repeat":"repeat","background-position":"center center","background-size":"auto","background-attachment":"scroll","background-type":"","background-media":"","overlay-type":"","overlay-color":"","overlay-opacity":"","overlay-gradient":""},"mobile":{"background-color":"","background-image":"","background-repeat":"repeat","background-position":"center center","background-size":"auto","background-attachment":"scroll","background-type":"","background-media":"","overlay-type":"","overlay-color":"","overlay-opacity":"","overlay-gradient":""}},"ast-content-background-meta":{"desktop":{"background-color":"var(--ast-global-color-5)","background-image":"","background-repeat":"repeat","background-position":"center center","background-size":"auto","background-attachment":"scroll","background-type":"","background-media":"","overlay-type":"","overlay-color":"","overlay-opacity":"","overlay-gradient":""},"tablet":{"background-color":"var(--ast-global-color-5)","background-image":"","background-repeat":"repeat","background-position":"center center","background-size":"auto","background-attachment":"scroll","background-type":"","background-media":"","overlay-type":"","overlay-color":"","overlay-opacity":"","overlay-gradient":""},"mobile":{"background-color":"var(--ast-global-color-5)","background-image":"","background-repeat":"repeat","background-position":"center center","background-size":"auto","background-attachment":"scroll","background-type":"","background-media":"","overlay-type":"","overlay-color":"","overlay-opacity":"","overlay-gradient":""}},"footnotes":""},"class_list":["post-10278","page","type-page","status-publish","hentry"],"post_mailing_queue_ids":[],"_links":{"self":[{"href":"https:\/\/serveiseducatius.xtec.cat\/vallesoccidental\/wp-json\/wp\/v2\/pages\/10278","targetHints":{"allow":["GET"]}}],"collection":[{"href":"https:\/\/serveiseducatius.xtec.cat\/vallesoccidental\/wp-json\/wp\/v2\/pages"}],"about":[{"href":"https:\/\/serveiseducatius.xtec.cat\/vallesoccidental\/wp-json\/wp\/v2\/types\/page"}],"author":[{"embeddable":true,"href":"https:\/\/serveiseducatius.xtec.cat\/vallesoccidental\/wp-json\/wp\/v2\/users\/1"}],"replies":[{"embeddable":true,"href":"https:\/\/serveiseducatius.xtec.cat\/vallesoccidental\/wp-json\/wp\/v2\/comments?post=10278"}],"version-history":[{"count":7,"href":"https:\/\/serveiseducatius.xtec.cat\/vallesoccidental\/wp-json\/wp\/v2\/pages\/10278\/revisions"}],"predecessor-version":[{"id":10677,"href":"https:\/\/serveiseducatius.xtec.cat\/vallesoccidental\/wp-json\/wp\/v2\/pages\/10278\/revisions\/10677"}],"wp:attachment":[{"href":"https:\/\/serveiseducatius.xtec.cat\/vallesoccidental\/wp-json\/wp\/v2\/media?parent=10278"}],"curies":[{"name":"wp","href":"https:\/\/api.w.org\/{rel}","templated":true}]}}