{"id":608,"date":"2015-11-27T10:04:51","date_gmt":"2015-11-27T09:04:51","guid":{"rendered":"http:\/\/serveiseducatius.xtec.cat\/urgell\/?page_id=608"},"modified":"2025-09-30T15:03:55","modified_gmt":"2025-09-30T13:03:55","slug":"horari-i-calendari","status":"publish","type":"page","link":"https:\/\/serveiseducatius.xtec.cat\/urgell\/el-servei-educatiu\/horari-i-calendari\/","title":{"rendered":"Horari i calendari"},"content":{"rendered":"<h5>Horari d&#8217;atenci\u00f3 al p\u00fablic:<\/h5>\n<table style=\"border-collapse: collapse; width: 88.0157%;\">\n<tbody>\n<tr>\n<td style=\"width: 32.2909%; vertical-align: top;\">\n<h5><span style=\"font-size: 12pt;\">De dilluns a dijous:<\/span><\/h5>\n<ul>\n<li><span style=\"font-size: 12pt;\">Mat\u00ed: de <strong>9:00 a 14:00 h<\/strong><\/span><\/li>\n<li><span style=\"font-size: 12pt;\">Tarda: de <strong>15:00 a 17:30 h<\/strong><\/span><\/li>\n<\/ul>\n<\/td>\n<td style=\"width: 18.7165%; vertical-align: top;\">\n<h5><span style=\"font-size: 12pt;\">Divendres:<\/span><\/h5>\n<ul>\n<li><span style=\"font-size: 12pt;\">Mat\u00ed: de <strong>9:00 a 14:00 h<\/strong><\/span><\/li>\n<li><span style=\"font-size: 12pt;\">Tarda: amb cita pr\u00e8via<\/span><\/li>\n<\/ul>\n<\/td>\n<td style=\"width: 42.4901%; vertical-align: top;\">\n<h5><span style=\"font-size: 12pt;\">Horari intensiu, de dilluns a divendres:<\/span><\/h5>\n<ul>\n<li><span style=\"font-size: 12pt;\">Mat\u00ed: de <strong>9:00 a 14:00 h<\/strong><\/span><\/li>\n<\/ul>\n<ul>\n<li><span style=\"font-size: 12pt;\">1 al 5 de setembre<\/span><\/li>\n<li><span style=\"font-size: 12pt;\">19 de desembre<\/span><\/li>\n<li><span style=\"font-size: 12pt;\">8 de juny al 15 de juliol<\/span><\/li>\n<\/ul>\n<\/td>\n<\/tr>\n<\/tbody>\n<\/table>\n<p>El nostre servei educatiu estar\u00e0 tancat al p\u00fablic, a part dels per\u00edodes de vacances escolars i dels dies de festes laborals oficials a Catalunya, els seg\u00fcents dies de festa local i de lliure disposici\u00f3, acordats pel Consell Escolar Municipal de l&#8217;Urgell:<\/p>\n<ul>\n<li>12 de setembre de 2025 (festa local)<\/li>\n<li>31 d&#8217;octubre de 2025 (festa de lliure disposici\u00f3)<\/li>\n<li>5 de desembre de 2025 (festa de lliure disposici\u00f3)<\/li>\n<li>16 de febrer de 2026 (festa de lliure disposici\u00f3)<\/li>\n<li>14 de maig de 2026 (festa local)<\/li>\n<li>15 de maig de 2026 (festa de lliure disposici\u00f3)<\/li>\n<\/ul>\n","protected":false},"excerpt":{"rendered":"<p>Horari d&#8217;atenci\u00f3 al p\u00fablic: De dilluns a dijous: Mat\u00ed: de 9:00 a 14:00 h Tarda: de 15:00 a 17:30 h Divendres: Mat\u00ed: de 9:00 a 14:00 h Tarda: amb cita pr\u00e8via Horari intensiu, de dilluns a divendres: Mat\u00ed: de 9:00 a 14:00 h 1 al 5 de setembre 19 de desembre 8 de juny al [&hellip;]<\/p>\n","protected":false},"author":6,"featured_media":0,"parent":806,"menu_order":30,"comment_status":"closed","ping_status":"closed","template":"","meta":{"_bbp_topic_count":0,"_bbp_reply_count":0,"_bbp_total_topic_count":0,"_bbp_total_reply_count":0,"_bbp_voice_count":0,"_bbp_anonymous_reply_count":0,"_bbp_topic_count_hidden":0,"_bbp_reply_count_hidden":0,"_bbp_forum_subforum_count":0,"site-sidebar-layout":"default","site-content-layout":"","ast-site-content-layout":"default","site-content-style":"default","site-sidebar-style":"default","ast-global-header-display":"","ast-banner-title-visibility":"","ast-main-header-display":"","ast-hfb-above-header-display":"","ast-hfb-below-header-display":"","ast-hfb-mobile-header-display":"","site-post-title":"","ast-breadcrumbs-content":"","ast-featured-img":"","footer-sml-layout":"","theme-transparent-header-meta":"","adv-header-id-meta":"","stick-header-meta":"","header-above-stick-meta":"","header-main-stick-meta":"","header-below-stick-meta":"","astra-migrate-meta-layouts":"set","ast-page-background-enabled":"default","ast-page-background-meta":{"desktop":{"background-color":"var(--ast-global-color-4)","background-image":"","background-repeat":"repeat","background-position":"center center","background-size":"auto","background-attachment":"scroll","background-type":"","background-media":"","overlay-type":"","overlay-color":"","overlay-opacity":"","overlay-gradient":""},"tablet":{"background-color":"","background-image":"","background-repeat":"repeat","background-position":"center center","background-size":"auto","background-attachment":"scroll","background-type":"","background-media":"","overlay-type":"","overlay-color":"","overlay-opacity":"","overlay-gradient":""},"mobile":{"background-color":"","background-image":"","background-repeat":"repeat","background-position":"center center","background-size":"auto","background-attachment":"scroll","background-type":"","background-media":"","overlay-type":"","overlay-color":"","overlay-opacity":"","overlay-gradient":""}},"ast-content-background-meta":{"desktop":{"background-color":"var(--ast-global-color-5)","background-image":"","background-repeat":"repeat","background-position":"center center","background-size":"auto","background-attachment":"scroll","background-type":"","background-media":"","overlay-type":"","overlay-color":"","overlay-opacity":"","overlay-gradient":""},"tablet":{"background-color":"var(--ast-global-color-5)","background-image":"","background-repeat":"repeat","background-position":"center center","background-size":"auto","background-attachment":"scroll","background-type":"","background-media":"","overlay-type":"","overlay-color":"","overlay-opacity":"","overlay-gradient":""},"mobile":{"background-color":"var(--ast-global-color-5)","background-image":"","background-repeat":"repeat","background-position":"center center","background-size":"auto","background-attachment":"scroll","background-type":"","background-media":"","overlay-type":"","overlay-color":"","overlay-opacity":"","overlay-gradient":""}},"footnotes":""},"class_list":["post-608","page","type-page","status-publish","hentry"],"post_mailing_queue_ids":[],"_links":{"self":[{"href":"https:\/\/serveiseducatius.xtec.cat\/urgell\/wp-json\/wp\/v2\/pages\/608","targetHints":{"allow":["GET"]}}],"collection":[{"href":"https:\/\/serveiseducatius.xtec.cat\/urgell\/wp-json\/wp\/v2\/pages"}],"about":[{"href":"https:\/\/serveiseducatius.xtec.cat\/urgell\/wp-json\/wp\/v2\/types\/page"}],"author":[{"embeddable":true,"href":"https:\/\/serveiseducatius.xtec.cat\/urgell\/wp-json\/wp\/v2\/users\/6"}],"replies":[{"embeddable":true,"href":"https:\/\/serveiseducatius.xtec.cat\/urgell\/wp-json\/wp\/v2\/comments?post=608"}],"version-history":[{"count":8,"href":"https:\/\/serveiseducatius.xtec.cat\/urgell\/wp-json\/wp\/v2\/pages\/608\/revisions"}],"predecessor-version":[{"id":24793,"href":"https:\/\/serveiseducatius.xtec.cat\/urgell\/wp-json\/wp\/v2\/pages\/608\/revisions\/24793"}],"up":[{"embeddable":true,"href":"https:\/\/serveiseducatius.xtec.cat\/urgell\/wp-json\/wp\/v2\/pages\/806"}],"wp:attachment":[{"href":"https:\/\/serveiseducatius.xtec.cat\/urgell\/wp-json\/wp\/v2\/media?parent=608"}],"curies":[{"name":"wp","href":"https:\/\/api.w.org\/{rel}","templated":true}]}}