{"id":434,"date":"2015-11-25T16:37:46","date_gmt":"2015-11-25T15:37:46","guid":{"rendered":"http:\/\/serveiseducatius.xtec.cat\/urgell\/?page_id=434"},"modified":"2025-09-29T12:59:48","modified_gmt":"2025-09-29T10:59:48","slug":"cercador-dactivitats-2","status":"publish","type":"page","link":"https:\/\/serveiseducatius.xtec.cat\/urgell\/formacio\/cercador-dactivitats-2\/","title":{"rendered":"Cercador d&#8217;activitats"},"content":{"rendered":"<p>Aqu\u00ed teniu l&#8217;enlla\u00e7 al cercador d&#8217;activitats <a href=\"https:\/\/xtec.gencat.cat\/ca\/formacio\/info-general\/cercador-activitats\/\" target=\"_blank\" rel=\"noopener\">xtec<\/a>.<\/p>\n<p>Per m\u00e9s informaci\u00f3 sobre la formaci\u00f3 del departament d&#8217;educaci\u00f3 aqu\u00ed teniu l&#8217;<a href=\"https:\/\/xtec.gencat.cat\/ca\/formacio\/\" target=\"_blank\" rel=\"noopener\">enlla\u00e7<\/a>.<\/p>\n\n\n<p><\/p>\n","protected":false},"excerpt":{"rendered":"<p>Aqu\u00ed teniu l&#8217;enlla\u00e7 al cercador d&#8217;activitats xtec. Per m\u00e9s informaci\u00f3 sobre la formaci\u00f3 del departament d&#8217;educaci\u00f3 aqu\u00ed teniu l&#8217;enlla\u00e7.<\/p>\n","protected":false},"author":1,"featured_media":0,"parent":416,"menu_order":15,"comment_status":"closed","ping_status":"closed","template":"","meta":{"_bbp_topic_count":0,"_bbp_reply_count":0,"_bbp_total_topic_count":0,"_bbp_total_reply_count":0,"_bbp_voice_count":0,"_bbp_anonymous_reply_count":0,"_bbp_topic_count_hidden":0,"_bbp_reply_count_hidden":0,"_bbp_forum_subforum_count":0,"site-sidebar-layout":"default","site-content-layout":"","ast-site-content-layout":"default","site-content-style":"default","site-sidebar-style":"default","ast-global-header-display":"","ast-banner-title-visibility":"","ast-main-header-display":"","ast-hfb-above-header-display":"","ast-hfb-below-header-display":"","ast-hfb-mobile-header-display":"","site-post-title":"","ast-breadcrumbs-content":"","ast-featured-img":"","footer-sml-layout":"","theme-transparent-header-meta":"","adv-header-id-meta":"","stick-header-meta":"","header-above-stick-meta":"","header-main-stick-meta":"","header-below-stick-meta":"","astra-migrate-meta-layouts":"set","ast-page-background-enabled":"default","ast-page-background-meta":{"desktop":{"background-color":"var(--ast-global-color-4)","background-image":"","background-repeat":"repeat","background-position":"center center","background-size":"auto","background-attachment":"scroll","background-type":"","background-media":"","overlay-type":"","overlay-color":"","overlay-opacity":"","overlay-gradient":""},"tablet":{"background-color":"","background-image":"","background-repeat":"repeat","background-position":"center center","background-size":"auto","background-attachment":"scroll","background-type":"","background-media":"","overlay-type":"","overlay-color":"","overlay-opacity":"","overlay-gradient":""},"mobile":{"background-color":"","background-image":"","background-repeat":"repeat","background-position":"center center","background-size":"auto","background-attachment":"scroll","background-type":"","background-media":"","overlay-type":"","overlay-color":"","overlay-opacity":"","overlay-gradient":""}},"ast-content-background-meta":{"desktop":{"background-color":"var(--ast-global-color-5)","background-image":"","background-repeat":"repeat","background-position":"center center","background-size":"auto","background-attachment":"scroll","background-type":"","background-media":"","overlay-type":"","overlay-color":"","overlay-opacity":"","overlay-gradient":""},"tablet":{"background-color":"var(--ast-global-color-5)","background-image":"","background-repeat":"repeat","background-position":"center center","background-size":"auto","background-attachment":"scroll","background-type":"","background-media":"","overlay-type":"","overlay-color":"","overlay-opacity":"","overlay-gradient":""},"mobile":{"background-color":"var(--ast-global-color-5)","background-image":"","background-repeat":"repeat","background-position":"center center","background-size":"auto","background-attachment":"scroll","background-type":"","background-media":"","overlay-type":"","overlay-color":"","overlay-opacity":"","overlay-gradient":""}},"footnotes":""},"class_list":["post-434","page","type-page","status-publish","hentry"],"post_mailing_queue_ids":[],"_links":{"self":[{"href":"https:\/\/serveiseducatius.xtec.cat\/urgell\/wp-json\/wp\/v2\/pages\/434","targetHints":{"allow":["GET"]}}],"collection":[{"href":"https:\/\/serveiseducatius.xtec.cat\/urgell\/wp-json\/wp\/v2\/pages"}],"about":[{"href":"https:\/\/serveiseducatius.xtec.cat\/urgell\/wp-json\/wp\/v2\/types\/page"}],"author":[{"embeddable":true,"href":"https:\/\/serveiseducatius.xtec.cat\/urgell\/wp-json\/wp\/v2\/users\/1"}],"replies":[{"embeddable":true,"href":"https:\/\/serveiseducatius.xtec.cat\/urgell\/wp-json\/wp\/v2\/comments?post=434"}],"version-history":[{"count":5,"href":"https:\/\/serveiseducatius.xtec.cat\/urgell\/wp-json\/wp\/v2\/pages\/434\/revisions"}],"predecessor-version":[{"id":24792,"href":"https:\/\/serveiseducatius.xtec.cat\/urgell\/wp-json\/wp\/v2\/pages\/434\/revisions\/24792"}],"up":[{"embeddable":true,"href":"https:\/\/serveiseducatius.xtec.cat\/urgell\/wp-json\/wp\/v2\/pages\/416"}],"wp:attachment":[{"href":"https:\/\/serveiseducatius.xtec.cat\/urgell\/wp-json\/wp\/v2\/media?parent=434"}],"curies":[{"name":"wp","href":"https:\/\/api.w.org\/{rel}","templated":true}]}}