{"id":416,"date":"2015-11-25T15:58:53","date_gmt":"2015-11-25T14:58:53","guid":{"rendered":"http:\/\/serveiseducatius.xtec.cat\/urgell\/?page_id=416"},"modified":"2025-09-26T12:32:46","modified_gmt":"2025-09-26T10:32:46","slug":"formacio","status":"publish","type":"page","link":"https:\/\/serveiseducatius.xtec.cat\/urgell\/formacio\/","title":{"rendered":"Formaci\u00f3"},"content":{"rendered":"<header class=\"entry-header \">\n<h1 class=\"entry-title\"><span style=\"font-size: 16px;\">Les modalitats de formaci\u00f3 en centre s\u00f3n:<\/span><\/h1>\n<\/header>\n<div class=\"entry-content clear\">\n<ol>\n<li><strong>Assessorament en centre<\/strong><\/li>\n<\/ol>\n<p>Modalitat formativa amb intervenci\u00f3 d\u2019un professional extern que s\u2019adre\u00e7a a la majoria del claustre o a un col\u00b7lectiu d\u2019un centre.<\/p>\n<ul>\n<li>Format presencial, semipresencial (s\u00edncron, mixt, o as\u00edncron), en l\u00ednia (s\u00edncron o mixt).<\/li>\n<li>T\u00e9 una durada no inferior a 20 hores, amb un m\u00ednim d\u20191\/3 i un m\u00e0xim de 1\/2 d\u2019hores de la durada total de la formaci\u00f3 d\u2019altres requisits.<\/li>\n<\/ul>\n<ol start=\"2\">\n<li><strong>Formaci\u00f3 interna de centre (FIC)<br \/>\n<\/strong><\/li>\n<\/ol>\n<p>Modalitat formativa que t\u00e9 lloc dins de cada centre educatiu, i s\u2019adre\u00e7a a la majoria del claustre o a un col\u00b7lectiu d\u2019un centre.<\/p>\n<ul>\n<li>\u00c9s liderat i dinamitzat per un equip de coordinaci\u00f3 format per un nombre variable de persones del centre en funci\u00f3 del nombre de persones assistents entre les quals almenys una \u00e9s de l\u2019equip directiu.<\/li>\n<li>Pot ser\u00a0 itinerari guiat o itinerari propi : El guiat t\u00e9 una durada de 45 hores (15 de les quals s\u00f3n d\u2019altres requisits). El propi t\u00e9 una durada de 30 hores (entre 5 i 10 d\u2019altres requisits).<\/li>\n<\/ul>\n<ol start=\"3\">\n<li><strong>Taller a centre<\/strong><\/li>\n<\/ol>\n<p>Modalitat formativa de car\u00e0cter concret i pr\u00e0ctic orientat a la millora d\u2019alguna compet\u00e8ncia professional del professorat.\u00a0S\u2019adre\u00e7a a la majoria del claustre o a un col\u00b7lectiu d\u2019un centre.<\/p>\n<ul>\n<li>Format presencial, semipresencial (s\u00edncron, mixt, o as\u00edncron), en l\u00ednia (s\u00edncron o mixt).<\/li>\n<li>Sense l\u00edmit m\u00e0xim ni m\u00ednim d\u2019hores de durada. Les hores de dedicaci\u00f3 a altres requisits s\u00f3n com a m\u00ednim 1\/3 i com a m\u00e0xim 2\/3 de la durada total de la formaci\u00f3.<\/li>\n<li>En general, el taller \u00e9s impartit per un professional expert que certificar\u00e0 com a formador\/a.\u00a0Pot ser una proposta de taller a c\u00e0rrec d\u2019un formador del propi de centre.<\/li>\n<\/ul>\n<p>4.\u00a0<strong>Visita\u00a0 formativa a centre<\/strong><\/p>\n<p>Modalitat\u00a0 formativa de car\u00e0cter concret i pr\u00e0ctic orientada a promoure un proc\u00e9s de reflexi\u00f3 sobre la pr\u00f2pia pr\u00e0ctica a partir de con\u00e8ixer i compartir experi\u00e8ncies d\u2019\u00e8xit o de bones pr\u00e0ctiques consolidades. S\u2019adre\u00e7a a professorat del claustre, assignat per la direcci\u00f3 del centre, per a realitzar l\u2019estada.<\/p>\n<ul>\n<li>Format presencial, semipresencial (s\u00edncron, mixt, o as\u00edncron), en l\u00ednia (s\u00edncron o mixt).<\/li>\n<li>T\u00e9 una durada m\u00ednima de 15 hores, amb dues terceres parts d\u2019activitat presencial i la resta, de treball col\u00b7lectiu al centre.<\/li>\n<\/ul>\n<\/div>\n","protected":false},"excerpt":{"rendered":"<p>Les modalitats de formaci\u00f3 en centre s\u00f3n: Assessorament en centre Modalitat formativa amb intervenci\u00f3 d\u2019un professional extern que s\u2019adre\u00e7a a la majoria del claustre o a un col\u00b7lectiu d\u2019un centre. Format presencial, semipresencial (s\u00edncron, mixt, o as\u00edncron), en l\u00ednia (s\u00edncron o mixt). T\u00e9 una durada no inferior a 20 hores, amb un m\u00ednim d\u20191\/3 i [&hellip;]<\/p>\n","protected":false},"author":1,"featured_media":0,"parent":0,"menu_order":0,"comment_status":"closed","ping_status":"closed","template":"","meta":{"_bbp_topic_count":0,"_bbp_reply_count":0,"_bbp_total_topic_count":0,"_bbp_total_reply_count":0,"_bbp_voice_count":0,"_bbp_anonymous_reply_count":0,"_bbp_topic_count_hidden":0,"_bbp_reply_count_hidden":0,"_bbp_forum_subforum_count":0,"site-sidebar-layout":"default","site-content-layout":"","ast-site-content-layout":"default","site-content-style":"default","site-sidebar-style":"default","ast-global-header-display":"","ast-banner-title-visibility":"","ast-main-header-display":"","ast-hfb-above-header-display":"","ast-hfb-below-header-display":"","ast-hfb-mobile-header-display":"","site-post-title":"","ast-breadcrumbs-content":"","ast-featured-img":"","footer-sml-layout":"","theme-transparent-header-meta":"default","adv-header-id-meta":"","stick-header-meta":"","header-above-stick-meta":"","header-main-stick-meta":"","header-below-stick-meta":"","astra-migrate-meta-layouts":"set","ast-page-background-enabled":"default","ast-page-background-meta":{"desktop":{"background-color":"var(--ast-global-color-4)","background-image":"","background-repeat":"repeat","background-position":"center center","background-size":"auto","background-attachment":"scroll","background-type":"","background-media":"","overlay-type":"","overlay-color":"","overlay-opacity":"","overlay-gradient":""},"tablet":{"background-color":"","background-image":"","background-repeat":"repeat","background-position":"center center","background-size":"auto","background-attachment":"scroll","background-type":"","background-media":"","overlay-type":"","overlay-color":"","overlay-opacity":"","overlay-gradient":""},"mobile":{"background-color":"","background-image":"","background-repeat":"repeat","background-position":"center center","background-size":"auto","background-attachment":"scroll","background-type":"","background-media":"","overlay-type":"","overlay-color":"","overlay-opacity":"","overlay-gradient":""}},"ast-content-background-meta":{"desktop":{"background-color":"var(--ast-global-color-5)","background-image":"","background-repeat":"repeat","background-position":"center center","background-size":"auto","background-attachment":"scroll","background-type":"","background-media":"","overlay-type":"","overlay-color":"","overlay-opacity":"","overlay-gradient":""},"tablet":{"background-color":"var(--ast-global-color-5)","background-image":"","background-repeat":"repeat","background-position":"center center","background-size":"auto","background-attachment":"scroll","background-type":"","background-media":"","overlay-type":"","overlay-color":"","overlay-opacity":"","overlay-gradient":""},"mobile":{"background-color":"var(--ast-global-color-5)","background-image":"","background-repeat":"repeat","background-position":"center center","background-size":"auto","background-attachment":"scroll","background-type":"","background-media":"","overlay-type":"","overlay-color":"","overlay-opacity":"","overlay-gradient":""}},"footnotes":""},"class_list":["post-416","page","type-page","status-publish","hentry"],"post_mailing_queue_ids":[],"_links":{"self":[{"href":"https:\/\/serveiseducatius.xtec.cat\/urgell\/wp-json\/wp\/v2\/pages\/416","targetHints":{"allow":["GET"]}}],"collection":[{"href":"https:\/\/serveiseducatius.xtec.cat\/urgell\/wp-json\/wp\/v2\/pages"}],"about":[{"href":"https:\/\/serveiseducatius.xtec.cat\/urgell\/wp-json\/wp\/v2\/types\/page"}],"author":[{"embeddable":true,"href":"https:\/\/serveiseducatius.xtec.cat\/urgell\/wp-json\/wp\/v2\/users\/1"}],"replies":[{"embeddable":true,"href":"https:\/\/serveiseducatius.xtec.cat\/urgell\/wp-json\/wp\/v2\/comments?post=416"}],"version-history":[{"count":8,"href":"https:\/\/serveiseducatius.xtec.cat\/urgell\/wp-json\/wp\/v2\/pages\/416\/revisions"}],"predecessor-version":[{"id":24738,"href":"https:\/\/serveiseducatius.xtec.cat\/urgell\/wp-json\/wp\/v2\/pages\/416\/revisions\/24738"}],"wp:attachment":[{"href":"https:\/\/serveiseducatius.xtec.cat\/urgell\/wp-json\/wp\/v2\/media?parent=416"}],"curies":[{"name":"wp","href":"https:\/\/api.w.org\/{rel}","templated":true}]}}