{"id":343,"date":"2015-11-24T18:43:38","date_gmt":"2015-11-24T17:43:38","guid":{"rendered":"http:\/\/serveiseducatius.xtec.cat\/urgell\/?page_id=343"},"modified":"2019-09-17T10:44:57","modified_gmt":"2019-09-17T08:44:57","slug":"institucions-i-entitats","status":"publish","type":"page","link":"https:\/\/serveiseducatius.xtec.cat\/urgell\/comunitat\/institucions-i-entitats\/","title":{"rendered":"Institucions i entitats"},"content":{"rendered":"<ul style=\"list-style-type: square;\">\n<li><a href=\"http:\/\/ensenyament.gencat.cat\/ca\/serveis_territorials\/lleida\/\" target=\"_blank\" rel=\"noopener noreferrer\">Serveis Territorials d&#8217;Educaci\u00f3 a Lleida<\/a><\/li>\n<\/ul>\n<ul style=\"list-style-type: square;\">\n<li><a href=\"http:\/\/srvcnpbs.xtec.cat\/inslle\/identifica.php\" target=\"_blank\" rel=\"noopener noreferrer\">Inspecci\u00f3 T\u00e8cnica d&#8217;Ensenyament<\/a><\/li>\n<\/ul>\n<ul style=\"list-style-type: square;\">\n<li><a href=\"http:\/\/www.ice.udl.cat\/ca\/\">ICE &#8211; Universitat de Lleida<\/a><\/li>\n<\/ul>\n<ul style=\"list-style-type: square;\">\n<li><a href=\"http:\/\/urgell.cat\/\">Consell Comarcal de l&#8217;Urgell<\/a><\/li>\n<\/ul>\n<ul style=\"list-style-type: square;\">\n<li><a href=\"https:\/\/www.tarrega.cat\/\">Ajuntament de T\u00e0rrega<\/a><\/li>\n<\/ul>\n<ul style=\"list-style-type: square;\">\n<li><a href=\"http:\/\/www.agramunt.cat\/\">Ajuntament d&#8217;Agramunt<\/a><\/li>\n<\/ul>\n<ul style=\"list-style-type: square;\">\n<li><a href=\"https:\/\/www.bellpuig.cat\/\">Ajuntament de Bellpuig<\/a><\/li>\n<\/ul>\n<p>&nbsp;<\/p>\n","protected":false},"excerpt":{"rendered":"<p>Serveis Territorials d&#8217;Educaci\u00f3 a Lleida Inspecci\u00f3 T\u00e8cnica d&#8217;Ensenyament ICE &#8211; Universitat de Lleida Consell Comarcal de l&#8217;Urgell Ajuntament de T\u00e0rrega Ajuntament d&#8217;Agramunt Ajuntament de Bellpuig &nbsp;<\/p>\n","protected":false},"author":1,"featured_media":0,"parent":341,"menu_order":20,"comment_status":"closed","ping_status":"closed","template":"page-templates\/side-menu.php","meta":{"_bbp_topic_count":0,"_bbp_reply_count":0,"_bbp_total_topic_count":0,"_bbp_total_reply_count":0,"_bbp_voice_count":0,"_bbp_anonymous_reply_count":0,"_bbp_topic_count_hidden":0,"_bbp_reply_count_hidden":0,"_bbp_forum_subforum_count":0,"site-sidebar-layout":"default","site-content-layout":"","ast-site-content-layout":"","site-content-style":"default","site-sidebar-style":"default","ast-global-header-display":"","ast-banner-title-visibility":"","ast-main-header-display":"","ast-hfb-above-header-display":"","ast-hfb-below-header-display":"","ast-hfb-mobile-header-display":"","site-post-title":"","ast-breadcrumbs-content":"","ast-featured-img":"","footer-sml-layout":"","theme-transparent-header-meta":"","adv-header-id-meta":"","stick-header-meta":"","header-above-stick-meta":"","header-main-stick-meta":"","header-below-stick-meta":"","astra-migrate-meta-layouts":"default","ast-page-background-enabled":"default","ast-page-background-meta":{"desktop":{"background-color":"var(--ast-global-color-4)","background-image":"","background-repeat":"repeat","background-position":"center center","background-size":"auto","background-attachment":"scroll","background-type":"","background-media":"","overlay-type":"","overlay-color":"","overlay-opacity":"","overlay-gradient":""},"tablet":{"background-color":"","background-image":"","background-repeat":"repeat","background-position":"center center","background-size":"auto","background-attachment":"scroll","background-type":"","background-media":"","overlay-type":"","overlay-color":"","overlay-opacity":"","overlay-gradient":""},"mobile":{"background-color":"","background-image":"","background-repeat":"repeat","background-position":"center center","background-size":"auto","background-attachment":"scroll","background-type":"","background-media":"","overlay-type":"","overlay-color":"","overlay-opacity":"","overlay-gradient":""}},"ast-content-background-meta":{"desktop":{"background-color":"var(--ast-global-color-5)","background-image":"","background-repeat":"repeat","background-position":"center center","background-size":"auto","background-attachment":"scroll","background-type":"","background-media":"","overlay-type":"","overlay-color":"","overlay-opacity":"","overlay-gradient":""},"tablet":{"background-color":"var(--ast-global-color-5)","background-image":"","background-repeat":"repeat","background-position":"center center","background-size":"auto","background-attachment":"scroll","background-type":"","background-media":"","overlay-type":"","overlay-color":"","overlay-opacity":"","overlay-gradient":""},"mobile":{"background-color":"var(--ast-global-color-5)","background-image":"","background-repeat":"repeat","background-position":"center center","background-size":"auto","background-attachment":"scroll","background-type":"","background-media":"","overlay-type":"","overlay-color":"","overlay-opacity":"","overlay-gradient":""}},"footnotes":""},"class_list":["post-343","page","type-page","status-publish","hentry"],"post_mailing_queue_ids":[],"_links":{"self":[{"href":"https:\/\/serveiseducatius.xtec.cat\/urgell\/wp-json\/wp\/v2\/pages\/343","targetHints":{"allow":["GET"]}}],"collection":[{"href":"https:\/\/serveiseducatius.xtec.cat\/urgell\/wp-json\/wp\/v2\/pages"}],"about":[{"href":"https:\/\/serveiseducatius.xtec.cat\/urgell\/wp-json\/wp\/v2\/types\/page"}],"author":[{"embeddable":true,"href":"https:\/\/serveiseducatius.xtec.cat\/urgell\/wp-json\/wp\/v2\/users\/1"}],"replies":[{"embeddable":true,"href":"https:\/\/serveiseducatius.xtec.cat\/urgell\/wp-json\/wp\/v2\/comments?post=343"}],"version-history":[{"count":4,"href":"https:\/\/serveiseducatius.xtec.cat\/urgell\/wp-json\/wp\/v2\/pages\/343\/revisions"}],"predecessor-version":[{"id":16632,"href":"https:\/\/serveiseducatius.xtec.cat\/urgell\/wp-json\/wp\/v2\/pages\/343\/revisions\/16632"}],"up":[{"embeddable":true,"href":"https:\/\/serveiseducatius.xtec.cat\/urgell\/wp-json\/wp\/v2\/pages\/341"}],"wp:attachment":[{"href":"https:\/\/serveiseducatius.xtec.cat\/urgell\/wp-json\/wp\/v2\/media?parent=343"}],"curies":[{"name":"wp","href":"https:\/\/api.w.org\/{rel}","templated":true}]}}