{"id":306,"date":"2015-11-24T18:02:44","date_gmt":"2015-11-24T17:02:44","guid":{"rendered":"http:\/\/serveiseducatius.xtec.cat\/urgell\/?page_id=306"},"modified":"2025-09-29T12:27:26","modified_gmt":"2025-09-29T10:27:26","slug":"equip","status":"publish","type":"page","link":"https:\/\/serveiseducatius.xtec.cat\/urgell\/el-servei-educatiu\/equip\/","title":{"rendered":"Equip"},"content":{"rendered":"<p>Cada servei educatiu est\u00e0 format per un equip multidisciplinar:<\/p>\n<ul>\n<li><a href=\"https:\/\/serveiseducatius.xtec.cat\/urgell\/categoria\/crp\/\" target=\"_blank\" rel=\"noopener\"><strong>CRP <\/strong>(Centre de recursos pedag\u00f2gics)<\/a>:\u00a0equip que d\u00f3na\u00a0<strong>suport a l\u2019activitat pedag\u00f2gica dels centres<\/strong> i\u00a0a la tasca docent de mestres i professorat, especialment, en temes de formaci\u00f3 permanent, de recursos pedag\u00f2gics i de dinamitzaci\u00f3 de projectes de centre i de la zona. Podeu consultar les activitats, recursos i not\u00edcies a l&#8217;apartat din\u00e0mic delCRP.<\/li>\n<li><a href=\"https:\/\/serveiseducatius.xtec.cat\/urgell\/categoria\/eap\/\" target=\"_blank\" rel=\"noopener\"><strong>EAP <\/strong>(Equip d\u2019assesorament i orientaci\u00f3 psicopedag\u00f2gic)<\/a><span class=\"Apple-converted-space\">: equip<\/span>\u00a0que d\u00f3na\u00a0suport al professorat i als centres educatius en la resposta a la <strong>diversitat de l\u2019alumnat<\/strong> i en relaci\u00f3 als alumnes que presenten <strong>necessitats educatives especials<\/strong>, aix\u00ed com a les seves fam\u00edlies. Podeu consultar les activitats, recursos i not\u00edcies a l&#8217;apartat din\u00e0mic de l&#8217;EAP.<\/li>\n<li><a href=\"https:\/\/serveiseducatius.xtec.cat\/urgell\/categoria\/lic\/\" target=\"_blank\" rel=\"noopener\"><strong>ELIC <\/strong>(Equip d\u2019assessorament i orientaci\u00f3 en llengua, interculturalitat i cohesi\u00f3 social)<\/a>: que donen suport al professorat en l\u2019atenci\u00f3 a la diversitat relacionada amb l\u2019alumnat, especialment procedent de la immigraci\u00f3 i\/o amb l\u2019alumnat amb risc d\u2019exclusi\u00f3 social, en l\u2019\u00e0mbit dels centres educatius i els plans educatius d\u2019entorn.\u00a0Podeu consultar les activitats, recursos i not\u00edcies a l&#8217;apartat din\u00e0mic de l&#8217;ELIC.<\/li>\n<li><strong><strong>Mentoria 4.0. <\/strong><\/strong><span lang=\"CA\">La figura del mentor o mentora 4.0 s&#8217;encarrega d\u2019assessorar i acompanyar els docents amb la finalitat de capacitar el professorat i l\u2019alumnat en compet\u00e8ncies digitals, especialment les relacionades amb el <\/span><span lang=\"CA\">pensament computacional, la rob\u00f2tica i la programaci\u00f3<\/span><span lang=\"CA\">.<\/span><span lang=\"CA\">Entre les funcions de les persones mentores 4.0 destaquen:<\/span>\n<ul>\n<li><span lang=\"CA\">L\u2019assessorament als centres educatius de\u00a0<\/span><span lang=\"CA\">segon cicle d\u2019educaci\u00f3 infantil, de prim\u00e0ria i de secund\u00e0ria obligat\u00f2ria<\/span><span lang=\"CA\">\u00a0en la concreci\u00f3 del curr\u00edculum.<\/span><\/li>\n<li><span lang=\"CA\">Acompanyar els docents en la millora de la compet\u00e8ncia digital i l\u2019aplicaci\u00f3 a l\u2019aula, del pensament computacional, la rob\u00f2tica i la programaci\u00f3.<\/span><\/li>\n<\/ul>\n<p>El projecte compta amb el finan\u00e7ament dels Fons europeus, gestionats pel Ministeri d\u2019Educaci\u00f3. El mentor digital de l&#8217;Urgell \u00e9s Andreu Marsal.<\/li>\n<\/ul>\n<p>El Servei Educatiu tamb\u00e9 treballa de forma coordinada amb el <a href=\"https:\/\/serveiseducatius.xtec.cat\/creda-lleida\/\" target=\"_blank\" rel=\"noopener\">CREDA<\/a> (Centre de Recursos Educatius per a Deficients Auditius) de Lleida i amb el professorat que at\u00e9n l\u2019alumnat amb discapacitat visual.<\/p>\n<p><img loading=\"lazy\" decoding=\"async\" class=\" size-full wp-image-185 alignright\" src=\"http:\/\/serveiseducatius.xtec.cat\/urgell\/wp-content\/uploads\/usu1142\/2014\/09\/ampa.png\" alt=\"ampa\" width=\"315\" height=\"126\" \/><\/p>\n","protected":false},"excerpt":{"rendered":"<p>Cada servei educatiu est\u00e0 format per un equip multidisciplinar: CRP (Centre de recursos pedag\u00f2gics):\u00a0equip que d\u00f3na\u00a0suport a l\u2019activitat pedag\u00f2gica dels centres i\u00a0a la tasca docent de mestres i professorat, especialment, en temes de formaci\u00f3 permanent, de recursos pedag\u00f2gics i de dinamitzaci\u00f3 de projectes de centre i de la zona. Podeu consultar les activitats, recursos i [&hellip;]<\/p>\n","protected":false},"author":1,"featured_media":0,"parent":806,"menu_order":20,"comment_status":"closed","ping_status":"closed","template":"","meta":{"_bbp_topic_count":0,"_bbp_reply_count":0,"_bbp_total_topic_count":0,"_bbp_total_reply_count":0,"_bbp_voice_count":0,"_bbp_anonymous_reply_count":0,"_bbp_topic_count_hidden":0,"_bbp_reply_count_hidden":0,"_bbp_forum_subforum_count":0,"site-sidebar-layout":"default","site-content-layout":"","ast-site-content-layout":"default","site-content-style":"default","site-sidebar-style":"default","ast-global-header-display":"","ast-banner-title-visibility":"","ast-main-header-display":"","ast-hfb-above-header-display":"","ast-hfb-below-header-display":"","ast-hfb-mobile-header-display":"","site-post-title":"","ast-breadcrumbs-content":"","ast-featured-img":"","footer-sml-layout":"","theme-transparent-header-meta":"default","adv-header-id-meta":"","stick-header-meta":"","header-above-stick-meta":"","header-main-stick-meta":"","header-below-stick-meta":"","astra-migrate-meta-layouts":"set","ast-page-background-enabled":"default","ast-page-background-meta":{"desktop":{"background-color":"var(--ast-global-color-4)","background-image":"","background-repeat":"repeat","background-position":"center center","background-size":"auto","background-attachment":"scroll","background-type":"","background-media":"","overlay-type":"","overlay-color":"","overlay-opacity":"","overlay-gradient":""},"tablet":{"background-color":"","background-image":"","background-repeat":"repeat","background-position":"center center","background-size":"auto","background-attachment":"scroll","background-type":"","background-media":"","overlay-type":"","overlay-color":"","overlay-opacity":"","overlay-gradient":""},"mobile":{"background-color":"","background-image":"","background-repeat":"repeat","background-position":"center center","background-size":"auto","background-attachment":"scroll","background-type":"","background-media":"","overlay-type":"","overlay-color":"","overlay-opacity":"","overlay-gradient":""}},"ast-content-background-meta":{"desktop":{"background-color":"var(--ast-global-color-5)","background-image":"","background-repeat":"repeat","background-position":"center center","background-size":"auto","background-attachment":"scroll","background-type":"","background-media":"","overlay-type":"","overlay-color":"","overlay-opacity":"","overlay-gradient":""},"tablet":{"background-color":"var(--ast-global-color-5)","background-image":"","background-repeat":"repeat","background-position":"center center","background-size":"auto","background-attachment":"scroll","background-type":"","background-media":"","overlay-type":"","overlay-color":"","overlay-opacity":"","overlay-gradient":""},"mobile":{"background-color":"var(--ast-global-color-5)","background-image":"","background-repeat":"repeat","background-position":"center center","background-size":"auto","background-attachment":"scroll","background-type":"","background-media":"","overlay-type":"","overlay-color":"","overlay-opacity":"","overlay-gradient":""}},"footnotes":""},"class_list":["post-306","page","type-page","status-publish","hentry"],"post_mailing_queue_ids":[],"_links":{"self":[{"href":"https:\/\/serveiseducatius.xtec.cat\/urgell\/wp-json\/wp\/v2\/pages\/306","targetHints":{"allow":["GET"]}}],"collection":[{"href":"https:\/\/serveiseducatius.xtec.cat\/urgell\/wp-json\/wp\/v2\/pages"}],"about":[{"href":"https:\/\/serveiseducatius.xtec.cat\/urgell\/wp-json\/wp\/v2\/types\/page"}],"author":[{"embeddable":true,"href":"https:\/\/serveiseducatius.xtec.cat\/urgell\/wp-json\/wp\/v2\/users\/1"}],"replies":[{"embeddable":true,"href":"https:\/\/serveiseducatius.xtec.cat\/urgell\/wp-json\/wp\/v2\/comments?post=306"}],"version-history":[{"count":6,"href":"https:\/\/serveiseducatius.xtec.cat\/urgell\/wp-json\/wp\/v2\/pages\/306\/revisions"}],"predecessor-version":[{"id":24777,"href":"https:\/\/serveiseducatius.xtec.cat\/urgell\/wp-json\/wp\/v2\/pages\/306\/revisions\/24777"}],"up":[{"embeddable":true,"href":"https:\/\/serveiseducatius.xtec.cat\/urgell\/wp-json\/wp\/v2\/pages\/806"}],"wp:attachment":[{"href":"https:\/\/serveiseducatius.xtec.cat\/urgell\/wp-json\/wp\/v2\/media?parent=306"}],"curies":[{"name":"wp","href":"https:\/\/api.w.org\/{rel}","templated":true}]}}