{"id":25190,"date":"2025-11-03T09:59:07","date_gmt":"2025-11-03T08:59:07","guid":{"rendered":"https:\/\/serveiseducatius.xtec.cat\/urgell\/?page_id=25190"},"modified":"2026-04-07T10:09:14","modified_gmt":"2026-04-07T08:09:14","slug":"radio","status":"publish","type":"page","link":"https:\/\/serveiseducatius.xtec.cat\/urgell\/digital\/radio\/","title":{"rendered":"R\u00e0dio i audiovisuals"},"content":{"rendered":"\n<p>Des del CRP, juntament amb l\u2019\u00e0rea de Cultura Digital del Departament d\u2019Educaci\u00f3 i Formaci\u00f3 Professional,&nbsp;impulsem un conjunt d\u2019activitats en el marc del programa&nbsp;<a href=\"https:\/\/projectes.xtec.cat\/canaldereporters\/\" target=\"_blank\" rel=\"noreferrer noopener\">canal de reporters<\/a><a href=\"https:\/\/projectes.xtec.cat\/canaldereporters\/\" target=\"_blank\" rel=\"noreferrer noopener\">.<\/a><\/p>\n\n\n\n<p>S\u00f3n sobretot activitats de r\u00e0dio que volen acompanyar a la dotaci\u00f3 de la&nbsp;<a href=\"https:\/\/projectes.xtec.cat\/digital\/equipaments-i-infraestructures\/maleta-audiovisual\/\" target=\"_blank\" rel=\"noreferrer noopener\">maleta audiovisual<\/a>&nbsp;que heu rebut a la majoria de centres. Aquestes activitats volen contribuir a impulsar la<strong>&nbsp;compet\u00e8ncia digital, ling\u00fc\u00edstica i ciutadana&nbsp;<\/strong>i afavorir<strong>&nbsp;l\u2019esperit cr\u00edtic&nbsp;<\/strong>de l\u2019alumnat, oferint un espai per experimentar i comunicar-se de manera creativa.<\/p>\n\n\n\n<p>Activitats 1r trimestre:<\/p>\n\n\n\n<p><a href=\"https:\/\/drive.google.com\/file\/d\/1v3FG3D5mHgGRe0WByU2SJCFVdYIdkdEQ\/view?usp=drive_link\" target=\"_blank\" rel=\"noreferrer noopener\">1.1.1. PRESENTACI\u00d3 DE L&#8217;ACTIVITAT_ ELABOREM UN LOGO SONOR DE R\u00c0DIO 25-26.pdf<\/a><\/p>\n\n\n\n<p><a href=\"https:\/\/drive.google.com\/file\/d\/1GKyvRUJ8uo53-EpPujb2Tz9nRHm0_lCL\/view?usp=drive_link\" target=\"_blank\" rel=\"noreferrer noopener\">1.1.2 PRESENTACI\u00d3 DE L&#8217;ACTIVITAT_ ELABOREM UNA FALCA RADIOF\u00d2NICA SOBRE ELS DRETS DELS INFANTS.pdf<\/a><\/p>\n\n\n\n<p><a href=\"https:\/\/drive.google.com\/file\/d\/1gfPcz4ccm8SZx5MdneCBJwFhSEXxJqDB\/view?usp=drive_link\" target=\"_blank\" rel=\"noreferrer noopener\">1.1.3. PRESENTACI\u00d3 DE L&#8217;ACTIVITAT: ENROLA&#8217;T AMB LA R\u00c0DIO.pdf<\/a><\/p>\n\n\n\n<p><a href=\"https:\/\/drive.google.com\/file\/d\/1URG1elkkXlbQ6_Z1nHFUcDT_tSW6UetG\/view?usp=drive_link\" target=\"_blank\" rel=\"noreferrer noopener\">1.1.4_PRESENTACI\u00d3 DE L&#8217;ACTIVITAT EMBARBUSSA QUE FA FORT.pdf<\/a><\/p>\n\n\n\n<p><a href=\"https:\/\/drive.google.com\/file\/d\/1AnnAdbNJAcxDUvKHgpBOfQ72XrvxAruh\/view?usp=drive_link\" target=\"_blank\" rel=\"noreferrer noopener\">1.2.1. PRESENTACI\u00d3 DE L&#8217;ACTIVITAT_ GRAVEM UNA NOT\u00cdCIA EN FORMAT AUDIOVISUAL_CanalReporters.pdf<\/a><\/p>\n\n\n\n<p><a href=\"https:\/\/drive.google.com\/file\/d\/1rpJK8-H2v1k-Ezay-9Tcol4-yg7xz4Pn\/view?usp=drive_link\" target=\"_blank\" rel=\"noreferrer noopener\">1.2.2 PRESENTACI\u00d3 DE L&#8217;ACTIVITAT_ FEM UN V\u00cdDEO DID\u00c0CTIC creant p\u00edndoles de saber en format audiovisual (FOCUS).pdf<\/a><\/p>\n\n\n\n<p>Activitats 2n trimestre:<\/p>\n\n\n\n<p><a href=\"https:\/\/drive.google.com\/file\/d\/1EchKHpUPp_0SVrW-EC5smNS9e61UoCAS\/view?usp=drive_link\">2.1.1 PRESENTACI\u00d3 DE L&#8217;ACTIVITAT_100 anys explicant hist\u00f2ries .pdf<\/a><\/p>\n\n\n\n<p><a href=\"https:\/\/drive.google.com\/file\/d\/1-8RR2F5ZrW2PjzI14D5uzqc2xGrzBqCo\/view?usp=drive_link\">2.1.2 P\u00f2dcast radiof\u00f2nic_Dones i ci\u00e8ncia.pdf<\/a><\/p>\n\n\n\n<p><a href=\"https:\/\/drive.google.com\/file\/d\/1-QBzobpP7EbtOU-GA1JLgFii7yLjIpsQ\/view?usp=drive_link\">2.1.3 PRESENTACI\u00d3 DE L&#8217;ACTIVITAT_Poesia sonora.pdf<\/a><\/p>\n\n\n\n<p><a href=\"https:\/\/drive.google.com\/file\/d\/1y3VbnXDP1hy88XGAq_o253GP5SinyXvq\/view?usp=drive_link\">2.2.1 PRESENTACI\u00d3 DE L&#8217;ACTIVITAT_EL CONTE AUDIOVISUAL.pdf<\/a><\/p>\n\n\n\n<p><a href=\"https:\/\/drive.google.com\/file\/d\/1Ewce9GdeNVWgcFtF1qrtxQvg4ab1zms0\/view?usp=drive_link\">2.2.2 Videop\u00f2dcast_Dones cient\u00edfiques.pdf<\/a><\/p>\n\n\n\n<p>Activitats 3r trimestre:<\/p>\n\n\n\n<p><a href=\"https:\/\/drive.google.com\/file\/d\/1hksDBUdDRGL818ThJm4YADkn2giXRFFX\/view?usp=drive_link\" target=\"_blank\" rel=\"noreferrer noopener\">3.1.1_PRESENTACI\u00d3 DE L&#8217;ACTIVITAT: SANT JORDI A LES ONES<\/a><\/p>\n\n\n\n<p><a href=\"https:\/\/drive.google.com\/file\/d\/1-YERmgXmA3KumHni6vFOZ1JyyQUUJnSC\/view?usp=drive_link\" target=\"_blank\" rel=\"noreferrer noopener\">3.1.2_Entrevista_format_radiof\u00f2nic: MICRO OBERT<\/a><\/p>\n\n\n\n<p><a href=\"https:\/\/drive.google.com\/file\/d\/14qIfn8ADQBXGsPF1bVdKtdGewUQ12PU4\/view?usp=drive_link\" target=\"_blank\" rel=\"noreferrer noopener\">3.2.1_PRESENTACI\u00d3 DE L&#8217;ACTIVITAT: FEM DE BOOKTUBERS<\/a><\/p>\n\n\n\n<p><a href=\"https:\/\/drive.google.com\/file\/d\/15C4hzrfwMELoPeNFB_pEu-AQI3v-eZ7r\/view?usp=drive_link\" target=\"_blank\" rel=\"noreferrer noopener\">3.2.2_PRESENTACI\u00d3 DE L&#8217;ACTIVITAT: BOOKTRAILERS<\/a><\/p>\n\n\n\n<p><a rel=\"noreferrer noopener\" href=\"https:\/\/drive.google.com\/file\/d\/17gf89ISleHgdj5VBizLGokMS_Lm9NxEv\/view?usp=drive_link\" target=\"_blank\">3.2.3_Entrevista_format_audiovisual: VIDEOP\u00d2DCAST_MICRO OBERT<\/a><\/p>\n","protected":false},"excerpt":{"rendered":"<p>Des del CRP, juntament amb l\u2019\u00e0rea de Cultura Digital del Departament d\u2019Educaci\u00f3 i Formaci\u00f3 Professional,&nbsp;impulsem un conjunt d\u2019activitats en el marc del programa&nbsp;canal de reporters. S\u00f3n sobretot activitats de r\u00e0dio que volen acompanyar a la dotaci\u00f3 de la&nbsp;maleta audiovisual&nbsp;que heu rebut a la majoria de centres. Aquestes activitats volen contribuir a impulsar la&nbsp;compet\u00e8ncia digital, ling\u00fc\u00edstica [&hellip;]<\/p>\n","protected":false},"author":6,"featured_media":0,"parent":24900,"menu_order":0,"comment_status":"closed","ping_status":"close","template":"","meta":{"_bbp_topic_count":0,"_bbp_reply_count":0,"_bbp_total_topic_count":0,"_bbp_total_reply_count":0,"_bbp_voice_count":0,"_bbp_anonymous_reply_count":0,"_bbp_topic_count_hidden":0,"_bbp_reply_count_hidden":0,"_bbp_forum_subforum_count":0,"site-sidebar-layout":"default","site-content-layout":"","ast-site-content-layout":"default","site-content-style":"default","site-sidebar-style":"default","ast-global-header-display":"","ast-banner-title-visibility":"","ast-main-header-display":"","ast-hfb-above-header-display":"","ast-hfb-below-header-display":"","ast-hfb-mobile-header-display":"","site-post-title":"","ast-breadcrumbs-content":"","ast-featured-img":"","footer-sml-layout":"","theme-transparent-header-meta":"","adv-header-id-meta":"","stick-header-meta":"","header-above-stick-meta":"","header-main-stick-meta":"","header-below-stick-meta":"","astra-migrate-meta-layouts":"set","ast-page-background-enabled":"default","ast-page-background-meta":{"desktop":{"background-color":"var(--ast-global-color-4)","background-image":"","background-repeat":"repeat","background-position":"center center","background-size":"auto","background-attachment":"scroll","background-type":"","background-media":"","overlay-type":"","overlay-color":"","overlay-opacity":"","overlay-gradient":""},"tablet":{"background-color":"","background-image":"","background-repeat":"repeat","background-position":"center center","background-size":"auto","background-attachment":"scroll","background-type":"","background-media":"","overlay-type":"","overlay-color":"","overlay-opacity":"","overlay-gradient":""},"mobile":{"background-color":"","background-image":"","background-repeat":"repeat","background-position":"center center","background-size":"auto","background-attachment":"scroll","background-type":"","background-media":"","overlay-type":"","overlay-color":"","overlay-opacity":"","overlay-gradient":""}},"ast-content-background-meta":{"desktop":{"background-color":"var(--ast-global-color-5)","background-image":"","background-repeat":"repeat","background-position":"center center","background-size":"auto","background-attachment":"scroll","background-type":"","background-media":"","overlay-type":"","overlay-color":"","overlay-opacity":"","overlay-gradient":""},"tablet":{"background-color":"var(--ast-global-color-5)","background-image":"","background-repeat":"repeat","background-position":"center center","background-size":"auto","background-attachment":"scroll","background-type":"","background-media":"","overlay-type":"","overlay-color":"","overlay-opacity":"","overlay-gradient":""},"mobile":{"background-color":"var(--ast-global-color-5)","background-image":"","background-repeat":"repeat","background-position":"center center","background-size":"auto","background-attachment":"scroll","background-type":"","background-media":"","overlay-type":"","overlay-color":"","overlay-opacity":"","overlay-gradient":""}},"footnotes":""},"class_list":["post-25190","page","type-page","status-publish","hentry"],"post_mailing_queue_ids":[],"_links":{"self":[{"href":"https:\/\/serveiseducatius.xtec.cat\/urgell\/wp-json\/wp\/v2\/pages\/25190","targetHints":{"allow":["GET"]}}],"collection":[{"href":"https:\/\/serveiseducatius.xtec.cat\/urgell\/wp-json\/wp\/v2\/pages"}],"about":[{"href":"https:\/\/serveiseducatius.xtec.cat\/urgell\/wp-json\/wp\/v2\/types\/page"}],"author":[{"embeddable":true,"href":"https:\/\/serveiseducatius.xtec.cat\/urgell\/wp-json\/wp\/v2\/users\/6"}],"replies":[{"embeddable":true,"href":"https:\/\/serveiseducatius.xtec.cat\/urgell\/wp-json\/wp\/v2\/comments?post=25190"}],"version-history":[{"count":6,"href":"https:\/\/serveiseducatius.xtec.cat\/urgell\/wp-json\/wp\/v2\/pages\/25190\/revisions"}],"predecessor-version":[{"id":25792,"href":"https:\/\/serveiseducatius.xtec.cat\/urgell\/wp-json\/wp\/v2\/pages\/25190\/revisions\/25792"}],"up":[{"embeddable":true,"href":"https:\/\/serveiseducatius.xtec.cat\/urgell\/wp-json\/wp\/v2\/pages\/24900"}],"wp:attachment":[{"href":"https:\/\/serveiseducatius.xtec.cat\/urgell\/wp-json\/wp\/v2\/media?parent=25190"}],"curies":[{"name":"wp","href":"https:\/\/api.w.org\/{rel}","templated":true}]}}