{"id":24845,"date":"2025-10-08T16:55:19","date_gmt":"2025-10-08T14:55:19","guid":{"rendered":"https:\/\/serveiseducatius.xtec.cat\/urgell\/?page_id=24845"},"modified":"2025-10-14T15:24:50","modified_gmt":"2025-10-14T13:24:50","slug":"recursos-expressio-oral","status":"publish","type":"page","link":"https:\/\/serveiseducatius.xtec.cat\/urgell\/recursos\/recursos-expressio-oral\/","title":{"rendered":"Expressi\u00f3 oral i flu\u00efdesa"},"content":{"rendered":"\n<div class=\"wp-block-columns is-layout-flex wp-container-core-columns-is-layout-1 wp-block-columns-is-layout-flex\">\n<div class=\"wp-block-column is-layout-flow wp-block-column-is-layout-flow\" style=\"flex-basis:100%\">\n<figure class=\"wp-block-table is-style-stripes\"><table class=\"has-black-color has-text-color has-link-color has-fixed-layout\"><thead><tr><th class=\"has-text-align-left\" data-align=\"left\">Recurs<\/th><th class=\"has-text-align-left\" data-align=\"left\">Descripci\u00f3<\/th><\/tr><\/thead><tbody><tr><td class=\"has-text-align-left\" data-align=\"left\"><a href=\"https:\/\/blocs.xtec.cat\/dcolell\/files\/2016\/02\/EINES_PER_TREBALLAR_LA_LECTURA_EN_VEU_ALTA.pdf\" data-type=\"link\" data-id=\"https:\/\/blocs.xtec.cat\/dcolell\/files\/2016\/02\/EINES_PER_TREBALLAR_LA_LECTURA_EN_VEU_ALTA.pdf\" target=\"_blank\" rel=\"noreferrer noopener\">Eines per treballar la lectura en veu alta<\/a><\/td><td class=\"has-text-align-left\" data-align=\"left\">Presentaci\u00f3 de la fundaci\u00f3 Enciclop\u00e8dia Catalana amb recursos associats al Certamen de Lectura en Veu Alta<\/td><\/tr><tr><td class=\"has-text-align-left\" data-align=\"left\"><a href=\"https:\/\/xtec.gencat.cat\/web\/.content\/alfresco\/d\/d\/workspace\/SpacesStore\/0045\/43f3eddc-68ea-485b-a733-ced27a079145\/16_fluidesa_lectora.pdf\" data-type=\"link\" data-id=\"https:\/\/xtec.gencat.cat\/web\/.content\/alfresco\/d\/d\/workspace\/SpacesStore\/0045\/43f3eddc-68ea-485b-a733-ced27a079145\/16_fluidesa_lectora.pdf\" target=\"_blank\" rel=\"noreferrer noopener\">Flu\u00efdesa lectora<\/a><\/td><td class=\"has-text-align-left\" data-align=\"left\">Dossier amb propostes per treballar la flu\u00efdesa lectora<\/td><\/tr><tr><td class=\"has-text-align-left\" data-align=\"left\"><a href=\"https:\/\/fundaciobofill.cat\/uploads\/docs\/l\/4\/j\/o\/o\/3\/j\/x\/o\/xarranca_150416.pdf\" data-type=\"link\" data-id=\"https:\/\/fundaciobofill.cat\/uploads\/docs\/l\/4\/j\/o\/o\/3\/j\/x\/o\/xarranca_150416.pdf\" target=\"_blank\" rel=\"noreferrer noopener\">Jocs per a nouvinguts<\/a><\/td><td class=\"has-text-align-left\" data-align=\"left\">Dossier de jocs per a l&#8217;aprenentatge del catal\u00e0 oral per a nouvinguts<\/td><\/tr><tr><td class=\"has-text-align-left\" data-align=\"left\"><a href=\"https:\/\/blocs.xtec.cat\/dcolell\/files\/2016\/02\/Resum-consells-lectura-en-veu-alta.pdf\" data-type=\"link\" data-id=\"https:\/\/blocs.xtec.cat\/dcolell\/files\/2016\/02\/Resum-consells-lectura-en-veu-alta.pdf\" target=\"_blank\" rel=\"noreferrer noopener\">Llegim en veu alta<\/a><\/td><td class=\"has-text-align-left\" data-align=\"left\">Exercicis per posar-se en situaci\u00f3 abans d\u2019una lectura en veu alta<\/td><\/tr><tr><td class=\"has-text-align-left\" data-align=\"left\"><a href=\"https:\/\/oralitat.upf.edu\/mes-recursos-la-oralitat-aplicada-a-laula\/\" data-type=\"link\" data-id=\"https:\/\/oralitat.upf.edu\/mes-recursos-la-oralitat-aplicada-a-laula\/\" target=\"_blank\" rel=\"noreferrer noopener\">L&#8217;oralitat aplicada a l&#8217;aula<\/a><\/td><td class=\"has-text-align-left\" data-align=\"left\">Recursos per treballar la oralitat a secund\u00e0ria i amb adults.<\/td><\/tr><tr><td class=\"has-text-align-left\" data-align=\"left\"><a href=\"https:\/\/xtec.gencat.cat\/ca\/projectes\/llengua-oral\/tenim-la-paraula\/\" data-type=\"link\" data-id=\"https:\/\/xtec.gencat.cat\/ca\/projectes\/llengua-oral\/tenim-la-paraula\/\" target=\"_blank\" rel=\"noreferrer noopener\">Tenim la paraula<\/a><\/td><td class=\"has-text-align-left\" data-align=\"left\">Programa\u00a0amb\u00a0l\u2019objectiu de millorar la compet\u00e8ncia comunicativa\u00a0\u00a0i el rendiment acad\u00e8mic<\/td><\/tr><tr><td class=\"has-text-align-left\" data-align=\"left\"><a href=\"https:\/\/projectes.xtec.cat\/tilc\/\" data-type=\"link\" data-id=\"https:\/\/projectes.xtec.cat\/tilc\/\" target=\"_blank\" rel=\"noreferrer noopener\">Tractament integrat de llengua i continguts<\/a><\/td><td class=\"has-text-align-left\" data-align=\"left\">El tractament integrat de llengua i continguts (TILC) \u00e9s una proposta metodol\u00f2gica orientada a ensenyar de manera integrada els continguts i el llenguatge acad\u00e8mic dels \u00e0mbits curriculars no ling\u00fc\u00edstics<\/td><\/tr><tr><td class=\"has-text-align-left\" data-align=\"left\"><a href=\"https:\/\/www.lecturaenveualta.cat\/\" data-type=\"link\" data-id=\"https:\/\/www.lecturaenveualta.cat\/\" target=\"_blank\" rel=\"noreferrer noopener\">Veu alta<\/a><\/td><td class=\"has-text-align-left\" data-align=\"left\">Projecte per promoure la lectura en veu alta, la literatura i la llengua catalanes<\/td><\/tr><tr><td class=\"has-text-align-left\" data-align=\"left\"><a href=\"https:\/\/www.youtube.com\/@youtubersdocents1125\" data-type=\"link\" data-id=\"https:\/\/www.youtube.com\/@youtubersdocents1125\" target=\"_blank\" rel=\"noreferrer noopener\">Youtubers Docents<\/a><\/td><td class=\"has-text-align-left\" data-align=\"left\">Recull de canals de Youtube de docents de parla catalana que treballen diferents \u00e0mbits<\/td><\/tr><\/tbody><\/table><\/figure>\n<\/div>\n<\/div>\n\n\n\n<p><\/p>\n","protected":false},"excerpt":{"rendered":"<p>Recurs Descripci\u00f3 Eines per treballar la lectura en veu alta Presentaci\u00f3 de la fundaci\u00f3 Enciclop\u00e8dia Catalana amb recursos associats al Certamen de Lectura en Veu Alta Flu\u00efdesa lectora Dossier amb propostes per treballar la flu\u00efdesa lectora Jocs per a nouvinguts Dossier de jocs per a l&#8217;aprenentatge del catal\u00e0 oral per a nouvinguts Llegim en veu [&hellip;]<\/p>\n","protected":false},"author":23,"featured_media":0,"parent":906,"menu_order":0,"comment_status":"closed","ping_status":"close","template":"","meta":{"_bbp_topic_count":0,"_bbp_reply_count":0,"_bbp_total_topic_count":0,"_bbp_total_reply_count":0,"_bbp_voice_count":0,"_bbp_anonymous_reply_count":0,"_bbp_topic_count_hidden":0,"_bbp_reply_count_hidden":0,"_bbp_forum_subforum_count":0,"site-sidebar-layout":"default","site-content-layout":"","ast-site-content-layout":"default","site-content-style":"default","site-sidebar-style":"default","ast-global-header-display":"","ast-banner-title-visibility":"","ast-main-header-display":"","ast-hfb-above-header-display":"","ast-hfb-below-header-display":"","ast-hfb-mobile-header-display":"","site-post-title":"","ast-breadcrumbs-content":"","ast-featured-img":"","footer-sml-layout":"","theme-transparent-header-meta":"","adv-header-id-meta":"","stick-header-meta":"","header-above-stick-meta":"","header-main-stick-meta":"","header-below-stick-meta":"","astra-migrate-meta-layouts":"set","ast-page-background-enabled":"default","ast-page-background-meta":{"desktop":{"background-color":"var(--ast-global-color-4)","background-image":"","background-repeat":"repeat","background-position":"center center","background-size":"auto","background-attachment":"scroll","background-type":"","background-media":"","overlay-type":"","overlay-color":"","overlay-opacity":"","overlay-gradient":""},"tablet":{"background-color":"","background-image":"","background-repeat":"repeat","background-position":"center center","background-size":"auto","background-attachment":"scroll","background-type":"","background-media":"","overlay-type":"","overlay-color":"","overlay-opacity":"","overlay-gradient":""},"mobile":{"background-color":"","background-image":"","background-repeat":"repeat","background-position":"center center","background-size":"auto","background-attachment":"scroll","background-type":"","background-media":"","overlay-type":"","overlay-color":"","overlay-opacity":"","overlay-gradient":""}},"ast-content-background-meta":{"desktop":{"background-color":"var(--ast-global-color-5)","background-image":"","background-repeat":"repeat","background-position":"center center","background-size":"auto","background-attachment":"scroll","background-type":"","background-media":"","overlay-type":"","overlay-color":"","overlay-opacity":"","overlay-gradient":""},"tablet":{"background-color":"var(--ast-global-color-5)","background-image":"","background-repeat":"repeat","background-position":"center center","background-size":"auto","background-attachment":"scroll","background-type":"","background-media":"","overlay-type":"","overlay-color":"","overlay-opacity":"","overlay-gradient":""},"mobile":{"background-color":"var(--ast-global-color-5)","background-image":"","background-repeat":"repeat","background-position":"center center","background-size":"auto","background-attachment":"scroll","background-type":"","background-media":"","overlay-type":"","overlay-color":"","overlay-opacity":"","overlay-gradient":""}},"footnotes":""},"class_list":["post-24845","page","type-page","status-publish","hentry"],"post_mailing_queue_ids":[],"_links":{"self":[{"href":"https:\/\/serveiseducatius.xtec.cat\/urgell\/wp-json\/wp\/v2\/pages\/24845","targetHints":{"allow":["GET"]}}],"collection":[{"href":"https:\/\/serveiseducatius.xtec.cat\/urgell\/wp-json\/wp\/v2\/pages"}],"about":[{"href":"https:\/\/serveiseducatius.xtec.cat\/urgell\/wp-json\/wp\/v2\/types\/page"}],"author":[{"embeddable":true,"href":"https:\/\/serveiseducatius.xtec.cat\/urgell\/wp-json\/wp\/v2\/users\/23"}],"replies":[{"embeddable":true,"href":"https:\/\/serveiseducatius.xtec.cat\/urgell\/wp-json\/wp\/v2\/comments?post=24845"}],"version-history":[{"count":6,"href":"https:\/\/serveiseducatius.xtec.cat\/urgell\/wp-json\/wp\/v2\/pages\/24845\/revisions"}],"predecessor-version":[{"id":24890,"href":"https:\/\/serveiseducatius.xtec.cat\/urgell\/wp-json\/wp\/v2\/pages\/24845\/revisions\/24890"}],"up":[{"embeddable":true,"href":"https:\/\/serveiseducatius.xtec.cat\/urgell\/wp-json\/wp\/v2\/pages\/906"}],"wp:attachment":[{"href":"https:\/\/serveiseducatius.xtec.cat\/urgell\/wp-json\/wp\/v2\/media?parent=24845"}],"curies":[{"name":"wp","href":"https:\/\/api.w.org\/{rel}","templated":true}]}}