{"id":23905,"date":"2024-03-11T11:54:14","date_gmt":"2024-03-11T10:54:14","guid":{"rendered":"https:\/\/serveiseducatius.xtec.cat\/urgell\/?page_id=23905"},"modified":"2024-03-13T13:11:06","modified_gmt":"2024-03-13T12:11:06","slug":"pla-dentorn-de-bellpuig-pee","status":"publish","type":"page","link":"https:\/\/serveiseducatius.xtec.cat\/urgell\/comunitat\/pla-dentorn-pee\/pla-dentorn-de-bellpuig-pee\/","title":{"rendered":"Pla Educatiu d&#8217;Entorn de Bellpuig"},"content":{"rendered":"<p><a href=\"https:\/\/serveiseducatius.xtec.cat\/urgell\/comunitat\/pla-dentorn-pee\/pla-dentorn-de-bellpuig-pee\/attachment\/pla-dentorn-bellpuig\/\" rel=\"attachment wp-att-23913\"><img loading=\"lazy\" decoding=\"async\" class=\"alignright size-medium wp-image-23913\" src=\"https:\/\/serveiseducatius.xtec.cat\/urgell\/wp-content\/uploads\/usu1142\/2024\/03\/pla-dentorn-bellpuig-300x150.jpeg\" alt=\"\" width=\"300\" height=\"150\" srcset=\"https:\/\/serveiseducatius.xtec.cat\/urgell\/wp-content\/uploads\/usu1142\/2024\/03\/pla-dentorn-bellpuig-300x150.jpeg 300w, https:\/\/serveiseducatius.xtec.cat\/urgell\/wp-content\/uploads\/usu1142\/2024\/03\/pla-dentorn-bellpuig.jpeg 600w\" sizes=\"auto, (max-width: 300px) 100vw, 300px\" \/><\/a>El dia 17 de gener es va presentar el Pla Educatiu d\u2019Entorn de Bellpuig, un conveni entre la Generalitat i l\u2019Ajuntament de Bellpuig que representa un Comprom\u00eds comunitari per a l\u2019\u00e8xit educatiu.<\/p>\n<p>Els objectius generals son:<\/p>\n<ul>\n<li>Contribuir a la millora de les condicions d\u2019escolaritzaci\u00f3 i a l\u2019\u00e8xit escolar i educatiu.<\/li>\n<li>Potenciar l\u2019educaci\u00f3 en valors i el comprom\u00eds c\u00edvic dels alumnes en un marc de conviv\u00e8ncia.<\/li>\n<li>Potenciar la implicaci\u00f3 de les fam\u00edlies en l\u2019educaci\u00f3 dels fills i la participaci\u00f3 en la vida escolar.<\/li>\n<li>Promoure l\u2019educaci\u00f3 intercultural i l\u2019\u00fas de la llengua catalana com a elements de cohesi\u00f3 social.<\/li>\n<\/ul>\n<p><a href=\"https:\/\/www.bellpuig.cat\/pee\" rel=\"attachment wp-att-23930\"><img loading=\"lazy\" decoding=\"async\" class=\"alignright wp-image-23930 size-medium\" src=\"https:\/\/serveiseducatius.xtec.cat\/urgell\/wp-content\/uploads\/usu1142\/2024\/03\/PEE-BELLPUIG-300x163.png\" alt=\"\" width=\"300\" height=\"163\" srcset=\"https:\/\/serveiseducatius.xtec.cat\/urgell\/wp-content\/uploads\/usu1142\/2024\/03\/PEE-BELLPUIG-300x163.png 300w, https:\/\/serveiseducatius.xtec.cat\/urgell\/wp-content\/uploads\/usu1142\/2024\/03\/PEE-BELLPUIG-1024x555.png 1024w, https:\/\/serveiseducatius.xtec.cat\/urgell\/wp-content\/uploads\/usu1142\/2024\/03\/PEE-BELLPUIG-768x416.png 768w, https:\/\/serveiseducatius.xtec.cat\/urgell\/wp-content\/uploads\/usu1142\/2024\/03\/PEE-BELLPUIG-1536x832.png 1536w, https:\/\/serveiseducatius.xtec.cat\/urgell\/wp-content\/uploads\/usu1142\/2024\/03\/PEE-BELLPUIG.png 1920w\" sizes=\"auto, (max-width: 300px) 100vw, 300px\" \/><\/a>Amb la pres\u00e8ncia dels directors\/es dels centre educatius de Bellpuig, les regidories de cultura i esport i els representants del teixit associatiu de la vila, la presentaci\u00f3 va ser a c\u00e0rrec de Jordi Estiarte (alcalde de Bellpuig), Claudi Vidal (director dels serveis territorials d\u2019educaci\u00f3 de Lleida), Marta Castell\u00e0 (inspectora del Departament d\u2019educaci\u00f3), Carme Moncas\u00ed (directora del LIC), Anna Gr\u00edfol (directora del LIC) i Imma Oliva (regidora d\u2019ensenyament Ajuntament de Bellpuig).<\/p>\n<p>Us enllacem la <a href=\"https:\/\/www.bellpuig.cat\/pee\" target=\"_blank\" rel=\"noopener\">p\u00e0gina oficial<\/a> del PEE de Bellpuig.<\/p>\n","protected":false},"excerpt":{"rendered":"<p>El dia 17 de gener es va presentar el Pla Educatiu d\u2019Entorn de Bellpuig, un conveni entre la Generalitat i l\u2019Ajuntament de Bellpuig que representa un Comprom\u00eds comunitari per a l\u2019\u00e8xit educatiu. Els objectius generals son: Contribuir a la millora de les condicions d\u2019escolaritzaci\u00f3 i a l\u2019\u00e8xit escolar i educatiu. Potenciar l\u2019educaci\u00f3 en valors i [&hellip;]<\/p>\n","protected":false},"author":6,"featured_media":0,"parent":345,"menu_order":0,"comment_status":"closed","ping_status":"closed","template":"","meta":{"_bbp_topic_count":0,"_bbp_reply_count":0,"_bbp_total_topic_count":0,"_bbp_total_reply_count":0,"_bbp_voice_count":0,"_bbp_anonymous_reply_count":0,"_bbp_topic_count_hidden":0,"_bbp_reply_count_hidden":0,"_bbp_forum_subforum_count":0,"site-sidebar-layout":"default","site-content-layout":"","ast-site-content-layout":"","site-content-style":"default","site-sidebar-style":"default","ast-global-header-display":"","ast-banner-title-visibility":"","ast-main-header-display":"","ast-hfb-above-header-display":"","ast-hfb-below-header-display":"","ast-hfb-mobile-header-display":"","site-post-title":"","ast-breadcrumbs-content":"","ast-featured-img":"","footer-sml-layout":"","theme-transparent-header-meta":"","adv-header-id-meta":"","stick-header-meta":"","header-above-stick-meta":"","header-main-stick-meta":"","header-below-stick-meta":"","astra-migrate-meta-layouts":"default","ast-page-background-enabled":"default","ast-page-background-meta":{"desktop":{"background-color":"var(--ast-global-color-4)","background-image":"","background-repeat":"repeat","background-position":"center center","background-size":"auto","background-attachment":"scroll","background-type":"","background-media":"","overlay-type":"","overlay-color":"","overlay-opacity":"","overlay-gradient":""},"tablet":{"background-color":"","background-image":"","background-repeat":"repeat","background-position":"center center","background-size":"auto","background-attachment":"scroll","background-type":"","background-media":"","overlay-type":"","overlay-color":"","overlay-opacity":"","overlay-gradient":""},"mobile":{"background-color":"","background-image":"","background-repeat":"repeat","background-position":"center center","background-size":"auto","background-attachment":"scroll","background-type":"","background-media":"","overlay-type":"","overlay-color":"","overlay-opacity":"","overlay-gradient":""}},"ast-content-background-meta":{"desktop":{"background-color":"var(--ast-global-color-5)","background-image":"","background-repeat":"repeat","background-position":"center center","background-size":"auto","background-attachment":"scroll","background-type":"","background-media":"","overlay-type":"","overlay-color":"","overlay-opacity":"","overlay-gradient":""},"tablet":{"background-color":"var(--ast-global-color-5)","background-image":"","background-repeat":"repeat","background-position":"center center","background-size":"auto","background-attachment":"scroll","background-type":"","background-media":"","overlay-type":"","overlay-color":"","overlay-opacity":"","overlay-gradient":""},"mobile":{"background-color":"var(--ast-global-color-5)","background-image":"","background-repeat":"repeat","background-position":"center center","background-size":"auto","background-attachment":"scroll","background-type":"","background-media":"","overlay-type":"","overlay-color":"","overlay-opacity":"","overlay-gradient":""}},"footnotes":""},"class_list":["post-23905","page","type-page","status-publish","hentry"],"post_mailing_queue_ids":[],"_links":{"self":[{"href":"https:\/\/serveiseducatius.xtec.cat\/urgell\/wp-json\/wp\/v2\/pages\/23905","targetHints":{"allow":["GET"]}}],"collection":[{"href":"https:\/\/serveiseducatius.xtec.cat\/urgell\/wp-json\/wp\/v2\/pages"}],"about":[{"href":"https:\/\/serveiseducatius.xtec.cat\/urgell\/wp-json\/wp\/v2\/types\/page"}],"author":[{"embeddable":true,"href":"https:\/\/serveiseducatius.xtec.cat\/urgell\/wp-json\/wp\/v2\/users\/6"}],"replies":[{"embeddable":true,"href":"https:\/\/serveiseducatius.xtec.cat\/urgell\/wp-json\/wp\/v2\/comments?post=23905"}],"version-history":[{"count":5,"href":"https:\/\/serveiseducatius.xtec.cat\/urgell\/wp-json\/wp\/v2\/pages\/23905\/revisions"}],"predecessor-version":[{"id":23931,"href":"https:\/\/serveiseducatius.xtec.cat\/urgell\/wp-json\/wp\/v2\/pages\/23905\/revisions\/23931"}],"up":[{"embeddable":true,"href":"https:\/\/serveiseducatius.xtec.cat\/urgell\/wp-json\/wp\/v2\/pages\/345"}],"wp:attachment":[{"href":"https:\/\/serveiseducatius.xtec.cat\/urgell\/wp-json\/wp\/v2\/media?parent=23905"}],"curies":[{"name":"wp","href":"https:\/\/api.w.org\/{rel}","templated":true}]}}