{"id":20183,"date":"2020-03-31T16:14:22","date_gmt":"2020-03-31T14:14:22","guid":{"rendered":"http:\/\/serveiseducatius.xtec.cat\/urgell\/?page_id=20183"},"modified":"2023-01-16T13:12:17","modified_gmt":"2023-01-16T12:12:17","slug":"ensenyaments-de-regim-especial","status":"publish","type":"page","link":"https:\/\/serveiseducatius.xtec.cat\/urgell\/comunitat\/centres-educatius\/ensenyaments-de-regim-especial\/","title":{"rendered":"Ensenyaments de r\u00e8gim especial"},"content":{"rendered":"<h6><b>T\u00e0rrega. CP 25300<\/b><\/h6>\n<table style=\"height: 257px;\" width=\"575\" cellspacing=\"0\" cellpadding=\"7\">\n<tbody>\n<tr style=\"height: 46px;\" valign=\"top\">\n<td style=\"background: #548dd4 none repeat scroll 0% 0%; height: 46px; width: 105.75px;\" bgcolor=\"#548dd4\">\n<div><span style=\"color: #ffffff;\"><span style=\"font-size: medium;\"><span lang=\"ca-ES\">Centre<\/span><\/span><\/span><\/div>\n<\/td>\n<td style=\"text-align: center; height: 46px; width: 182.367px;\"><a href=\"http:\/\/www.easdondara.com\/\" target=\"_blank\" rel=\"noopener noreferrer\"><strong>Escola d\u00b4Arts i Superior de Disseny Ondara<\/strong><\/a><\/td>\n<td style=\"height: 257px; width: 284.883px;\" rowspan=\"7\">&nbsp;<\/p>\n<p><a href=\"https:\/\/serveiseducatius.xtec.cat\/urgell\/wp-content\/uploads\/usu1142\/2020\/03\/Gra\u0300fica-publicita\u0300ria-e1584622057230.jpg\"><img loading=\"lazy\" decoding=\"async\" class=\"alignnone wp-image-20093\" src=\"https:\/\/serveiseducatius.xtec.cat\/urgell\/wp-content\/uploads\/usu1142\/2020\/03\/Gra\u0300fica-publicita\u0300ria-1024x683.jpg\" alt=\"\" width=\"259\" height=\"173\" \/><\/a><\/td>\n<\/tr>\n<tr style=\"height: 32px;\" valign=\"top\">\n<td style=\"background: #548dd4 none repeat scroll 0% 0%; height: 32px; width: 105.75px;\" bgcolor=\"#548dd4\"><span style=\"color: #ffffff;\"><span style=\"font-size: medium;\"><span lang=\"ca-ES\">Tel\u00e8fon<\/span><\/span><\/span><\/td>\n<td style=\"background: #f2f2f2 none repeat scroll 0% 0%; height: 32px; width: 182.367px;\" bgcolor=\"#f2f2f2\"><span style=\"font-size: medium;\"><span lang=\"ca-ES\">973 31 04 86<br \/>\n<\/span><\/span><\/td>\n<\/tr>\n<tr style=\"height: 32px;\" valign=\"top\">\n<td style=\"background: #548dd4 none repeat scroll 0% 0%; height: 32px; width: 105.75px;\" bgcolor=\"#548dd4\"><span style=\"color: #ffffff; font-size: medium;\">Fax<\/span><\/td>\n<td style=\"height: 32px; width: 182.367px;\"><span style=\"font-size: medium;\"><span lang=\"ca-ES\">973 50 11 83<br \/>\n<\/span><\/span><\/td>\n<\/tr>\n<tr style=\"height: 32px;\" valign=\"top\">\n<td style=\"background: #548dd4 none repeat scroll 0% 0%; height: 32px; width: 105.75px;\" bgcolor=\"#548dd4\"><span style=\"color: #ffffff;\"><span style=\"font-size: medium;\"><span lang=\"ca-ES\">Adre\u00e7a<\/span><\/span><\/span><\/td>\n<td style=\"background: #f2f2f2 none repeat scroll 0% 0%; text-align: left; height: 32px; width: 182.367px;\" bgcolor=\"#f2f2f2\"><span style=\"font-size: medium;\"><span lang=\"ca-ES\">Pl. Centenari, s\/n<br \/>\n<\/span><\/span><\/td>\n<\/tr>\n<tr style=\"height: 32px;\" valign=\"top\">\n<td style=\"background: #548dd4 none repeat scroll 0% 0%; height: 35px; width: 105.75px;\" bgcolor=\"#548dd4\"><span style=\"color: #ffffff;\"><span style=\"font-size: medium;\"><span lang=\"ca-ES\">Titularitat<\/span><\/span><\/span><\/td>\n<td style=\"height: 35px; width: 182.367px;\">P\u00fablica<\/td>\n<\/tr>\n<tr style=\"height: 32px;\" valign=\"top\">\n<td style=\"background: #548dd4 none repeat scroll 0% 0%; height: 32px; width: 105.75px;\" bgcolor=\"#548dd4\"><span style=\"color: #ffffff;\"><span style=\"font-size: medium;\"><span lang=\"ca-ES\">Codi<\/span><\/span><\/span><\/td>\n<td style=\"background: #f2f2f2 none repeat scroll 0% 0%; height: 32px; width: 182.367px;\" bgcolor=\"#f2f2f2\">25 004 528<\/td>\n<\/tr>\n<tr style=\"height: 48px;\" valign=\"top\">\n<td style=\"background: #548dd4 none repeat scroll 0% 0%; height: 48px; width: 105.75px;\" bgcolor=\"#548dd4\"><span style=\"color: #ffffff;\"><span style=\"font-size: medium;\"><span lang=\"ca-ES\">Adre\u00e7a electr\u00f2nica<\/span><\/span><\/span><\/td>\n<td style=\"height: 48px; width: 182.367px;\"><a href=\"mailto:c5004528@xtec.cat\"><span lang=\"ca-ES\">c5004528@xtec.cat<\/span><\/a><\/td>\n<\/tr>\n<\/tbody>\n<\/table>\n<h6><\/h6>\n<table style=\"width: 566px;\" cellspacing=\"0\" cellpadding=\"7\">\n<tbody>\n<tr valign=\"top\">\n<td style=\"width: 99.3833px;\" bgcolor=\"#548dd4\" height=\"5\">\n<div><span style=\"color: #ffffff;\"><strong><span lang=\"ca-ES\">Centre<\/span><\/strong><\/span><\/div>\n<\/td>\n<td style=\"width: 201.017px;\"><strong><a href=\"https:\/\/www.escolamusicatarrega.org\/\" target=\"_blank\" rel=\"noopener noreferrer\">Escola Municipal de M\u00fasica T\u00e0rrega<\/a><\/strong><\/td>\n<td style=\"width: 263.6px;\" rowspan=\"7\"><\/td>\n<\/tr>\n<tr valign=\"top\">\n<td style=\"width: 99.3833px;\" bgcolor=\"#548dd4\" height=\"5\"><span style=\"color: #ffffff;\"><strong><span lang=\"ca-ES\">Tel\u00e8fon<\/span><\/strong><\/span><\/td>\n<td style=\"width: 201.017px;\" bgcolor=\"#f2f2f2\">973 31 29 65<\/td>\n<\/tr>\n<tr valign=\"top\">\n<td style=\"width: 99.3833px;\" bgcolor=\"#548dd4\" height=\"5\"><span style=\"color: #ffffff;\"><strong>Fax<\/strong><\/span><\/td>\n<td style=\"width: 201.017px;\"><\/td>\n<\/tr>\n<tr valign=\"top\">\n<td style=\"width: 99.3833px;\" bgcolor=\"#548dd4\" height=\"5\"><span style=\"color: #ffffff;\"><strong><span lang=\"ca-ES\">Adre\u00e7a<\/span><\/strong><\/span><\/td>\n<td style=\"width: 201.017px;\" bgcolor=\"#f2f2f2\">Avinguda Generalitat, 5<\/td>\n<\/tr>\n<tr valign=\"top\">\n<td style=\"width: 99.3833px;\" bgcolor=\"#548dd4\" height=\"5\"><span style=\"color: #ffffff;\"><strong><span lang=\"ca-ES\">Titularitat<\/span><\/strong><\/span><\/td>\n<td style=\"width: 201.017px;\">P\u00fablica<\/td>\n<\/tr>\n<tr valign=\"top\">\n<td style=\"width: 99.3833px;\" bgcolor=\"#548dd4\" height=\"6\"><span style=\"color: #ffffff;\"><strong><span lang=\"ca-ES\">Codi<\/span><\/strong><\/span><\/td>\n<td style=\"width: 201.017px;\" bgcolor=\"#f2f2f2\">25 006 021<\/td>\n<\/tr>\n<tr valign=\"top\">\n<td style=\"width: 99.3833px;\" bgcolor=\"#548dd4\" height=\"45\"><span style=\"color: #ffffff;\"><strong><span lang=\"ca-ES\">Adre\u00e7a electr\u00f2nica<\/span><\/strong><\/span><\/td>\n<td style=\"width: 201.017px;\"><a href=\"mailto:escolademusica@tarrega.cat\" target=\"_blank\" rel=\"noopener noreferrer\">escolademusica@tarrega.cat<\/a><\/td>\n<\/tr>\n<\/tbody>\n<\/table>\n<h6><\/h6>\n<table style=\"width: 554px;\" cellspacing=\"0\" cellpadding=\"7\">\n<tbody>\n<tr valign=\"top\">\n<td style=\"width: 93.5333px;\" bgcolor=\"#548dd4\" height=\"5\">\n<div><span style=\"color: #ffffff;\"><strong><span lang=\"ca-ES\">Centre<\/span><\/strong><\/span><\/div>\n<\/td>\n<td style=\"width: 205.217px;\"><strong><a href=\"http:\/\/www.eoitarrega.com\/\" target=\"_blank\" rel=\"noopener noreferrer\">Escola Oficiial d&#8217;Idiomes (EOI)<\/a><\/strong><\/td>\n<td style=\"width: 253.25px;\" rowspan=\"7\"><\/td>\n<\/tr>\n<tr valign=\"top\">\n<td style=\"width: 93.5333px;\" bgcolor=\"#548dd4\" height=\"5\"><span style=\"color: #ffffff;\"><strong><span lang=\"ca-ES\">Tel\u00e8fon<\/span><\/strong><\/span><\/td>\n<td style=\"width: 205.217px;\" bgcolor=\"#f2f2f2\">973 31 30 06<\/td>\n<\/tr>\n<tr valign=\"top\">\n<td style=\"width: 93.5333px;\" bgcolor=\"#548dd4\" height=\"5\"><span style=\"color: #ffffff;\"><strong>Fax<\/strong><\/span><\/td>\n<td style=\"width: 205.217px;\"><\/td>\n<\/tr>\n<tr valign=\"top\">\n<td style=\"width: 93.5333px;\" bgcolor=\"#548dd4\" height=\"5\"><span style=\"color: #ffffff;\"><strong><span lang=\"ca-ES\">Adre\u00e7a<\/span><\/strong><\/span><\/td>\n<td style=\"width: 205.217px;\" bgcolor=\"#f2f2f2\">Av. onze de setembre, 4<\/td>\n<\/tr>\n<tr valign=\"top\">\n<td style=\"width: 93.5333px;\" bgcolor=\"#548dd4\" height=\"5\"><span style=\"color: #ffffff;\"><strong><span lang=\"ca-ES\">Titularitat<\/span><\/strong><\/span><\/td>\n<td style=\"width: 205.217px;\">P\u00fablica<\/td>\n<\/tr>\n<tr valign=\"top\">\n<td style=\"width: 93.5333px;\" bgcolor=\"#548dd4\" height=\"6\"><span style=\"color: #ffffff;\"><strong><span lang=\"ca-ES\">Codi<\/span><\/strong><\/span><\/td>\n<td style=\"width: 205.217px;\" bgcolor=\"#f2f2f2\">25 008 546<\/td>\n<\/tr>\n<tr valign=\"top\">\n<td style=\"width: 93.5333px;\" bgcolor=\"#548dd4\" height=\"45\"><span style=\"color: #ffffff;\"><strong><span lang=\"ca-ES\">Adre\u00e7a electr\u00f2nica<\/span><\/strong><\/span><\/td>\n<td style=\"width: 205.217px;\"><a href=\"mailto:eoitarrega@xtec.cat\" target=\"_blank\" rel=\"noopener noreferrer\">eoitarrega@xtec.cat<\/a><\/td>\n<\/tr>\n<\/tbody>\n<\/table>\n<h6><strong>Agramunt CP 25310<\/strong><\/h6>\n<div><\/div>\n<table style=\"height: 248px;\" width=\"575\" cellspacing=\"0\" cellpadding=\"7\">\n<tbody>\n<tr style=\"height: 34px;\" valign=\"top\">\n<td style=\"width: 93.4333px; height: 34px;\" bgcolor=\"#548dd4\" height=\"5\">\n<div><strong><span lang=\"ca-ES\" style=\"color: #ffffff;\">Centre<\/span><\/strong><\/div>\n<\/td>\n<td style=\"width: 209.617px; height: 34px;\"><strong><a href=\"http:\/\/emmagramunt.cat\/\" target=\"_blank\" rel=\"noopener noreferrer\">Escola Municipal de M\u00fasica Agramunt<\/a><\/strong><\/td>\n<td style=\"width: 269.95px; height: 248px;\" rowspan=\"7\"><\/td>\n<\/tr>\n<tr style=\"height: 33px;\" valign=\"top\">\n<td style=\"width: 93.4333px; height: 33px;\" bgcolor=\"#548dd4\" height=\"5\"><strong><span lang=\"ca-ES\" style=\"color: #ffffff;\">Tel\u00e8fon<\/span><\/strong><\/td>\n<td style=\"width: 209.617px; height: 33px;\" bgcolor=\"#f2f2f2\"><span lang=\"ca-ES\"> 973 39 05 36<\/span><\/td>\n<\/tr>\n<tr style=\"height: 33px;\" valign=\"top\">\n<td style=\"width: 93.4333px; height: 33px;\" bgcolor=\"#548dd4\" height=\"5\"><strong><span style=\"color: #ffffff;\">Fax<\/span><\/strong><\/td>\n<td style=\"width: 209.617px; height: 33px;\"><span lang=\"ca-ES\">\u00a0<\/span><\/td>\n<\/tr>\n<tr style=\"height: 33px;\" valign=\"top\">\n<td style=\"width: 93.4333px; height: 33px;\" bgcolor=\"#548dd4\" height=\"5\"><strong><span lang=\"ca-ES\" style=\"color: #ffffff;\">Adre\u00e7a<\/span><\/strong><\/td>\n<td style=\"width: 209.617px; height: 33px;\" bgcolor=\"#f2f2f2\"><span lang=\"ca-ES\"> Carrer Ensenyament, 17<\/span><\/td>\n<\/tr>\n<tr style=\"height: 33px;\" valign=\"top\">\n<td style=\"width: 93.4333px; height: 33px;\" bgcolor=\"#548dd4\" height=\"5\"><strong><span lang=\"ca-ES\" style=\"color: #ffffff;\">Titularitat<\/span><\/strong><\/td>\n<td style=\"width: 209.617px; height: 33px;\">P\u00fablica<\/td>\n<\/tr>\n<tr style=\"height: 33px;\" valign=\"top\">\n<td style=\"width: 93.4333px; height: 33px;\" bgcolor=\"#548dd4\" height=\"6\"><strong><span lang=\"ca-ES\" style=\"color: #ffffff;\">Codi<\/span><\/strong><\/td>\n<td style=\"width: 209.617px; height: 33px;\" bgcolor=\"#f2f2f2\">25 006 434<\/td>\n<\/tr>\n<tr style=\"height: 49px;\" valign=\"top\">\n<td style=\"width: 93.4333px; height: 49px;\" bgcolor=\"#548dd4\" height=\"45\"><strong><span lang=\"ca-ES\" style=\"color: #ffffff;\">Adre\u00e7a electr\u00f2nica<\/span><\/strong><\/td>\n<td style=\"width: 209.617px; height: 49px;\"><a href=\"mailto:emmagramunt@agramunt.cat\" target=\"_blank\" rel=\"noopener noreferrer\">emmagramunt<span class=\"\">@agramunt.cat<\/span>\u00a0<\/a><\/td>\n<\/tr>\n<\/tbody>\n<\/table>\n<h6><strong>Bellpuig CP 25250<\/strong><\/h6>\n<div><\/div>\n<table style=\"height: 254px;\" width=\"575\" cellspacing=\"0\" cellpadding=\"7\">\n<tbody>\n<tr style=\"height: 34px;\" valign=\"top\">\n<td style=\"width: 113px; height: 34px;\" bgcolor=\"#548dd4\" height=\"5\">\n<div><strong><span lang=\"ca-ES\" style=\"color: #ffffff;\">Centre<\/span><\/strong><\/div>\n<\/td>\n<td style=\"width: 178px; height: 34px;\"><strong><a href=\"http:\/\/emmb.entitatsbellpuig.cat\/Home\/_H4QS29qxa70nldjNTKEy3UoSR91C4oEVh7YZD75uMl-pISfwhuqj3Q\" target=\"_blank\" rel=\"noopener noreferrer\">Escola Municipal de M\u00fasica Bellpuig<\/a><\/strong><\/td>\n<td style=\"width: 282px; height: 254px;\" rowspan=\"7\"><\/td>\n<\/tr>\n<tr style=\"height: 34px;\" valign=\"top\">\n<td style=\"width: 113px; height: 34px;\" bgcolor=\"#548dd4\" height=\"5\"><strong><span lang=\"ca-ES\" style=\"color: #ffffff;\">Tel\u00e8fon<\/span><\/strong><\/td>\n<td style=\"width: 178px; height: 34px;\" bgcolor=\"#f2f2f2\">973 33 70 46<\/td>\n<\/tr>\n<tr style=\"height: 34px;\" valign=\"top\">\n<td style=\"width: 113px; height: 34px;\" bgcolor=\"#548dd4\" height=\"5\"><strong><span style=\"color: #ffffff;\">Fax<\/span><\/strong><\/td>\n<td style=\"width: 178px; height: 34px;\"><\/td>\n<\/tr>\n<tr style=\"height: 34px;\" valign=\"top\">\n<td style=\"width: 113px; height: 34px;\" bgcolor=\"#548dd4\" height=\"5\"><strong><span lang=\"ca-ES\" style=\"color: #ffffff;\">Adre\u00e7a<\/span><\/strong><\/td>\n<td style=\"width: 178px; height: 34px;\" bgcolor=\"#f2f2f2\">Carrer Castell, sn<\/td>\n<\/tr>\n<tr style=\"height: 34px;\" valign=\"top\">\n<td style=\"width: 113px; height: 34px;\" bgcolor=\"#548dd4\" height=\"5\"><strong><span lang=\"ca-ES\" style=\"color: #ffffff;\">Titularitat<\/span><\/strong><\/td>\n<td style=\"width: 178px; height: 34px;\">P\u00fablica<\/td>\n<\/tr>\n<tr style=\"height: 34px;\" valign=\"top\">\n<td style=\"width: 113px; height: 34px;\" bgcolor=\"#548dd4\" height=\"6\"><strong><span lang=\"ca-ES\" style=\"color: #ffffff;\">Codi<\/span><\/strong><\/td>\n<td style=\"width: 178px; height: 34px;\" bgcolor=\"#f2f2f2\"><\/td>\n<\/tr>\n<tr style=\"height: 50px;\" valign=\"top\">\n<td style=\"width: 113px; height: 50px;\" bgcolor=\"#548dd4\" height=\"45\"><strong><span lang=\"ca-ES\" style=\"color: #ffffff;\">Adre\u00e7a electr\u00f2nica<\/span><\/strong><\/td>\n<td style=\"width: 178px; height: 50px;\"><a href=\"mailto:emmbdir@bellpuig.cat\" target=\"_blank\" rel=\"noopener noreferrer\">emmbdir@bellpuig.cat<\/a><\/td>\n<\/tr>\n<\/tbody>\n<\/table>\n<p>&nbsp;<\/p>\n","protected":false},"excerpt":{"rendered":"<p>T\u00e0rrega. CP 25300 Centre Escola d\u00b4Arts i Superior de Disseny Ondara &nbsp; Tel\u00e8fon 973 31 04 86 Fax 973 50 11 83 Adre\u00e7a Pl. Centenari, s\/n Titularitat P\u00fablica Codi 25 004 528 Adre\u00e7a electr\u00f2nica c5004528@xtec.cat Centre Escola Municipal de M\u00fasica T\u00e0rrega Tel\u00e8fon 973 31 29 65 Fax Adre\u00e7a Avinguda Generalitat, 5 Titularitat P\u00fablica Codi 25 [&hellip;]<\/p>\n","protected":false},"author":6,"featured_media":0,"parent":338,"menu_order":50,"comment_status":"closed","ping_status":"closed","template":"","meta":{"_bbp_topic_count":0,"_bbp_reply_count":0,"_bbp_total_topic_count":0,"_bbp_total_reply_count":0,"_bbp_voice_count":0,"_bbp_anonymous_reply_count":0,"_bbp_topic_count_hidden":0,"_bbp_reply_count_hidden":0,"_bbp_forum_subforum_count":0,"site-sidebar-layout":"default","site-content-layout":"","ast-site-content-layout":"","site-content-style":"default","site-sidebar-style":"default","ast-global-header-display":"","ast-banner-title-visibility":"","ast-main-header-display":"","ast-hfb-above-header-display":"","ast-hfb-below-header-display":"","ast-hfb-mobile-header-display":"","site-post-title":"","ast-breadcrumbs-content":"","ast-featured-img":"","footer-sml-layout":"","theme-transparent-header-meta":"","adv-header-id-meta":"","stick-header-meta":"","header-above-stick-meta":"","header-main-stick-meta":"","header-below-stick-meta":"","astra-migrate-meta-layouts":"default","ast-page-background-enabled":"default","ast-page-background-meta":{"desktop":{"background-color":"var(--ast-global-color-4)","background-image":"","background-repeat":"repeat","background-position":"center center","background-size":"auto","background-attachment":"scroll","background-type":"","background-media":"","overlay-type":"","overlay-color":"","overlay-opacity":"","overlay-gradient":""},"tablet":{"background-color":"","background-image":"","background-repeat":"repeat","background-position":"center center","background-size":"auto","background-attachment":"scroll","background-type":"","background-media":"","overlay-type":"","overlay-color":"","overlay-opacity":"","overlay-gradient":""},"mobile":{"background-color":"","background-image":"","background-repeat":"repeat","background-position":"center center","background-size":"auto","background-attachment":"scroll","background-type":"","background-media":"","overlay-type":"","overlay-color":"","overlay-opacity":"","overlay-gradient":""}},"ast-content-background-meta":{"desktop":{"background-color":"var(--ast-global-color-5)","background-image":"","background-repeat":"repeat","background-position":"center center","background-size":"auto","background-attachment":"scroll","background-type":"","background-media":"","overlay-type":"","overlay-color":"","overlay-opacity":"","overlay-gradient":""},"tablet":{"background-color":"var(--ast-global-color-5)","background-image":"","background-repeat":"repeat","background-position":"center center","background-size":"auto","background-attachment":"scroll","background-type":"","background-media":"","overlay-type":"","overlay-color":"","overlay-opacity":"","overlay-gradient":""},"mobile":{"background-color":"var(--ast-global-color-5)","background-image":"","background-repeat":"repeat","background-position":"center center","background-size":"auto","background-attachment":"scroll","background-type":"","background-media":"","overlay-type":"","overlay-color":"","overlay-opacity":"","overlay-gradient":""}},"footnotes":""},"class_list":["post-20183","page","type-page","status-publish","hentry"],"post_mailing_queue_ids":[],"_links":{"self":[{"href":"https:\/\/serveiseducatius.xtec.cat\/urgell\/wp-json\/wp\/v2\/pages\/20183","targetHints":{"allow":["GET"]}}],"collection":[{"href":"https:\/\/serveiseducatius.xtec.cat\/urgell\/wp-json\/wp\/v2\/pages"}],"about":[{"href":"https:\/\/serveiseducatius.xtec.cat\/urgell\/wp-json\/wp\/v2\/types\/page"}],"author":[{"embeddable":true,"href":"https:\/\/serveiseducatius.xtec.cat\/urgell\/wp-json\/wp\/v2\/users\/6"}],"replies":[{"embeddable":true,"href":"https:\/\/serveiseducatius.xtec.cat\/urgell\/wp-json\/wp\/v2\/comments?post=20183"}],"version-history":[{"count":3,"href":"https:\/\/serveiseducatius.xtec.cat\/urgell\/wp-json\/wp\/v2\/pages\/20183\/revisions"}],"predecessor-version":[{"id":20539,"href":"https:\/\/serveiseducatius.xtec.cat\/urgell\/wp-json\/wp\/v2\/pages\/20183\/revisions\/20539"}],"up":[{"embeddable":true,"href":"https:\/\/serveiseducatius.xtec.cat\/urgell\/wp-json\/wp\/v2\/pages\/338"}],"wp:attachment":[{"href":"https:\/\/serveiseducatius.xtec.cat\/urgell\/wp-json\/wp\/v2\/media?parent=20183"}],"curies":[{"name":"wp","href":"https:\/\/api.w.org\/{rel}","templated":true}]}}