{"id":20096,"date":"2020-03-19T13:57:54","date_gmt":"2020-03-19T12:57:54","guid":{"rendered":"http:\/\/serveiseducatius.xtec.cat\/urgell\/?page_id=20096"},"modified":"2020-10-20T11:57:39","modified_gmt":"2020-10-20T09:57:39","slug":"altres-centres-educatius","status":"publish","type":"page","link":"https:\/\/serveiseducatius.xtec.cat\/urgell\/comunitat\/centres-educatius\/altres-centres-educatius\/","title":{"rendered":"Altres centres educatius"},"content":{"rendered":"<h6><strong>T\u00e0rrega CP 25300<\/strong><span style=\"color: #333399;\"><b><span style=\"color: #4f81bd;\"><br \/>\n<\/span><\/b><\/span><\/h6>\n<div><\/div>\n<table style=\"height: 247px;\" width=\"575\" cellspacing=\"0\" cellpadding=\"7\">\n<tbody>\n<tr style=\"height: 33px;\" valign=\"top\">\n<td style=\"background: #548dd4 none repeat scroll 0% 0%; height: 33px; width: 105.367px;\" bgcolor=\"#548dd4\" height=\"5\">\n<div><span style=\"color: #ffffff;\"><span style=\"font-size: medium;\"><span lang=\"ca-ES\">Centre<\/span><\/span><\/span><\/div>\n<\/td>\n<td style=\"text-align: center; height: 33px; width: 182.633px;\"><strong><a href=\"https:\/\/agora.xtec.cat\/cfatarrega\/\" target=\"_blank\" rel=\"noopener noreferrer\">CFA T\u00e0rrega<\/a><\/strong><\/td>\n<td style=\"height: 247px; width: 285px;\" rowspan=\"7\">&nbsp;<\/p>\n<p><a href=\"https:\/\/serveiseducatius.xtec.cat\/urgell\/wp-content\/uploads\/usu1142\/2020\/03\/cfa-e1584724028545.png\"><img loading=\"lazy\" decoding=\"async\" class=\"size-full wp-image-20140 aligncenter\" src=\"https:\/\/serveiseducatius.xtec.cat\/urgell\/wp-content\/uploads\/usu1142\/2020\/03\/cfa-e1584724028545.png\" alt=\"\" width=\"300\" height=\"171\" \/><\/a><\/td>\n<\/tr>\n<tr style=\"height: 33px;\" valign=\"top\">\n<td style=\"background: #548dd4 none repeat scroll 0% 0%; height: 33px; width: 105.367px;\" bgcolor=\"#548dd4\" height=\"5\"><span style=\"color: #ffffff;\"><span style=\"font-size: medium;\"><span lang=\"ca-ES\">Tel\u00e8fon<\/span><\/span><\/span><\/td>\n<td style=\"background: #f2f2f2 none repeat scroll 0% 0%; height: 33px; width: 182.633px;\" bgcolor=\"#f2f2f2\">973 50 17 12<\/td>\n<\/tr>\n<tr style=\"height: 33px;\" valign=\"top\">\n<td style=\"background: #548dd4 none repeat scroll 0% 0%; height: 33px; width: 105.367px;\" bgcolor=\"#548dd4\" height=\"5\"><span style=\"color: #ffffff; font-size: medium;\">Fax<\/span><\/td>\n<td style=\"height: 33px; width: 182.633px;\"><\/td>\n<\/tr>\n<tr style=\"height: 33px;\" valign=\"top\">\n<td style=\"background: #548dd4 none repeat scroll 0% 0%; height: 33px; width: 105.367px;\" bgcolor=\"#548dd4\" height=\"5\"><span style=\"color: #ffffff;\"><span style=\"font-size: medium;\"><span lang=\"ca-ES\">Adre\u00e7a<\/span><\/span><\/span><\/td>\n<td style=\"background: #f2f2f2 none repeat scroll 0% 0%; text-align: left; height: 33px; width: 182.633px;\" bgcolor=\"#f2f2f2\">Carrer de la pau, sn<\/td>\n<\/tr>\n<tr style=\"height: 33px;\" valign=\"top\">\n<td style=\"background: #548dd4 none repeat scroll 0% 0%; height: 33px; width: 105.367px;\" bgcolor=\"#548dd4\" height=\"5\"><span style=\"color: #ffffff;\"><span style=\"font-size: medium;\"><span lang=\"ca-ES\">Titularitat<\/span><\/span><\/span><\/td>\n<td style=\"height: 33px; width: 182.633px;\">P\u00fablica<\/td>\n<\/tr>\n<tr style=\"height: 33px;\" valign=\"top\">\n<td style=\"background: #548dd4 none repeat scroll 0% 0%; height: 33px; width: 105.367px;\" bgcolor=\"#548dd4\" height=\"6\"><span style=\"color: #ffffff;\"><span style=\"font-size: medium;\"><span lang=\"ca-ES\">Codi<\/span><\/span><\/span><\/td>\n<td style=\"background: #f2f2f2 none repeat scroll 0% 0%; height: 33px; width: 182.633px;\" bgcolor=\"#f2f2f2\">25 008 595<\/td>\n<\/tr>\n<tr style=\"height: 49px;\" valign=\"top\">\n<td style=\"background: #548dd4 none repeat scroll 0% 0%; height: 49px; width: 105.367px;\" bgcolor=\"#548dd4\" height=\"45\"><span style=\"color: #ffffff;\"><span style=\"font-size: medium;\"><span lang=\"ca-ES\">Adre\u00e7a electr\u00f2nica<\/span><\/span><\/span><\/td>\n<td style=\"height: 49px; width: 182.633px;\"><a href=\"mailto:cfatarrega@xtec.cat\">cfatarrega@xtec.cat<\/a><\/td>\n<\/tr>\n<\/tbody>\n<\/table>\n<table style=\"height: 247px;\" width=\"575\" cellspacing=\"0\" cellpadding=\"7\">\n<tbody>\n<tr style=\"height: 33px;\" valign=\"top\">\n<td style=\"background: #548dd4 none repeat scroll 0% 0%; height: 33px; width: 104.417px;\" bgcolor=\"#548dd4\" height=\"5\">\n<div><span style=\"color: #ffffff;\"><span style=\"font-size: medium;\"><span lang=\"ca-ES\">Centre<\/span><\/span><\/span><\/div>\n<\/td>\n<td style=\"text-align: center; width: 193.267px;\"><strong><a href=\"https:\/\/www.tarrega.cat\/la-solana\" target=\"_blank\" rel=\"noopener noreferrer\">\u00a0\u00a0\u00a0 Centre de Formaci\u00f3 \u00a0 \u00a0 \u00a0 \u00a0 La Solana<\/a><\/strong><\/td>\n<td style=\"height: 247px; width: 275.317px;\" rowspan=\"7\"><a href=\"https:\/\/serveiseducatius.xtec.cat\/urgell\/wp-content\/uploads\/usu1142\/2020\/03\/Solana-web.png\"><img loading=\"lazy\" decoding=\"async\" class=\"alignnone size-full wp-image-20152\" src=\"https:\/\/serveiseducatius.xtec.cat\/urgell\/wp-content\/uploads\/usu1142\/2020\/03\/Solana-web.png\" alt=\"\" width=\"300\" height=\"270\" \/><\/a><\/td>\n<\/tr>\n<tr style=\"height: 33px;\" valign=\"top\">\n<td style=\"background: #548dd4 none repeat scroll 0% 0%; height: 33px; width: 104.417px;\" bgcolor=\"#548dd4\" height=\"5\"><span style=\"color: #ffffff;\"><span style=\"font-size: medium;\"><span lang=\"ca-ES\">Tel\u00e8fon<\/span><\/span><\/span><\/td>\n<td style=\"background: #f2f2f2 none repeat scroll 0% 0%; height: 33px; width: 193.267px;\" bgcolor=\"#f2f2f2\">973 31 02 47<\/td>\n<\/tr>\n<tr style=\"height: 33px;\" valign=\"top\">\n<td style=\"background: #548dd4 none repeat scroll 0% 0%; height: 33px; width: 104.417px;\" bgcolor=\"#548dd4\" height=\"5\"><span style=\"color: #ffffff; font-size: medium;\">Fax<\/span><\/td>\n<td style=\"height: 33px; width: 193.267px;\">973 31 41 09<\/td>\n<\/tr>\n<tr style=\"height: 33px;\" valign=\"top\">\n<td style=\"background: #548dd4 none repeat scroll 0% 0%; height: 33px; width: 104.417px;\" bgcolor=\"#548dd4\" height=\"5\"><span style=\"color: #ffffff;\"><span style=\"font-size: medium;\"><span lang=\"ca-ES\">Adre\u00e7a<\/span><\/span><\/span><\/td>\n<td style=\"background: #f2f2f2 none repeat scroll 0% 0%; text-align: left; height: 33px; width: 193.267px;\" bgcolor=\"#f2f2f2\">Carrer de La Solana s\/n<\/td>\n<\/tr>\n<tr style=\"height: 33px;\" valign=\"top\">\n<td style=\"background: #548dd4 none repeat scroll 0% 0%; height: 33px; width: 104.417px;\" bgcolor=\"#548dd4\" height=\"5\"><span style=\"color: #ffffff;\"><span style=\"font-size: medium;\"><span lang=\"ca-ES\">Titularitat<\/span><\/span><\/span><\/td>\n<td style=\"height: 33px; width: 193.267px;\">P\u00fablica<\/td>\n<\/tr>\n<tr style=\"height: 33px;\" valign=\"top\">\n<td style=\"background: #548dd4 none repeat scroll 0% 0%; height: 33px; width: 104.417px;\" bgcolor=\"#548dd4\" height=\"6\"><span style=\"color: #ffffff;\"><span style=\"font-size: medium;\"><span lang=\"ca-ES\">Codi<\/span><\/span><\/span><\/td>\n<td style=\"background: #f2f2f2 none repeat scroll 0% 0%; height: 33px; width: 193.267px;\" bgcolor=\"#f2f2f2\">25 960 026<\/td>\n<\/tr>\n<tr style=\"height: 49px;\" valign=\"top\">\n<td style=\"background: #548dd4 none repeat scroll 0% 0%; height: 49px; width: 104.417px;\" bgcolor=\"#548dd4\" height=\"45\"><span style=\"color: #ffffff;\"><span style=\"font-size: medium;\"><span lang=\"ca-ES\">Adre\u00e7a electr\u00f2nica<\/span><\/span><\/span><\/td>\n<td style=\"height: 49px; width: 193.267px;\"><a href=\"mailto:centreformacio@tarrega.cat\" target=\"_blank\" rel=\"noopener noreferrer\">centreformacio@tarrega.cat<\/a><\/td>\n<\/tr>\n<\/tbody>\n<\/table>\n<div><\/div>\n<div><\/div>\n<table style=\"height: 247px;\" width=\"575\" cellspacing=\"0\" cellpadding=\"7\">\n<tbody>\n<tr style=\"height: 33px;\" valign=\"top\">\n<td style=\"background: #548dd4 none repeat scroll 0% 0%; height: 33px; width: 105.75px;\" bgcolor=\"#548dd4\" height=\"5\">\n<div><span style=\"color: #ffffff;\"><span style=\"font-size: medium;\"><span lang=\"ca-ES\">Centre<\/span><\/span><\/span><\/div>\n<\/td>\n<td style=\"text-align: center; height: 33px; width: 182.367px;\"><strong><a href=\"https:\/\/sites.google.com\/site\/pqpipttmollerussa\/\" target=\"_blank\" rel=\"noopener noreferrer\">PFI-PTT<\/a><\/strong><\/td>\n<td style=\"height: 247px; width: 284.883px;\" rowspan=\"7\"><\/td>\n<\/tr>\n<tr style=\"height: 33px;\" valign=\"top\">\n<td style=\"background: #548dd4 none repeat scroll 0% 0%; height: 33px; width: 105.75px;\" bgcolor=\"#548dd4\" height=\"5\"><span style=\"color: #ffffff;\"><span style=\"font-size: medium;\"><span lang=\"ca-ES\">Tel\u00e8fon<\/span><\/span><\/span><\/td>\n<td style=\"background: #f2f2f2 none repeat scroll 0% 0%; height: 33px; width: 182.367px;\" bgcolor=\"#f2f2f2\">973 31 29 45<\/td>\n<\/tr>\n<tr style=\"height: 33px;\" valign=\"top\">\n<td style=\"background: #548dd4 none repeat scroll 0% 0%; height: 33px; width: 105.75px;\" bgcolor=\"#548dd4\" height=\"5\"><span style=\"color: #ffffff; font-size: medium;\">Fax<\/span><\/td>\n<td style=\"height: 33px; width: 182.367px;\"><\/td>\n<\/tr>\n<tr style=\"height: 33px;\" valign=\"top\">\n<td style=\"background: #548dd4 none repeat scroll 0% 0%; height: 33px; width: 105.75px;\" bgcolor=\"#548dd4\" height=\"5\"><span style=\"color: #ffffff;\"><span style=\"font-size: medium;\"><span lang=\"ca-ES\">Adre\u00e7a<\/span><\/span><\/span><\/td>\n<td style=\"background: #f2f2f2 none repeat scroll 0% 0%; text-align: left; height: 33px; width: 182.367px;\" bgcolor=\"#f2f2f2\">Carrer de la pau, s\/n<\/td>\n<\/tr>\n<tr style=\"height: 33px;\" valign=\"top\">\n<td style=\"background: #548dd4 none repeat scroll 0% 0%; height: 33px; width: 105.75px;\" bgcolor=\"#548dd4\" height=\"5\"><span style=\"color: #ffffff;\"><span style=\"font-size: medium;\"><span lang=\"ca-ES\">Titularitat<\/span><\/span><\/span><\/td>\n<td style=\"height: 33px; width: 182.367px;\">P\u00fablica<\/td>\n<\/tr>\n<tr style=\"height: 33px;\" valign=\"top\">\n<td style=\"background: #548dd4 none repeat scroll 0% 0%; height: 33px; width: 105.75px;\" bgcolor=\"#548dd4\" height=\"6\"><span style=\"color: #ffffff;\"><span style=\"font-size: medium;\"><span lang=\"ca-ES\">Codi<\/span><\/span><\/span><\/td>\n<td style=\"background: #f2f2f2 none repeat scroll 0% 0%; height: 33px; width: 182.367px;\" bgcolor=\"#f2f2f2\">25 960 016<\/td>\n<\/tr>\n<tr style=\"height: 49px;\" valign=\"top\">\n<td style=\"background: #548dd4 none repeat scroll 0% 0%; height: 49px; width: 105.75px;\" bgcolor=\"#548dd4\" height=\"45\"><span style=\"color: #ffffff;\"><span style=\"font-size: medium;\"><span lang=\"ca-ES\">Adre\u00e7a electr\u00f2nica<\/span><\/span><\/span><\/td>\n<td style=\"height: 49px; width: 182.367px;\"><a href=\"mailto:c5960016@xtec.cat\" target=\"_blank\" rel=\"noopener noreferrer\">c5960016@xtec.cat<\/a><\/td>\n<\/tr>\n<\/tbody>\n<\/table>\n<div><\/div>\n<div><\/div>\n<table style=\"height: 247px; width: 561px;\" width=\"575\" cellspacing=\"0\" cellpadding=\"7\">\n<tbody>\n<tr style=\"height: 33px;\" valign=\"top\">\n<td style=\"background: #548dd4 none repeat scroll 0% 0%; height: 33px; width: 103.95px;\" bgcolor=\"#548dd4\" height=\"5\">\n<div><span style=\"color: #ffffff;\"><span style=\"font-size: medium;\"><span lang=\"ca-ES\">Centre<\/span><\/span><\/span><\/div>\n<\/td>\n<td style=\"text-align: center; height: 33px; width: 186.9px;\"><strong>UEC<\/strong><\/td>\n<td style=\"height: 247px; width: 268.15px;\" rowspan=\"7\"><\/td>\n<\/tr>\n<tr style=\"height: 33px;\" valign=\"top\">\n<td style=\"background: #548dd4 none repeat scroll 0% 0%; height: 33px; width: 103.95px;\" bgcolor=\"#548dd4\" height=\"5\"><span style=\"color: #ffffff;\"><span style=\"font-size: medium;\"><span lang=\"ca-ES\">Tel\u00e8fon<\/span><\/span><\/span><\/td>\n<td style=\"background: #f2f2f2 none repeat scroll 0% 0%; height: 33px; width: 186.9px;\" bgcolor=\"#f2f2f2\">973 50 18 01<\/td>\n<\/tr>\n<tr style=\"height: 33px;\" valign=\"top\">\n<td style=\"background: #548dd4 none repeat scroll 0% 0%; height: 33px; width: 103.95px;\" bgcolor=\"#548dd4\" height=\"5\"><span style=\"color: #ffffff; font-size: medium;\">Fax<\/span><\/td>\n<td style=\"height: 33px; width: 186.9px;\"><\/td>\n<\/tr>\n<tr style=\"height: 33px;\" valign=\"top\">\n<td style=\"background: #548dd4 none repeat scroll 0% 0%; height: 33px; width: 103.95px;\" bgcolor=\"#548dd4\" height=\"5\"><span style=\"color: #ffffff;\"><span style=\"font-size: medium;\"><span lang=\"ca-ES\">Adre\u00e7a<\/span><\/span><\/span><\/td>\n<td style=\"background: #f2f2f2 none repeat scroll 0% 0%; text-align: left; height: 33px; width: 186.9px;\" bgcolor=\"#f2f2f2\">Carrer de la pau, s\/n<\/td>\n<\/tr>\n<tr style=\"height: 33px;\" valign=\"top\">\n<td style=\"background: #548dd4 none repeat scroll 0% 0%; height: 33px; width: 103.95px;\" bgcolor=\"#548dd4\" height=\"5\"><span style=\"color: #ffffff;\"><span style=\"font-size: medium;\"><span lang=\"ca-ES\">Titularitat<\/span><\/span><\/span><\/td>\n<td style=\"height: 33px; width: 186.9px;\">P\u00fablica<\/td>\n<\/tr>\n<tr style=\"height: 33px;\" valign=\"top\">\n<td style=\"background: #548dd4 none repeat scroll 0% 0%; height: 33px; width: 103.95px;\" bgcolor=\"#548dd4\" height=\"6\"><span style=\"color: #ffffff;\"><span style=\"font-size: medium;\"><span lang=\"ca-ES\">Codi<\/span><\/span><\/span><\/td>\n<td style=\"background: #f2f2f2 none repeat scroll 0% 0%; height: 33px; width: 186.9px;\" bgcolor=\"#f2f2f2\"><\/td>\n<\/tr>\n<tr style=\"height: 49px;\" valign=\"top\">\n<td style=\"background: #548dd4 none repeat scroll 0% 0%; height: 49px; width: 103.95px;\" bgcolor=\"#548dd4\" height=\"45\"><span style=\"color: #ffffff;\"><span style=\"font-size: medium;\"><span lang=\"ca-ES\">Adre\u00e7a electr\u00f2nica<\/span><\/span><\/span><\/td>\n<td style=\"height: 49px; width: 186.9px;\"><a href=\"mailto:uectarrega@sinergia.org\" target=\"_blank\" rel=\"noopener noreferrer\">uectarrega@sinergia.org<\/a><\/td>\n<\/tr>\n<\/tbody>\n<\/table>\n<p>&nbsp;<\/p>\n<p>&nbsp;<\/p>\n","protected":false},"excerpt":{"rendered":"<p>T\u00e0rrega CP 25300 Centre CFA T\u00e0rrega &nbsp; Tel\u00e8fon 973 50 17 12 Fax Adre\u00e7a Carrer de la pau, sn Titularitat P\u00fablica Codi 25 008 595 Adre\u00e7a electr\u00f2nica cfatarrega@xtec.cat Centre \u00a0\u00a0\u00a0 Centre de Formaci\u00f3 \u00a0 \u00a0 \u00a0 \u00a0 La Solana Tel\u00e8fon 973 31 02 47 Fax 973 31 41 09 Adre\u00e7a Carrer de La Solana s\/n [&hellip;]<\/p>\n","protected":false},"author":6,"featured_media":0,"parent":338,"menu_order":60,"comment_status":"closed","ping_status":"closed","template":"","meta":{"_bbp_topic_count":0,"_bbp_reply_count":0,"_bbp_total_topic_count":0,"_bbp_total_reply_count":0,"_bbp_voice_count":0,"_bbp_anonymous_reply_count":0,"_bbp_topic_count_hidden":0,"_bbp_reply_count_hidden":0,"_bbp_forum_subforum_count":0,"site-sidebar-layout":"default","site-content-layout":"","ast-site-content-layout":"","site-content-style":"default","site-sidebar-style":"default","ast-global-header-display":"","ast-banner-title-visibility":"","ast-main-header-display":"","ast-hfb-above-header-display":"","ast-hfb-below-header-display":"","ast-hfb-mobile-header-display":"","site-post-title":"","ast-breadcrumbs-content":"","ast-featured-img":"","footer-sml-layout":"","theme-transparent-header-meta":"","adv-header-id-meta":"","stick-header-meta":"","header-above-stick-meta":"","header-main-stick-meta":"","header-below-stick-meta":"","astra-migrate-meta-layouts":"default","ast-page-background-enabled":"default","ast-page-background-meta":{"desktop":{"background-color":"var(--ast-global-color-4)","background-image":"","background-repeat":"repeat","background-position":"center center","background-size":"auto","background-attachment":"scroll","background-type":"","background-media":"","overlay-type":"","overlay-color":"","overlay-opacity":"","overlay-gradient":""},"tablet":{"background-color":"","background-image":"","background-repeat":"repeat","background-position":"center center","background-size":"auto","background-attachment":"scroll","background-type":"","background-media":"","overlay-type":"","overlay-color":"","overlay-opacity":"","overlay-gradient":""},"mobile":{"background-color":"","background-image":"","background-repeat":"repeat","background-position":"center center","background-size":"auto","background-attachment":"scroll","background-type":"","background-media":"","overlay-type":"","overlay-color":"","overlay-opacity":"","overlay-gradient":""}},"ast-content-background-meta":{"desktop":{"background-color":"var(--ast-global-color-5)","background-image":"","background-repeat":"repeat","background-position":"center center","background-size":"auto","background-attachment":"scroll","background-type":"","background-media":"","overlay-type":"","overlay-color":"","overlay-opacity":"","overlay-gradient":""},"tablet":{"background-color":"var(--ast-global-color-5)","background-image":"","background-repeat":"repeat","background-position":"center center","background-size":"auto","background-attachment":"scroll","background-type":"","background-media":"","overlay-type":"","overlay-color":"","overlay-opacity":"","overlay-gradient":""},"mobile":{"background-color":"var(--ast-global-color-5)","background-image":"","background-repeat":"repeat","background-position":"center center","background-size":"auto","background-attachment":"scroll","background-type":"","background-media":"","overlay-type":"","overlay-color":"","overlay-opacity":"","overlay-gradient":""}},"footnotes":""},"class_list":["post-20096","page","type-page","status-publish","hentry"],"post_mailing_queue_ids":[],"_links":{"self":[{"href":"https:\/\/serveiseducatius.xtec.cat\/urgell\/wp-json\/wp\/v2\/pages\/20096","targetHints":{"allow":["GET"]}}],"collection":[{"href":"https:\/\/serveiseducatius.xtec.cat\/urgell\/wp-json\/wp\/v2\/pages"}],"about":[{"href":"https:\/\/serveiseducatius.xtec.cat\/urgell\/wp-json\/wp\/v2\/types\/page"}],"author":[{"embeddable":true,"href":"https:\/\/serveiseducatius.xtec.cat\/urgell\/wp-json\/wp\/v2\/users\/6"}],"replies":[{"embeddable":true,"href":"https:\/\/serveiseducatius.xtec.cat\/urgell\/wp-json\/wp\/v2\/comments?post=20096"}],"version-history":[{"count":4,"href":"https:\/\/serveiseducatius.xtec.cat\/urgell\/wp-json\/wp\/v2\/pages\/20096\/revisions"}],"predecessor-version":[{"id":20540,"href":"https:\/\/serveiseducatius.xtec.cat\/urgell\/wp-json\/wp\/v2\/pages\/20096\/revisions\/20540"}],"up":[{"embeddable":true,"href":"https:\/\/serveiseducatius.xtec.cat\/urgell\/wp-json\/wp\/v2\/pages\/338"}],"wp:attachment":[{"href":"https:\/\/serveiseducatius.xtec.cat\/urgell\/wp-json\/wp\/v2\/media?parent=20096"}],"curies":[{"name":"wp","href":"https:\/\/api.w.org\/{rel}","templated":true}]}}