{"id":1314,"date":"2016-03-15T10:23:40","date_gmt":"2016-03-15T09:23:40","guid":{"rendered":"http:\/\/serveiseducatius.xtec.cat\/urgell\/?page_id=1314"},"modified":"2025-12-16T13:43:01","modified_gmt":"2025-12-16T12:43:01","slug":"calendari-pfz","status":"publish","type":"page","link":"https:\/\/serveiseducatius.xtec.cat\/urgell\/formacio\/calendari-pfz\/","title":{"rendered":"Calendari PFZ"},"content":{"rendered":"<div><a href=\"https:\/\/serveiseducatius.xtec.cat\/urgell\/wp-content\/uploads\/usu1142\/2025\/09\/calendari-formacio-25_26.png\"><img loading=\"lazy\" decoding=\"async\" class=\"wp-image-24739 aligncenter\" src=\"https:\/\/serveiseducatius.xtec.cat\/urgell\/wp-content\/uploads\/usu1142\/2025\/09\/calendari-formacio-25_26.png\" alt=\"\" width=\"732\" height=\"437\" srcset=\"https:\/\/serveiseducatius.xtec.cat\/urgell\/wp-content\/uploads\/usu1142\/2025\/09\/calendari-formacio-25_26.png 831w, https:\/\/serveiseducatius.xtec.cat\/urgell\/wp-content\/uploads\/usu1142\/2025\/09\/calendari-formacio-25_26-300x179.png 300w, https:\/\/serveiseducatius.xtec.cat\/urgell\/wp-content\/uploads\/usu1142\/2025\/09\/calendari-formacio-25_26-768x458.png 768w\" sizes=\"auto, (max-width: 732px) 100vw, 732px\" \/><\/a><\/div>\n<div>\u00a0<\/div>\n<div>\n<table style=\"border-collapse: collapse; width: 100%;\">\n<tbody>\n<tr>\n<td style=\"width: 23.9167%; text-align: center;\"><strong>Formacions a l&#8217;Urgell 2n torn<\/strong><\/td>\n<td style=\"width: 76.0833%;\">\n<p>6049090555\u00a0 <b><a href=\"https:\/\/aplicacions.gestioeducativa.gencat.cat\/ords\/pls\/soloas\/pk_for_mod_ins.p_for_detall_activitat?p_header=Llista%20d%27activitats^pk_for_mod_ins.p_for_cons_activitats?p_any=2025-2026%26p_totes=N%26p_comarca=38%26p_inici=1%26p_excloure_crp_rec=T&amp;p_codi=6049090555&amp;p_curs=2025-2026&amp;p_excloure_crp_rec=T\">Els usos ling\u00fc\u00edstics en l&#8217;\u00e0mbit educatiu<\/a><\/b><\/p>\n<p>6110151611\u00a0 <b><a href=\"https:\/\/aplicacions.gestioeducativa.gencat.cat\/ords\/pls\/soloas\/pk_for_mod_ins.p_for_detall_activitat?p_header=Llista%20d%27activitats^pk_for_mod_ins.p_for_cons_activitats?p_any=2025-2026%26p_totes=N%26p_comarca=38%26p_inici=1%26p_excloure_crp_rec=T&amp;p_codi=6110151611&amp;p_curs=2025-2026&amp;p_excloure_crp_rec=T\">Seminari coordinaci\u00f3 matem\u00e0tiques prim\u00e0ria-secund\u00e0ria<\/a><\/b><\/p>\n<p>6110291611\u00a0 <b><a href=\"https:\/\/aplicacions.gestioeducativa.gencat.cat\/ords\/pls\/soloas\/pk_for_mod_ins.p_for_detall_activitat?p_header=Llista%20d%27activitats^pk_for_mod_ins.p_for_cons_activitats?p_any=2025-2026%26p_totes=N%26p_comarca=38%26p_inici=1%26p_excloure_crp_rec=T&amp;p_codi=6110261611&amp;p_curs=2025-2026&amp;p_excloure_crp_rec=T\">L&#8217;alumnat amb TDL a l&#8217;aula<\/a><\/b><\/p>\n<p>6110291611\u00a0 <b><a href=\"https:\/\/aplicacions.gestioeducativa.gencat.cat\/ords\/pls\/soloas\/pk_for_mod_ins.p_for_detall_activitat?p_header=Llista%20d%27activitats^pk_for_mod_ins.p_for_cons_activitats?p_any=2025-2026%26p_totes=N%26p_comarca=38%26p_inici=1%26p_excloure_crp_rec=T&amp;p_codi=6110291611&amp;p_curs=2025-2026&amp;p_excloure_crp_rec=T\">An\u00e0lisi i aprofundiment del nou decret d&#8217;Educaci\u00f3 Infantil<\/a><\/b><\/p>\n<p>6110510555\u00a0 <b><a href=\"https:\/\/aplicacions.gestioeducativa.gencat.cat\/ords\/pls\/soloas\/pk_for_mod_ins.p_for_detall_activitat?p_header=Llista%20d%27activitats^pk_for_mod_ins.p_for_cons_activitats?p_any=2025-2026%26p_totes=N%26p_comarca=38%26p_inici=1%26p_excloure_crp_rec=T&amp;p_codi=6110510555&amp;p_curs=2025-2026&amp;p_excloure_crp_rec=T\">Immersi\u00f3 ling\u00fc\u00edstica (secund\u00e0ria)<\/a><\/b><\/p>\n<p>6110570555\u00a0 <b><a href=\"https:\/\/aplicacions.gestioeducativa.gencat.cat\/ords\/pls\/soloas\/pk_for_mod_ins.p_for_detall_activitat?p_header=Llista%20d%27activitats^pk_for_mod_ins.p_for_cons_activitats?p_any=2025-2026%26p_totes=N%26p_comarca=38%26p_inici=1%26p_excloure_crp_rec=T&amp;p_codi=6110570555&amp;p_curs=2025-2026&amp;p_excloure_crp_rec=T\">Immersi\u00f3 ling\u00fc\u00edstica (prim\u00e0ria)<\/a><\/b><\/p>\n<p>6110671611\u00a0 <b><a href=\"https:\/\/aplicacions.gestioeducativa.gencat.cat\/ords\/pls\/soloas\/pk_for_mod_ins.p_for_detall_activitat?p_header=Llista%20d%27activitats^pk_for_mod_ins.p_for_cons_activitats?p_any=2025-2026%26p_totes=N%26p_comarca=38%26p_inici=1%26p_excloure_crp_rec=T&amp;p_codi=6110671611&amp;p_curs=2025-2026&amp;p_excloure_crp_rec=T\">MAPADEBALL<\/a><\/b><\/p>\n<p>6110691611\u00a0 <b><a href=\"https:\/\/aplicacions.gestioeducativa.gencat.cat\/ords\/pls\/soloas\/pk_for_mod_ins.p_for_detall_activitat?p_header=Llista%20d%27activitats^pk_for_mod_ins.p_for_cons_activitats?p_any=2025-2026%26p_totes=N%26p_comarca=38%26p_inici=1%26p_excloure_crp_rec=T&amp;p_codi=6110691611&amp;p_curs=2025-2026&amp;p_excloure_crp_rec=T\">La lectura en l&#8217;ensenyament i aprenentatge de les mat\u00e8ries<\/a><\/b><\/p>\n<p>6110700555\u00a0 <b><a href=\"https:\/\/aplicacions.gestioeducativa.gencat.cat\/ords\/pls\/soloas\/pk_for_mod_ins.p_for_detall_activitat?p_header=Llista%20d%27activitats^pk_for_mod_ins.p_for_cons_activitats?p_any=2025-2026%26p_totes=N%26p_comarca=38%26p_inici=1%26p_excloure_crp_rec=T&amp;p_codi=6110700555&amp;p_curs=2025-2026&amp;p_excloure_crp_rec=T\">Consci\u00e8ncia fonol\u00f2gica<\/a><\/b><\/p>\n<\/td>\n<\/tr>\n<\/tbody>\n<\/table>\n<\/div>\n<div>\u00a0<\/div>\n<div>\u00a0<\/div>\n<table style=\"width: 100.135%; height: 284px;\" border=\"0\" cellpadding=\"0\">\n<tbody>\n<tr style=\"height: 204px;\">\n<td style=\"width: 137px; height: 204px;\"><strong><span style=\"color: #993300;\">Recordeu que:<\/span><\/strong><\/td>\n<td style=\"width: 594px; height: 204px;\">\n<p>\u21d2Per sol\u00b7licitar una pla\u00e7a s&#8217;ha de disposar d\u2019usuari i contrasenya XTEC actualitzats.\u21d2Si s&#8217;ha de sol\u00b7licitar o es tenen problemes amb l\u2019identificador es pot visitar la p\u00e0gina d\u2019<a href=\"http:\/\/xtec.gencat.cat\/ca\/at_usuari\/gestio\/\" target=\"_self\" rel=\"noopener noreferrer\">atenci\u00f3 a l\u2019usuari\/\u00e0ria<\/a>. Cal tenir en compte que el mitj\u00e0 preferent de comunicaci\u00f3 \u00e9s el correu XTEC.<\/p>\n<p>\u21d2 Per formalitzar les inscripcions s&#8217;ha d&#8217;anar a <a href=\"https:\/\/xtec.gencat.cat\/ca\/formacio\/info-general\/cercador-activitats\/\">cercador d&#8217;activitats.<\/a><\/p>\n<p>\u21d2Les sol\u00b7licituds realitzades es poden consultar, anul\u00b7lar o modificar a la p\u00e0gina\u00a0<a href=\"http:\/\/xtec.gencat.cat\/ca\/formacio\/la-meva-formacio\/les-meves-activitats\/\" target=\"_self\" rel=\"noopener noreferrer\">les meves activitats<\/a>.<\/p>\n<\/td>\n<\/tr>\n<tr style=\"height: 80px;\">\n<td style=\"width: 137px; height: 80px;\"><span style=\"color: #993300;\"><strong>M\u00e9s informaci\u00f3:<\/strong>\u00a0<\/span><\/td>\n<td style=\"width: 594px; height: 80px;\">\n<ul>\n<li><a href=\"http:\/\/xtec.gencat.cat\/ca\/formacio\/info-general\/oferta-formativa\/\" target=\"_blank\" rel=\"noopener noreferrer\">Informaci\u00f3 general (XTEC)<\/a><\/li>\n<li><a href=\"http:\/\/xtec.gencat.cat\/ca\/formacio\/info-general\/plans-formacio-zona\/\" target=\"_blank\" rel=\"noopener noreferrer\">Plans de formaci\u00f3 de zona (XTEC)<\/a><\/li>\n<\/ul>\n<\/td>\n<\/tr>\n<\/tbody>\n<\/table>\n\n\n<p><\/p>\n","protected":false},"excerpt":{"rendered":"<p>\u00a0 Formacions a l&#8217;Urgell 2n torn 6049090555\u00a0 Els usos ling\u00fc\u00edstics en l&#8217;\u00e0mbit educatiu 6110151611\u00a0 Seminari coordinaci\u00f3 matem\u00e0tiques prim\u00e0ria-secund\u00e0ria 6110291611\u00a0 L&#8217;alumnat amb TDL a l&#8217;aula 6110291611\u00a0 An\u00e0lisi i aprofundiment del nou decret d&#8217;Educaci\u00f3 Infantil 6110510555\u00a0 Immersi\u00f3 ling\u00fc\u00edstica (secund\u00e0ria) 6110570555\u00a0 Immersi\u00f3 ling\u00fc\u00edstica (prim\u00e0ria) 6110671611\u00a0 MAPADEBALL 6110691611\u00a0 La lectura en l&#8217;ensenyament i aprenentatge de les mat\u00e8ries 6110700555\u00a0 Consci\u00e8ncia [&hellip;]<\/p>\n","protected":false},"author":1,"featured_media":0,"parent":416,"menu_order":0,"comment_status":"closed","ping_status":"closed","template":"","meta":{"_bbp_topic_count":0,"_bbp_reply_count":0,"_bbp_total_topic_count":0,"_bbp_total_reply_count":0,"_bbp_voice_count":0,"_bbp_anonymous_reply_count":0,"_bbp_topic_count_hidden":0,"_bbp_reply_count_hidden":0,"_bbp_forum_subforum_count":0,"site-sidebar-layout":"default","site-content-layout":"","ast-site-content-layout":"default","site-content-style":"default","site-sidebar-style":"default","ast-global-header-display":"","ast-banner-title-visibility":"","ast-main-header-display":"","ast-hfb-above-header-display":"","ast-hfb-below-header-display":"","ast-hfb-mobile-header-display":"","site-post-title":"","ast-breadcrumbs-content":"","ast-featured-img":"","footer-sml-layout":"","theme-transparent-header-meta":"default","adv-header-id-meta":"","stick-header-meta":"","header-above-stick-meta":"","header-main-stick-meta":"","header-below-stick-meta":"","astra-migrate-meta-layouts":"set","ast-page-background-enabled":"default","ast-page-background-meta":{"desktop":{"background-color":"var(--ast-global-color-4)","background-image":"","background-repeat":"repeat","background-position":"center center","background-size":"auto","background-attachment":"scroll","background-type":"","background-media":"","overlay-type":"","overlay-color":"","overlay-opacity":"","overlay-gradient":""},"tablet":{"background-color":"","background-image":"","background-repeat":"repeat","background-position":"center center","background-size":"auto","background-attachment":"scroll","background-type":"","background-media":"","overlay-type":"","overlay-color":"","overlay-opacity":"","overlay-gradient":""},"mobile":{"background-color":"","background-image":"","background-repeat":"repeat","background-position":"center center","background-size":"auto","background-attachment":"scroll","background-type":"","background-media":"","overlay-type":"","overlay-color":"","overlay-opacity":"","overlay-gradient":""}},"ast-content-background-meta":{"desktop":{"background-color":"var(--ast-global-color-5)","background-image":"","background-repeat":"repeat","background-position":"center center","background-size":"auto","background-attachment":"scroll","background-type":"","background-media":"","overlay-type":"","overlay-color":"","overlay-opacity":"","overlay-gradient":""},"tablet":{"background-color":"var(--ast-global-color-5)","background-image":"","background-repeat":"repeat","background-position":"center center","background-size":"auto","background-attachment":"scroll","background-type":"","background-media":"","overlay-type":"","overlay-color":"","overlay-opacity":"","overlay-gradient":""},"mobile":{"background-color":"var(--ast-global-color-5)","background-image":"","background-repeat":"repeat","background-position":"center center","background-size":"auto","background-attachment":"scroll","background-type":"","background-media":"","overlay-type":"","overlay-color":"","overlay-opacity":"","overlay-gradient":""}},"footnotes":""},"class_list":["post-1314","page","type-page","status-publish","hentry"],"post_mailing_queue_ids":[],"_links":{"self":[{"href":"https:\/\/serveiseducatius.xtec.cat\/urgell\/wp-json\/wp\/v2\/pages\/1314","targetHints":{"allow":["GET"]}}],"collection":[{"href":"https:\/\/serveiseducatius.xtec.cat\/urgell\/wp-json\/wp\/v2\/pages"}],"about":[{"href":"https:\/\/serveiseducatius.xtec.cat\/urgell\/wp-json\/wp\/v2\/types\/page"}],"author":[{"embeddable":true,"href":"https:\/\/serveiseducatius.xtec.cat\/urgell\/wp-json\/wp\/v2\/users\/1"}],"replies":[{"embeddable":true,"href":"https:\/\/serveiseducatius.xtec.cat\/urgell\/wp-json\/wp\/v2\/comments?post=1314"}],"version-history":[{"count":6,"href":"https:\/\/serveiseducatius.xtec.cat\/urgell\/wp-json\/wp\/v2\/pages\/1314\/revisions"}],"predecessor-version":[{"id":25460,"href":"https:\/\/serveiseducatius.xtec.cat\/urgell\/wp-json\/wp\/v2\/pages\/1314\/revisions\/25460"}],"up":[{"embeddable":true,"href":"https:\/\/serveiseducatius.xtec.cat\/urgell\/wp-json\/wp\/v2\/pages\/416"}],"wp:attachment":[{"href":"https:\/\/serveiseducatius.xtec.cat\/urgell\/wp-json\/wp\/v2\/media?parent=1314"}],"curies":[{"name":"wp","href":"https:\/\/api.w.org\/{rel}","templated":true}]}}