{"id":343,"date":"2015-11-24T18:43:38","date_gmt":"2015-11-24T17:43:38","guid":{"rendered":"http:\/\/serveiseducatius.xtec.cat\/terraalta\/?page_id=343"},"modified":"2016-07-13T09:05:50","modified_gmt":"2016-07-13T08:05:50","slug":"institucions-i-entitats","status":"publish","type":"page","link":"https:\/\/serveiseducatius.xtec.cat\/terraalta\/comunitat\/institucions-i-entitats\/","title":{"rendered":"Institucions i entitats"},"content":{"rendered":"<table style=\"height: 446px; border-color: #faf5f5;\" width=\"576\">\n<tbody>\n<tr>\n<td><a href=\"http:\/\/serveiseducatius.xtec.cat\/terraalta\/wp-content\/uploads\/usu1128\/2016\/07\/43056_LaFatarella__FundacionSola.png\" rel=\"attachment wp-att-8540\"><img loading=\"lazy\" decoding=\"async\" class=\"alignnone wp-image-8540\" src=\"http:\/\/serveiseducatius.xtec.cat\/terraalta\/wp-content\/uploads\/usu1128\/2016\/07\/43056_LaFatarella__FundacionSola.png\" alt=\"43056_LaFatarella__FundacionSola\" width=\"182\" height=\"136\" \/><\/a><\/td>\n<td><a href=\"http:\/\/serveiseducatius.xtec.cat\/terraalta\/wp-content\/uploads\/usu1128\/2015\/11\/Lo-Riu.jpg\" rel=\"attachment wp-att-8543\"><img loading=\"lazy\" decoding=\"async\" class=\"alignnone wp-image-8543\" src=\"http:\/\/serveiseducatius.xtec.cat\/terraalta\/wp-content\/uploads\/usu1128\/2015\/11\/Lo-Riu.jpg\" alt=\"Lo Riu\" width=\"145\" height=\"145\" srcset=\"https:\/\/serveiseducatius.xtec.cat\/terraalta\/wp-content\/uploads\/usu1128\/2015\/11\/Lo-Riu.jpg 200w, https:\/\/serveiseducatius.xtec.cat\/terraalta\/wp-content\/uploads\/usu1128\/2015\/11\/Lo-Riu-150x150.jpg 150w\" sizes=\"auto, (max-width: 145px) 100vw, 145px\" \/><\/a><\/td>\n<td><a href=\"http:\/\/serveiseducatius.xtec.cat\/terraalta\/wp-content\/uploads\/usu1128\/2015\/11\/biblioteca.jpg\" rel=\"attachment wp-att-8544\"><img loading=\"lazy\" decoding=\"async\" class=\"alignnone wp-image-8544\" src=\"http:\/\/serveiseducatius.xtec.cat\/terraalta\/wp-content\/uploads\/usu1128\/2015\/11\/biblioteca.jpg\" alt=\"biblioteca\" width=\"191\" height=\"129\" \/><\/a><\/td>\n<\/tr>\n<tr>\n<td><strong><span class=\"txtTitle\"><a href=\"http:\/\/www.fundacioelsola.org\/ca\/la-fundacio-el-sola\" target=\"_blank\"><em>Fundaci\u00f3 El Sol\u00e0,<\/em><\/a>\u00a0<\/span><\/strong> entitat sense \u00e0nim de lucre amb la finalitat de contribuir a l&#8217;estudi, la conservaci\u00f3, el desenvolupament i la divulgaci\u00f3 del patrimoni cultural.<\/p>\n<p>&nbsp;<\/p>\n<p>&nbsp;<\/td>\n<td><strong><a href=\"http:\/\/loriuassociacio.blogspot.com.es\/\" target=\"_blank\"><em>Lo Riu<\/em><\/a>,<\/strong> Associaci\u00f3 per l&#8217;estudi del Patrimoni arqueol\u00f2gic i hist\u00f2ric de les Terres de l&#8217;Ebre.<\/p>\n<p>&nbsp;<\/p>\n<p>&nbsp;<\/p>\n<p>&nbsp;<\/td>\n<td><em><a href=\"http:\/\/www.bibliotecadegandesa.altanet.org\/niv2.php?id=67\" target=\"_blank\"><strong>Biblioteca de Gandesa<\/strong> <\/a><\/em>Presentaci\u00f3 de llibres, club de lectura, contacontes, recitals po\u00e8tics, confer\u00e8ncies<\/p>\n<p>&nbsp;<\/p>\n<p>&nbsp;<\/p>\n<p>&nbsp;<\/p>\n<p>&nbsp;<\/td>\n<\/tr>\n<\/tbody>\n<\/table>\n<p>&nbsp;<\/p>\n<table class=\" alignleft\" style=\"height: 420px;\" width=\"569\">\n<tbody>\n<tr>\n<td><a href=\"http:\/\/serveiseducatius.xtec.cat\/terraalta\/wp-content\/uploads\/usu1128\/2015\/11\/ecomuseu.png\" rel=\"attachment wp-att-8548\"><img loading=\"lazy\" decoding=\"async\" class=\"alignnone size-full wp-image-8548\" src=\"http:\/\/serveiseducatius.xtec.cat\/terraalta\/wp-content\/uploads\/usu1128\/2015\/11\/ecomuseu.png\" alt=\"ecomuseu\" width=\"150\" height=\"112\" \/><\/a><\/td>\n<td><a href=\"http:\/\/serveiseducatius.xtec.cat\/terraalta\/wp-content\/uploads\/usu1128\/2015\/11\/centre-picassp-horta.png\" rel=\"attachment wp-att-8549\"><img loading=\"lazy\" decoding=\"async\" class=\"alignnone wp-image-8549\" src=\"http:\/\/serveiseducatius.xtec.cat\/terraalta\/wp-content\/uploads\/usu1128\/2015\/11\/centre-picassp-horta.png\" alt=\"centre picassp horta\" width=\"189\" height=\"80\" \/><\/a><\/td>\n<td><a href=\"http:\/\/serveiseducatius.xtec.cat\/terraalta\/wp-content\/uploads\/usu1128\/2015\/11\/DSC_0324-e1467702860374.jpg\" rel=\"attachment wp-att-8551\"><img loading=\"lazy\" decoding=\"async\" class=\"alignnone wp-image-8551\" src=\"http:\/\/serveiseducatius.xtec.cat\/terraalta\/wp-content\/uploads\/usu1128\/2015\/11\/DSC_0324-1024x678.jpg\" alt=\"DSC_0324\" width=\"176\" height=\"116\" \/><\/a><\/td>\n<\/tr>\n<tr>\n<td><em><strong><a href=\"http:\/\/elsports.cat\/ecomuseu-els-ports\/\" target=\"_blank\">Ecomuseu Els Ports Horta de Sant Joan, <\/a><\/strong><\/em>centre neur\u00e0lgic a partir del qual iniciar les visites pertinents al territori, segons l\u2019inter\u00e8s.<\/p>\n<p>&nbsp;<\/p>\n<p>&nbsp;<\/p>\n<p>&nbsp;<\/p>\n<p>&nbsp;<\/td>\n<td><a href=\"http:\/\/www.hortadesantjoan.cat\/picasso\/centre-picasso\/\" target=\"_blank\"><em><strong>Centre Picasso Horta de Sant Joan, <\/strong><\/em><strong><span style=\"color: #000000;\">H<\/span><\/strong><\/a>omenatge permanent a Picasso i aplega la reproducci\u00f3, el m\u00e9s fidel possible de totes les obres que l\u2019artista va crear a Horta i amb les quals va immortalitzar aquest poble.<\/p>\n<p>&nbsp;<\/p>\n<p>&nbsp;<\/p>\n<p>&nbsp;<\/td>\n<td><em><a href=\"http:\/\/www.terresdelebre.travel\/cat\/DescobreixNos\/TurismeOrnitologic\/recurso.php?id=1122#.V3tbkEC9Hkc\" target=\"_blank\"><strong>Guies dels Ports<\/strong> <\/a><\/em><br \/>\nVisites guiades<br \/>\nProgrames educatius&nbsp;<\/p>\n<p>&nbsp;<\/p>\n<p>&nbsp;<\/p>\n<p>&nbsp;<\/p>\n<p>&nbsp;<\/td>\n<\/tr>\n<\/tbody>\n<\/table>\n<p>&nbsp;<\/p>\n<p>&nbsp;<\/p>\n<p>&nbsp;<\/p>\n<p>&nbsp;<\/p>\n<p>&nbsp;<\/p>\n<p>&nbsp;<\/p>\n<p>&nbsp;<\/p>\n<p>&nbsp;<\/p>\n<p>&nbsp;<\/p>\n<p>&nbsp;<\/p>\n<p>&nbsp;<\/p>\n<p>&nbsp;<\/p>\n<table style=\"height: 79px;\" width=\"583\">\n<tbody>\n<tr>\n<td><a href=\"http:\/\/serveiseducatius.xtec.cat\/terraalta\/wp-content\/uploads\/usu1128\/2015\/11\/576_1405421600corbera-e1467707217787.jpg\" rel=\"attachment wp-att-8553\"><img loading=\"lazy\" decoding=\"async\" class=\"wp-image-8553 aligncenter\" src=\"http:\/\/serveiseducatius.xtec.cat\/terraalta\/wp-content\/uploads\/usu1128\/2015\/11\/576_1405421600corbera-e1467707217787.jpg\" alt=\"576_1405421600corbera\" width=\"188\" height=\"110\" \/><\/a><\/td>\n<td><a href=\"http:\/\/serveiseducatius.xtec.cat\/terraalta\/wp-content\/uploads\/usu1128\/2015\/11\/COMEBE.jpg\" rel=\"attachment wp-att-8555\"><img loading=\"lazy\" decoding=\"async\" class=\"alignnone wp-image-8555\" src=\"http:\/\/serveiseducatius.xtec.cat\/terraalta\/wp-content\/uploads\/usu1128\/2015\/11\/COMEBE.jpg\" alt=\"COMEBE\" width=\"101\" height=\"145\" srcset=\"https:\/\/serveiseducatius.xtec.cat\/terraalta\/wp-content\/uploads\/usu1128\/2015\/11\/COMEBE.jpg 597w, https:\/\/serveiseducatius.xtec.cat\/terraalta\/wp-content\/uploads\/usu1128\/2015\/11\/COMEBE-208x300.jpg 208w\" sizes=\"auto, (max-width: 101px) 100vw, 101px\" \/><\/a><\/td>\n<td><a href=\"http:\/\/serveiseducatius.xtec.cat\/terraalta\/wp-content\/uploads\/usu1128\/2015\/11\/cebecolor-e1467707832570.jpg\" rel=\"attachment wp-att-8556\"><img loading=\"lazy\" decoding=\"async\" class=\"size-full wp-image-8556 aligncenter\" src=\"http:\/\/serveiseducatius.xtec.cat\/terraalta\/wp-content\/uploads\/usu1128\/2015\/11\/cebecolor-e1467707832570.jpg\" alt=\"cebecolor\" width=\"120\" height=\"56\" \/><\/a><\/td>\n<\/tr>\n<tr>\n<td><a href=\"http:\/\/www.poblevell.cat\/ca\/inici\/inici.html\" target=\"_blank\"><em><strong>Patronat del poble vell de Corbera, <\/strong><\/em><\/a>organisme impulsat per un grup de ve\u00efns amb el suport de l&#8217;Ajuntament, encara el present amb un objectiu ben definit: la conservaci\u00f3 i rehabilitaci\u00f3 del lloc<\/td>\n<td>\n<p id=\"nom_orga\" class=\"esquerra titulo\"><em><strong><a href=\"http:\/\/www.batallaebre.org\/\" target=\"_blank\">Consorci Memorial dels Espais de la Batalla de l&#8217;Ebre (COMEBE)<\/a><\/strong><\/em><\/p>\n<div id=\"imprimir_tornar\" class=\"eines\"><\/div>\n<\/td>\n<td><em><strong><a href=\"http:\/\/www.guerracivil.cat\/ESPAIS\/CEBE-Gandesa-Guerra-Civil.htm\" target=\"_blank\">Museu de Gandesa CEBE<\/a>,<\/strong><\/em> <span style=\"font-family: Arial; font-size: small;\">L&#8217;objectiu del Centre d&#8217;Estudis de la Batalla de l&#8217;Ebre \u00e9s el de potenciar el coneixement d&#8217;una part de la hist\u00f2ria del nostre pa\u00eds, a partir d&#8217;una visita a l&#8217;exposici\u00f3 <\/span><\/td>\n<\/tr>\n<\/tbody>\n<\/table>\n<p>&nbsp;<\/p>\n<table style=\"height: 78px;\" width=\"588\">\n<tbody>\n<tr>\n<td><a href=\"http:\/\/serveiseducatius.xtec.cat\/terraalta\/wp-content\/uploads\/usu1128\/2015\/11\/Facade_of_Celler_Cooperatiu_del_Pinell_de_Brai-e1467708241795.jpg\" rel=\"attachment wp-att-8557\"><img loading=\"lazy\" decoding=\"async\" class=\"alignnone size-full wp-image-8557\" src=\"http:\/\/serveiseducatius.xtec.cat\/terraalta\/wp-content\/uploads\/usu1128\/2015\/11\/Facade_of_Celler_Cooperatiu_del_Pinell_de_Brai-e1467708241795.jpg\" alt=\"Facade_of_Celler_Cooperatiu_del_Pinell_de_Brai\" width=\"120\" height=\"155\" \/><\/a><\/td>\n<td><a href=\"http:\/\/serveiseducatius.xtec.cat\/terraalta\/wp-content\/uploads\/usu1128\/2015\/11\/museutrinxeracorbera-e1467708437675.jpg\" rel=\"attachment wp-att-8558\"><img loading=\"lazy\" decoding=\"async\" class=\"alignnone wp-image-8558\" src=\"http:\/\/serveiseducatius.xtec.cat\/terraalta\/wp-content\/uploads\/usu1128\/2015\/11\/museutrinxeracorbera-e1467708437675.jpg\" alt=\"museutrinxeracorbera\" width=\"151\" height=\"98\" \/><\/a><\/td>\n<td><a href=\"http:\/\/serveiseducatius.xtec.cat\/terraalta\/wp-content\/uploads\/usu1128\/2015\/11\/cooperativa-gandesa-e1467708739401.jpg\" rel=\"attachment wp-att-8560\"><img loading=\"lazy\" decoding=\"async\" class=\"alignnone wp-image-8560\" src=\"http:\/\/serveiseducatius.xtec.cat\/terraalta\/wp-content\/uploads\/usu1128\/2015\/11\/cooperativa-gandesa-e1467708739401.jpg\" alt=\"cooperativa gandesa\" width=\"161\" height=\"91\" \/><\/a><\/td>\n<\/tr>\n<tr>\n<td><a href=\"http:\/\/www.pinelldebrai.altanet.org\/niv2.php?id=33\" target=\"_blank\"><em><strong>Cooperativa del Pinell de Brai<\/strong><\/em><\/a><\/p>\n<p>&nbsp;<\/td>\n<td><em><strong><a href=\"http:\/\/www.latrinxera.es\/index.html?arbol=empresa\" target=\"_blank\">La Trinxera <\/a><\/strong><\/em><span style=\"color: #000000;\">\u00c9<\/span>s una exposici\u00f3 permanent de material utilitzat durant la Guerra Civil en la Batalla de l&#8217;Ebre.<\/td>\n<td><a href=\"http:\/\/www.coopgandesa.com\/\" target=\"_blank\"><em><strong>Cooperativa Gandesa<\/strong><\/em><\/a><\/p>\n<p>&nbsp;<\/td>\n<\/tr>\n<\/tbody>\n<\/table>\n","protected":false},"excerpt":{"rendered":"<p>Fundaci\u00f3 El Sol\u00e0,\u00a0 entitat sense \u00e0nim de lucre amb la finalitat de contribuir a l&#8217;estudi, la conservaci\u00f3, el desenvolupament i [&hellip;]<\/p>\n","protected":false},"author":1,"featured_media":0,"parent":341,"menu_order":20,"comment_status":"closed","ping_status":"closed","template":"page-templates\/side-menu.php","meta":{"_bbp_topic_count":0,"_bbp_reply_count":0,"_bbp_total_topic_count":0,"_bbp_total_reply_count":0,"_bbp_voice_count":0,"_bbp_anonymous_reply_count":0,"_bbp_topic_count_hidden":0,"_bbp_reply_count_hidden":0,"_bbp_forum_subforum_count":0,"site-sidebar-layout":"default","site-content-layout":"","ast-site-content-layout":"","site-content-style":"default","site-sidebar-style":"default","ast-global-header-display":"","ast-banner-title-visibility":"","ast-main-header-display":"","ast-hfb-above-header-display":"","ast-hfb-below-header-display":"","ast-hfb-mobile-header-display":"","site-post-title":"","ast-breadcrumbs-content":"","ast-featured-img":"","footer-sml-layout":"","theme-transparent-header-meta":"","adv-header-id-meta":"","stick-header-meta":"","header-above-stick-meta":"","header-main-stick-meta":"","header-below-stick-meta":"","astra-migrate-meta-layouts":"default","ast-page-background-enabled":"default","ast-page-background-meta":{"desktop":{"background-color":"var(--ast-global-color-4)","background-image":"","background-repeat":"repeat","background-position":"center center","background-size":"auto","background-attachment":"scroll","background-type":"","background-media":"","overlay-type":"","overlay-color":"","overlay-opacity":"","overlay-gradient":""},"tablet":{"background-color":"","background-image":"","background-repeat":"repeat","background-position":"center center","background-size":"auto","background-attachment":"scroll","background-type":"","background-media":"","overlay-type":"","overlay-color":"","overlay-opacity":"","overlay-gradient":""},"mobile":{"background-color":"","background-image":"","background-repeat":"repeat","background-position":"center center","background-size":"auto","background-attachment":"scroll","background-type":"","background-media":"","overlay-type":"","overlay-color":"","overlay-opacity":"","overlay-gradient":""}},"ast-content-background-meta":{"desktop":{"background-color":"var(--ast-global-color-5)","background-image":"","background-repeat":"repeat","background-position":"center center","background-size":"auto","background-attachment":"scroll","background-type":"","background-media":"","overlay-type":"","overlay-color":"","overlay-opacity":"","overlay-gradient":""},"tablet":{"background-color":"var(--ast-global-color-5)","background-image":"","background-repeat":"repeat","background-position":"center center","background-size":"auto","background-attachment":"scroll","background-type":"","background-media":"","overlay-type":"","overlay-color":"","overlay-opacity":"","overlay-gradient":""},"mobile":{"background-color":"var(--ast-global-color-5)","background-image":"","background-repeat":"repeat","background-position":"center center","background-size":"auto","background-attachment":"scroll","background-type":"","background-media":"","overlay-type":"","overlay-color":"","overlay-opacity":"","overlay-gradient":""}},"footnotes":""},"class_list":["post-343","page","type-page","status-publish","hentry"],"post_mailing_queue_ids":[],"_links":{"self":[{"href":"https:\/\/serveiseducatius.xtec.cat\/terraalta\/wp-json\/wp\/v2\/pages\/343","targetHints":{"allow":["GET"]}}],"collection":[{"href":"https:\/\/serveiseducatius.xtec.cat\/terraalta\/wp-json\/wp\/v2\/pages"}],"about":[{"href":"https:\/\/serveiseducatius.xtec.cat\/terraalta\/wp-json\/wp\/v2\/types\/page"}],"author":[{"embeddable":true,"href":"https:\/\/serveiseducatius.xtec.cat\/terraalta\/wp-json\/wp\/v2\/users\/1"}],"replies":[{"embeddable":true,"href":"https:\/\/serveiseducatius.xtec.cat\/terraalta\/wp-json\/wp\/v2\/comments?post=343"}],"version-history":[{"count":3,"href":"https:\/\/serveiseducatius.xtec.cat\/terraalta\/wp-json\/wp\/v2\/pages\/343\/revisions"}],"predecessor-version":[{"id":8621,"href":"https:\/\/serveiseducatius.xtec.cat\/terraalta\/wp-json\/wp\/v2\/pages\/343\/revisions\/8621"}],"up":[{"embeddable":true,"href":"https:\/\/serveiseducatius.xtec.cat\/terraalta\/wp-json\/wp\/v2\/pages\/341"}],"wp:attachment":[{"href":"https:\/\/serveiseducatius.xtec.cat\/terraalta\/wp-json\/wp\/v2\/media?parent=343"}],"curies":[{"name":"wp","href":"https:\/\/api.w.org\/{rel}","templated":true}]}}