{"id":13204,"date":"2020-11-12T11:44:40","date_gmt":"2020-11-12T10:44:40","guid":{"rendered":"http:\/\/serveiseducatius.xtec.cat\/terraalta\/?page_id=13204"},"modified":"2021-05-19T10:53:06","modified_gmt":"2021-05-19T08:53:06","slug":"laboratori-de-matematiques-cesire","status":"publish","type":"page","link":"https:\/\/serveiseducatius.xtec.cat\/terraalta\/laboratori-de-matematiques-cesire\/","title":{"rendered":"Laboratori de Matem\u00e0tiques"},"content":{"rendered":"<p style=\"text-align: justify;\"><a href=\"https:\/\/sites.google.com\/xtec.cat\/cesire-matematiques-campanyes\/laboratori-de-matem%C3%A0tiques\"><img loading=\"lazy\" decoding=\"async\" class=\"wp-image-13206 alignleft\" src=\"https:\/\/serveiseducatius.xtec.cat\/terraalta\/wp-content\/uploads\/usu1128\/2020\/11\/unnamed-1024x768.png\" alt=\"\" width=\"452\" height=\"339\" srcset=\"https:\/\/serveiseducatius.xtec.cat\/terraalta\/wp-content\/uploads\/usu1128\/2020\/11\/unnamed-1024x768.png 1024w, https:\/\/serveiseducatius.xtec.cat\/terraalta\/wp-content\/uploads\/usu1128\/2020\/11\/unnamed-300x225.png 300w, https:\/\/serveiseducatius.xtec.cat\/terraalta\/wp-content\/uploads\/usu1128\/2020\/11\/unnamed-768x576.png 768w, https:\/\/serveiseducatius.xtec.cat\/terraalta\/wp-content\/uploads\/usu1128\/2020\/11\/unnamed-200x150.png 200w, https:\/\/serveiseducatius.xtec.cat\/terraalta\/wp-content\/uploads\/usu1128\/2020\/11\/unnamed.png 1280w\" sizes=\"auto, (max-width: 452px) 100vw, 452px\" \/><\/a><a href=\"https:\/\/serveiseducatius.xtec.cat\/terraalta\/wp-content\/uploads\/usu1128\/2021\/05\/image.jpg\"><img loading=\"lazy\" decoding=\"async\" class=\"wp-image-13793 alignright\" src=\"https:\/\/serveiseducatius.xtec.cat\/terraalta\/wp-content\/uploads\/usu1128\/2021\/05\/image-1024x768.jpg\" alt=\"\" width=\"451\" height=\"338\" srcset=\"https:\/\/serveiseducatius.xtec.cat\/terraalta\/wp-content\/uploads\/usu1128\/2021\/05\/image-1024x768.jpg 1024w, https:\/\/serveiseducatius.xtec.cat\/terraalta\/wp-content\/uploads\/usu1128\/2021\/05\/image-300x225.jpg 300w, https:\/\/serveiseducatius.xtec.cat\/terraalta\/wp-content\/uploads\/usu1128\/2021\/05\/image-768x576.jpg 768w, https:\/\/serveiseducatius.xtec.cat\/terraalta\/wp-content\/uploads\/usu1128\/2021\/05\/image-200x150.jpg 200w, https:\/\/serveiseducatius.xtec.cat\/terraalta\/wp-content\/uploads\/usu1128\/2021\/05\/image.jpg 1280w\" sizes=\"auto, (max-width: 451px) 100vw, 451px\" \/><\/a><\/p>\n<p>&nbsp;<\/p>\n<p>&nbsp;<\/p>\n<p>&nbsp;<\/p>\n<p>&nbsp;<\/p>\n<p>&nbsp;<\/p>\n<p>&nbsp;<\/p>\n<p>&nbsp;<\/p>\n<p>&nbsp;<\/p>\n<p style=\"text-align: justify;\"><span class=\"il\">En el web del <strong><a href=\"https:\/\/sites.google.com\/xtec.cat\/cesire-matematiques-campanyes\/laboratori-de-matem%C3%A0tiques?authuser=0\" target=\"_blank\" rel=\"noopener noreferrer\" data-saferedirecturl=\"https:\/\/www.google.com\/url?q=https:\/\/sites.google.com\/xtec.cat\/cesire-matematiques-campanyes\/laboratori-de-matem%25C3%25A0tiques?authuser%3D0&amp;source=gmail&amp;ust=1605258187507000&amp;usg=AFQjCNE0MeWTbuzT7y9_XAm_aywBsnGVrA\">Laboratori\u00a0de\u00a0matem\u00e0tiques<\/a><\/strong><\/span><span class=\"il\">, creat <\/span>pels professionals de l&#8217;\u00c0mbit Matem\u00e0tic del Cesire, hi trobareu el llistat de tots els materials que conformen la maleta i, a m\u00e9s a m\u00e9s, tot un seguit d&#8217;activitats i propostes did\u00e0ctiques adre\u00e7ades a tots els nivells (Infantil, Prim\u00e0ria i Secund\u00e0ria) que es descriuen detalladament per poder treballar amb aquests materials manipulatius a l&#8217;aula (fitxes did\u00e0ctiques, v\u00eddeos explicatius, apps, jocs interactius, webs amb recursos, etc). Creiem que \u00e9s un sites molt complet i que us pot ser <span class=\"il\">de<\/span>\u00a0molta utilitat per al treball amb el vostre alumnat.<\/p>\n<p style=\"text-align: justify;\"><a href=\"https:\/\/sites.google.com\/xtec.cat\/cesire-matematiques-campanyes\/laboratori-de-matem%C3%A0tiques\/v%C3%ADdeos-dels-laboratoris-de-matem%C3%A0tiques?authuser=0\"><strong>V\u00eddeos del laboratori de matem\u00e0tiques<\/strong><\/a><strong>: <\/strong>com a complement de la campanya Laboratori de matem\u00e0tiques s&#8217;ha elaborat un seguit de v\u00eddeos de diverses tipologies. Alguns s\u00f3n enregistraments de sessions d&#8217;aula, a altres v\u00eddeos un parell de docents de prim\u00e0ria o de secund\u00e0ria ens expliquen com fan servir ells el material amb els seus alumnes, i altres s&#8217;han creat com a suport de cursos de formaci\u00f3. Trobareu m\u00e9s v\u00eddeos a la <span class=\" aw5Odc\"><a class=\"XqQF9c\" href=\"https:\/\/www.youtube.com\/playlist?list=PL7u-OLF_IPJ1GLzOthzA41KrvN99JpQkv\" target=\"_blank\" rel=\"noopener noreferrer\">llista de reproducci\u00f3 Laboratori de matem\u00e0tiques<\/a><\/span> del canal del CESIRE-\u00e0mbit de matem\u00e0tiques.<\/p>\n<p><span style=\"color: #ff0000;\"><strong>Applets<\/strong><\/span><\/p>\n<h6><span style=\"color: #ff9900;\">+ Recursos:<\/span><\/h6>\n<p>&nbsp;<\/p>\n<p><a href=\"https:\/\/apliense.xtec.cat\/arc\/\"><img loading=\"lazy\" decoding=\"async\" class=\"\" src=\"http:\/\/agora.xtec.cat\/cesire\/wp-content\/uploads\/usu397\/2014\/09\/arc_web.png\" alt=\"ARC | cesire*\" width=\"143\" height=\"93\" \/><\/a><\/p>\n<p><strong>Matem\u00e0tiques manipulatives: per a qu\u00e8 i com, per Nati Bergad\u00e0<\/strong><\/p>\n<p><a href=\"https:\/\/natibergada.cat\/matematiques-manipulatives\/?utm_campaign=matematiques-manipulatives&amp;utm_medium=email&amp;utm_source=acumbamail\"><img loading=\"lazy\" decoding=\"async\" class=\"alignleft\" src=\"https:\/\/natibergada.cat\/wp-content\/uploads\/2021\/02\/matema%CC%80tiques-manipulatives.png\" alt=\"\" width=\"427\" height=\"303\" \/><\/a><\/p>\n","protected":false},"excerpt":{"rendered":"<p>&nbsp; &nbsp; &nbsp; &nbsp; &nbsp; &nbsp; &nbsp; &nbsp; En el web del Laboratori\u00a0de\u00a0matem\u00e0tiques, creat pels professionals de l&#8217;\u00c0mbit Matem\u00e0tic del [&hellip;]<\/p>\n","protected":false},"author":1,"featured_media":0,"parent":0,"menu_order":0,"comment_status":"closed","ping_status":"closed","template":"","meta":{"_bbp_topic_count":0,"_bbp_reply_count":0,"_bbp_total_topic_count":0,"_bbp_total_reply_count":0,"_bbp_voice_count":0,"_bbp_anonymous_reply_count":0,"_bbp_topic_count_hidden":0,"_bbp_reply_count_hidden":0,"_bbp_forum_subforum_count":0,"site-sidebar-layout":"default","site-content-layout":"","ast-site-content-layout":"","site-content-style":"default","site-sidebar-style":"default","ast-global-header-display":"","ast-banner-title-visibility":"","ast-main-header-display":"","ast-hfb-above-header-display":"","ast-hfb-below-header-display":"","ast-hfb-mobile-header-display":"","site-post-title":"","ast-breadcrumbs-content":"","ast-featured-img":"","footer-sml-layout":"","theme-transparent-header-meta":"","adv-header-id-meta":"","stick-header-meta":"","header-above-stick-meta":"","header-main-stick-meta":"","header-below-stick-meta":"","astra-migrate-meta-layouts":"default","ast-page-background-enabled":"default","ast-page-background-meta":{"desktop":{"background-color":"var(--ast-global-color-4)","background-image":"","background-repeat":"repeat","background-position":"center center","background-size":"auto","background-attachment":"scroll","background-type":"","background-media":"","overlay-type":"","overlay-color":"","overlay-opacity":"","overlay-gradient":""},"tablet":{"background-color":"","background-image":"","background-repeat":"repeat","background-position":"center center","background-size":"auto","background-attachment":"scroll","background-type":"","background-media":"","overlay-type":"","overlay-color":"","overlay-opacity":"","overlay-gradient":""},"mobile":{"background-color":"","background-image":"","background-repeat":"repeat","background-position":"center center","background-size":"auto","background-attachment":"scroll","background-type":"","background-media":"","overlay-type":"","overlay-color":"","overlay-opacity":"","overlay-gradient":""}},"ast-content-background-meta":{"desktop":{"background-color":"var(--ast-global-color-5)","background-image":"","background-repeat":"repeat","background-position":"center center","background-size":"auto","background-attachment":"scroll","background-type":"","background-media":"","overlay-type":"","overlay-color":"","overlay-opacity":"","overlay-gradient":""},"tablet":{"background-color":"var(--ast-global-color-5)","background-image":"","background-repeat":"repeat","background-position":"center center","background-size":"auto","background-attachment":"scroll","background-type":"","background-media":"","overlay-type":"","overlay-color":"","overlay-opacity":"","overlay-gradient":""},"mobile":{"background-color":"var(--ast-global-color-5)","background-image":"","background-repeat":"repeat","background-position":"center center","background-size":"auto","background-attachment":"scroll","background-type":"","background-media":"","overlay-type":"","overlay-color":"","overlay-opacity":"","overlay-gradient":""}},"footnotes":""},"class_list":["post-13204","page","type-page","status-publish","hentry"],"post_mailing_queue_ids":[],"_links":{"self":[{"href":"https:\/\/serveiseducatius.xtec.cat\/terraalta\/wp-json\/wp\/v2\/pages\/13204","targetHints":{"allow":["GET"]}}],"collection":[{"href":"https:\/\/serveiseducatius.xtec.cat\/terraalta\/wp-json\/wp\/v2\/pages"}],"about":[{"href":"https:\/\/serveiseducatius.xtec.cat\/terraalta\/wp-json\/wp\/v2\/types\/page"}],"author":[{"embeddable":true,"href":"https:\/\/serveiseducatius.xtec.cat\/terraalta\/wp-json\/wp\/v2\/users\/1"}],"replies":[{"embeddable":true,"href":"https:\/\/serveiseducatius.xtec.cat\/terraalta\/wp-json\/wp\/v2\/comments?post=13204"}],"version-history":[{"count":4,"href":"https:\/\/serveiseducatius.xtec.cat\/terraalta\/wp-json\/wp\/v2\/pages\/13204\/revisions"}],"predecessor-version":[{"id":13797,"href":"https:\/\/serveiseducatius.xtec.cat\/terraalta\/wp-json\/wp\/v2\/pages\/13204\/revisions\/13797"}],"wp:attachment":[{"href":"https:\/\/serveiseducatius.xtec.cat\/terraalta\/wp-json\/wp\/v2\/media?parent=13204"}],"curies":[{"name":"wp","href":"https:\/\/api.w.org\/{rel}","templated":true}]}}