{"id":13135,"date":"2020-10-28T14:55:22","date_gmt":"2020-10-28T13:55:22","guid":{"rendered":"http:\/\/serveiseducatius.xtec.cat\/terraalta\/?page_id=13135"},"modified":"2020-10-28T14:55:22","modified_gmt":"2020-10-28T13:55:22","slug":"art-i-escola","status":"publish","type":"page","link":"https:\/\/serveiseducatius.xtec.cat\/terraalta\/art-i-escola\/","title":{"rendered":"Art i Escola"},"content":{"rendered":"<p style=\"text-align: justify;\">Us presentem el nou sites\u00a0<a href=\"https:\/\/sites.google.com\/d\/1ormo2eFhcCjxd39dps8wnDV9wXg2gwjL\/p\/1nnwixN1nPMr2Ulk71-5wCXs-dHR2u9Ba\/edit\" target=\"_blank\" rel=\"noopener noreferrer\"><strong>Art i Escola<\/strong><\/a>, un web que recull totes les propostes did\u00e0ctiques sorgides en el si del grup de treball d\u2019art de la Terra Alta. En aquest espai hi trobareu tot de recursos i propostes d\u2019activitats per treballar l\u2019art de forma transversal des d\u2019Infantil fins a CS de prim\u00e0ria. Aquesta p\u00e0gina web anir\u00e0 ampliant gradualment els seus continguts amb la idea de donar visibilitat al treball que s\u2019est\u00e0 duent a terme als centres i compartir aquests materials tot fent xarxa. Aix\u00ed doncs, us animem a formar-ne part i a col\u00b7laborar en aquesta iniciativa tan engrescadora adre\u00e7ada a docents d\u2019infantil, prim\u00e0ria i secund\u00e0ria.<a href=\"https:\/\/sites.google.com\/d\/1ormo2eFhcCjxd39dps8wnDV9wXg2gwjL\/p\/1nnwixN1nPMr2Ulk71-5wCXs-dHR2u9Ba\/edit\"><img loading=\"lazy\" decoding=\"async\" class=\"aligncenter size-full wp-image-13094\" src=\"https:\/\/serveiseducatius.xtec.cat\/terraalta\/wp-content\/uploads\/usu1128\/2020\/10\/art-i-escola-1.jpg\" alt=\"\" width=\"914\" height=\"414\" srcset=\"https:\/\/serveiseducatius.xtec.cat\/terraalta\/wp-content\/uploads\/usu1128\/2020\/10\/art-i-escola-1.jpg 914w, https:\/\/serveiseducatius.xtec.cat\/terraalta\/wp-content\/uploads\/usu1128\/2020\/10\/art-i-escola-1-300x136.jpg 300w, https:\/\/serveiseducatius.xtec.cat\/terraalta\/wp-content\/uploads\/usu1128\/2020\/10\/art-i-escola-1-768x348.jpg 768w\" sizes=\"auto, (max-width: 914px) 100vw, 914px\" \/><\/a><\/p>\n<p>&nbsp;<\/p>\n","protected":false},"excerpt":{"rendered":"<p>Us presentem el nou sites\u00a0Art i Escola, un web que recull totes les propostes did\u00e0ctiques sorgides en el si del [&hellip;]<\/p>\n","protected":false},"author":1,"featured_media":0,"parent":0,"menu_order":0,"comment_status":"closed","ping_status":"closed","template":"","meta":{"_bbp_topic_count":0,"_bbp_reply_count":0,"_bbp_total_topic_count":0,"_bbp_total_reply_count":0,"_bbp_voice_count":0,"_bbp_anonymous_reply_count":0,"_bbp_topic_count_hidden":0,"_bbp_reply_count_hidden":0,"_bbp_forum_subforum_count":0,"site-sidebar-layout":"default","site-content-layout":"","ast-site-content-layout":"","site-content-style":"default","site-sidebar-style":"default","ast-global-header-display":"","ast-banner-title-visibility":"","ast-main-header-display":"","ast-hfb-above-header-display":"","ast-hfb-below-header-display":"","ast-hfb-mobile-header-display":"","site-post-title":"","ast-breadcrumbs-content":"","ast-featured-img":"","footer-sml-layout":"","theme-transparent-header-meta":"","adv-header-id-meta":"","stick-header-meta":"","header-above-stick-meta":"","header-main-stick-meta":"","header-below-stick-meta":"","astra-migrate-meta-layouts":"default","ast-page-background-enabled":"default","ast-page-background-meta":{"desktop":{"background-color":"var(--ast-global-color-4)","background-image":"","background-repeat":"repeat","background-position":"center center","background-size":"auto","background-attachment":"scroll","background-type":"","background-media":"","overlay-type":"","overlay-color":"","overlay-opacity":"","overlay-gradient":""},"tablet":{"background-color":"","background-image":"","background-repeat":"repeat","background-position":"center center","background-size":"auto","background-attachment":"scroll","background-type":"","background-media":"","overlay-type":"","overlay-color":"","overlay-opacity":"","overlay-gradient":""},"mobile":{"background-color":"","background-image":"","background-repeat":"repeat","background-position":"center center","background-size":"auto","background-attachment":"scroll","background-type":"","background-media":"","overlay-type":"","overlay-color":"","overlay-opacity":"","overlay-gradient":""}},"ast-content-background-meta":{"desktop":{"background-color":"var(--ast-global-color-5)","background-image":"","background-repeat":"repeat","background-position":"center center","background-size":"auto","background-attachment":"scroll","background-type":"","background-media":"","overlay-type":"","overlay-color":"","overlay-opacity":"","overlay-gradient":""},"tablet":{"background-color":"var(--ast-global-color-5)","background-image":"","background-repeat":"repeat","background-position":"center center","background-size":"auto","background-attachment":"scroll","background-type":"","background-media":"","overlay-type":"","overlay-color":"","overlay-opacity":"","overlay-gradient":""},"mobile":{"background-color":"var(--ast-global-color-5)","background-image":"","background-repeat":"repeat","background-position":"center center","background-size":"auto","background-attachment":"scroll","background-type":"","background-media":"","overlay-type":"","overlay-color":"","overlay-opacity":"","overlay-gradient":""}},"footnotes":""},"class_list":["post-13135","page","type-page","status-publish","hentry"],"post_mailing_queue_ids":[],"_links":{"self":[{"href":"https:\/\/serveiseducatius.xtec.cat\/terraalta\/wp-json\/wp\/v2\/pages\/13135","targetHints":{"allow":["GET"]}}],"collection":[{"href":"https:\/\/serveiseducatius.xtec.cat\/terraalta\/wp-json\/wp\/v2\/pages"}],"about":[{"href":"https:\/\/serveiseducatius.xtec.cat\/terraalta\/wp-json\/wp\/v2\/types\/page"}],"author":[{"embeddable":true,"href":"https:\/\/serveiseducatius.xtec.cat\/terraalta\/wp-json\/wp\/v2\/users\/1"}],"replies":[{"embeddable":true,"href":"https:\/\/serveiseducatius.xtec.cat\/terraalta\/wp-json\/wp\/v2\/comments?post=13135"}],"version-history":[{"count":1,"href":"https:\/\/serveiseducatius.xtec.cat\/terraalta\/wp-json\/wp\/v2\/pages\/13135\/revisions"}],"predecessor-version":[{"id":13136,"href":"https:\/\/serveiseducatius.xtec.cat\/terraalta\/wp-json\/wp\/v2\/pages\/13135\/revisions\/13136"}],"wp:attachment":[{"href":"https:\/\/serveiseducatius.xtec.cat\/terraalta\/wp-json\/wp\/v2\/media?parent=13135"}],"curies":[{"name":"wp","href":"https:\/\/api.w.org\/{rel}","templated":true}]}}