{"id":11363,"date":"2019-02-06T13:57:32","date_gmt":"2019-02-06T12:57:32","guid":{"rendered":"http:\/\/serveiseducatius.xtec.cat\/terraalta\/?page_id=11363"},"modified":"2019-04-29T11:38:19","modified_gmt":"2019-04-29T09:38:19","slug":"mostra-de-teatre-2019","status":"publish","type":"page","link":"https:\/\/serveiseducatius.xtec.cat\/terraalta\/mostra-de-teatre-2019\/","title":{"rendered":"Mostra de Teatre 2019"},"content":{"rendered":"<h4 style=\"text-align: center;\"><span style=\"color: #ff0000;\"><strong>XXX MOSTRA DE TEATRE ESCOLAR DE LA TERRA ALTA<\/strong><\/span><\/h4>\n<h5 style=\"text-align: center;\"><span style=\"color: #ff9900;\"><strong>Del 2 al 4 d\u2019abril de 2019. Casal Municipal d&#8217;Horta de Sant Joan.<\/strong><\/span><\/h5>\n<p><strong>Dimarts, 2 d\u2019abril<\/strong><\/p>\n<ul>\n<li><span style=\"color: #0000ff;\"><span style=\"color: #3366ff;\"><strong><a href=\"https:\/\/youtu.be\/XTKNxBOtXNM\"><span style=\"color: #3366ff;\">La Fam\u00edlia Adams.<\/span><\/a><span style=\"color: #0000ff;\">\u00a0<\/span><\/strong><\/span><\/span><span style=\"font-family: inherit; font-size: 1em;\">Escola La Gessera de Caseres.<\/span><\/li>\n<\/ul>\n<p><strong>Argument:<\/strong> La popular, macabra, divertida, elegant i encantadora fam\u00edlia Addams es posa a prova quan uns forasters, vinculats amb la seua filla, van a sopar a casa seva. Els esdeveniments de la nit canviaran per sempre al clan dels Addams.<\/p>\n<ul>\n<li><a href=\"https:\/\/youtu.be\/pXRelXnQ4bQ\"><span style=\"color: #3366ff;\"><strong>La Ventafocs del segle XXI.<\/strong><\/span><\/a>\u00a0Escola Los Castellets de La Fatarella.<\/li>\n<\/ul>\n<p><strong>Argument:<\/strong> El cl\u00e0ssic conte de la Ventafocs adaptat al s. XXI.<\/p>\n<ul>\n<li><a href=\"https:\/\/youtu.be\/5H5Swhc7U-Q\"><span style=\"color: #3366ff;\"><strong>El bruixot musical.<\/strong><\/span><\/a>\u00a0IE Mare de D\u00e9u del Portal de Batea.<\/li>\n<\/ul>\n<p><strong>Argument:<\/strong> La Jana \u00e9s una xiqueta que quan es toca les ulleres fa volar objectes. Els pares, molt preocupats, la porten a la visita de dues psic\u00f2logues. Aquestes creuen convenient que ingressi en una escola on trobar\u00e0 altres xiquetes i xiquetes que, com ella, tenen superpoders. Les mestres d\u2019aquest centre intentaran que els seus alumnes controlin i aprofitin els dons especials que posseeixen. Ho aconseguiran?<\/p>\n<ul>\n<li><a href=\"https:\/\/youtu.be\/p6WQuGZ0x88\"><span style=\"color: #3366ff;\"><strong>Lost in TA.<\/strong><\/span><\/a>\u00a0Escola Puig Cavaller de Gandesa.<\/li>\n<\/ul>\n<p><strong>Argument:<\/strong> Uns influencers de les xarxes socials estan buscant el millor poble de Catalunya per fer un programa especial, per\u00f2 en arribar a la Terra Alta se\u2019ls complicar\u00e0 la tasca.<\/p>\n<p><strong>Dimecres, 3 d\u2019abril<\/strong><\/p>\n<ul>\n<li><a href=\"https:\/\/youtu.be\/-naS8TtsL2o\"><span style=\"color: #3366ff;\"><strong>Aix\u00f2 \u00e9s obra nostra.<\/strong><\/span><\/a>\u00a0Escola Doctor Ferran de Corbera.<\/li>\n<\/ul>\n<p><strong>Argument:<\/strong> Els alumnes de Corbera d\u2019Ebre s\u2019assabenten que han de representar una obra de teatre a la XXX Mostra de teatre escolar de la Terra Alta. La idea els entusiasma, per\u00f2 tamb\u00e9 els porta a l\u2019embolic d\u2019elegir una obra original i distribuir els personatges. Finalment tenen una GRAN IDEA.<\/p>\n<ul>\n<li><a href=\"https:\/\/youtu.be\/HWDcHylLEls\"><span style=\"color: #3366ff;\"><strong>El flautista de Prat de Comte.<\/strong><\/span><\/a>\u00a0Escola Mare de D\u00e9u de la Fontcalda.<\/li>\n<\/ul>\n<p><strong>Argument:<\/strong> L\u2019obra est\u00e0 basada en el conte infantil popular <em>El flautista d\u2019Hamel\u00edn<\/em> la qual nosaltres hem adaptat i anomenat <em>El flautista de Prat de Comte<\/em>. El poble de Prat de Comte est\u00e0 enva\u00eft per rates i apareix un flautista que promet fer-les desapar\u00e8ixer a canvi d\u2019uns diners. Aconseguiran deslliurar-se de les rates els pratdecomtins? Cobrar\u00e0 per la feina feta el flautista?<\/p>\n<ul>\n<li><a href=\"https:\/\/youtu.be\/30bQPWlFO-8\"><span style=\"color: #3366ff;\"><strong>En Tabalet.<\/strong><\/span><\/a>\u00a0Escola C\u00e8sar Martinell del Pinell de Brai.<\/li>\n<\/ul>\n<p><strong>Argument:<\/strong> En Tabalet \u00e9s un conillet petit\u00f3 que no fa cas de la seva mare que ha marxat a comprar i es posa en perill. Surt del cau i troba una serp enorme que gr\u00e0cies a la seva mare no se\u2019l menja. Durant l\u2019obra es va trobant diferents animals del bosc i es d\u00f3na un petit di\u00e0leg.<\/p>\n<ul>\n<li><a href=\"https:\/\/youtu.be\/PCr_-0WbsLo\"><span style=\"color: #3366ff;\"><strong>La princesa ratolina.<\/strong><\/span><\/a>\u00a0Escola Montsagre d&#8217;Horta de Sant Joan.<\/li>\n<\/ul>\n<p><strong>Argument:<\/strong> Hi havia una vegada, en un poble, una princesa ratolina que es volia casar amb el personatge m\u00e9s poder\u00f3s. Aix\u00ed que, sense pensar-s\u2019ho, se n\u2019an\u00e0 a buscar-lo.<\/p>\n<p><strong>Dijous, 4 d\u2019abril<\/strong><\/p>\n<ul>\n<li><a href=\"https:\/\/youtu.be\/bIKnFDit68k\"><span style=\"color: #3366ff;\"><strong>La rateta que escombrava l\u2019escaleta.<\/strong><\/span><\/a>\u00a0Escola L\u2019Ametller de la Pobla de Massaluca.<\/li>\n<\/ul>\n<p><strong>Argument:<\/strong> Era un rateta molt presumida que es troba un dineret i es compra un llacet. Davant de casa seva desfilen els seus pretendents que volen casar-se amb ella. Es casa amb el gat.<\/p>\n<ul>\n<li><a href=\"https:\/\/youtu.be\/StN0BoDpNk8\"><span style=\"color: #3366ff;\"><strong>El Rey Le\u00f3n.<\/strong><\/span><\/a>\u00a0Escola Sant Blai de Bot.<\/li>\n<\/ul>\n<p><strong>Argument:<\/strong> Adaptaci\u00f3 de la pel\u00b7l\u00edcula del <em>Rey Le\u00f3n<\/em> en un musical on actuen tots els xiquets\/es de l\u2019escola.<\/p>\n<ul>\n<li><a href=\"https:\/\/youtu.be\/Q3uawe_eFf0\"><span style=\"color: #3366ff;\"><strong>L\u2019orquestra.<\/strong><\/span><\/a>\u00a0Escola Lo Div\u00ed Mestre de Vilalba dels Arcs.<\/li>\n<\/ul>\n<p><strong>Argument:<\/strong> Per culpa d\u2019un contratemps, l\u2019alcalde es veu obligat a contractar d\u2019urg\u00e8ncia un director d\u2019orquestra local que fa molts anys que no dirigeix a cap m\u00fasic. Aquest es veur\u00e0 obligat a buscar-se la vida per tal d\u2019oferir un concert per les festes majors del poble.<\/p>\n","protected":false},"excerpt":{"rendered":"<p>XXX MOSTRA DE TEATRE ESCOLAR DE LA TERRA ALTA Del 2 al 4 d\u2019abril de 2019. Casal Municipal d&#8217;Horta de [&hellip;]<\/p>\n","protected":false},"author":1,"featured_media":0,"parent":0,"menu_order":0,"comment_status":"closed","ping_status":"closed","template":"","meta":{"_bbp_topic_count":0,"_bbp_reply_count":0,"_bbp_total_topic_count":0,"_bbp_total_reply_count":0,"_bbp_voice_count":0,"_bbp_anonymous_reply_count":0,"_bbp_topic_count_hidden":0,"_bbp_reply_count_hidden":0,"_bbp_forum_subforum_count":0,"site-sidebar-layout":"default","site-content-layout":"","ast-site-content-layout":"","site-content-style":"default","site-sidebar-style":"default","ast-global-header-display":"","ast-banner-title-visibility":"","ast-main-header-display":"","ast-hfb-above-header-display":"","ast-hfb-below-header-display":"","ast-hfb-mobile-header-display":"","site-post-title":"","ast-breadcrumbs-content":"","ast-featured-img":"","footer-sml-layout":"","theme-transparent-header-meta":"","adv-header-id-meta":"","stick-header-meta":"","header-above-stick-meta":"","header-main-stick-meta":"","header-below-stick-meta":"","astra-migrate-meta-layouts":"default","ast-page-background-enabled":"default","ast-page-background-meta":{"desktop":{"background-color":"var(--ast-global-color-4)","background-image":"","background-repeat":"repeat","background-position":"center center","background-size":"auto","background-attachment":"scroll","background-type":"","background-media":"","overlay-type":"","overlay-color":"","overlay-opacity":"","overlay-gradient":""},"tablet":{"background-color":"","background-image":"","background-repeat":"repeat","background-position":"center center","background-size":"auto","background-attachment":"scroll","background-type":"","background-media":"","overlay-type":"","overlay-color":"","overlay-opacity":"","overlay-gradient":""},"mobile":{"background-color":"","background-image":"","background-repeat":"repeat","background-position":"center center","background-size":"auto","background-attachment":"scroll","background-type":"","background-media":"","overlay-type":"","overlay-color":"","overlay-opacity":"","overlay-gradient":""}},"ast-content-background-meta":{"desktop":{"background-color":"var(--ast-global-color-5)","background-image":"","background-repeat":"repeat","background-position":"center center","background-size":"auto","background-attachment":"scroll","background-type":"","background-media":"","overlay-type":"","overlay-color":"","overlay-opacity":"","overlay-gradient":""},"tablet":{"background-color":"var(--ast-global-color-5)","background-image":"","background-repeat":"repeat","background-position":"center center","background-size":"auto","background-attachment":"scroll","background-type":"","background-media":"","overlay-type":"","overlay-color":"","overlay-opacity":"","overlay-gradient":""},"mobile":{"background-color":"var(--ast-global-color-5)","background-image":"","background-repeat":"repeat","background-position":"center center","background-size":"auto","background-attachment":"scroll","background-type":"","background-media":"","overlay-type":"","overlay-color":"","overlay-opacity":"","overlay-gradient":""}},"footnotes":""},"class_list":["post-11363","page","type-page","status-publish","hentry"],"post_mailing_queue_ids":[],"_links":{"self":[{"href":"https:\/\/serveiseducatius.xtec.cat\/terraalta\/wp-json\/wp\/v2\/pages\/11363","targetHints":{"allow":["GET"]}}],"collection":[{"href":"https:\/\/serveiseducatius.xtec.cat\/terraalta\/wp-json\/wp\/v2\/pages"}],"about":[{"href":"https:\/\/serveiseducatius.xtec.cat\/terraalta\/wp-json\/wp\/v2\/types\/page"}],"author":[{"embeddable":true,"href":"https:\/\/serveiseducatius.xtec.cat\/terraalta\/wp-json\/wp\/v2\/users\/1"}],"replies":[{"embeddable":true,"href":"https:\/\/serveiseducatius.xtec.cat\/terraalta\/wp-json\/wp\/v2\/comments?post=11363"}],"version-history":[{"count":4,"href":"https:\/\/serveiseducatius.xtec.cat\/terraalta\/wp-json\/wp\/v2\/pages\/11363\/revisions"}],"predecessor-version":[{"id":11652,"href":"https:\/\/serveiseducatius.xtec.cat\/terraalta\/wp-json\/wp\/v2\/pages\/11363\/revisions\/11652"}],"wp:attachment":[{"href":"https:\/\/serveiseducatius.xtec.cat\/terraalta\/wp-json\/wp\/v2\/media?parent=11363"}],"curies":[{"name":"wp","href":"https:\/\/api.w.org\/{rel}","templated":true}]}}