{"id":11287,"date":"2019-01-10T10:55:03","date_gmt":"2019-01-10T09:55:03","guid":{"rendered":"http:\/\/serveiseducatius.xtec.cat\/terraalta\/?page_id=11287"},"modified":"2025-07-10T11:40:59","modified_gmt":"2025-07-10T09:40:59","slug":"teatre-en-angles","status":"publish","type":"page","link":"https:\/\/serveiseducatius.xtec.cat\/terraalta\/teatre-en-angles\/","title":{"rendered":"Teatre en Angl\u00e8s"},"content":{"rendered":"<h3 style=\"text-align: center;\"><span style=\"color: #ff0000;\"><strong>TEATRE EN ANGL\u00c8S COMARCAL<\/strong><\/span><\/h3>\n<p>Des de ja fa <strong>17 anys<\/strong>, els Servei Educatiu organitza l&#8217;activitat del teatre en angl\u00e8s per a tots els xiquets i xiquetes de la comarca. L&#8217;objectiu d&#8217;aquesta activitat \u00e9s potenciar l&#8217;\u00fas de la llengua anglesa entre els escolars de cicle mitj\u00e0 i de cicle superior de la zona.<\/p>\n<p>Aqu\u00ed teniu el llistat amb totes les obres realitzades fins l&#8217;actualitat:<\/p>\n<ol>\n<li>Curs 24\/25: <em><strong>Dracula<\/strong><\/em>. Ipa Productions.<\/li>\n<li>Curs 23\/24: <strong><em>Treasure Island<\/em><\/strong>. Ipa Productions.<\/li>\n<li>Curs 22\/23: <a href=\"https:\/\/jumpingducks.com\/obres\/chocolate-factory\/\"><em><strong>The Chocolate Factory<\/strong><\/em><\/a>. Jumping Ducks Company.<\/li>\n<li>Curs 21\/22: <a href=\"https:\/\/jumpingducks.com\/obres\/the-plastic-mermaid\/\"><em><strong>The Plastic Mermaid<\/strong><\/em><\/a>. Jumping Ducks Company.<\/li>\n<li>Curs 20\/21: No se&#8217;n va fer a causa de la pand\u00e8mia.<\/li>\n<li>Curs 19\/20: <em><strong><a href=\"https:\/\/jumpingducks.com\/obres\/cinder-ella-new-york\/\" target=\"_blank\" rel=\"noopener noreferrer\">Cinder ELLA New York<\/a><\/strong><\/em>. Jumping Ducks Company.<\/li>\n<li>Curs 18\/19: <em><a href=\"https:\/\/jumpingducks.com\/obres\/beauty-and-the-beast\/\"><strong>Beauty and the Beast<\/strong><\/a><\/em>. Jumping Ducks Company.<\/li>\n<li>Curs 17\/18: <em><strong>The teeth, the mouse and the monster<\/strong><\/em>. Imaginautes.<\/li>\n<li>Curs 16\/17: <em><strong>Tic, tac,&#8230; Alice<\/strong><\/em>. Imaginautes.<\/li>\n<li>Curs 15\/16: <em><strong>D&#8217;Artagnan<\/strong><\/em>. Imaginautes.<\/li>\n<li>Curs 14\/15: <em><strong>Simbad<\/strong><\/em>. Imaginautes.<\/li>\n<li>Curs 13\/14:\u00a0<em><strong>Livingstone, I suppose<\/strong><\/em>. Imaginautes.<\/li>\n<li>Curs 12\/13: <em><strong>Marco Polo<\/strong><\/em>. Imaginautes.<\/li>\n<li>Curs 11\/12:\u00a0<em><strong>Robin &amp; Hood<\/strong><\/em>. Imaginautes.<\/li>\n<li>Curs 09\/10:\u00a0<em><strong>Monsters<\/strong><\/em>. Imaginautes.<\/li>\n<li>Curs 08\/09: <em><strong>The Far West<\/strong><\/em>. Imaginautes.<\/li>\n<li>Curs 07\/08: <em><strong>Camelot<\/strong><\/em>. Imaginautes.<\/li>\n<li>Curs 06\/07: <em><strong>The Snoring Beauty<\/strong><\/em>. Gesti\u00f3 Teatral.<\/li>\n<\/ol>\n","protected":false},"excerpt":{"rendered":"<p>TEATRE EN ANGL\u00c8S COMARCAL Des de ja fa 17 anys, els Servei Educatiu organitza l&#8217;activitat del teatre en angl\u00e8s per [&hellip;]<\/p>\n","protected":false},"author":1,"featured_media":0,"parent":0,"menu_order":2,"comment_status":"closed","ping_status":"closed","template":"","meta":{"_bbp_topic_count":0,"_bbp_reply_count":0,"_bbp_total_topic_count":0,"_bbp_total_reply_count":0,"_bbp_voice_count":0,"_bbp_anonymous_reply_count":0,"_bbp_topic_count_hidden":0,"_bbp_reply_count_hidden":0,"_bbp_forum_subforum_count":0,"site-sidebar-layout":"default","site-content-layout":"","ast-site-content-layout":"default","site-content-style":"default","site-sidebar-style":"default","ast-global-header-display":"","ast-banner-title-visibility":"","ast-main-header-display":"","ast-hfb-above-header-display":"","ast-hfb-below-header-display":"","ast-hfb-mobile-header-display":"","site-post-title":"","ast-breadcrumbs-content":"","ast-featured-img":"","footer-sml-layout":"","theme-transparent-header-meta":"default","adv-header-id-meta":"","stick-header-meta":"","header-above-stick-meta":"","header-main-stick-meta":"","header-below-stick-meta":"","astra-migrate-meta-layouts":"set","ast-page-background-enabled":"default","ast-page-background-meta":{"desktop":{"background-color":"var(--ast-global-color-4)","background-image":"","background-repeat":"repeat","background-position":"center center","background-size":"auto","background-attachment":"scroll","background-type":"","background-media":"","overlay-type":"","overlay-color":"","overlay-opacity":"","overlay-gradient":""},"tablet":{"background-color":"","background-image":"","background-repeat":"repeat","background-position":"center center","background-size":"auto","background-attachment":"scroll","background-type":"","background-media":"","overlay-type":"","overlay-color":"","overlay-opacity":"","overlay-gradient":""},"mobile":{"background-color":"","background-image":"","background-repeat":"repeat","background-position":"center center","background-size":"auto","background-attachment":"scroll","background-type":"","background-media":"","overlay-type":"","overlay-color":"","overlay-opacity":"","overlay-gradient":""}},"ast-content-background-meta":{"desktop":{"background-color":"var(--ast-global-color-5)","background-image":"","background-repeat":"repeat","background-position":"center center","background-size":"auto","background-attachment":"scroll","background-type":"","background-media":"","overlay-type":"","overlay-color":"","overlay-opacity":"","overlay-gradient":""},"tablet":{"background-color":"var(--ast-global-color-5)","background-image":"","background-repeat":"repeat","background-position":"center center","background-size":"auto","background-attachment":"scroll","background-type":"","background-media":"","overlay-type":"","overlay-color":"","overlay-opacity":"","overlay-gradient":""},"mobile":{"background-color":"var(--ast-global-color-5)","background-image":"","background-repeat":"repeat","background-position":"center center","background-size":"auto","background-attachment":"scroll","background-type":"","background-media":"","overlay-type":"","overlay-color":"","overlay-opacity":"","overlay-gradient":""}},"footnotes":""},"class_list":["post-11287","page","type-page","status-publish","hentry"],"post_mailing_queue_ids":[],"_links":{"self":[{"href":"https:\/\/serveiseducatius.xtec.cat\/terraalta\/wp-json\/wp\/v2\/pages\/11287","targetHints":{"allow":["GET"]}}],"collection":[{"href":"https:\/\/serveiseducatius.xtec.cat\/terraalta\/wp-json\/wp\/v2\/pages"}],"about":[{"href":"https:\/\/serveiseducatius.xtec.cat\/terraalta\/wp-json\/wp\/v2\/types\/page"}],"author":[{"embeddable":true,"href":"https:\/\/serveiseducatius.xtec.cat\/terraalta\/wp-json\/wp\/v2\/users\/1"}],"replies":[{"embeddable":true,"href":"https:\/\/serveiseducatius.xtec.cat\/terraalta\/wp-json\/wp\/v2\/comments?post=11287"}],"version-history":[{"count":5,"href":"https:\/\/serveiseducatius.xtec.cat\/terraalta\/wp-json\/wp\/v2\/pages\/11287\/revisions"}],"predecessor-version":[{"id":16819,"href":"https:\/\/serveiseducatius.xtec.cat\/terraalta\/wp-json\/wp\/v2\/pages\/11287\/revisions\/16819"}],"wp:attachment":[{"href":"https:\/\/serveiseducatius.xtec.cat\/terraalta\/wp-json\/wp\/v2\/media?parent=11287"}],"curies":[{"name":"wp","href":"https:\/\/api.w.org\/{rel}","templated":true}]}}