{"id":11004,"date":"2018-06-22T09:51:09","date_gmt":"2018-06-22T07:51:09","guid":{"rendered":"http:\/\/serveiseducatius.xtec.cat\/terraalta\/?page_id=11004"},"modified":"2018-06-22T10:40:22","modified_gmt":"2018-06-22T08:40:22","slug":"mostra-de-teatre-2018","status":"publish","type":"page","link":"https:\/\/serveiseducatius.xtec.cat\/terraalta\/mostra-de-teatre-2018\/","title":{"rendered":"Mostra de Teatre 2018"},"content":{"rendered":"<p style=\"text-align: center;\"><strong>XXIX MOSTRA DE TEATRE ESCOLAR DE LA TERRA ALTA.\u00a0<\/strong><strong>Del 10 al 12 d\u2019abril de 2018<\/strong><\/p>\n<p style=\"text-align: center;\"><strong>Casal Municipal de La Fatarella<\/strong><\/p>\n<p style=\"text-align: justify;\"><strong>Dimarts, dia 10 d&#8217;abril<\/strong><\/p>\n<ul style=\"text-align: justify;\">\n<li><strong><a href=\"https:\/\/www.youtube.com\/watch?v=rYTfQSPLAzc&amp;t=559s\">LA BELLA NO DORMENT<\/a>.\u00a0<\/strong>Escola la Gessera- ZER Ports-Algars- de Caseres<\/li>\n<\/ul>\n<p style=\"text-align: justify;\"><strong>\u00a0Argument:\u00a0<\/strong>La Princesa Bella \u00e9s rebel i indisciplinada. Ella vol trobar al seu Pr\u00edncep Blau, per\u00f2 que sigui un pr\u00edncep blau claret&#8230;<\/p>\n<ul style=\"text-align: justify;\">\n<li><strong>\u00a0<\/strong><strong><a href=\"https:\/\/youtu.be\/bmIkwj2K5tM\">EL BANC DEL TEMPS<\/a>.\u00a0<\/strong>Escola Puig Cavaller de Gandesa.<\/li>\n<\/ul>\n<p style=\"text-align: justify;\"><strong>\u00a0<\/strong><strong>Argument:\u00a0<\/strong>El banc del temps \u00e9s el primer banc que funciona sense diners. \u00c9s un sistema d\u2019intercanvi d\u2019hores entre els protagonistes, en qu\u00e8 la unitat de valor \u00e9s el temps.<\/p>\n<ul>\n<li><strong><a href=\"https:\/\/www.youtube.com\/watch?v=nj9qQZPGP8c&amp;feature=youtu.be\">ELS LLADRES BABAUS I ELS NENS ESPAVILATS<\/a>.\u00a0<\/strong>IE \u201cMare de D\u00e9u del Portal\u201d de Batea.\n<p style=\"text-align: justify;\"><strong>Argument:<\/strong> Uns xiquets estan jugant al parc i s\u00f3n testimonis de com uns lladres amaguen el bot\u00ed del robatori que acaben de perpetrar al banc de la localitat. La gent del poble no creu el que els expliquen. Podran detenir ells tots sols als dolents?<\/p>\n<\/li>\n<li><strong><a href=\"https:\/\/youtu.be\/R9lkvmIENIM\">EL REI QUE NO REIA<\/a>.\u00a0<\/strong>Escola C\u00e8sar Martinell de Pinell de Brai.<strong>Argument:\u00a0<\/strong>\u00c9s una obra divertida que ens ensenya que per ser feli\u00e7 en aquest m\u00f3n, s\u2019ha de ser bona persona. El rei de la com\u00e8dia no podia riure, perqu\u00e8 s\u2019havia tornat dolent i quan va tornar a ser un bon rei, ja no va tenir problemes.\n<p><strong>Dimecres, 11 d&#8217;abril<\/strong><\/li>\n<li>\u00a0<strong><a href=\"https:\/\/www.youtube.com\/watch?v=wCTeW4Ea9ro&amp;feature=youtu.be\">JUST ABANS DE LA FUNCI\u00d3<\/a>.\u00a0<\/strong>Escola l\u2019Ametller de La Pobla de Massaluca.<strong>Argument:\u00a0<\/strong>Han desaparegut les pilotes de malabars just abans de la funci\u00f3 del circ! Tots els artistes les busquen, cadasc\u00fa a la seva manera segons la seva personalitat.<\/li>\n<li>\u00a0<strong><a href=\"https:\/\/youtu.be\/VkDlDLgZeQc\">LA BODA NO RODA<\/a>.\u00a0<\/strong>Escola El Div\u00ed Mestres de Vilalba dels Arcs<strong>Argument:\u00a0<\/strong>En una fam\u00edlia\u00a0 es planteja, per sorpresa, la boda de la seva filla gran amb el seu nuvi, un home sense ofici ni benefici. Els pares d\u2019ella no hi estan gens d\u2019acord, per\u00f2 saben que la seva filla es casar\u00e0 igual. Finalment descobreixen que el nuvi no \u00e9s qui diu ser&#8230;<\/li>\n<li>\u00a0<strong><a href=\"https:\/\/youtu.be\/-pk7iHt2uzA\">REBEL\u00b7LI\u00d3 A LA CUINA<\/a>.\u00a0<\/strong>Escola La Miranda d\u2019Arnes.<strong>Argument:\u00a0<\/strong>Historia musical\u00a0 de dos germans a qui sol agrada\u00a0 menjar truita i patates fregides. Els estris\u00a0 de cuina i els aliments es revolten i decideixen donar una lli\u00e7\u00f3 als protagonistes.<\/li>\n<li>\u00a0<strong><a href=\"https:\/\/youtu.be\/uSP_rTB9k9I\">MONSTRES PPCC<\/a>:\u00a0<\/strong>Escola Montsagre d\u2019Horta de Sant Joan.<strong>\u00a0<\/strong><strong>Argument:\u00a0<\/strong>\u00c9s una mena d\u2019adaptaci\u00f3 lliure del \u00ab\u00a0Fearless John\u00a0\u00bb dels germans Grimm, donant protagonisme als monstres propis de la nostra tradici\u00f3.<\/li>\n<li>\u00a0<strong><a href=\"https:\/\/youtu.be\/63ImKPI7qGM\">T\u2019HE ENXAMPAT CAPUTXETA<\/a>.\u00a0<\/strong>Escola Mare de D\u00e9u de la Fontcalda de Prat de Comte.\n<p style=\"text-align: justify;\"><strong>\u00a0<\/strong><strong>Argument:\u00a0<\/strong>Aquesta obra d\u00f3na una nova visi\u00f3 dels contes tradicionals, divertida i emocionant aventura on hi ha Caputxetes feroces, porcs armats fins a les dents, gats atracadors, vampirs, Frankesteins, i fins i tot un llop de qui no et pots fiar massa. Els personatges dels contes populars s&#8217;emboliquen per fer una hist\u00f2ria diferent en clau d&#8217;humor.<\/p>\n<\/li>\n<li>\n<p style=\"text-align: justify;\">\u00a0<strong><a href=\"https:\/\/youtu.be\/CeLHfoQiHMk\">UN TASTET DE LA TERRA ALTA<\/a>.\u00a0<\/strong>Escola Sant Blai de Bot<\/p>\n<p style=\"text-align: justify;\"><strong>Argument: <\/strong>Coneixem la Terra Alta en dotze passes.<\/p>\n<\/li>\n<li>\u00a0<strong><a href=\"https:\/\/youtu.be\/8ZoPaFK2hmQ\">D\u00c9U MEU, QUIN EMBOLIC !!<\/a>\u00a0<\/strong>Escola Doctor Ferran de Corbera d\u2019Ebre\n<p style=\"text-align: justify;\"><strong>\u00a0<\/strong><strong>Argument:\u00a0<\/strong>El mag del cel Astracel celebra el seu aniversari. Els amics i les amigues li regalen un ordinador molt modern per substituir la vareta m\u00e0gica que ha fet servir fins avui per controlar el bon funcionament dels astres del cel.<br \/>\nNom\u00e9s estrenar el nou regal, com que no el sap fer funcionar correctament, munta un gran embolic amb els estels, la lluna, el sol, els n\u00favols,&#8230; La gent del poble decideix apuntar-lo a un curset d&#8217;ordinador perqu\u00e8 aprengui el seu funcionament de manera adequada.<\/p>\n<\/li>\n<li>\n<p style=\"text-align: justify;\"><strong><a href=\"https:\/\/youtu.be\/3wwIWf632eU\">EL DRAC REFREDAT CONTE CANVIAT<\/a>.\u00a0<\/strong>Escola Los Castellets de la Fatarella<\/p>\n<p style=\"text-align: justify;\"><strong>Argument:\u00a0<\/strong>Aquesta \u00e9s la hist\u00f2ria d\u2019un drac que un dia va notar unes pessigolles al musell i va esternudar tant fort, tant fort, que va despentinar a la princesa, va arrencar els p\u00e8tals de la flor, va ensopegar amb el cavaller i fent una gran tombarella, va sortir del conte sense dir res, \u00e9s a dir cada cop que esternudava canviava de conte.<\/p>\n<p style=\"text-align: justify;\"><strong>\u00a0<\/strong><\/p>\n<p>&nbsp;<\/p>\n<p>&nbsp;<\/p>\n<p>&nbsp;<\/p>\n<p>&nbsp;<\/p>\n<p>&nbsp;<\/p>\n<p>&nbsp;<\/p>\n<p>&nbsp;<\/p>\n<p>&nbsp;<\/p>\n<p>&nbsp;<\/p>\n<p>&nbsp;<\/p>\n<p>&nbsp;<\/li>\n<\/ul>\n","protected":false},"excerpt":{"rendered":"<p>XXIX MOSTRA DE TEATRE ESCOLAR DE LA TERRA ALTA.\u00a0Del 10 al 12 d\u2019abril de 2018 Casal Municipal de La Fatarella [&hellip;]<\/p>\n","protected":false},"author":1,"featured_media":0,"parent":0,"menu_order":1,"comment_status":"closed","ping_status":"closed","template":"","meta":{"_bbp_topic_count":0,"_bbp_reply_count":0,"_bbp_total_topic_count":0,"_bbp_total_reply_count":0,"_bbp_voice_count":0,"_bbp_anonymous_reply_count":0,"_bbp_topic_count_hidden":0,"_bbp_reply_count_hidden":0,"_bbp_forum_subforum_count":0,"site-sidebar-layout":"default","site-content-layout":"","ast-site-content-layout":"","site-content-style":"default","site-sidebar-style":"default","ast-global-header-display":"","ast-banner-title-visibility":"","ast-main-header-display":"","ast-hfb-above-header-display":"","ast-hfb-below-header-display":"","ast-hfb-mobile-header-display":"","site-post-title":"","ast-breadcrumbs-content":"","ast-featured-img":"","footer-sml-layout":"","theme-transparent-header-meta":"","adv-header-id-meta":"","stick-header-meta":"","header-above-stick-meta":"","header-main-stick-meta":"","header-below-stick-meta":"","astra-migrate-meta-layouts":"default","ast-page-background-enabled":"default","ast-page-background-meta":{"desktop":{"background-color":"var(--ast-global-color-4)","background-image":"","background-repeat":"repeat","background-position":"center center","background-size":"auto","background-attachment":"scroll","background-type":"","background-media":"","overlay-type":"","overlay-color":"","overlay-opacity":"","overlay-gradient":""},"tablet":{"background-color":"","background-image":"","background-repeat":"repeat","background-position":"center center","background-size":"auto","background-attachment":"scroll","background-type":"","background-media":"","overlay-type":"","overlay-color":"","overlay-opacity":"","overlay-gradient":""},"mobile":{"background-color":"","background-image":"","background-repeat":"repeat","background-position":"center center","background-size":"auto","background-attachment":"scroll","background-type":"","background-media":"","overlay-type":"","overlay-color":"","overlay-opacity":"","overlay-gradient":""}},"ast-content-background-meta":{"desktop":{"background-color":"var(--ast-global-color-5)","background-image":"","background-repeat":"repeat","background-position":"center center","background-size":"auto","background-attachment":"scroll","background-type":"","background-media":"","overlay-type":"","overlay-color":"","overlay-opacity":"","overlay-gradient":""},"tablet":{"background-color":"var(--ast-global-color-5)","background-image":"","background-repeat":"repeat","background-position":"center center","background-size":"auto","background-attachment":"scroll","background-type":"","background-media":"","overlay-type":"","overlay-color":"","overlay-opacity":"","overlay-gradient":""},"mobile":{"background-color":"var(--ast-global-color-5)","background-image":"","background-repeat":"repeat","background-position":"center center","background-size":"auto","background-attachment":"scroll","background-type":"","background-media":"","overlay-type":"","overlay-color":"","overlay-opacity":"","overlay-gradient":""}},"footnotes":""},"class_list":["post-11004","page","type-page","status-publish","hentry"],"post_mailing_queue_ids":[],"_links":{"self":[{"href":"https:\/\/serveiseducatius.xtec.cat\/terraalta\/wp-json\/wp\/v2\/pages\/11004","targetHints":{"allow":["GET"]}}],"collection":[{"href":"https:\/\/serveiseducatius.xtec.cat\/terraalta\/wp-json\/wp\/v2\/pages"}],"about":[{"href":"https:\/\/serveiseducatius.xtec.cat\/terraalta\/wp-json\/wp\/v2\/types\/page"}],"author":[{"embeddable":true,"href":"https:\/\/serveiseducatius.xtec.cat\/terraalta\/wp-json\/wp\/v2\/users\/1"}],"replies":[{"embeddable":true,"href":"https:\/\/serveiseducatius.xtec.cat\/terraalta\/wp-json\/wp\/v2\/comments?post=11004"}],"version-history":[{"count":3,"href":"https:\/\/serveiseducatius.xtec.cat\/terraalta\/wp-json\/wp\/v2\/pages\/11004\/revisions"}],"predecessor-version":[{"id":11012,"href":"https:\/\/serveiseducatius.xtec.cat\/terraalta\/wp-json\/wp\/v2\/pages\/11004\/revisions\/11012"}],"wp:attachment":[{"href":"https:\/\/serveiseducatius.xtec.cat\/terraalta\/wp-json\/wp\/v2\/media?parent=11004"}],"curies":[{"name":"wp","href":"https:\/\/api.w.org\/{rel}","templated":true}]}}