{"id":10174,"date":"2017-06-01T10:11:33","date_gmt":"2017-06-01T08:11:33","guid":{"rendered":"http:\/\/serveiseducatius.xtec.cat\/terraalta\/?page_id=10174"},"modified":"2017-06-28T12:01:18","modified_gmt":"2017-06-28T10:01:18","slug":"trobades-pedagogiques","status":"publish","type":"page","link":"https:\/\/serveiseducatius.xtec.cat\/terraalta\/trobades-pedagogiques\/","title":{"rendered":"VI Trobada pedag\u00f2gica"},"content":{"rendered":"<p><a href=\"http:\/\/serveiseducatius.xtec.cat\/terraalta\/wp-content\/uploads\/usu1128\/2017\/06\/Cartell_Trobada-pedag\u00f2gica-2017-1.png\"><img loading=\"lazy\" decoding=\"async\" class=\"alignnone wp-image-10241 aligncenter\" src=\"http:\/\/serveiseducatius.xtec.cat\/terraalta\/wp-content\/uploads\/usu1128\/2017\/06\/Cartell_Trobada-pedag\u00f2gica-2017-1-724x1024.png\" alt=\"Cartell_Trobada-pedag\u00f2gica-2017\" width=\"510\" height=\"722\" srcset=\"https:\/\/serveiseducatius.xtec.cat\/terraalta\/wp-content\/uploads\/usu1128\/2017\/06\/Cartell_Trobada-pedag\u00f2gica-2017-1-724x1024.png 724w, https:\/\/serveiseducatius.xtec.cat\/terraalta\/wp-content\/uploads\/usu1128\/2017\/06\/Cartell_Trobada-pedag\u00f2gica-2017-1-212x300.png 212w, https:\/\/serveiseducatius.xtec.cat\/terraalta\/wp-content\/uploads\/usu1128\/2017\/06\/Cartell_Trobada-pedag\u00f2gica-2017-1-768x1086.png 768w, https:\/\/serveiseducatius.xtec.cat\/terraalta\/wp-content\/uploads\/usu1128\/2017\/06\/Cartell_Trobada-pedag\u00f2gica-2017-1.png 842w\" sizes=\"auto, (max-width: 510px) 100vw, 510px\" \/><\/a><\/p>\n<p>&nbsp;<\/p>\n<p><strong>LA ROB\u00d2TICA i LA TECNOLOGIA A L\u2019AULA<\/strong><\/p>\n<p>9.00 h Rebuda i acreditaci\u00f3 dels assistents<\/p>\n<p>9.15 h Presentaci\u00f3 de la jornada<\/p>\n<p>9.30 h <strong><em>Tend\u00e8ncies en educaci\u00f3 al segle XXI<\/em><\/strong> confer\u00e8ncia a c\u00e0rrec de Pitu Mart\u00ednez.<\/p>\n<p>11 h\u00a0\u00a0 Pausa<\/p>\n<p>11.30-12.00 h: <a href=\"http:\/\/serveiseducatius.xtec.cat\/terraalta\/categoria\/impulsem-la-robotica-i-les-tecnologies-creatives-a-laula\">Impulsem la rob\u00f2tica i les tecnologies creatives a l\u2019aula INS Terra Alta<\/a>;<\/p>\n<p>12.05-12.40 h: <a href=\"http:\/\/serveiseducatius.xtec.cat\/terraalta\/categoria\/programacio-blocs\/\">Programaci\u00f3 amb blocs<\/a>, a c\u00e0rrec CRP Baix Ebre;<\/p>\n<p>12.45-13.05 h:<a href=\"http:\/\/serveiseducatius.xtec.cat\/terraalta\/categoria\/la-tecnologia-el-mon-canvia\/\"> La tecnologia el m\u00f3n canvia<\/a> Escola Montsagre;<\/p>\n<p>13.10-13.30 h <a href=\"http:\/\/serveiseducatius.xtec.cat\/terraalta\/categoria\/lego-we-do-una-experiencia-a-laula\/\">Lego we do<\/a> Doctor Ferran de Corbera d\u2019Ebre.<\/p>\n<p>13.35-13.55 h <a href=\"http:\/\/serveiseducatius.xtec.cat\/terraalta\/categoria\/erasmus-plus\/\">Erasmus Plus<\/a> Institut Escola Mare de D\u00e9u del Portal;<\/p>\n<p>14 h\u00a0 Cloenda<\/p>\n<p>&nbsp;<\/p>\n<p>Lloc de realitzaci\u00f3: Institut Terra Alta, Gandesa<\/p>\n","protected":false},"excerpt":{"rendered":"<p>&nbsp; LA ROB\u00d2TICA i LA TECNOLOGIA A L\u2019AULA 9.00 h Rebuda i acreditaci\u00f3 dels assistents 9.15 h Presentaci\u00f3 de la [&hellip;]<\/p>\n","protected":false},"author":1,"featured_media":0,"parent":0,"menu_order":0,"comment_status":"closed","ping_status":"closed","template":"","meta":{"_bbp_topic_count":0,"_bbp_reply_count":0,"_bbp_total_topic_count":0,"_bbp_total_reply_count":0,"_bbp_voice_count":0,"_bbp_anonymous_reply_count":0,"_bbp_topic_count_hidden":0,"_bbp_reply_count_hidden":0,"_bbp_forum_subforum_count":0,"site-sidebar-layout":"default","site-content-layout":"","ast-site-content-layout":"","site-content-style":"default","site-sidebar-style":"default","ast-global-header-display":"","ast-banner-title-visibility":"","ast-main-header-display":"","ast-hfb-above-header-display":"","ast-hfb-below-header-display":"","ast-hfb-mobile-header-display":"","site-post-title":"","ast-breadcrumbs-content":"","ast-featured-img":"","footer-sml-layout":"","theme-transparent-header-meta":"","adv-header-id-meta":"","stick-header-meta":"","header-above-stick-meta":"","header-main-stick-meta":"","header-below-stick-meta":"","astra-migrate-meta-layouts":"default","ast-page-background-enabled":"default","ast-page-background-meta":{"desktop":{"background-color":"var(--ast-global-color-4)","background-image":"","background-repeat":"repeat","background-position":"center center","background-size":"auto","background-attachment":"scroll","background-type":"","background-media":"","overlay-type":"","overlay-color":"","overlay-opacity":"","overlay-gradient":""},"tablet":{"background-color":"","background-image":"","background-repeat":"repeat","background-position":"center center","background-size":"auto","background-attachment":"scroll","background-type":"","background-media":"","overlay-type":"","overlay-color":"","overlay-opacity":"","overlay-gradient":""},"mobile":{"background-color":"","background-image":"","background-repeat":"repeat","background-position":"center center","background-size":"auto","background-attachment":"scroll","background-type":"","background-media":"","overlay-type":"","overlay-color":"","overlay-opacity":"","overlay-gradient":""}},"ast-content-background-meta":{"desktop":{"background-color":"var(--ast-global-color-5)","background-image":"","background-repeat":"repeat","background-position":"center center","background-size":"auto","background-attachment":"scroll","background-type":"","background-media":"","overlay-type":"","overlay-color":"","overlay-opacity":"","overlay-gradient":""},"tablet":{"background-color":"var(--ast-global-color-5)","background-image":"","background-repeat":"repeat","background-position":"center center","background-size":"auto","background-attachment":"scroll","background-type":"","background-media":"","overlay-type":"","overlay-color":"","overlay-opacity":"","overlay-gradient":""},"mobile":{"background-color":"var(--ast-global-color-5)","background-image":"","background-repeat":"repeat","background-position":"center center","background-size":"auto","background-attachment":"scroll","background-type":"","background-media":"","overlay-type":"","overlay-color":"","overlay-opacity":"","overlay-gradient":""}},"footnotes":""},"class_list":["post-10174","page","type-page","status-publish","hentry"],"post_mailing_queue_ids":[],"_links":{"self":[{"href":"https:\/\/serveiseducatius.xtec.cat\/terraalta\/wp-json\/wp\/v2\/pages\/10174","targetHints":{"allow":["GET"]}}],"collection":[{"href":"https:\/\/serveiseducatius.xtec.cat\/terraalta\/wp-json\/wp\/v2\/pages"}],"about":[{"href":"https:\/\/serveiseducatius.xtec.cat\/terraalta\/wp-json\/wp\/v2\/types\/page"}],"author":[{"embeddable":true,"href":"https:\/\/serveiseducatius.xtec.cat\/terraalta\/wp-json\/wp\/v2\/users\/1"}],"replies":[{"embeddable":true,"href":"https:\/\/serveiseducatius.xtec.cat\/terraalta\/wp-json\/wp\/v2\/comments?post=10174"}],"version-history":[{"count":3,"href":"https:\/\/serveiseducatius.xtec.cat\/terraalta\/wp-json\/wp\/v2\/pages\/10174\/revisions"}],"predecessor-version":[{"id":10243,"href":"https:\/\/serveiseducatius.xtec.cat\/terraalta\/wp-json\/wp\/v2\/pages\/10174\/revisions\/10243"}],"wp:attachment":[{"href":"https:\/\/serveiseducatius.xtec.cat\/terraalta\/wp-json\/wp\/v2\/media?parent=10174"}],"curies":[{"name":"wp","href":"https:\/\/api.w.org\/{rel}","templated":true}]}}