{"id":9786,"date":"2018-07-05T13:02:42","date_gmt":"2018-07-05T11:02:42","guid":{"rendered":"http:\/\/serveiseducatius.xtec.cat\/tarragones\/?page_id=9786"},"modified":"2022-05-24T14:03:46","modified_gmt":"2022-05-24T12:03:46","slug":"acta-final","status":"publish","type":"page","link":"https:\/\/serveiseducatius.xtec.cat\/tarragones\/formacio\/zona-formadors\/acta-final\/","title":{"rendered":"Acta final"},"content":{"rendered":"<p>Un cop acabada l&#8217;activitat, cal procedir a <strong><span style=\"color: #808080;\">avaluar<\/span><\/strong> l&#8217;alumnat en funci\u00f3 de l&#8217;assist\u00e8ncia i la superaci\u00f3 o no de l&#8217;avaluaci\u00f3 de l&#8217;aprofitament.<\/p>\n<p>Tot seguit caldr\u00e0 complimentar <strong><span style=\"color: #808080;\">l&#8217;acta d&#8217;assist\u00e8ncia, imprimir-la, signar-la i lliurar-la al Centre de Recursos<\/span><\/strong> (fins que aquest tr\u00e0mit no s&#8217;hagi resolt no es poden expedir els certificats d&#8217;assist\u00e8ncia a l&#8217;activitat). Si l&#8217;alumne\/a no t\u00e9 dret a certificat, cal informar-ne del motiu (no presentat, baixa volunt\u00e0ria, no assoliment del 80% o abandonament). Cal recordar que s&#8217;ha de clicar el bot\u00f3 que apareix al final, Desar les dades.<\/p>\n<p><span style=\"color: #ff0000;\">Atenci\u00f3!<\/span> Un cop tingueu l&#8217;<strong>acta d&#8217;assist\u00e8ncia<\/strong> en pantalla per tal de poder desar-la com a PDF, cal que aneu al men\u00fa del navegador que feu servir i premeu l&#8217;opci\u00f3<strong> Imprimir<\/strong> i com a impressora seleccioneu <strong>desa com a PDF<\/strong>.<\/p>\n<p><img loading=\"lazy\" decoding=\"async\" class=\"size-full wp-image-9764 aligncenter\" src=\"http:\/\/serveiseducatius.xtec.cat\/tarragones\/wp-content\/uploads\/usu549\/2018\/07\/gtaf-menu.jpg\" alt=\"\" width=\"700\" height=\"179\" srcset=\"https:\/\/serveiseducatius.xtec.cat\/tarragones\/wp-content\/uploads\/usu549\/2018\/07\/gtaf-menu.jpg 700w, https:\/\/serveiseducatius.xtec.cat\/tarragones\/wp-content\/uploads\/usu549\/2018\/07\/gtaf-menu-300x77.jpg 300w\" sizes=\"auto, (max-width: 700px) 100vw, 700px\" \/><\/p>\n<p>Com sabeu, la gesti\u00f3 de l&#8217;activitat o activitats de formaci\u00f3 que impartiu o coordineu, pel que fa a <a href=\"https:\/\/aplicacions.gestioeducativa.gencat.cat\/pls\/gtaf\" target=\"_blank\" rel=\"noopener noreferrer\">control d&#8217;assist\u00e8ncia<\/a>, graella de signatures, avaluaci\u00f3 i acta final, dep\u00e8n directament de vosaltres. Fins que no ens feu arribar la documentaci\u00f3 al CRP no es pot tancar l&#8217;activitat, ni emetre les certificacions.<\/p>\n<p>&nbsp;<\/p>\n<p><span style=\"color: #808080;\"><strong>Cal lliurar la documentaci\u00f3 al CRP en el termini m\u00e0xim de 45 dies<\/strong><\/span> des del final de l&#8217;activitat.<\/p>\n","protected":false},"excerpt":{"rendered":"<p>Un cop acabada l&#8217;activitat, cal procedir a avaluar l&#8217;alumnat en funci\u00f3 de l&#8217;assist\u00e8ncia i la superaci\u00f3 o no de l&#8217;avaluaci\u00f3 [&hellip;]<\/p>\n","protected":false},"author":1,"featured_media":0,"parent":548,"menu_order":60,"comment_status":"closed","ping_status":"closed","template":"page-templates\/side-menu.php","meta":{"_bbp_topic_count":0,"_bbp_reply_count":0,"_bbp_total_topic_count":0,"_bbp_total_reply_count":0,"_bbp_voice_count":0,"_bbp_anonymous_reply_count":0,"_bbp_topic_count_hidden":0,"_bbp_reply_count_hidden":0,"_bbp_forum_subforum_count":0,"site-sidebar-layout":"default","site-content-layout":"","ast-site-content-layout":"","site-content-style":"default","site-sidebar-style":"default","ast-global-header-display":"","ast-banner-title-visibility":"","ast-main-header-display":"","ast-hfb-above-header-display":"","ast-hfb-below-header-display":"","ast-hfb-mobile-header-display":"","site-post-title":"","ast-breadcrumbs-content":"","ast-featured-img":"","footer-sml-layout":"","theme-transparent-header-meta":"","adv-header-id-meta":"","stick-header-meta":"","header-above-stick-meta":"","header-main-stick-meta":"","header-below-stick-meta":"","astra-migrate-meta-layouts":"default","ast-page-background-enabled":"default","ast-page-background-meta":{"desktop":{"background-color":"var(--ast-global-color-4)","background-image":"","background-repeat":"repeat","background-position":"center center","background-size":"auto","background-attachment":"scroll","background-type":"","background-media":"","overlay-type":"","overlay-color":"","overlay-opacity":"","overlay-gradient":""},"tablet":{"background-color":"","background-image":"","background-repeat":"repeat","background-position":"center center","background-size":"auto","background-attachment":"scroll","background-type":"","background-media":"","overlay-type":"","overlay-color":"","overlay-opacity":"","overlay-gradient":""},"mobile":{"background-color":"","background-image":"","background-repeat":"repeat","background-position":"center center","background-size":"auto","background-attachment":"scroll","background-type":"","background-media":"","overlay-type":"","overlay-color":"","overlay-opacity":"","overlay-gradient":""}},"ast-content-background-meta":{"desktop":{"background-color":"var(--ast-global-color-5)","background-image":"","background-repeat":"repeat","background-position":"center center","background-size":"auto","background-attachment":"scroll","background-type":"","background-media":"","overlay-type":"","overlay-color":"","overlay-opacity":"","overlay-gradient":""},"tablet":{"background-color":"var(--ast-global-color-5)","background-image":"","background-repeat":"repeat","background-position":"center center","background-size":"auto","background-attachment":"scroll","background-type":"","background-media":"","overlay-type":"","overlay-color":"","overlay-opacity":"","overlay-gradient":""},"mobile":{"background-color":"var(--ast-global-color-5)","background-image":"","background-repeat":"repeat","background-position":"center center","background-size":"auto","background-attachment":"scroll","background-type":"","background-media":"","overlay-type":"","overlay-color":"","overlay-opacity":"","overlay-gradient":""}},"footnotes":""},"class_list":["post-9786","page","type-page","status-publish","hentry"],"post_mailing_queue_ids":[],"_links":{"self":[{"href":"https:\/\/serveiseducatius.xtec.cat\/tarragones\/wp-json\/wp\/v2\/pages\/9786","targetHints":{"allow":["GET"]}}],"collection":[{"href":"https:\/\/serveiseducatius.xtec.cat\/tarragones\/wp-json\/wp\/v2\/pages"}],"about":[{"href":"https:\/\/serveiseducatius.xtec.cat\/tarragones\/wp-json\/wp\/v2\/types\/page"}],"author":[{"embeddable":true,"href":"https:\/\/serveiseducatius.xtec.cat\/tarragones\/wp-json\/wp\/v2\/users\/1"}],"replies":[{"embeddable":true,"href":"https:\/\/serveiseducatius.xtec.cat\/tarragones\/wp-json\/wp\/v2\/comments?post=9786"}],"version-history":[{"count":3,"href":"https:\/\/serveiseducatius.xtec.cat\/tarragones\/wp-json\/wp\/v2\/pages\/9786\/revisions"}],"predecessor-version":[{"id":19376,"href":"https:\/\/serveiseducatius.xtec.cat\/tarragones\/wp-json\/wp\/v2\/pages\/9786\/revisions\/19376"}],"up":[{"embeddable":true,"href":"https:\/\/serveiseducatius.xtec.cat\/tarragones\/wp-json\/wp\/v2\/pages\/548"}],"wp:attachment":[{"href":"https:\/\/serveiseducatius.xtec.cat\/tarragones\/wp-json\/wp\/v2\/media?parent=9786"}],"curies":[{"name":"wp","href":"https:\/\/api.w.org\/{rel}","templated":true}]}}