{"id":9772,"date":"2018-07-05T12:47:08","date_gmt":"2018-07-05T10:47:08","guid":{"rendered":"http:\/\/serveiseducatius.xtec.cat\/tarragones\/?page_id=9772"},"modified":"2020-04-03T16:17:21","modified_gmt":"2020-04-03T14:17:21","slug":"valoracio-assistents","status":"publish","type":"page","link":"https:\/\/serveiseducatius.xtec.cat\/tarragones\/formacio\/zona-formadors\/valoracio-assistents\/","title":{"rendered":"Valoraci\u00f3 (assistents)"},"content":{"rendered":"<p>Podr\u00e0s accedir als formularis de valoraci\u00f3 de l\u2019activitat a l\u2019adre\u00e7a: <a href=\"http:\/\/xtec.gencat.cat\/ca\/formacio\/la-meva-formacio\/les-meves-activitats\/\" target=\"_blank\" rel=\"noopener noreferrer\">http:\/\/xtec.gencat.cat\/ca\/formacio\/la-meva-formacio\/les-meves-activitats\/<\/a><\/p>\n<p><img loading=\"lazy\" decoding=\"async\" class=\"size-full wp-image-9776 aligncenter\" src=\"http:\/\/serveiseducatius.xtec.cat\/tarragones\/wp-content\/uploads\/usu549\/2018\/07\/gtaf-valoracio-1.jpg\" alt=\"\" width=\"500\" height=\"200\" \/><\/p>\n<p>Et caldr\u00e0 identificar-te amb les credencials de la Xtec.<\/p>\n<p><img loading=\"lazy\" decoding=\"async\" class=\"size-full wp-image-9777 aligncenter\" src=\"http:\/\/serveiseducatius.xtec.cat\/tarragones\/wp-content\/uploads\/usu549\/2018\/07\/gtaf-valoracio-2.jpg\" alt=\"\" width=\"400\" height=\"137\" srcset=\"https:\/\/serveiseducatius.xtec.cat\/tarragones\/wp-content\/uploads\/usu549\/2018\/07\/gtaf-valoracio-2.jpg 400w, https:\/\/serveiseducatius.xtec.cat\/tarragones\/wp-content\/uploads\/usu549\/2018\/07\/gtaf-valoracio-2-300x103.jpg 300w\" sizes=\"auto, (max-width: 400px) 100vw, 400px\" \/><\/p>\n<p>Trobar\u00e0s el bot\u00f3 del q\u00fcestionari associat a l\u2019activitat de formaci\u00f3.<\/p>\n<p><img loading=\"lazy\" decoding=\"async\" class=\"size-full wp-image-9778 aligncenter\" src=\"http:\/\/serveiseducatius.xtec.cat\/tarragones\/wp-content\/uploads\/usu549\/2018\/07\/gtaf-valoracio-3.jpg\" alt=\"\" width=\"700\" height=\"123\" srcset=\"https:\/\/serveiseducatius.xtec.cat\/tarragones\/wp-content\/uploads\/usu549\/2018\/07\/gtaf-valoracio-3.jpg 700w, https:\/\/serveiseducatius.xtec.cat\/tarragones\/wp-content\/uploads\/usu549\/2018\/07\/gtaf-valoracio-3-300x53.jpg 300w\" sizes=\"auto, (max-width: 700px) 100vw, 700px\" \/><\/p>\n<p>Et recomanem actualitzar les dades personals \u00fatils a efectes de formaci\u00f3: Recomanem que especifiquis un tel\u00e8fon en el que sigui possible avisar-te en cas anul\u00b7laci\u00f3 d\u2019una sessi\u00f3 formativa, i tamb\u00e9 et recomanem que especifiquis el teu correu corporatiu de la Xtec.<\/p>\n<p><img loading=\"lazy\" decoding=\"async\" class=\"size-full wp-image-9779 aligncenter\" src=\"http:\/\/serveiseducatius.xtec.cat\/tarragones\/wp-content\/uploads\/usu549\/2018\/07\/gtaf-valoracio-4.jpg\" alt=\"\" width=\"600\" height=\"64\" srcset=\"https:\/\/serveiseducatius.xtec.cat\/tarragones\/wp-content\/uploads\/usu549\/2018\/07\/gtaf-valoracio-4.jpg 600w, https:\/\/serveiseducatius.xtec.cat\/tarragones\/wp-content\/uploads\/usu549\/2018\/07\/gtaf-valoracio-4-300x32.jpg 300w\" sizes=\"auto, (max-width: 600px) 100vw, 600px\" \/><\/p>\n","protected":false},"excerpt":{"rendered":"<p>Podr\u00e0s accedir als formularis de valoraci\u00f3 de l\u2019activitat a l\u2019adre\u00e7a: http:\/\/xtec.gencat.cat\/ca\/formacio\/la-meva-formacio\/les-meves-activitats\/ Et caldr\u00e0 identificar-te amb les credencials de la Xtec. [&hellip;]<\/p>\n","protected":false},"author":1,"featured_media":0,"parent":548,"menu_order":40,"comment_status":"closed","ping_status":"closed","template":"page-templates\/side-menu.php","meta":{"_bbp_topic_count":0,"_bbp_reply_count":0,"_bbp_total_topic_count":0,"_bbp_total_reply_count":0,"_bbp_voice_count":0,"_bbp_anonymous_reply_count":0,"_bbp_topic_count_hidden":0,"_bbp_reply_count_hidden":0,"_bbp_forum_subforum_count":0,"site-sidebar-layout":"default","site-content-layout":"","ast-site-content-layout":"","site-content-style":"default","site-sidebar-style":"default","ast-global-header-display":"","ast-banner-title-visibility":"","ast-main-header-display":"","ast-hfb-above-header-display":"","ast-hfb-below-header-display":"","ast-hfb-mobile-header-display":"","site-post-title":"","ast-breadcrumbs-content":"","ast-featured-img":"","footer-sml-layout":"","theme-transparent-header-meta":"","adv-header-id-meta":"","stick-header-meta":"","header-above-stick-meta":"","header-main-stick-meta":"","header-below-stick-meta":"","astra-migrate-meta-layouts":"default","ast-page-background-enabled":"default","ast-page-background-meta":{"desktop":{"background-color":"var(--ast-global-color-4)","background-image":"","background-repeat":"repeat","background-position":"center center","background-size":"auto","background-attachment":"scroll","background-type":"","background-media":"","overlay-type":"","overlay-color":"","overlay-opacity":"","overlay-gradient":""},"tablet":{"background-color":"","background-image":"","background-repeat":"repeat","background-position":"center center","background-size":"auto","background-attachment":"scroll","background-type":"","background-media":"","overlay-type":"","overlay-color":"","overlay-opacity":"","overlay-gradient":""},"mobile":{"background-color":"","background-image":"","background-repeat":"repeat","background-position":"center center","background-size":"auto","background-attachment":"scroll","background-type":"","background-media":"","overlay-type":"","overlay-color":"","overlay-opacity":"","overlay-gradient":""}},"ast-content-background-meta":{"desktop":{"background-color":"var(--ast-global-color-5)","background-image":"","background-repeat":"repeat","background-position":"center center","background-size":"auto","background-attachment":"scroll","background-type":"","background-media":"","overlay-type":"","overlay-color":"","overlay-opacity":"","overlay-gradient":""},"tablet":{"background-color":"var(--ast-global-color-5)","background-image":"","background-repeat":"repeat","background-position":"center center","background-size":"auto","background-attachment":"scroll","background-type":"","background-media":"","overlay-type":"","overlay-color":"","overlay-opacity":"","overlay-gradient":""},"mobile":{"background-color":"var(--ast-global-color-5)","background-image":"","background-repeat":"repeat","background-position":"center center","background-size":"auto","background-attachment":"scroll","background-type":"","background-media":"","overlay-type":"","overlay-color":"","overlay-opacity":"","overlay-gradient":""}},"footnotes":""},"class_list":["post-9772","page","type-page","status-publish","hentry"],"post_mailing_queue_ids":[],"_links":{"self":[{"href":"https:\/\/serveiseducatius.xtec.cat\/tarragones\/wp-json\/wp\/v2\/pages\/9772","targetHints":{"allow":["GET"]}}],"collection":[{"href":"https:\/\/serveiseducatius.xtec.cat\/tarragones\/wp-json\/wp\/v2\/pages"}],"about":[{"href":"https:\/\/serveiseducatius.xtec.cat\/tarragones\/wp-json\/wp\/v2\/types\/page"}],"author":[{"embeddable":true,"href":"https:\/\/serveiseducatius.xtec.cat\/tarragones\/wp-json\/wp\/v2\/users\/1"}],"replies":[{"embeddable":true,"href":"https:\/\/serveiseducatius.xtec.cat\/tarragones\/wp-json\/wp\/v2\/comments?post=9772"}],"version-history":[{"count":3,"href":"https:\/\/serveiseducatius.xtec.cat\/tarragones\/wp-json\/wp\/v2\/pages\/9772\/revisions"}],"predecessor-version":[{"id":15521,"href":"https:\/\/serveiseducatius.xtec.cat\/tarragones\/wp-json\/wp\/v2\/pages\/9772\/revisions\/15521"}],"up":[{"embeddable":true,"href":"https:\/\/serveiseducatius.xtec.cat\/tarragones\/wp-json\/wp\/v2\/pages\/548"}],"wp:attachment":[{"href":"https:\/\/serveiseducatius.xtec.cat\/tarragones\/wp-json\/wp\/v2\/media?parent=9772"}],"curies":[{"name":"wp","href":"https:\/\/api.w.org\/{rel}","templated":true}]}}