{"id":9768,"date":"2018-07-05T12:40:28","date_gmt":"2018-07-05T10:40:28","guid":{"rendered":"http:\/\/serveiseducatius.xtec.cat\/tarragones\/?page_id=9768"},"modified":"2018-07-05T13:06:40","modified_gmt":"2018-07-05T11:06:40","slug":"seguiment","status":"publish","type":"page","link":"https:\/\/serveiseducatius.xtec.cat\/tarragones\/formacio\/zona-formadors\/seguiment\/","title":{"rendered":"Seguiment de l&#8217;assist\u00e8ncia"},"content":{"rendered":"<p>Cada dia, en acabar la sessi\u00f3 i realitzades les signatures, entreu a l&#8217;opci\u00f3 <span style=\"color: #808080;\"><strong>Seguiment assistents<\/strong><\/span>.<\/p>\n<p><img loading=\"lazy\" decoding=\"async\" class=\"size-full wp-image-9764 aligncenter\" src=\"http:\/\/serveiseducatius.xtec.cat\/tarragones\/wp-content\/uploads\/usu549\/2018\/07\/gtaf-menu.jpg\" alt=\"\" width=\"700\" height=\"179\" srcset=\"https:\/\/serveiseducatius.xtec.cat\/tarragones\/wp-content\/uploads\/usu549\/2018\/07\/gtaf-menu.jpg 700w, https:\/\/serveiseducatius.xtec.cat\/tarragones\/wp-content\/uploads\/usu549\/2018\/07\/gtaf-menu-300x77.jpg 300w\" sizes=\"auto, (max-width: 700px) 100vw, 700px\" \/><\/p>\n<p>Cal especificar les caselles dels dies assistits i si s&#8217;ha realitzat satisfact\u00f2riament el projecte especificat en el Pla de Treball. La casella <strong><span style=\"color: #808080;\">Certificat<\/span> <\/strong>\u00e9s autom\u00e0tica. Cal especificar el<span style=\"color: #808080;\"><strong> Motiu<\/strong><\/span> de no certificaci\u00f3 en aquells assistents que no assoleixen el certificat. En la columna <strong><span style=\"color: #808080;\">Q\u00fcestionari<\/span><\/strong> apareixer\u00e0 una <span style=\"color: #808080;\"><strong>S<\/strong><\/span> un cop l&#8217;assistent hagi omplert el formulari de valoraci\u00f3 de l&#8217;activitat.<\/p>\n<p><img loading=\"lazy\" decoding=\"async\" class=\"size-full wp-image-9769 aligncenter\" src=\"http:\/\/serveiseducatius.xtec.cat\/tarragones\/wp-content\/uploads\/usu549\/2018\/07\/gtaf-seguiment.jpg\" alt=\"\" width=\"671\" height=\"184\" srcset=\"https:\/\/serveiseducatius.xtec.cat\/tarragones\/wp-content\/uploads\/usu549\/2018\/07\/gtaf-seguiment.jpg 671w, https:\/\/serveiseducatius.xtec.cat\/tarragones\/wp-content\/uploads\/usu549\/2018\/07\/gtaf-seguiment-300x82.jpg 300w\" sizes=\"auto, (max-width: 671px) 100vw, 671px\" \/><\/p>\n<p>Un cop complimentada l&#8217;assist\u00e8ncia de tot l&#8217;alumnat, cliqueu sobre el bot\u00f3 <span style=\"color: #808080;\"><strong>Desar les dades<\/strong><\/span>.<\/p>\n","protected":false},"excerpt":{"rendered":"<p>Cada dia, en acabar la sessi\u00f3 i realitzades les signatures, entreu a l&#8217;opci\u00f3 Seguiment assistents. Cal especificar les caselles dels [&hellip;]<\/p>\n","protected":false},"author":1,"featured_media":0,"parent":548,"menu_order":30,"comment_status":"closed","ping_status":"closed","template":"page-templates\/side-menu.php","meta":{"_bbp_topic_count":0,"_bbp_reply_count":0,"_bbp_total_topic_count":0,"_bbp_total_reply_count":0,"_bbp_voice_count":0,"_bbp_anonymous_reply_count":0,"_bbp_topic_count_hidden":0,"_bbp_reply_count_hidden":0,"_bbp_forum_subforum_count":0,"site-sidebar-layout":"default","site-content-layout":"","ast-site-content-layout":"","site-content-style":"default","site-sidebar-style":"default","ast-global-header-display":"","ast-banner-title-visibility":"","ast-main-header-display":"","ast-hfb-above-header-display":"","ast-hfb-below-header-display":"","ast-hfb-mobile-header-display":"","site-post-title":"","ast-breadcrumbs-content":"","ast-featured-img":"","footer-sml-layout":"","theme-transparent-header-meta":"","adv-header-id-meta":"","stick-header-meta":"","header-above-stick-meta":"","header-main-stick-meta":"","header-below-stick-meta":"","astra-migrate-meta-layouts":"default","ast-page-background-enabled":"default","ast-page-background-meta":{"desktop":{"background-color":"var(--ast-global-color-4)","background-image":"","background-repeat":"repeat","background-position":"center center","background-size":"auto","background-attachment":"scroll","background-type":"","background-media":"","overlay-type":"","overlay-color":"","overlay-opacity":"","overlay-gradient":""},"tablet":{"background-color":"","background-image":"","background-repeat":"repeat","background-position":"center center","background-size":"auto","background-attachment":"scroll","background-type":"","background-media":"","overlay-type":"","overlay-color":"","overlay-opacity":"","overlay-gradient":""},"mobile":{"background-color":"","background-image":"","background-repeat":"repeat","background-position":"center center","background-size":"auto","background-attachment":"scroll","background-type":"","background-media":"","overlay-type":"","overlay-color":"","overlay-opacity":"","overlay-gradient":""}},"ast-content-background-meta":{"desktop":{"background-color":"var(--ast-global-color-5)","background-image":"","background-repeat":"repeat","background-position":"center center","background-size":"auto","background-attachment":"scroll","background-type":"","background-media":"","overlay-type":"","overlay-color":"","overlay-opacity":"","overlay-gradient":""},"tablet":{"background-color":"var(--ast-global-color-5)","background-image":"","background-repeat":"repeat","background-position":"center center","background-size":"auto","background-attachment":"scroll","background-type":"","background-media":"","overlay-type":"","overlay-color":"","overlay-opacity":"","overlay-gradient":""},"mobile":{"background-color":"var(--ast-global-color-5)","background-image":"","background-repeat":"repeat","background-position":"center center","background-size":"auto","background-attachment":"scroll","background-type":"","background-media":"","overlay-type":"","overlay-color":"","overlay-opacity":"","overlay-gradient":""}},"footnotes":""},"class_list":["post-9768","page","type-page","status-publish","hentry"],"post_mailing_queue_ids":[],"_links":{"self":[{"href":"https:\/\/serveiseducatius.xtec.cat\/tarragones\/wp-json\/wp\/v2\/pages\/9768","targetHints":{"allow":["GET"]}}],"collection":[{"href":"https:\/\/serveiseducatius.xtec.cat\/tarragones\/wp-json\/wp\/v2\/pages"}],"about":[{"href":"https:\/\/serveiseducatius.xtec.cat\/tarragones\/wp-json\/wp\/v2\/types\/page"}],"author":[{"embeddable":true,"href":"https:\/\/serveiseducatius.xtec.cat\/tarragones\/wp-json\/wp\/v2\/users\/1"}],"replies":[{"embeddable":true,"href":"https:\/\/serveiseducatius.xtec.cat\/tarragones\/wp-json\/wp\/v2\/comments?post=9768"}],"version-history":[{"count":3,"href":"https:\/\/serveiseducatius.xtec.cat\/tarragones\/wp-json\/wp\/v2\/pages\/9768\/revisions"}],"predecessor-version":[{"id":9792,"href":"https:\/\/serveiseducatius.xtec.cat\/tarragones\/wp-json\/wp\/v2\/pages\/9768\/revisions\/9792"}],"up":[{"embeddable":true,"href":"https:\/\/serveiseducatius.xtec.cat\/tarragones\/wp-json\/wp\/v2\/pages\/548"}],"wp:attachment":[{"href":"https:\/\/serveiseducatius.xtec.cat\/tarragones\/wp-json\/wp\/v2\/media?parent=9768"}],"curies":[{"name":"wp","href":"https:\/\/api.w.org\/{rel}","templated":true}]}}