{"id":7673,"date":"2017-11-29T08:37:49","date_gmt":"2017-11-29T07:37:49","guid":{"rendered":"http:\/\/serveiseducatius.xtec.cat\/tarragones\/?page_id=7673"},"modified":"2019-05-01T12:07:35","modified_gmt":"2019-05-01T10:07:35","slug":"cinema-i-valors","status":"publish","type":"page","link":"https:\/\/serveiseducatius.xtec.cat\/tarragones\/cinema-i-valors\/","title":{"rendered":"Cinema i valors"},"content":{"rendered":"<p><span style=\"color: #666666; font-size: medium;\"><a href=\"http:\/\/serveiseducatius.xtec.cat\/tarragones\/prestec\/prestec_formulari\/\"><img loading=\"lazy\" decoding=\"async\" class=\"size-full wp-image-1851 alignright\" src=\"http:\/\/serveiseducatius.xtec.cat\/tarragones\/wp-content\/uploads\/usu549\/2016\/11\/Demana.jpg\" alt=\"demana\" width=\"150\" height=\"150\" \/><\/a><\/span><br \/>\n<a href=\"http:\/\/ritalucafilms.com\/ca\/portfolio\/la-sopa-pedres\/?id=1036\" target=\"_blank\" rel=\"noopener noreferrer\"><img decoding=\"async\" class=\"alignleft\" style=\"display: block; vertical-align: top; margin-right: 8px; float: left;\" src=\"http:\/\/serveiseducatius.xtec.cat\/tarragones\/wp-content\/uploads\/usu549\/2017\/11\/cinema_sopa-de-pedres_index.jpg\" \/><\/a><span style=\"display: block; overflow: auto; height: 150px; text-align: justify;\"><span style=\"color: #808080;\"><strong>La sopa de pedres<\/strong><\/span><br \/>\nUna sessi\u00f3 de petits films que adapten de forma original contes populars i costums universals entre els nens. Qui no ha comptat mai ovelles per adormir-se? O s\u2019ha posat el jersei al rev\u00e9s per anar a l\u2019escola? Qui no ha sentit a parlar de la sopa de pedres? Cinc hist\u00f2ries plenes d\u2019encant, fantasia i humor, presentades pel Mussol del cinema, un dibuix animat entranyable que far\u00e0 de fil conductor dels diferents curtmetratges. <a href=\"http:\/\/ritalucafilms.com\/ca\/portfolio\/la-sopa-pedres\/?id=1036\" target=\"_blank\" rel=\"noopener noreferrer\"><strong>Dossier pedag\u00f2gic<\/strong><\/a>.<br \/>\n<\/span><br \/>\n<a href=\"http:\/\/ritalucafilms.com\/ca\/portfolio\/la-vida-den-carbasso\/?id=1036\" target=\"_blank\" rel=\"noopener noreferrer\"><img decoding=\"async\" class=\"alignleft\" style=\"display: block; vertical-align: top; margin-right: 8px; float: left;\" src=\"http:\/\/serveiseducatius.xtec.cat\/tarragones\/wp-content\/uploads\/usu549\/2017\/11\/cinema_en-carbasso.jpg\" \/><\/a><span style=\"display: block; overflow: auto; height: 150px; text-align: justify;\"><span style=\"color: #808080;\"><strong>La vida d&#8217;en Carbass\u00f3<\/strong><\/span><br \/>\nCarbass\u00f3 \u00e9s un nom estrany per a un nen de 9 anys, tot i que la seva hist\u00f2ria \u00e9s sorprenentment universal. Despr\u00e9s de la sobtada mort de la seva mare, Carbass\u00f3 es fa amic d\u2019un simp\u00e0tic policia, Raymond, que l\u2019acompanya a la seva nova llar d\u2019acollida amb altres orfes de la seva edat. Carbass\u00f3, al principi, lluita per tal d\u2019adaptar-se a aquesta canvi estrany i hostil. Amb l\u2019ajuda de Raymond i dels seus nous amics, Carbass\u00f3 aprendr\u00e0 a estimar i a confiar en els altres. <a href=\"http:\/\/ritalucafilms.com\/ca\/portfolio\/la-vida-den-carbasso\/?id=1036\" target=\"_blank\" rel=\"noopener noreferrer\"><strong>Dossier pedag\u00f2gic<\/strong><\/a>.<br \/>\n<\/span><br \/>\n<a href=\"http:\/\/ritalucafilms.com\/ca\/portfolio\/pas-a-pas\/?id=1036\" target=\"_blank\" rel=\"noopener noreferrer\"><img decoding=\"async\" class=\"alignleft\" style=\"display: block; vertical-align: top; margin-right: 8px; float: left;\" src=\"http:\/\/serveiseducatius.xtec.cat\/tarragones\/wp-content\/uploads\/usu549\/2017\/11\/cinema_pas-a-pas_index.jpg\" \/><\/a><span style=\"display: block; overflow: auto; height: 150px; text-align: justify;\"><span style=\"color: #808080;\"><strong>Pas a pas&#8230;<\/strong><\/span><br \/>\nSis hist\u00f2ries po\u00e8tiques, tendres i divertides que ens narren les perip\u00e8cies d\u2019un nen de cartr\u00f3 que viu a l\u2019oce\u00e0, d\u2019un homenet que despenja la lluna o d\u2019uns animals de la selva espantats per un soroll estrany. Una selecci\u00f3 de pel\u00b7l\u00edcules que fan cr\u00e9ixer. <a href=\"http:\/\/ritalucafilms.com\/ca\/portfolio\/pas-a-pas\/?id=1036\" target=\"_blank\" rel=\"noopener noreferrer\"><strong>Dossier pedag\u00f2gic<\/strong><\/a>.<br \/>\n<\/span><br \/>\n<a href=\"http:\/\/ritalucafilms.com\/ca\/portfolio\/les-aventures-del-petit-talp\/?id=1036\" target=\"_blank\" rel=\"noopener noreferrer\"><img decoding=\"async\" class=\"alignleft\" style=\"display: block; vertical-align: top; margin-right: 8px; float: left;\" src=\"http:\/\/serveiseducatius.xtec.cat\/tarragones\/wp-content\/uploads\/usu549\/2017\/11\/cinema_petit-talp_index.jpg\" \/><\/a><span style=\"display: block; overflow: auto; height: 150px; text-align: justify;\"><span style=\"color: #808080;\"><strong>Les aventures del petit talp<\/strong><\/span><br \/>\nDescobreix el m\u00edtic personatge de l\u2019animaci\u00f3 txeca que ha donat la volta al m\u00f3n: el petit talp. La seva curiositat i picardia el porten a viure un munt d\u2019aventures divertides i entranyables, que faran les del\u00edcies dels m\u00e9s petits. Una producci\u00f3 \u00fanica carregada de valors positius com l\u2019amistat, l\u2019ecologisme, la creativitat o el respecte a la difer\u00e8ncia. <a href=\"http:\/\/ritalucafilms.com\/ca\/portfolio\/les-aventures-del-petit-talp\/?id=1036\" target=\"_blank\" rel=\"noopener noreferrer\"><strong>Dossier pedag\u00f2gic<\/strong><\/a>.<br \/>\n<\/span><br \/>\n<a href=\"http:\/\/ritalucafilms.com\/ca\/portfolio\/petits-herois\/?id=1036\" target=\"_blank\" rel=\"noopener noreferrer\"><img decoding=\"async\" class=\"alignleft\" style=\"display: block; vertical-align: top; margin-right: 8px; float: left;\" src=\"http:\/\/serveiseducatius.xtec.cat\/tarragones\/wp-content\/uploads\/usu549\/2017\/11\/cinema_petits-herois_index.jpg\" \/><\/a><span style=\"display: block; overflow: auto; height: 150px; text-align: justify;\"><span style=\"color: #808080;\"><strong>Petits herois<\/strong><\/span><br \/>\nDivertida i bonica selecci\u00f3 de curtmetratges plena de sorpreses, enginy i creativitat. Amb un punt en com\u00fa : els seus petits herois protagonistes que intenten fer front de forma enginyosa a diferents reptes vitals. <a href=\"http:\/\/ritalucafilms.com\/ca\/portfolio\/petits-herois\/?id=1036\" target=\"_blank\" rel=\"noopener noreferrer\"><strong>Dossier pedag\u00f2gic<\/strong><\/a>.<br \/>\n<\/span><br \/>\n<a href=\"http:\/\/ritalucafilms.com\/ca\/portfolio\/animalades\/?id=1036\" target=\"_blank\" rel=\"noopener noreferrer\"><img decoding=\"async\" class=\"alignleft\" style=\"display: block; vertical-align: top; margin-right: 8px; float: left;\" src=\"http:\/\/serveiseducatius.xtec.cat\/tarragones\/wp-content\/uploads\/usu549\/2017\/11\/cinema_animalades-de-cine_index.jpg\" \/><\/a><span style=\"display: block; overflow: auto; height: 150px; text-align: justify;\"><span style=\"color: #808080;\"><strong>Animalades de cine<\/strong><\/span><br \/>\nAnimalades de cine \u00e9s una adaptaci\u00f3 delirant de faules populars portades a la gran pantalla amb sentit de l\u2019humor i enginy. Petites hist\u00f2ries universals que conserven el car\u00e0cter educatiu original i hi afegeixen creativitat i diversi\u00f3. El millor de les faules i del cartoon en una mateixa proposta. <a href=\"http:\/\/ritalucafilms.com\/ca\/portfolio\/animalades\/?id=1036\" target=\"_blank\" rel=\"noopener noreferrer\"><strong>Dossier pedag\u00f2gic<\/strong><\/a>.<br \/>\n<\/span><br \/>\n<a href=\"http:\/\/ritalucafilms.com\/ca\/portfolio\/el-nen-i-el-mon\/?id=1036\" target=\"_blank\" rel=\"noopener noreferrer\"><img decoding=\"async\" class=\"alignleft\" style=\"display: block; vertical-align: top; margin-right: 8px; float: left;\" src=\"http:\/\/serveiseducatius.xtec.cat\/tarragones\/wp-content\/uploads\/usu549\/2017\/11\/cinema_nen-i-mon_index.jpg\" \/><\/a><span style=\"display: block; overflow: auto; height: 150px; text-align: justify;\"><span style=\"color: #808080;\"><strong>El nen i el m\u00f3n<\/strong><\/span><br \/>\nUn nen petit viu amb la seva fam\u00edlia en una id\u00edl\u00b7lica zona rural del Brasil, fins que el seu pare ha de marxar a treballar a la ciutat. El nen decideix emprendre un viatge per trobar-lo, una aventura apassionant que el portar\u00e0 a descobrir un altre m\u00f3n controlat per la tecnologia, les m\u00e0quines i els mitjans de comunicaci\u00f3. Una realitat que el nen contemplar\u00e0 amb els seus ulls d\u2019infant, intentant sobreviure sempre de la manera m\u00e9s juganera i innocent. <a href=\"http:\/\/ritalucafilms.com\/ca\/portfolio\/el-nen-i-el-mon\/?id=1036\" target=\"_blank\" rel=\"noopener noreferrer\"><strong>Dossier pedag\u00f2gic<\/strong><\/a>.<br \/>\n<\/span><br \/>\n<a href=\"https:\/\/serveiseducatius.xtec.cat\/tarragones\/cinema-i-valors\/35-curts\/\" target=\"_blank\" rel=\"bookmark noopener\"><img decoding=\"async\" class=\"post-image alignleft\" style=\"width:105px; height:150px;\" src=\"https:\/\/natibergada.cat\/wp-content\/uploads\/2019\/04\/emocions-valors-curts-1.png\" \/><\/a><span style=\"display: block; overflow: auto; height: 180px; text-align: justify;\"><span style=\"color: #808080;\"><strong>Valors i emocions, 35 curts<\/strong><\/span><br \/>\nEls curtmetratges s\u00f3n un recurs molt \u00fatil per treballar les emocions i els valors. A partir de la seva visualitzaci\u00f3 es poden establir converses molt interessants amb els infants.<br \/>\nPoden ser molt \u00fatils per treballar valors fonamentals com el treball en equip, la conviv\u00e8ncia, la motivaci\u00f3, la solidaritat, l\u2019amistat, l\u2019amor, la resoluci\u00f3 de conflictes\u2026<br \/>\n<\/span><\/p>\n","protected":false},"excerpt":{"rendered":"<p>La sopa de pedres Una sessi\u00f3 de petits films que adapten de forma original contes populars i costums universals entre [&hellip;]<\/p>\n","protected":false},"author":1,"featured_media":0,"parent":0,"menu_order":0,"comment_status":"closed","ping_status":"closed","template":"page-templates\/side-menu.php","meta":{"_bbp_topic_count":0,"_bbp_reply_count":0,"_bbp_total_topic_count":0,"_bbp_total_reply_count":0,"_bbp_voice_count":0,"_bbp_anonymous_reply_count":0,"_bbp_topic_count_hidden":0,"_bbp_reply_count_hidden":0,"_bbp_forum_subforum_count":0,"site-sidebar-layout":"default","site-content-layout":"","ast-site-content-layout":"","site-content-style":"default","site-sidebar-style":"default","ast-global-header-display":"","ast-banner-title-visibility":"","ast-main-header-display":"","ast-hfb-above-header-display":"","ast-hfb-below-header-display":"","ast-hfb-mobile-header-display":"","site-post-title":"","ast-breadcrumbs-content":"","ast-featured-img":"","footer-sml-layout":"","theme-transparent-header-meta":"","adv-header-id-meta":"","stick-header-meta":"","header-above-stick-meta":"","header-main-stick-meta":"","header-below-stick-meta":"","astra-migrate-meta-layouts":"default","ast-page-background-enabled":"default","ast-page-background-meta":{"desktop":{"background-color":"var(--ast-global-color-4)","background-image":"","background-repeat":"repeat","background-position":"center center","background-size":"auto","background-attachment":"scroll","background-type":"","background-media":"","overlay-type":"","overlay-color":"","overlay-opacity":"","overlay-gradient":""},"tablet":{"background-color":"","background-image":"","background-repeat":"repeat","background-position":"center center","background-size":"auto","background-attachment":"scroll","background-type":"","background-media":"","overlay-type":"","overlay-color":"","overlay-opacity":"","overlay-gradient":""},"mobile":{"background-color":"","background-image":"","background-repeat":"repeat","background-position":"center center","background-size":"auto","background-attachment":"scroll","background-type":"","background-media":"","overlay-type":"","overlay-color":"","overlay-opacity":"","overlay-gradient":""}},"ast-content-background-meta":{"desktop":{"background-color":"var(--ast-global-color-5)","background-image":"","background-repeat":"repeat","background-position":"center center","background-size":"auto","background-attachment":"scroll","background-type":"","background-media":"","overlay-type":"","overlay-color":"","overlay-opacity":"","overlay-gradient":""},"tablet":{"background-color":"var(--ast-global-color-5)","background-image":"","background-repeat":"repeat","background-position":"center center","background-size":"auto","background-attachment":"scroll","background-type":"","background-media":"","overlay-type":"","overlay-color":"","overlay-opacity":"","overlay-gradient":""},"mobile":{"background-color":"var(--ast-global-color-5)","background-image":"","background-repeat":"repeat","background-position":"center center","background-size":"auto","background-attachment":"scroll","background-type":"","background-media":"","overlay-type":"","overlay-color":"","overlay-opacity":"","overlay-gradient":""}},"footnotes":""},"class_list":["post-7673","page","type-page","status-publish","hentry"],"post_mailing_queue_ids":[],"_links":{"self":[{"href":"https:\/\/serveiseducatius.xtec.cat\/tarragones\/wp-json\/wp\/v2\/pages\/7673","targetHints":{"allow":["GET"]}}],"collection":[{"href":"https:\/\/serveiseducatius.xtec.cat\/tarragones\/wp-json\/wp\/v2\/pages"}],"about":[{"href":"https:\/\/serveiseducatius.xtec.cat\/tarragones\/wp-json\/wp\/v2\/types\/page"}],"author":[{"embeddable":true,"href":"https:\/\/serveiseducatius.xtec.cat\/tarragones\/wp-json\/wp\/v2\/users\/1"}],"replies":[{"embeddable":true,"href":"https:\/\/serveiseducatius.xtec.cat\/tarragones\/wp-json\/wp\/v2\/comments?post=7673"}],"version-history":[{"count":3,"href":"https:\/\/serveiseducatius.xtec.cat\/tarragones\/wp-json\/wp\/v2\/pages\/7673\/revisions"}],"predecessor-version":[{"id":14236,"href":"https:\/\/serveiseducatius.xtec.cat\/tarragones\/wp-json\/wp\/v2\/pages\/7673\/revisions\/14236"}],"wp:attachment":[{"href":"https:\/\/serveiseducatius.xtec.cat\/tarragones\/wp-json\/wp\/v2\/media?parent=7673"}],"curies":[{"name":"wp","href":"https:\/\/api.w.org\/{rel}","templated":true}]}}