{"id":7331,"date":"2017-10-05T09:07:33","date_gmt":"2017-10-05T07:07:33","guid":{"rendered":"http:\/\/serveiseducatius.xtec.cat\/tarragones\/?page_id=7331"},"modified":"2018-09-07T11:33:57","modified_gmt":"2018-09-07T09:33:57","slug":"calendari","status":"publish","type":"page","link":"https:\/\/serveiseducatius.xtec.cat\/tarragones\/exprimenta\/calendari\/","title":{"rendered":"Calendari"},"content":{"rendered":"<h5><img loading=\"lazy\" decoding=\"async\" class=\"size-full wp-image-8052 alignright\" src=\"http:\/\/serveiseducatius.xtec.cat\/tarragones\/wp-content\/uploads\/usu549\/2017\/10\/exprimenta_calendari.jpg\" alt=\"\" width=\"199\" height=\"149\" \/>Inscripci\u00f3 dels centres:<\/h5>\n<ul>\n<li>Del dia 1 de novembre al 16 de desembre de 2018<\/li>\n<\/ul>\n<h5>Inscripci\u00f3 de les experi\u00e8ncies:<\/h5>\n<ul>\n<li>Del dia 14 de gener al 3 de febrer de 2019<\/li>\n<\/ul>\n<h5>Jornada del F\u00f2rum exPRImenta:<\/h5>\n<ul>\n<li>Divendres 22 de febrer de 2019 &#8211; Complex Educatiu de Tarragona<\/li>\n<\/ul>\n","protected":false},"excerpt":{"rendered":"<p>Inscripci\u00f3 dels centres: Del dia 1 de novembre al 16 de desembre de 2018 Inscripci\u00f3 de les experi\u00e8ncies: Del dia [&hellip;]<\/p>\n","protected":false},"author":1,"featured_media":0,"parent":7223,"menu_order":10,"comment_status":"closed","ping_status":"closed","template":"","meta":{"_bbp_topic_count":0,"_bbp_reply_count":0,"_bbp_total_topic_count":0,"_bbp_total_reply_count":0,"_bbp_voice_count":0,"_bbp_anonymous_reply_count":0,"_bbp_topic_count_hidden":0,"_bbp_reply_count_hidden":0,"_bbp_forum_subforum_count":0,"site-sidebar-layout":"default","site-content-layout":"","ast-site-content-layout":"","site-content-style":"default","site-sidebar-style":"default","ast-global-header-display":"","ast-banner-title-visibility":"","ast-main-header-display":"","ast-hfb-above-header-display":"","ast-hfb-below-header-display":"","ast-hfb-mobile-header-display":"","site-post-title":"","ast-breadcrumbs-content":"","ast-featured-img":"","footer-sml-layout":"","theme-transparent-header-meta":"","adv-header-id-meta":"","stick-header-meta":"","header-above-stick-meta":"","header-main-stick-meta":"","header-below-stick-meta":"","astra-migrate-meta-layouts":"default","ast-page-background-enabled":"default","ast-page-background-meta":{"desktop":{"background-color":"var(--ast-global-color-4)","background-image":"","background-repeat":"repeat","background-position":"center center","background-size":"auto","background-attachment":"scroll","background-type":"","background-media":"","overlay-type":"","overlay-color":"","overlay-opacity":"","overlay-gradient":""},"tablet":{"background-color":"","background-image":"","background-repeat":"repeat","background-position":"center center","background-size":"auto","background-attachment":"scroll","background-type":"","background-media":"","overlay-type":"","overlay-color":"","overlay-opacity":"","overlay-gradient":""},"mobile":{"background-color":"","background-image":"","background-repeat":"repeat","background-position":"center center","background-size":"auto","background-attachment":"scroll","background-type":"","background-media":"","overlay-type":"","overlay-color":"","overlay-opacity":"","overlay-gradient":""}},"ast-content-background-meta":{"desktop":{"background-color":"var(--ast-global-color-5)","background-image":"","background-repeat":"repeat","background-position":"center center","background-size":"auto","background-attachment":"scroll","background-type":"","background-media":"","overlay-type":"","overlay-color":"","overlay-opacity":"","overlay-gradient":""},"tablet":{"background-color":"var(--ast-global-color-5)","background-image":"","background-repeat":"repeat","background-position":"center center","background-size":"auto","background-attachment":"scroll","background-type":"","background-media":"","overlay-type":"","overlay-color":"","overlay-opacity":"","overlay-gradient":""},"mobile":{"background-color":"var(--ast-global-color-5)","background-image":"","background-repeat":"repeat","background-position":"center center","background-size":"auto","background-attachment":"scroll","background-type":"","background-media":"","overlay-type":"","overlay-color":"","overlay-opacity":"","overlay-gradient":""}},"footnotes":""},"class_list":["post-7331","page","type-page","status-publish","hentry"],"post_mailing_queue_ids":[],"_links":{"self":[{"href":"https:\/\/serveiseducatius.xtec.cat\/tarragones\/wp-json\/wp\/v2\/pages\/7331","targetHints":{"allow":["GET"]}}],"collection":[{"href":"https:\/\/serveiseducatius.xtec.cat\/tarragones\/wp-json\/wp\/v2\/pages"}],"about":[{"href":"https:\/\/serveiseducatius.xtec.cat\/tarragones\/wp-json\/wp\/v2\/types\/page"}],"author":[{"embeddable":true,"href":"https:\/\/serveiseducatius.xtec.cat\/tarragones\/wp-json\/wp\/v2\/users\/1"}],"replies":[{"embeddable":true,"href":"https:\/\/serveiseducatius.xtec.cat\/tarragones\/wp-json\/wp\/v2\/comments?post=7331"}],"version-history":[{"count":3,"href":"https:\/\/serveiseducatius.xtec.cat\/tarragones\/wp-json\/wp\/v2\/pages\/7331\/revisions"}],"predecessor-version":[{"id":9884,"href":"https:\/\/serveiseducatius.xtec.cat\/tarragones\/wp-json\/wp\/v2\/pages\/7331\/revisions\/9884"}],"up":[{"embeddable":true,"href":"https:\/\/serveiseducatius.xtec.cat\/tarragones\/wp-json\/wp\/v2\/pages\/7223"}],"wp:attachment":[{"href":"https:\/\/serveiseducatius.xtec.cat\/tarragones\/wp-json\/wp\/v2\/media?parent=7331"}],"curies":[{"name":"wp","href":"https:\/\/api.w.org\/{rel}","templated":true}]}}