{"id":7223,"date":"2017-09-26T20:03:23","date_gmt":"2017-09-26T18:03:23","guid":{"rendered":"http:\/\/serveiseducatius.xtec.cat\/tarragones\/?page_id=7223"},"modified":"2021-05-22T07:52:10","modified_gmt":"2021-05-22T05:52:10","slug":"exprimenta","status":"publish","type":"page","link":"https:\/\/serveiseducatius.xtec.cat\/tarragones\/exprimenta\/","title":{"rendered":"F\u00f2rum exPRImenta"},"content":{"rendered":"<p><img decoding=\"async\" class=\"alignleft\" style=\"display: block; vertical-align: top; margin-right: 8px; float: left;\" src=\"http:\/\/serveiseducatius.xtec.cat\/tarragones\/wp-content\/uploads\/usu549\/2017\/10\/exprimenta_noticia01.jpg\" \/><span style=\"display: block; overflow: auto; height: 180px; text-align: justify;\"><span style=\"color: #808080;\"><strong>El III F\u00f2rum (curs 2018-2019)<\/strong><\/span><br \/>\nUs presentem el III F\u00f2rum exPRImenta que tenia per finalitat estimular l&#8217;experimentaci\u00f3 i la rob\u00f2tica en els centres d&#8217;Educaci\u00f3 Prim\u00e0ria. L&#8217;intercanvi d&#8217;informaci\u00f3 es basava en l&#8217;exposici\u00f3 d&#8217;un experiment d&#8217;aula per part d&#8217;un grup d&#8217;alumnes per tal de motivar als assistents de grups educatius d&#8217;altres centres. L&#8217;esdeveniment va tenir lloc el mat\u00ed del divendres dia <strong>22 de febrer de 2019<\/strong> al Complex Educatiu de Tarragona.<br \/>\n<\/span><img decoding=\"async\" class=\"alignleft\" style=\"display: block; vertical-align: top; margin-right: 8px; float: left;\" src=\"http:\/\/serveiseducatius.xtec.cat\/tarragones\/wp-content\/uploads\/usu549\/2017\/10\/exprimenta_noticia02.jpg\" \/><span style=\"display: block; overflow: auto; height: 180px; text-align: justify;\"><span style=\"color: #808080;\"><strong>Descripci\u00f3<\/strong><\/span><br \/>\nEl F\u00f2rum exPRImenta \u00e9s un esfor\u00e7 per tal de contribuir en el proc\u00e9s de formaci\u00f3 dels alumnes i t\u00e9 per objectiu la creaci\u00f3 d\u2019un espai on intercanviar experi\u00e8ncies. L\u2019alumnat i el professorat tutor s\u00f3n els veritables protagonistes d\u2019aquest esdeveniment. L\u2019alumnat tindr\u00e0 l\u2019oportunitat de presentar la feina feta, tot plegat per estimular als companys d&#8217;altres centres en la difusi\u00f3 de l&#8217;experimentaci\u00f3 cient\u00edfica i la rob\u00f2tica.<br \/>\n<\/span><img decoding=\"async\" class=\"alignleft\" style=\"display: block; vertical-align: top; margin-right: 8px; float: left;\" src=\"http:\/\/serveiseducatius.xtec.cat\/tarragones\/wp-content\/uploads\/usu549\/2017\/10\/exprimenta_noticia03.jpg\" \/><span style=\"display: block; overflow: auto; height: 180px; text-align: justify;\"><span style=\"color: #808080;\"><strong>Calendari<\/strong><\/span><br \/>\nInscripci\u00f3 dels Centres Participants (de l&#8217;<strong>1 de novembre de 2018 <\/strong>al<strong> 16 de desembre de 2018<\/strong>). Inscripci\u00f3 de les experi\u00e8ncies presentades (del <strong>14 de gener al 3 de febrer de 2019<\/strong>). Realitzaci\u00f3 del F\u00f2rum exPRImenta (Divendres <strong>22 de febrer de 2019<\/strong>).<br \/>\n<\/span><img decoding=\"async\" class=\"alignleft\" style=\"display: block; vertical-align: top; margin-right: 8px; float: left;\" src=\"http:\/\/serveiseducatius.xtec.cat\/tarragones\/wp-content\/uploads\/usu549\/2017\/10\/exprimenta_noticia04.jpg\" \/><span style=\"display: block; overflow: auto; height: 210px; text-align: justify;\"><span style=\"color: #808080;\"><strong>Programa<\/strong><\/span><br \/>\nDurant el mat\u00ed del F\u00f2rum es van realitzar <b>3 exposicions<\/b> per aula. La durada de les exposicions era de <b>30 minuts<\/b>. La primera exposici\u00f3 va ser de <b>09:30h.-10:00h<\/b>. La segona exposici\u00f3 va ser\u00a0 de <b>10:00h.-10:30h<\/b>. Un descans de 30 minuts. La tercera exposici\u00f3 va ser\u00a0 de <b>11:00h.-11:30h<\/b>. Retorn al centre a les 12:00h.<br \/>\n<\/span><\/p>\n<div>\n<p><iframe loading=\"lazy\" src=\"https:\/\/docs.google.com\/presentation\/d\/e\/2PACX-1vQ_pj8a_zX7Eor2tpSOalGEkw09VQZ2Iln_Vn7UijT1S0ww5gRz2ZOR4VOBegPMwAVPNIz5IO7hLaMf\/embed?start=false&amp;loop=false&amp;delayms=3000\" width=\"410\" height=\"332\" frameborder=\"0\"><\/iframe>\u00a0\u00a0\u00a0\u00a0<iframe loading=\"lazy\" src=\"https:\/\/www.youtube.com\/embed\/9h9WHQFmWYE\" width=\"590\" height=\"332\" frameborder=\"0\"><\/iframe><\/p>\n<div style=\"text-align: center;\"><span style=\"color: #666666; font-size: xx-small;\"><b><i><a href=\"https:\/\/sites.google.com\/site\/experimentalaciencia2015\/\" target=\"_blank\" rel=\"noopener noreferrer\">(agra\u00efments al programa &#8220;Experimenta la ci\u00e8ncia&#8221; del Centre de Recursos Pedag\u00f2gics La Selva I)<\/a><\/i><\/b><\/span><\/div>\n<\/div>\n","protected":false},"excerpt":{"rendered":"<p>El III F\u00f2rum (curs 2018-2019) Us presentem el III F\u00f2rum exPRImenta que tenia per finalitat estimular l&#8217;experimentaci\u00f3 i la rob\u00f2tica [&hellip;]<\/p>\n","protected":false},"author":1,"featured_media":0,"parent":0,"menu_order":0,"comment_status":"closed","ping_status":"closed","template":"","meta":{"_bbp_topic_count":0,"_bbp_reply_count":0,"_bbp_total_topic_count":0,"_bbp_total_reply_count":0,"_bbp_voice_count":0,"_bbp_anonymous_reply_count":0,"_bbp_topic_count_hidden":0,"_bbp_reply_count_hidden":0,"_bbp_forum_subforum_count":0,"site-sidebar-layout":"default","site-content-layout":"","ast-site-content-layout":"","site-content-style":"default","site-sidebar-style":"default","ast-global-header-display":"","ast-banner-title-visibility":"","ast-main-header-display":"","ast-hfb-above-header-display":"","ast-hfb-below-header-display":"","ast-hfb-mobile-header-display":"","site-post-title":"","ast-breadcrumbs-content":"","ast-featured-img":"","footer-sml-layout":"","theme-transparent-header-meta":"","adv-header-id-meta":"","stick-header-meta":"","header-above-stick-meta":"","header-main-stick-meta":"","header-below-stick-meta":"","astra-migrate-meta-layouts":"default","ast-page-background-enabled":"default","ast-page-background-meta":{"desktop":{"background-color":"var(--ast-global-color-4)","background-image":"","background-repeat":"repeat","background-position":"center center","background-size":"auto","background-attachment":"scroll","background-type":"","background-media":"","overlay-type":"","overlay-color":"","overlay-opacity":"","overlay-gradient":""},"tablet":{"background-color":"","background-image":"","background-repeat":"repeat","background-position":"center center","background-size":"auto","background-attachment":"scroll","background-type":"","background-media":"","overlay-type":"","overlay-color":"","overlay-opacity":"","overlay-gradient":""},"mobile":{"background-color":"","background-image":"","background-repeat":"repeat","background-position":"center center","background-size":"auto","background-attachment":"scroll","background-type":"","background-media":"","overlay-type":"","overlay-color":"","overlay-opacity":"","overlay-gradient":""}},"ast-content-background-meta":{"desktop":{"background-color":"var(--ast-global-color-5)","background-image":"","background-repeat":"repeat","background-position":"center center","background-size":"auto","background-attachment":"scroll","background-type":"","background-media":"","overlay-type":"","overlay-color":"","overlay-opacity":"","overlay-gradient":""},"tablet":{"background-color":"var(--ast-global-color-5)","background-image":"","background-repeat":"repeat","background-position":"center center","background-size":"auto","background-attachment":"scroll","background-type":"","background-media":"","overlay-type":"","overlay-color":"","overlay-opacity":"","overlay-gradient":""},"mobile":{"background-color":"var(--ast-global-color-5)","background-image":"","background-repeat":"repeat","background-position":"center center","background-size":"auto","background-attachment":"scroll","background-type":"","background-media":"","overlay-type":"","overlay-color":"","overlay-opacity":"","overlay-gradient":""}},"footnotes":""},"class_list":["post-7223","page","type-page","status-publish","hentry"],"post_mailing_queue_ids":[],"_links":{"self":[{"href":"https:\/\/serveiseducatius.xtec.cat\/tarragones\/wp-json\/wp\/v2\/pages\/7223","targetHints":{"allow":["GET"]}}],"collection":[{"href":"https:\/\/serveiseducatius.xtec.cat\/tarragones\/wp-json\/wp\/v2\/pages"}],"about":[{"href":"https:\/\/serveiseducatius.xtec.cat\/tarragones\/wp-json\/wp\/v2\/types\/page"}],"author":[{"embeddable":true,"href":"https:\/\/serveiseducatius.xtec.cat\/tarragones\/wp-json\/wp\/v2\/users\/1"}],"replies":[{"embeddable":true,"href":"https:\/\/serveiseducatius.xtec.cat\/tarragones\/wp-json\/wp\/v2\/comments?post=7223"}],"version-history":[{"count":3,"href":"https:\/\/serveiseducatius.xtec.cat\/tarragones\/wp-json\/wp\/v2\/pages\/7223\/revisions"}],"predecessor-version":[{"id":18478,"href":"https:\/\/serveiseducatius.xtec.cat\/tarragones\/wp-json\/wp\/v2\/pages\/7223\/revisions\/18478"}],"wp:attachment":[{"href":"https:\/\/serveiseducatius.xtec.cat\/tarragones\/wp-json\/wp\/v2\/media?parent=7223"}],"curies":[{"name":"wp","href":"https:\/\/api.w.org\/{rel}","templated":true}]}}