{"id":548,"date":"2015-11-26T18:10:47","date_gmt":"2015-11-26T17:10:47","guid":{"rendered":"http:\/\/serveiseducatius.xtec.cat\/se-tarragones\/?page_id=548"},"modified":"2025-10-20T15:49:01","modified_gmt":"2025-10-20T13:49:01","slug":"zona-formadors","status":"publish","type":"page","link":"https:\/\/serveiseducatius.xtec.cat\/tarragones\/formacio\/zona-formadors\/","title":{"rendered":"Zona de persones formadores"},"content":{"rendered":"\n<div class=\"wp-block-columns is-layout-flex wp-container-core-columns-is-layout-1 wp-block-columns-is-layout-flex\">\n<div class=\"wp-block-column is-vertically-aligned-stretch has-background has-small-font-size is-layout-flow wp-block-column-is-layout-flow\" style=\"background:linear-gradient(135deg,rgb(238,238,238) 93%,rgb(169,184,195) 100%);flex-basis:33.33%\">\n<div class=\"wp-block-cover aligncenter\" style=\"margin-top:0;margin-bottom:0\"><span aria-hidden=\"true\" class=\"wp-block-cover__background has-background-dim-40 has-background-dim\"><\/span><img decoding=\"async\" class=\"wp-block-cover__image-background\" alt=\"\" src=\"http:\/\/serveiseducatius.xtec.cat\/se-tarragones\/wp-content\/uploads\/usu549\/2015\/11\/formador.png\" data-object-fit=\"cover\"\/><div class=\"wp-block-cover__inner-container is-layout-flow wp-container-core-cover-is-layout-1 wp-block-cover-is-layout-flow\">\n<p><\/p>\n\n\n\n<p><\/p>\n\n\n\n<p><\/p>\n\n\n\n<p><\/p>\n\n\n\n<p><\/p>\n\n\n\n<p><\/p>\n\n\n\n<p><\/p>\n\n\n\n<p class=\"has-text-align-center has-large-font-size\" style=\"padding-top:var(--wp--preset--spacing--70);padding-right:0;padding-bottom:var(--wp--preset--spacing--70);padding-left:0\">Vols ser formador\/a?<\/p>\n<\/div><\/div>\n\n\n\n<p><\/p>\n\n\n\n<p class=\"has-text-align-center has-medium-font-size\">Inscriu-te <a href=\"https:\/\/forms.gle\/HLMfzRp2d8wHTQLf7\">aqu\u00ed<\/a> i fes la teva proposta<\/p>\n<\/div>\n\n\n\n<div class=\"wp-block-column is-layout-flow wp-block-column-is-layout-flow\" style=\"flex-basis:66.66%\">\n<p>Primer de tot, us agra\u00efm la vostra col\u00b7laboraci\u00f3 i us desitgem que gaudiu de l&#8217;experi\u00e8ncia com a formadors.<\/p>\n\n\n\n<p>Manual (<a href=\"https:\/\/drive.google.com\/file\/d\/1KBRz16owQCGQf0mMqjMVJMtdjffZinkV\/view\">entorn de gesti\u00f3 dels formadors, col\u00b7laborador<\/a>)<\/p>\n\n\n\n<h4 class=\"wp-block-heading\">Tasques a realitzar<\/h4>\n\n\n\n<ol class=\"wp-block-list\">\n<li style=\"padding-top:var(--wp--preset--spacing--20);padding-bottom:var(--wp--preset--spacing--20)\"><a href=\"http:\/\/serveiseducatius.xtec.cat\/tarragones\/formacio\/zona-formadors\/gestio\/\"><strong>Gestionar l&#8217;activitat de formaci\u00f3<\/strong><\/a>. Acc\u00e9s a l&#8217;aplicatiu GTAF per tal de poder gestionar la vostra activitat.\n<ul class=\"wp-block-list\">\n<li><a href=\"https:\/\/serveiseducatius.xtec.cat\/tarragones\/wp-content\/uploads\/usu549\/bp-attachments\/14045\/PFZ-Criteris-i-Instruccions-2019-2020.pdf\" target=\"_blank\" rel=\"noreferrer noopener\">Manual d&#8217;\u00fas de l&#8217;entorn de gesti\u00f3 de la formaci\u00f3 GTAF<\/a>.<\/li>\n<\/ul>\n<\/li>\n\n\n\n<li style=\"padding-top:var(--wp--preset--spacing--20);padding-bottom:var(--wp--preset--spacing--20)\"><a href=\"http:\/\/serveiseducatius.xtec.cat\/tarragones\/formacio\/zona-formadors\/control\/\"><strong>Control de l&#8217;assist\u00e8ncia<\/strong><\/a>. Imprimir les graelles de signatures.<\/li>\n\n\n\n<li style=\"padding-top:var(--wp--preset--spacing--20);padding-bottom:var(--wp--preset--spacing--20)\"><a href=\"http:\/\/serveiseducatius.xtec.cat\/tarragones\/formacio\/zona-formadors\/seguiment\/\"><strong>Seguiment de l&#8217;assist\u00e8ncia<\/strong><\/a>. Portar a terme el seguiment diari de l&#8217;assist\u00e8ncia a cada sessi\u00f3.<\/li>\n\n\n\n<li style=\"padding-top:var(--wp--preset--spacing--20);padding-bottom:var(--wp--preset--spacing--20)\">Valoraci\u00f3 de les activitats de formaci\u00f3.\n<ol class=\"wp-block-list\">\n<li><a href=\"http:\/\/serveiseducatius.xtec.cat\/tarragones\/formacio\/zona-formadors\/valoracio-assistents\/\"><strong>Valoraci\u00f3 per part dels assistents<\/strong><\/a><\/li>\n\n\n\n<li><a href=\"http:\/\/serveiseducatius.xtec.cat\/tarragones\/formacio\/zona-formadors\/valoracio-formadors\/\"><strong>Valoraci\u00f3 per part de les persones formadores<\/strong><\/a> i coordinadores.<\/li>\n<\/ol>\n<\/li>\n\n\n\n<li style=\"padding-top:var(--wp--preset--spacing--20);padding-bottom:var(--wp--preset--spacing--20)\"><a href=\"http:\/\/serveiseducatius.xtec.cat\/tarragones\/formacio\/zona-formadors\/acta-final\/\"><strong>Acta<\/strong><\/a>. Elaborar l&#8217;acta final.<\/li>\n\n\n\n<li style=\"padding-top:var(--wp--preset--spacing--20);padding-bottom:var(--wp--preset--spacing--20)\">Enviar-la <a href=\"https:\/\/serveiseducatius.xtec.cat\/tarragones\/formacio\/zona-formadors\/signatura-digital\/\"><strong>signada digitalment<\/strong><\/a> al Centre de Recursos.<\/li>\n<\/ol>\n\n\n\n<p>Si ho preferiu, podeu&nbsp;contactar amb el servei educatiu&nbsp;del Tarragon\u00e8s mitjan\u00e7ant el correu electr\u00f2nic crp-tarragones@xtec.cat&nbsp;o trucant al tel\u00e8fon 977 92 28 70.<\/p>\n<\/div>\n<\/div>\n\n\n\n<div class=\"wp-block-buttons is-layout-flex wp-block-buttons-is-layout-flex\">\n<div class=\"wp-block-button has-custom-font-size has-small-font-size\"><a class=\"wp-block-button__link has-white-color has-ast-global-color-1-background-color has-text-color has-background has-link-color wp-element-button\" href=\"https:\/\/serveiseducatius.xtec.cat\/tarragones\/formacio\/meves-activitats\/\">Zona de participants<\/a><\/div>\n\n\n\n<div class=\"wp-block-button has-custom-font-size has-small-font-size\"><a class=\"wp-block-button__link has-white-color has-ast-global-color-1-background-color has-text-color has-background has-link-color has-text-align-center wp-element-button\" href=\"https:\/\/serveiseducatius.xtec.cat\/tarragones\/zona-de-centres\/\">Zona de centres<\/a><\/div>\n\n\n\n<div class=\"wp-block-button has-custom-font-size has-small-font-size\"><a class=\"wp-block-button__link has-white-color has-ast-global-color-1-background-color has-text-color has-background has-link-color wp-element-button\" href=\"https:\/\/serveiseducatius.xtec.cat\/tarragones\/formacio\/activitats\/\">Cat\u00e0leg d&#8217;activitats<\/a><\/div>\n<\/div>\n\n\n\n<p><\/p>\n","protected":false},"excerpt":{"rendered":"<p>Inscriu-te aqu\u00ed i fes la teva proposta Primer de tot, us agra\u00efm la vostra col\u00b7laboraci\u00f3 i us desitgem que gaudiu [&hellip;]<\/p>\n","protected":false},"author":1,"featured_media":0,"parent":416,"menu_order":90,"comment_status":"closed","ping_status":"closed","template":"page-templates\/side-menu.php","meta":{"_bbp_topic_count":0,"_bbp_reply_count":0,"_bbp_total_topic_count":0,"_bbp_total_reply_count":0,"_bbp_voice_count":0,"_bbp_anonymous_reply_count":0,"_bbp_topic_count_hidden":0,"_bbp_reply_count_hidden":0,"_bbp_forum_subforum_count":0,"site-sidebar-layout":"default","site-content-layout":"","ast-site-content-layout":"default","site-content-style":"default","site-sidebar-style":"default","ast-global-header-display":"","ast-banner-title-visibility":"","ast-main-header-display":"","ast-hfb-above-header-display":"","ast-hfb-below-header-display":"","ast-hfb-mobile-header-display":"","site-post-title":"","ast-breadcrumbs-content":"","ast-featured-img":"","footer-sml-layout":"","theme-transparent-header-meta":"","adv-header-id-meta":"","stick-header-meta":"","header-above-stick-meta":"","header-main-stick-meta":"","header-below-stick-meta":"","astra-migrate-meta-layouts":"set","ast-page-background-enabled":"default","ast-page-background-meta":{"desktop":{"background-color":"var(--ast-global-color-4)","background-image":"","background-repeat":"repeat","background-position":"center center","background-size":"auto","background-attachment":"scroll","background-type":"","background-media":"","overlay-type":"","overlay-color":"","overlay-opacity":"","overlay-gradient":""},"tablet":{"background-color":"","background-image":"","background-repeat":"repeat","background-position":"center center","background-size":"auto","background-attachment":"scroll","background-type":"","background-media":"","overlay-type":"","overlay-color":"","overlay-opacity":"","overlay-gradient":""},"mobile":{"background-color":"","background-image":"","background-repeat":"repeat","background-position":"center center","background-size":"auto","background-attachment":"scroll","background-type":"","background-media":"","overlay-type":"","overlay-color":"","overlay-opacity":"","overlay-gradient":""}},"ast-content-background-meta":{"desktop":{"background-color":"var(--ast-global-color-5)","background-image":"","background-repeat":"repeat","background-position":"center center","background-size":"auto","background-attachment":"scroll","background-type":"","background-media":"","overlay-type":"","overlay-color":"","overlay-opacity":"","overlay-gradient":""},"tablet":{"background-color":"var(--ast-global-color-5)","background-image":"","background-repeat":"repeat","background-position":"center center","background-size":"auto","background-attachment":"scroll","background-type":"","background-media":"","overlay-type":"","overlay-color":"","overlay-opacity":"","overlay-gradient":""},"mobile":{"background-color":"var(--ast-global-color-5)","background-image":"","background-repeat":"repeat","background-position":"center center","background-size":"auto","background-attachment":"scroll","background-type":"","background-media":"","overlay-type":"","overlay-color":"","overlay-opacity":"","overlay-gradient":""}},"footnotes":""},"class_list":["post-548","page","type-page","status-publish","hentry"],"post_mailing_queue_ids":[],"_links":{"self":[{"href":"https:\/\/serveiseducatius.xtec.cat\/tarragones\/wp-json\/wp\/v2\/pages\/548","targetHints":{"allow":["GET"]}}],"collection":[{"href":"https:\/\/serveiseducatius.xtec.cat\/tarragones\/wp-json\/wp\/v2\/pages"}],"about":[{"href":"https:\/\/serveiseducatius.xtec.cat\/tarragones\/wp-json\/wp\/v2\/types\/page"}],"author":[{"embeddable":true,"href":"https:\/\/serveiseducatius.xtec.cat\/tarragones\/wp-json\/wp\/v2\/users\/1"}],"replies":[{"embeddable":true,"href":"https:\/\/serveiseducatius.xtec.cat\/tarragones\/wp-json\/wp\/v2\/comments?post=548"}],"version-history":[{"count":6,"href":"https:\/\/serveiseducatius.xtec.cat\/tarragones\/wp-json\/wp\/v2\/pages\/548\/revisions"}],"predecessor-version":[{"id":23188,"href":"https:\/\/serveiseducatius.xtec.cat\/tarragones\/wp-json\/wp\/v2\/pages\/548\/revisions\/23188"}],"up":[{"embeddable":true,"href":"https:\/\/serveiseducatius.xtec.cat\/tarragones\/wp-json\/wp\/v2\/pages\/416"}],"wp:attachment":[{"href":"https:\/\/serveiseducatius.xtec.cat\/tarragones\/wp-json\/wp\/v2\/media?parent=548"}],"curies":[{"name":"wp","href":"https:\/\/api.w.org\/{rel}","templated":true}]}}