{"id":414,"date":"2023-04-11T08:00:37","date_gmt":"2023-04-11T06:00:37","guid":{"rendered":"http:\/\/serveiseducatius.xtec.cat\/se-tarragones\/?page_id=414"},"modified":"2026-04-14T19:00:35","modified_gmt":"2026-04-14T17:00:35","slug":"pfz","status":"publish","type":"page","link":"https:\/\/serveiseducatius.xtec.cat\/tarragones\/formacio\/pfz\/","title":{"rendered":"Pla de formaci\u00f3 de zona (PFZ)"},"content":{"rendered":"<div class=\"llistat_col-lg-3 nova-altura-dist fila_2\">\n<div class=\"col-xs-12 corrector-margins col-sm-4\">\n<div class=\"box destacat_text_avancat_cont distribuidora-nova-3\">\n<div class=\"llistat_col-lg-3 nova-altura-dist fila_3\">\n<div class=\"col-xs-12 corrector-margins col-sm-6\">\n<div class=\"box destacat_text_avancat_cont distribuidora-nova-2\">\n<div class=\"entry-content\">\n<p><span style=\"font-weight: 400;\"><a href=\"https:\/\/serveiseducatius.xtec.cat\/tarragones\/wp-content\/uploads\/usu549\/2021\/04\/pfz.jpg\"><img loading=\"lazy\" decoding=\"async\" class=\"alignright wp-image-19321\" src=\"https:\/\/serveiseducatius.xtec.cat\/tarragones\/wp-content\/uploads\/usu549\/2022\/05\/PFZ-foto-nodes--1024x576.jpg\" alt=\"\" width=\"336\" height=\"189\" \/><\/a><strong>El Pla de Formaci\u00f3 de Zona <\/strong>\u00e9s la planificaci\u00f3 a nivell comarcal de la formaci\u00f3 permanent del professorat, la qual incorpora les activitats de formaci\u00f3 en centre i altres activitats adre\u00e7ades a tot el professorat de la comarca. El professorat hi participa a trav\u00e9s del proc\u00e9s de detecci\u00f3 de necessitats i mitjan\u00e7ant la seva representaci\u00f3 en la comissi\u00f3 del PFZ.<\/span><\/p>\n<\/div>\n<div class=\"entry-content\">\n<p>L&#8217;<strong>oferta formativa<\/strong> del CRP estar\u00e0 disponible un cop finalitzada la detecci\u00f3 de necessitats. Addicionalment, teniu a la vostra disposici\u00f3 l&#8217;oferta formativa del <strong>CESIRE<\/strong>,\u00a0 l<strong>&#8216;<span style=\"text-decoration: underline;\">ELIC<\/span><\/strong> i el <strong><span style=\"text-decoration: underline;\">CREDA .<\/span><\/strong><\/p>\n<ul>\n<li><b>Enlla\u00e7<\/b> <span style=\"font-weight: 400;\">a la formaci\u00f3 <\/span><a href=\"https:\/\/serveiseducatius.xtec.cat\/cesire\/\"><b>CESIRE<\/b><\/a><span style=\"font-weight: 400;\">. Per a m\u00e9s informaci\u00f3 contacteu amb els referents de cada centre.<\/span><\/li>\n<li><b>Enlla\u00e7<\/b> <b>\u00a0<\/b><span style=\"font-weight: 400;\">a la formaci\u00f3 <\/span><a href=\"https:\/\/serveiseducatius.xtec.cat\/tarragones\/el-servei-educatiu\/equip\/elic\/\"><b>LIC<\/b><\/a><span style=\"font-weight: 400;\">. Per a m\u00e9s informaci\u00f3 contacteu amb els referents de cada centre. A m\u00e9s, hi ha disponible fins el 19 d\u2019abril la possibilitat d\u2019accedir al programa ERG de formacions Enfocament Restauratiu Global (ERG) previstes per al curs 2026-2027, teniu el formulari en el seg\u00fcent <\/span><strong><a href=\"https:\/\/forms.gle\/4iebp9KJyWNnaocA7\">enlla\u00e7<\/a>.<\/strong><\/li>\n<li><a href=\"https:\/\/drive.google.com\/drive\/u\/3\/folders\/1HKLhJdkY9YOtBtK49xyE126XejhgfL0w\"><b>Enlla\u00e7<\/b><\/a><span style=\"font-weight: 400;\"> a la informaci\u00f3 corresponent\u00a0 als 3 tallers de formaci\u00f3 oferts pel <\/span><a href=\"https:\/\/serveiseducatius.xtec.cat\/creda-tarragona\/\"><b>CREDA<\/b><\/a><b>.<\/b><\/li>\n<\/ul>\n<p><span style=\"font-weight: 400;\">Podeu fer la vostra sol\u00b7licitud de necessitat formativa de centre o per a centres, via el seg\u00fcent\u00a0 <\/span><span style=\"color: #ff0000;\"><a style=\"color: #ff0000;\" href=\"https:\/\/docs.google.com\/forms\/d\/e\/1FAIpQLSek_QShHl5UU1elTz9ah59xFRUmC5sJhG-8ALOtDPltA0rlOA\/viewform\"><b>formulari de sol\u00b7licitud<\/b><\/a><\/span><span style=\"font-weight: 400;\"> de necessitats de formaci\u00f3 <\/span><b>\u00a0abans del 15 de maig del 2026.<\/b><\/p>\n<\/div>\n<\/div>\n<\/div>\n<\/div>\n<\/div>\n<\/div>\n<\/div>\n\n\n<p>Tota la informaci\u00f3 de la tecci\u00f3 de necessitats al seg\u00fcent <a href=\"https:\/\/serveiseducatius.xtec.cat\/tarragones\/formacio\/deteccio-de-necessitats\/\" data-type=\"link\" data-id=\"https:\/\/serveiseducatius.xtec.cat\/tarragones\/formacio\/deteccio-de-necessitats\/\">enlla\u00e7<\/a>.<\/p>\n","protected":false},"excerpt":{"rendered":"<p>El Pla de Formaci\u00f3 de Zona \u00e9s la planificaci\u00f3 a nivell comarcal de la formaci\u00f3 permanent del professorat, la qual [&hellip;]<\/p>\n","protected":false},"author":1,"featured_media":0,"parent":416,"menu_order":10,"comment_status":"closed","ping_status":"closed","template":"page-templates\/side-menu.php","meta":{"_bbp_topic_count":0,"_bbp_reply_count":0,"_bbp_total_topic_count":0,"_bbp_total_reply_count":0,"_bbp_voice_count":0,"_bbp_anonymous_reply_count":0,"_bbp_topic_count_hidden":0,"_bbp_reply_count_hidden":0,"_bbp_forum_subforum_count":0,"site-sidebar-layout":"default","site-content-layout":"","ast-site-content-layout":"default","site-content-style":"default","site-sidebar-style":"default","ast-global-header-display":"","ast-banner-title-visibility":"","ast-main-header-display":"","ast-hfb-above-header-display":"","ast-hfb-below-header-display":"","ast-hfb-mobile-header-display":"","site-post-title":"","ast-breadcrumbs-content":"","ast-featured-img":"","footer-sml-layout":"","theme-transparent-header-meta":"","adv-header-id-meta":"","stick-header-meta":"","header-above-stick-meta":"","header-main-stick-meta":"","header-below-stick-meta":"","astra-migrate-meta-layouts":"set","ast-page-background-enabled":"default","ast-page-background-meta":{"desktop":{"background-color":"var(--ast-global-color-4)","background-image":"","background-repeat":"repeat","background-position":"center center","background-size":"auto","background-attachment":"scroll","background-type":"","background-media":"","overlay-type":"","overlay-color":"","overlay-opacity":"","overlay-gradient":""},"tablet":{"background-color":"","background-image":"","background-repeat":"repeat","background-position":"center center","background-size":"auto","background-attachment":"scroll","background-type":"","background-media":"","overlay-type":"","overlay-color":"","overlay-opacity":"","overlay-gradient":""},"mobile":{"background-color":"","background-image":"","background-repeat":"repeat","background-position":"center center","background-size":"auto","background-attachment":"scroll","background-type":"","background-media":"","overlay-type":"","overlay-color":"","overlay-opacity":"","overlay-gradient":""}},"ast-content-background-meta":{"desktop":{"background-color":"var(--ast-global-color-5)","background-image":"","background-repeat":"repeat","background-position":"center center","background-size":"auto","background-attachment":"scroll","background-type":"","background-media":"","overlay-type":"","overlay-color":"","overlay-opacity":"","overlay-gradient":""},"tablet":{"background-color":"var(--ast-global-color-5)","background-image":"","background-repeat":"repeat","background-position":"center center","background-size":"auto","background-attachment":"scroll","background-type":"","background-media":"","overlay-type":"","overlay-color":"","overlay-opacity":"","overlay-gradient":""},"mobile":{"background-color":"var(--ast-global-color-5)","background-image":"","background-repeat":"repeat","background-position":"center center","background-size":"auto","background-attachment":"scroll","background-type":"","background-media":"","overlay-type":"","overlay-color":"","overlay-opacity":"","overlay-gradient":""}},"footnotes":""},"class_list":["post-414","page","type-page","status-publish","hentry"],"post_mailing_queue_ids":[],"_links":{"self":[{"href":"https:\/\/serveiseducatius.xtec.cat\/tarragones\/wp-json\/wp\/v2\/pages\/414","targetHints":{"allow":["GET"]}}],"collection":[{"href":"https:\/\/serveiseducatius.xtec.cat\/tarragones\/wp-json\/wp\/v2\/pages"}],"about":[{"href":"https:\/\/serveiseducatius.xtec.cat\/tarragones\/wp-json\/wp\/v2\/types\/page"}],"author":[{"embeddable":true,"href":"https:\/\/serveiseducatius.xtec.cat\/tarragones\/wp-json\/wp\/v2\/users\/1"}],"replies":[{"embeddable":true,"href":"https:\/\/serveiseducatius.xtec.cat\/tarragones\/wp-json\/wp\/v2\/comments?post=414"}],"version-history":[{"count":6,"href":"https:\/\/serveiseducatius.xtec.cat\/tarragones\/wp-json\/wp\/v2\/pages\/414\/revisions"}],"predecessor-version":[{"id":23871,"href":"https:\/\/serveiseducatius.xtec.cat\/tarragones\/wp-json\/wp\/v2\/pages\/414\/revisions\/23871"}],"up":[{"embeddable":true,"href":"https:\/\/serveiseducatius.xtec.cat\/tarragones\/wp-json\/wp\/v2\/pages\/416"}],"wp:attachment":[{"href":"https:\/\/serveiseducatius.xtec.cat\/tarragones\/wp-json\/wp\/v2\/media?parent=414"}],"curies":[{"name":"wp","href":"https:\/\/api.w.org\/{rel}","templated":true}]}}