{"id":306,"date":"2015-11-24T18:02:44","date_gmt":"2015-11-24T17:02:44","guid":{"rendered":"http:\/\/serveiseducatius.xtec.cat\/se-tarragones\/?page_id=306"},"modified":"2025-10-23T10:58:06","modified_gmt":"2025-10-23T08:58:06","slug":"equip","status":"publish","type":"page","link":"https:\/\/serveiseducatius.xtec.cat\/tarragones\/el-servei-educatiu\/equip\/","title":{"rendered":"Equip"},"content":{"rendered":"<p>Cada servei educatiu est\u00e0 format per un equip multidisciplinar:<\/p>\n<ul>\n<li style=\"text-align: justify;\"><a href=\"http:\/\/serveiseducatius.xtec.cat\/tarragones\/el-servei-educatiu\/equip\/crp\/\" target=\"_blank\" rel=\"noopener noreferrer\"><strong>CRP <\/strong><\/a>(Centre de recursos pedag\u00f2gics): equip de dinamitzaci\u00f3 i assessorament dels professionals i centres educatius per a la millora i transformaci\u00f3 educativa.<\/li>\n<li style=\"text-align: justify;\"><a href=\"https:\/\/serveiseducatius.xtec.cat\/tarragones\/el-servei-educatiu\/equip\/eap\/\"><strong>EAP <\/strong><\/a>(Equip d\u2019assesorament i orientaci\u00f3 psicopedag\u00f2gic)<span class=\"Apple-converted-space\">: equip<\/span>\u00a0que d\u00f3na\u00a0suport al professorat i als centres educatius en la resposta a la diversitat de l\u2019alumnat i en relaci\u00f3 als alumnes que presenten necessitats educatives especials, aix\u00ed com a les seves fam\u00edlies.<\/li>\n<li style=\"text-align: justify;\"><a href=\"https:\/\/serveiseducatius.xtec.cat\/tarragones\/el-servei-educatiu\/equip\/elic\/\"><strong>ELIC <\/strong><\/a>(Equip d\u2019assessorament i orientaci\u00f3 en llengua, interculturalitat i cohesi\u00f3 social): que donen suport al professorat en l\u2019atenci\u00f3 a la diversitat relacionada amb l\u2019alumnat, especialment procedent de la immigraci\u00f3 i\/o amb l\u2019alumnat amb risc d\u2019exclusi\u00f3 social, en l\u2019\u00e0mbit dels centres educatius i els plans educatius d\u2019entorn.<\/li>\n<\/ul>\n<p style=\"text-align: justify;\">El Servei Educatiu tamb\u00e9 treballa de forma coordinada amb el <a href=\"http:\/\/serveiseducatius.xtec.cat\/creda-tarragona\/\">CREDA<\/a> (Centre de Recursos Educatius per a Deficients Auditius) del Tarragon\u00e8s i amb el professorat que at\u00e9n l\u2019alumnat amb discapacitat visual. Igualment, col\u00b7labora amb el <a href=\"http:\/\/cdatarragona.net\/\">Camp d\u2019Aprenentatge del Tarragon\u00e8s<\/a>\u00a0en diverses iniciatives.<\/p>\n\n\n<div class=\"wp-block-buttons is-layout-flex wp-block-buttons-is-layout-flex\">\n<div class=\"wp-block-button has-custom-font-size has-small-font-size\"><a class=\"wp-block-button__link has-white-color has-ast-global-color-1-background-color has-text-color has-background has-link-color wp-element-button\" href=\"https:\/\/serveiseducatius.xtec.cat\/tarragones\/el-servei-educatiu\/horari-i-calendari\/\">Horari i Calendari<\/a><\/div>\n\n\n\n<div class=\"wp-block-button has-custom-font-size has-small-font-size\"><a class=\"wp-block-button__link has-white-color has-ast-global-color-1-background-color has-text-color has-background has-link-color wp-element-button\" href=\"https:\/\/serveiseducatius.xtec.cat\/tarragones\/el-servei-educatiu\/on-som\/\">On som?<\/a><\/div>\n\n\n\n<div class=\"wp-block-button has-custom-font-size has-small-font-size\"><a class=\"wp-block-button__link has-white-color has-ast-global-color-1-background-color has-text-color has-background has-link-color wp-element-button\" href=\"https:\/\/serveiseducatius.xtec.cat\/tarragones\/el-servei-educatiu\/contacte\/\">Contacte<\/a><\/div>\n\n\n\n<div class=\"wp-block-button has-custom-font-size has-small-font-size\"><a class=\"wp-block-button__link has-white-color has-ast-global-color-1-background-color has-text-color has-background has-link-color wp-element-button\" href=\"https:\/\/sites.google.com\/xtec.cat\/racodigitalsetgn\/p%C3%A0gina-principal\">Rac\u00f3 digital SE<\/a><\/div>\n<\/div>\n\n\n\n<p><\/p>\n","protected":false},"excerpt":{"rendered":"<p>Cada servei educatiu est\u00e0 format per un equip multidisciplinar: CRP (Centre de recursos pedag\u00f2gics): equip de dinamitzaci\u00f3 i assessorament dels [&hellip;]<\/p>\n","protected":false},"author":1,"featured_media":0,"parent":806,"menu_order":20,"comment_status":"closed","ping_status":"closed","template":"page-templates\/side-menu.php","meta":{"_bbp_topic_count":0,"_bbp_reply_count":0,"_bbp_total_topic_count":0,"_bbp_total_reply_count":0,"_bbp_voice_count":0,"_bbp_anonymous_reply_count":0,"_bbp_topic_count_hidden":0,"_bbp_reply_count_hidden":0,"_bbp_forum_subforum_count":0,"site-sidebar-layout":"default","site-content-layout":"","ast-site-content-layout":"default","site-content-style":"default","site-sidebar-style":"default","ast-global-header-display":"","ast-banner-title-visibility":"","ast-main-header-display":"","ast-hfb-above-header-display":"","ast-hfb-below-header-display":"","ast-hfb-mobile-header-display":"","site-post-title":"","ast-breadcrumbs-content":"","ast-featured-img":"","footer-sml-layout":"","theme-transparent-header-meta":"","adv-header-id-meta":"","stick-header-meta":"","header-above-stick-meta":"","header-main-stick-meta":"","header-below-stick-meta":"","astra-migrate-meta-layouts":"set","ast-page-background-enabled":"default","ast-page-background-meta":{"desktop":{"background-color":"var(--ast-global-color-4)","background-image":"","background-repeat":"repeat","background-position":"center center","background-size":"auto","background-attachment":"scroll","background-type":"","background-media":"","overlay-type":"","overlay-color":"","overlay-opacity":"","overlay-gradient":""},"tablet":{"background-color":"","background-image":"","background-repeat":"repeat","background-position":"center center","background-size":"auto","background-attachment":"scroll","background-type":"","background-media":"","overlay-type":"","overlay-color":"","overlay-opacity":"","overlay-gradient":""},"mobile":{"background-color":"","background-image":"","background-repeat":"repeat","background-position":"center center","background-size":"auto","background-attachment":"scroll","background-type":"","background-media":"","overlay-type":"","overlay-color":"","overlay-opacity":"","overlay-gradient":""}},"ast-content-background-meta":{"desktop":{"background-color":"var(--ast-global-color-5)","background-image":"","background-repeat":"repeat","background-position":"center center","background-size":"auto","background-attachment":"scroll","background-type":"","background-media":"","overlay-type":"","overlay-color":"","overlay-opacity":"","overlay-gradient":""},"tablet":{"background-color":"var(--ast-global-color-5)","background-image":"","background-repeat":"repeat","background-position":"center center","background-size":"auto","background-attachment":"scroll","background-type":"","background-media":"","overlay-type":"","overlay-color":"","overlay-opacity":"","overlay-gradient":""},"mobile":{"background-color":"var(--ast-global-color-5)","background-image":"","background-repeat":"repeat","background-position":"center center","background-size":"auto","background-attachment":"scroll","background-type":"","background-media":"","overlay-type":"","overlay-color":"","overlay-opacity":"","overlay-gradient":""}},"footnotes":""},"class_list":["post-306","page","type-page","status-publish","hentry"],"post_mailing_queue_ids":[],"_links":{"self":[{"href":"https:\/\/serveiseducatius.xtec.cat\/tarragones\/wp-json\/wp\/v2\/pages\/306","targetHints":{"allow":["GET"]}}],"collection":[{"href":"https:\/\/serveiseducatius.xtec.cat\/tarragones\/wp-json\/wp\/v2\/pages"}],"about":[{"href":"https:\/\/serveiseducatius.xtec.cat\/tarragones\/wp-json\/wp\/v2\/types\/page"}],"author":[{"embeddable":true,"href":"https:\/\/serveiseducatius.xtec.cat\/tarragones\/wp-json\/wp\/v2\/users\/1"}],"replies":[{"embeddable":true,"href":"https:\/\/serveiseducatius.xtec.cat\/tarragones\/wp-json\/wp\/v2\/comments?post=306"}],"version-history":[{"count":6,"href":"https:\/\/serveiseducatius.xtec.cat\/tarragones\/wp-json\/wp\/v2\/pages\/306\/revisions"}],"predecessor-version":[{"id":23351,"href":"https:\/\/serveiseducatius.xtec.cat\/tarragones\/wp-json\/wp\/v2\/pages\/306\/revisions\/23351"}],"up":[{"embeddable":true,"href":"https:\/\/serveiseducatius.xtec.cat\/tarragones\/wp-json\/wp\/v2\/pages\/806"}],"wp:attachment":[{"href":"https:\/\/serveiseducatius.xtec.cat\/tarragones\/wp-json\/wp\/v2\/media?parent=306"}],"curies":[{"name":"wp","href":"https:\/\/api.w.org\/{rel}","templated":true}]}}