{"id":23581,"date":"2025-11-24T13:18:43","date_gmt":"2025-11-24T12:18:43","guid":{"rendered":"https:\/\/serveiseducatius.xtec.cat\/tarragones\/?page_id=23581"},"modified":"2025-11-24T13:47:48","modified_gmt":"2025-11-24T12:47:48","slug":"elic-programes-i-linies-de-treball","status":"publish","type":"page","link":"https:\/\/serveiseducatius.xtec.cat\/tarragones\/elic-programes-i-linies-de-treball\/","title":{"rendered":"ELIC- Programes i l\u00ednies de treball"},"content":{"rendered":"\n<p><strong>Compet\u00e8ncia ling\u00fc\u00edstica<\/strong><\/p>\n\n\n\n<ul class=\"wp-block-list\">\n<li>Xarxa de compet\u00e8ncia lectora<\/li>\n\n\n\n<li>Formacions en centre sobre compet\u00e8ncia lectora<\/li>\n\n\n\n<li>Programa Avancem<\/li>\n\n\n\n<li>Formacions sobre oralitat: Interacci\u00f3 oral a l\u2019aula (IOA)&nbsp;<\/li>\n\n\n\n<li>Formaci\u00f3 en immersi\u00f3<\/li>\n<\/ul>\n\n\n\n<p><strong>Plans educatius d\u2019entorn<\/strong><\/p>\n\n\n\n<ul class=\"wp-block-list\">\n<li>Planificaci\u00f3, gesti\u00f3 i organitzaci\u00f3 del Pla d\u2019actuacions de cada PEE, coordinadament amb els ajuntaments de cada municipi.<\/li>\n<\/ul>\n\n\n\n<p><strong>Usos ling\u00fc\u00edstics<\/strong><\/p>\n\n\n\n<ul class=\"wp-block-list\">\n<li>Taller Usos ling\u00fc\u00edstics en l\u2019\u00e0mbit educatiu (ULAE)&nbsp;<\/li>\n\n\n\n<li>Formaci\u00f3 sobre la metodologia de la immersi\u00f3 ling\u00fc\u00edstica<\/li>\n\n\n\n<li>Assessorament sobre la gesti\u00f3 de les lleng\u00fces i els usos ling\u00fc\u00edstics<\/li>\n<\/ul>\n\n\n\n<p><strong>Acompanyament a les aules d\u2019acollida i aules d\u2019acollida intensiva (AA i AAI)<\/strong><\/p>\n\n\n\n<ul class=\"wp-block-list\">\n<li>Formaci\u00f3 inicial per als tutors novells d\u2019AA i AAI<\/li>\n\n\n\n<li>Seminari de coordinaci\u00f3 de tutors d\u2019AA i AAI<\/li>\n\n\n\n<li>Orientaci\u00f3 acad\u00e8mica, metodol\u00f2gica i emocional per al suport i acompanyament als docents de l\u2019aula d\u2019acollida.<\/li>\n\n\n\n<li>Suport i acompanyament als docents de l\u2019AA i AAI.<\/li>\n<\/ul>\n\n\n\n<p><strong>Cert\u00e0mens i concursos<\/strong><\/p>\n\n\n\n<ul class=\"wp-block-list\">\n<li>Organitzaci\u00f3 de la semifinal del Certamen de lectura en veu alta (CLVA)<\/li>\n\n\n\n<li>Organitzaci\u00f3 de la fase territorial dels Jocs Florals Escolars de Catalunya<\/li>\n<\/ul>\n\n\n\n<p><strong>Assessorament als centres i als docents<\/strong><\/p>\n\n\n\n<ul class=\"wp-block-list\">\n<li>Assessorament i suport en l\u2019actualitzaci\u00f3 o redacci\u00f3 del projecte ling\u00fc\u00edstic de centres, projecte de conviv\u00e8ncia, pla d\u2019acollida, pla lector\u2026<\/li>\n\n\n\n<li>Assessorament en la gesti\u00f3 dels usos ling\u00fc\u00edstics<\/li>\n<\/ul>\n\n\n\n<p><strong>Interculturalitat i lleng\u00fces d\u2019origen<\/strong><\/p>\n\n\n\n<ul class=\"wp-block-list\">\n<li>Programa LACM (Llengua \u00e0rab i cultura marroquina)<\/li>\n\n\n\n<li>Formacions en interculturalitat i perspectiva antiracista<\/li>\n\n\n\n<li>Projecte de Promoci\u00f3 escolar del poble gitano<\/li>\n<\/ul>\n\n\n\n<div class=\"wp-block-buttons is-layout-flex wp-block-buttons-is-layout-flex\">\n<div class=\"wp-block-button\"><a class=\"wp-block-button__link wp-element-button\" href=\"https:\/\/serveiseducatius.xtec.cat\/tarragones\/el-servei-educatiu\/equip\/elic\/elic-presentacio-de-lequip\/\">Presentaci\u00f3 de l&#8217;equip<\/a><\/div>\n\n\n\n<div class=\"wp-block-button\"><a class=\"wp-block-button__link wp-element-button\" href=\"https:\/\/serveiseducatius.xtec.cat\/tarragones\/elic-recursos\/\">Recursos<\/a><\/div>\n<\/div>\n\n\n\n<p><\/p>\n","protected":false},"excerpt":{"rendered":"<p>Compet\u00e8ncia ling\u00fc\u00edstica Plans educatius d\u2019entorn Usos ling\u00fc\u00edstics Acompanyament a les aules d\u2019acollida i aules d\u2019acollida intensiva (AA i AAI) Cert\u00e0mens [&hellip;]<\/p>\n","protected":false},"author":1,"featured_media":0,"parent":0,"menu_order":0,"comment_status":"closed","ping_status":"close","template":"","meta":{"_bbp_topic_count":0,"_bbp_reply_count":0,"_bbp_total_topic_count":0,"_bbp_total_reply_count":0,"_bbp_voice_count":0,"_bbp_anonymous_reply_count":0,"_bbp_topic_count_hidden":0,"_bbp_reply_count_hidden":0,"_bbp_forum_subforum_count":0,"site-sidebar-layout":"default","site-content-layout":"","ast-site-content-layout":"default","site-content-style":"default","site-sidebar-style":"default","ast-global-header-display":"","ast-banner-title-visibility":"","ast-main-header-display":"","ast-hfb-above-header-display":"","ast-hfb-below-header-display":"","ast-hfb-mobile-header-display":"","site-post-title":"","ast-breadcrumbs-content":"","ast-featured-img":"","footer-sml-layout":"","theme-transparent-header-meta":"","adv-header-id-meta":"","stick-header-meta":"","header-above-stick-meta":"","header-main-stick-meta":"","header-below-stick-meta":"","astra-migrate-meta-layouts":"set","ast-page-background-enabled":"default","ast-page-background-meta":{"desktop":{"background-color":"var(--ast-global-color-4)","background-image":"","background-repeat":"repeat","background-position":"center center","background-size":"auto","background-attachment":"scroll","background-type":"","background-media":"","overlay-type":"","overlay-color":"","overlay-opacity":"","overlay-gradient":""},"tablet":{"background-color":"","background-image":"","background-repeat":"repeat","background-position":"center center","background-size":"auto","background-attachment":"scroll","background-type":"","background-media":"","overlay-type":"","overlay-color":"","overlay-opacity":"","overlay-gradient":""},"mobile":{"background-color":"","background-image":"","background-repeat":"repeat","background-position":"center center","background-size":"auto","background-attachment":"scroll","background-type":"","background-media":"","overlay-type":"","overlay-color":"","overlay-opacity":"","overlay-gradient":""}},"ast-content-background-meta":{"desktop":{"background-color":"var(--ast-global-color-5)","background-image":"","background-repeat":"repeat","background-position":"center center","background-size":"auto","background-attachment":"scroll","background-type":"","background-media":"","overlay-type":"","overlay-color":"","overlay-opacity":"","overlay-gradient":""},"tablet":{"background-color":"var(--ast-global-color-5)","background-image":"","background-repeat":"repeat","background-position":"center center","background-size":"auto","background-attachment":"scroll","background-type":"","background-media":"","overlay-type":"","overlay-color":"","overlay-opacity":"","overlay-gradient":""},"mobile":{"background-color":"var(--ast-global-color-5)","background-image":"","background-repeat":"repeat","background-position":"center center","background-size":"auto","background-attachment":"scroll","background-type":"","background-media":"","overlay-type":"","overlay-color":"","overlay-opacity":"","overlay-gradient":""}},"footnotes":""},"class_list":["post-23581","page","type-page","status-publish","hentry"],"post_mailing_queue_ids":[],"_links":{"self":[{"href":"https:\/\/serveiseducatius.xtec.cat\/tarragones\/wp-json\/wp\/v2\/pages\/23581","targetHints":{"allow":["GET"]}}],"collection":[{"href":"https:\/\/serveiseducatius.xtec.cat\/tarragones\/wp-json\/wp\/v2\/pages"}],"about":[{"href":"https:\/\/serveiseducatius.xtec.cat\/tarragones\/wp-json\/wp\/v2\/types\/page"}],"author":[{"embeddable":true,"href":"https:\/\/serveiseducatius.xtec.cat\/tarragones\/wp-json\/wp\/v2\/users\/1"}],"replies":[{"embeddable":true,"href":"https:\/\/serveiseducatius.xtec.cat\/tarragones\/wp-json\/wp\/v2\/comments?post=23581"}],"version-history":[{"count":3,"href":"https:\/\/serveiseducatius.xtec.cat\/tarragones\/wp-json\/wp\/v2\/pages\/23581\/revisions"}],"predecessor-version":[{"id":23597,"href":"https:\/\/serveiseducatius.xtec.cat\/tarragones\/wp-json\/wp\/v2\/pages\/23581\/revisions\/23597"}],"wp:attachment":[{"href":"https:\/\/serveiseducatius.xtec.cat\/tarragones\/wp-json\/wp\/v2\/media?parent=23581"}],"curies":[{"name":"wp","href":"https:\/\/api.w.org\/{rel}","templated":true}]}}