{"id":23544,"date":"2025-11-19T12:07:40","date_gmt":"2025-11-19T11:07:40","guid":{"rendered":"https:\/\/serveiseducatius.xtec.cat\/tarragones\/?page_id=23544"},"modified":"2025-12-15T13:51:57","modified_gmt":"2025-12-15T12:51:57","slug":"recursos","status":"publish","type":"page","link":"https:\/\/serveiseducatius.xtec.cat\/tarragones\/el-servei-educatiu\/equip\/eap\/recursos\/","title":{"rendered":"Recursos"},"content":{"rendered":"\n<p><strong>RECURSOS PER A DOCENTS&nbsp;<\/strong><\/p>\n\n\n\n<figure class=\"wp-block-table has-medium-font-size\"><table class=\"has-fixed-layout\"><tbody><tr><td colspan=\"2\"><strong>Alumnat NESE &#8211; NEE: Necessitats Educatives Especials<\/strong>&nbsp;<\/td><td colspan=\"2\"><strong>Alumnat NESE: Necessitats Espec\u00edfiques de Suport Educatiu<\/strong><\/td><\/tr><tr><td><a href=\"https:\/\/ja.cat\/ymsRC\">Discapacitat f\u00edsica<\/a><\/td><td><a href=\"https:\/\/ja.cat\/Ku018\">Trastorn greu de la conducta<\/a><\/td><td><a href=\"https:\/\/xtec.gencat.cat\/ca\/curriculum\/diversitat-i-inclusio\/atencio-educativa-als-alumnes\/nese\/nese-derivades-de-trastorns-de-laprenentatge-i-la-comunicacio\/\">Trastorns de l&#8217;aprenentatge i la comunicaci\u00f3<\/a>:<br>&#8211; Comunicaci\u00f3 i llenguatge<br>&#8211; Matem\u00e0tica<br>&#8211; Trastorn per d\u00e8ficit d&#8217;atenci\u00f3<\/td><td><a href=\"https:\/\/xtec.gencat.cat\/ca\/curriculum\/diversitat-i-inclusio\/atencio-educativa-als-alumnes\/nese\/nese-derivades-daltes-capacitats\/\">Alumnat amb altes capacitats<\/a><\/td><\/tr><tr><td><a href=\"https:\/\/ja.cat\/4AnQJ\">Discapacitat intel\u00b7lectual<\/a><\/td><td><a href=\"http:\/\/xtec.gencat.cat\/ca\/curriculum\/diversitat-i-inclusio\/atencio-educativa-als-alumnes\/nese\/nese-derivades-de-trastorn-mental\/\">Trastorn mental<\/a><\/td><td><a href=\"https:\/\/xtec.gencat.cat\/ca\/curriculum\/diversitat-i-inclusio\/atencio-educativa-als-alumnes\/nese\/nese-derivades-de-desavantatge-educatiu\/\">Situaci\u00f3 de desavantatge educatiu<\/a><\/td><td><\/td><\/tr><tr><td>Discapacitat sensorial<br><a href=\"https:\/\/xtec.gencat.cat\/ca\/curriculum\/diversitat-i-inclusio\/atencio-educativa-als-alumnes\/nese\/nese-derivades-de-discapacitat-visual\/\">Visual<\/a><a href=\"https:\/\/xtec.gencat.cat\/ca\/curriculum\/diversitat-i-inclusio\/atencio-educativa-als-alumnes\/nese\/nese-derivades-de-discapacitat-auditiva\/\">Auditiva<\/a><\/td><td><a href=\"https:\/\/xtec.gencat.cat\/ca\/curriculum\/diversitat-i-inclusio\/atencio-educativa-als-alumnes\/nese\/nese-derivades-de-situacio-de-malaltia\/\">Situaci\u00f3 de malaltia<\/a>:<br>&#8211; Aules hospital\u00e0ries<br>&#8211; Atenci\u00f3 domicili\u00e0ria<br>&#8211; Hospital de dia adolescents.<\/td><td><\/td><td><\/td><\/tr><tr><td><a href=\"https:\/\/ja.cat\/l9Sbr\">TEA: Trastorn de l&#8217;espectre autista<\/a><\/td><td><a href=\"https:\/\/xtec.gencat.cat\/ca\/curriculum\/diversitat-i-inclusio\/atencio-educativa-als-alumnes\/nese\/nese-derivades-de-pluridiscapacitat\/\">Pluridiscapacitat<\/a><\/td><\/tr><\/tbody><\/table><\/figure>\n\n\n\n\n\n<div class=\"wp-block-buttons is-layout-flex wp-block-buttons-is-layout-flex\">\n<div class=\"wp-block-button has-custom-font-size has-small-font-size\"><a class=\"wp-block-button__link has-white-color has-ast-global-color-1-background-color has-text-color has-background has-link-color wp-element-button\" href=\"https:\/\/serveiseducatius.xtec.cat\/tarragones\/el-servei-educatiu\/equip\/eap\/contacte\/\">Contacte<\/a><\/div>\n\n\n\n<div class=\"wp-block-button has-custom-font-size has-small-font-size\"><a class=\"wp-block-button__link has-white-color has-ast-global-color-1-background-color has-text-color has-background has-link-color wp-element-button\" href=\"https:\/\/serveiseducatius.xtec.cat\/tarragones\/el-servei-educatiu\/equip\/eap\/presentacio\/\">Presentaci\u00f3<\/a><\/div>\n\n\n\n<div class=\"wp-block-button has-custom-font-size has-small-font-size\"><a class=\"wp-block-button__link has-white-color has-ast-global-color-1-background-color has-text-color has-background has-link-color wp-element-button\" href=\"https:\/\/serveiseducatius.xtec.cat\/tarragones\/el-servei-educatiu\/equip\/eap\/destinataris-i-objectius\/\">Destinataris i Objectius<\/a><\/div>\n\n\n\n<div class=\"wp-block-button has-custom-font-size has-small-font-size\"><a class=\"wp-block-button__link has-white-color has-ast-global-color-1-background-color has-text-color has-background has-link-color wp-element-button\" href=\"https:\/\/serveiseducatius.xtec.cat\/tarragones\/el-servei-educatiu\/equip\/eap\/centres-eap-a\/\">Centres EAP &#8211; A<\/a><\/div>\n\n\n\n<div class=\"wp-block-button has-custom-font-size has-small-font-size\"><a class=\"wp-block-button__link has-white-color has-ast-global-color-1-background-color has-text-color has-background has-link-color wp-element-button\" href=\"https:\/\/serveiseducatius.xtec.cat\/tarragones\/el-servei-educatiu\/equip\/eap\/centres-eap-b\/\">Centres EAP &#8211; B<\/a><\/div>\n<\/div>\n\n\n\n<p><\/p>\n","protected":false},"excerpt":{"rendered":"<p>RECURSOS PER A DOCENTS&nbsp; Alumnat NESE &#8211; NEE: Necessitats Educatives Especials&nbsp; Alumnat NESE: Necessitats Espec\u00edfiques de Suport Educatiu Discapacitat f\u00edsica [&hellip;]<\/p>\n","protected":false},"author":377,"featured_media":0,"parent":16752,"menu_order":0,"comment_status":"closed","ping_status":"close","template":"","meta":{"_bbp_topic_count":0,"_bbp_reply_count":0,"_bbp_total_topic_count":0,"_bbp_total_reply_count":0,"_bbp_voice_count":0,"_bbp_anonymous_reply_count":0,"_bbp_topic_count_hidden":0,"_bbp_reply_count_hidden":0,"_bbp_forum_subforum_count":0,"site-sidebar-layout":"default","site-content-layout":"","ast-site-content-layout":"default","site-content-style":"default","site-sidebar-style":"default","ast-global-header-display":"","ast-banner-title-visibility":"","ast-main-header-display":"","ast-hfb-above-header-display":"","ast-hfb-below-header-display":"","ast-hfb-mobile-header-display":"","site-post-title":"","ast-breadcrumbs-content":"","ast-featured-img":"","footer-sml-layout":"","theme-transparent-header-meta":"","adv-header-id-meta":"","stick-header-meta":"","header-above-stick-meta":"","header-main-stick-meta":"","header-below-stick-meta":"","astra-migrate-meta-layouts":"set","ast-page-background-enabled":"default","ast-page-background-meta":{"desktop":{"background-color":"var(--ast-global-color-4)","background-image":"","background-repeat":"repeat","background-position":"center center","background-size":"auto","background-attachment":"scroll","background-type":"","background-media":"","overlay-type":"","overlay-color":"","overlay-opacity":"","overlay-gradient":""},"tablet":{"background-color":"","background-image":"","background-repeat":"repeat","background-position":"center center","background-size":"auto","background-attachment":"scroll","background-type":"","background-media":"","overlay-type":"","overlay-color":"","overlay-opacity":"","overlay-gradient":""},"mobile":{"background-color":"","background-image":"","background-repeat":"repeat","background-position":"center center","background-size":"auto","background-attachment":"scroll","background-type":"","background-media":"","overlay-type":"","overlay-color":"","overlay-opacity":"","overlay-gradient":""}},"ast-content-background-meta":{"desktop":{"background-color":"var(--ast-global-color-5)","background-image":"","background-repeat":"repeat","background-position":"center center","background-size":"auto","background-attachment":"scroll","background-type":"","background-media":"","overlay-type":"","overlay-color":"","overlay-opacity":"","overlay-gradient":""},"tablet":{"background-color":"var(--ast-global-color-5)","background-image":"","background-repeat":"repeat","background-position":"center center","background-size":"auto","background-attachment":"scroll","background-type":"","background-media":"","overlay-type":"","overlay-color":"","overlay-opacity":"","overlay-gradient":""},"mobile":{"background-color":"var(--ast-global-color-5)","background-image":"","background-repeat":"repeat","background-position":"center center","background-size":"auto","background-attachment":"scroll","background-type":"","background-media":"","overlay-type":"","overlay-color":"","overlay-opacity":"","overlay-gradient":""}},"footnotes":""},"class_list":["post-23544","page","type-page","status-publish","hentry"],"post_mailing_queue_ids":[],"_links":{"self":[{"href":"https:\/\/serveiseducatius.xtec.cat\/tarragones\/wp-json\/wp\/v2\/pages\/23544","targetHints":{"allow":["GET"]}}],"collection":[{"href":"https:\/\/serveiseducatius.xtec.cat\/tarragones\/wp-json\/wp\/v2\/pages"}],"about":[{"href":"https:\/\/serveiseducatius.xtec.cat\/tarragones\/wp-json\/wp\/v2\/types\/page"}],"author":[{"embeddable":true,"href":"https:\/\/serveiseducatius.xtec.cat\/tarragones\/wp-json\/wp\/v2\/users\/377"}],"replies":[{"embeddable":true,"href":"https:\/\/serveiseducatius.xtec.cat\/tarragones\/wp-json\/wp\/v2\/comments?post=23544"}],"version-history":[{"count":4,"href":"https:\/\/serveiseducatius.xtec.cat\/tarragones\/wp-json\/wp\/v2\/pages\/23544\/revisions"}],"predecessor-version":[{"id":23644,"href":"https:\/\/serveiseducatius.xtec.cat\/tarragones\/wp-json\/wp\/v2\/pages\/23544\/revisions\/23644"}],"up":[{"embeddable":true,"href":"https:\/\/serveiseducatius.xtec.cat\/tarragones\/wp-json\/wp\/v2\/pages\/16752"}],"wp:attachment":[{"href":"https:\/\/serveiseducatius.xtec.cat\/tarragones\/wp-json\/wp\/v2\/media?parent=23544"}],"curies":[{"name":"wp","href":"https:\/\/api.w.org\/{rel}","templated":true}]}}