{"id":23521,"date":"2025-11-19T11:35:53","date_gmt":"2025-11-19T10:35:53","guid":{"rendered":"https:\/\/serveiseducatius.xtec.cat\/tarragones\/?page_id=23521"},"modified":"2025-11-19T12:54:43","modified_gmt":"2025-11-19T11:54:43","slug":"presentacio","status":"publish","type":"page","link":"https:\/\/serveiseducatius.xtec.cat\/tarragones\/el-servei-educatiu\/equip\/eap\/presentacio\/","title":{"rendered":"Presentaci\u00f3"},"content":{"rendered":"\n<p>Els&nbsp;<strong>EAP<\/strong>&nbsp;s\u00f3n equips d\u2019assessorament i orientaci\u00f3 psicopedag\u00f2gic que donen suport al professorat i als centres educatius en la resposta a la diversitat de l\u2019alumnat i en relaci\u00f3 als alumnes que presenten necessitats educatives especials, aix\u00ed com a les seves fam\u00edlies.<\/p>\n\n\n\n<p>Els EAP formen part dels&nbsp;<strong>serveis educatius de zona<\/strong>&nbsp;(SEZ) conjuntament amb els centres de recursos pedag\u00f2gics (CRP) i els equips d\u2019assessorament en llengua, interculturalitat i cohesi\u00f3 social (ELIC).<\/p>\n\n\n\n<p>Formen part dels EAP tres perfils professionals:<\/p>\n\n\n\n<div class=\"wp-block-media-text is-stacked-on-mobile\" style=\"grid-template-columns:27% auto\"><figure class=\"wp-block-media-text__media\"><img loading=\"lazy\" decoding=\"async\" width=\"300\" height=\"225\" src=\"https:\/\/serveiseducatius.xtec.cat\/tarragones\/wp-content\/uploads\/usu549\/2022\/04\/piqsels.com-id-fffvq-300x225.jpg\" alt=\"\" class=\"wp-image-19280 size-full\" srcset=\"https:\/\/serveiseducatius.xtec.cat\/tarragones\/wp-content\/uploads\/usu549\/2022\/04\/piqsels.com-id-fffvq-300x225.jpg 300w, https:\/\/serveiseducatius.xtec.cat\/tarragones\/wp-content\/uploads\/usu549\/2022\/04\/piqsels.com-id-fffvq-1024x768.jpg 1024w, https:\/\/serveiseducatius.xtec.cat\/tarragones\/wp-content\/uploads\/usu549\/2022\/04\/piqsels.com-id-fffvq-768x576.jpg 768w, https:\/\/serveiseducatius.xtec.cat\/tarragones\/wp-content\/uploads\/usu549\/2022\/04\/piqsels.com-id-fffvq-1536x1152.jpg 1536w, https:\/\/serveiseducatius.xtec.cat\/tarragones\/wp-content\/uploads\/usu549\/2022\/04\/piqsels.com-id-fffvq-200x150.jpg 200w, https:\/\/serveiseducatius.xtec.cat\/tarragones\/wp-content\/uploads\/usu549\/2022\/04\/piqsels.com-id-fffvq.jpg 2048w\" sizes=\"auto, (max-width: 300px) 100vw, 300px\" \/><\/figure><div class=\"wp-block-media-text__content\">\n<ul class=\"wp-block-list\">\n<li><strong>Orientaci\u00f3 Educativa- Psicopedagogia<\/strong>:<\/li>\n<\/ul>\n\n\n\n<p>La funci\u00f3 principal del perfil de Psicopedagogia \u00e9s fer la detecci\u00f3, avaluaci\u00f3 i&nbsp;proposta de resposta educativa de l&#8217;alumnat amb NESE o susceptible de requerir-ho. Posteriorment fem el seguiment, les derivacions i\/o coordinacions oportunes en funci\u00f3 de cada cas. Prioritzem el treball en equip i en xarxa per orientar la millor resposta educativa per a cada cas. S\u2019 inclou l&#8217;assessorament a la comunitat educativa implicada en&nbsp; aquest alumnat.<\/p>\n<\/div><\/div>\n\n\n\n<p><\/p>\n\n\n\n<div class=\"wp-block-media-text is-stacked-on-mobile\" style=\"grid-template-columns:27% auto\"><figure class=\"wp-block-media-text__media\"><img loading=\"lazy\" decoding=\"async\" width=\"300\" height=\"277\" src=\"https:\/\/serveiseducatius.xtec.cat\/tarragones\/wp-content\/uploads\/usu549\/2022\/04\/PILOTA-300x277.jpg\" alt=\"\" class=\"wp-image-19281 size-full\" srcset=\"https:\/\/serveiseducatius.xtec.cat\/tarragones\/wp-content\/uploads\/usu549\/2022\/04\/PILOTA-300x277.jpg 300w, https:\/\/serveiseducatius.xtec.cat\/tarragones\/wp-content\/uploads\/usu549\/2022\/04\/PILOTA.jpg 692w\" sizes=\"auto, (max-width: 300px) 100vw, 300px\" \/><\/figure><div class=\"wp-block-media-text__content\">\n<p><strong>Fisioterapia<\/strong>:<\/p>\n\n\n\n<p>Els fisioterapeutes s\u00f3n professionals de suport a la doc\u00e8ncia i formen part de l\u2019equip d\u2019assessorament i orientaci\u00f3 psicopedag\u00f2gica (EAP).&nbsp;Intervenen en l\u2019\u00e0mbit educatiu donant atenci\u00f3 a l&#8217;alumnat amb necessitats educatives especials derivades de d\u00e8ficits motrius, des d&#8217;una perspectiva inclusiva que potencia al m\u00e0xim l&#8217;autonomia personal, l&#8217;aprenentatge escolar i la participaci\u00f3 en l&#8217;entorn educatiu.<\/p>\n<\/div><\/div>\n\n\n\n<p><\/p>\n\n\n\n<div class=\"wp-block-media-text is-stacked-on-mobile\" style=\"grid-template-columns:27% auto\"><figure class=\"wp-block-media-text__media\"><img loading=\"lazy\" decoding=\"async\" width=\"543\" height=\"489\" src=\"https:\/\/serveiseducatius.xtec.cat\/tarragones\/wp-content\/uploads\/usu549\/2025\/11\/image-1.jpeg\" alt=\"\" class=\"wp-image-23522 size-full\" srcset=\"https:\/\/serveiseducatius.xtec.cat\/tarragones\/wp-content\/uploads\/usu549\/2025\/11\/image-1.jpeg 543w, https:\/\/serveiseducatius.xtec.cat\/tarragones\/wp-content\/uploads\/usu549\/2025\/11\/image-1-300x270.jpeg 300w\" sizes=\"auto, (max-width: 543px) 100vw, 543px\" \/><\/figure><div class=\"wp-block-media-text__content\">\n<p><strong>Treball Social<\/strong>:<\/p>\n\n\n\n<p>Els i les professionals del Treball Social en Educaci\u00f3 assessorem a la comunitat educativa en els aspectes socials, familiars, relacionals, educatius, sanitaris i culturals mitjan\u00e7ant el treball en xarxa, l&#8217;atenci\u00f3 directa i la coordinaci\u00f3 amb els diferents agents de la zona.<\/p>\n\n\n\n<h5 class=\"wp-block-heading\"><strong>Normativa<\/strong><\/h5>\n\n\n\n<p><a href=\"http:\/\/educacio.gencat.net\/extranet\/dogc\/decret_155_1994.html\">DECRET 155\/1994<\/a>, de 28 de juny, pel qual es regulen els serveis educatius del Departament d\u2019Ensenyament.<\/p>\n<\/div><\/div>\n\n\n\n<p><\/p>\n\n\n\n<div class=\"wp-block-buttons is-layout-flex wp-block-buttons-is-layout-flex\">\n<div class=\"wp-block-button has-custom-font-size has-small-font-size\"><a class=\"wp-block-button__link has-white-color has-ast-global-color-1-background-color has-text-color has-background has-link-color wp-element-button\" href=\"https:\/\/serveiseducatius.xtec.cat\/tarragones\/el-servei-educatiu\/equip\/eap\/contacte\/\">Contacte<\/a><\/div>\n\n\n\n<div class=\"wp-block-button has-custom-font-size has-small-font-size\"><a class=\"wp-block-button__link has-white-color has-ast-global-color-1-background-color has-text-color has-background has-link-color wp-element-button\" href=\"https:\/\/serveiseducatius.xtec.cat\/tarragones\/el-servei-educatiu\/equip\/eap\/destinataris-i-objectius\/\">Destinataris i Objectius<\/a><\/div>\n\n\n\n<div class=\"wp-block-button has-custom-font-size has-small-font-size\"><a class=\"wp-block-button__link has-white-color has-ast-global-color-1-background-color has-text-color has-background has-link-color wp-element-button\" href=\"https:\/\/serveiseducatius.xtec.cat\/tarragones\/el-servei-educatiu\/equip\/eap\/centres-eap-a\/\">Centres EAP &#8211; A<\/a><\/div>\n\n\n\n<div class=\"wp-block-button has-custom-font-size has-small-font-size\"><a class=\"wp-block-button__link has-white-color has-ast-global-color-1-background-color has-text-color has-background has-link-color wp-element-button\" href=\"https:\/\/serveiseducatius.xtec.cat\/tarragones\/el-servei-educatiu\/equip\/eap\/centres-eap-b\/\">Centres EAP &#8211; B<\/a><\/div>\n\n\n\n<div class=\"wp-block-button has-custom-font-size has-small-font-size\"><a class=\"wp-block-button__link has-white-color has-ast-global-color-1-background-color has-text-color has-background has-link-color wp-element-button\" href=\"https:\/\/serveiseducatius.xtec.cat\/tarragones\/el-servei-educatiu\/equip\/eap\/recursos\/\">Recursos<\/a><\/div>\n<\/div>\n\n\n\n<p><\/p>\n","protected":false},"excerpt":{"rendered":"<p>Els&nbsp;EAP&nbsp;s\u00f3n equips d\u2019assessorament i orientaci\u00f3 psicopedag\u00f2gic que donen suport al professorat i als centres educatius en la resposta a la [&hellip;]<\/p>\n","protected":false},"author":377,"featured_media":0,"parent":16752,"menu_order":0,"comment_status":"closed","ping_status":"close","template":"","meta":{"_bbp_topic_count":0,"_bbp_reply_count":0,"_bbp_total_topic_count":0,"_bbp_total_reply_count":0,"_bbp_voice_count":0,"_bbp_anonymous_reply_count":0,"_bbp_topic_count_hidden":0,"_bbp_reply_count_hidden":0,"_bbp_forum_subforum_count":0,"site-sidebar-layout":"default","site-content-layout":"","ast-site-content-layout":"default","site-content-style":"default","site-sidebar-style":"default","ast-global-header-display":"","ast-banner-title-visibility":"","ast-main-header-display":"","ast-hfb-above-header-display":"","ast-hfb-below-header-display":"","ast-hfb-mobile-header-display":"","site-post-title":"","ast-breadcrumbs-content":"","ast-featured-img":"","footer-sml-layout":"","theme-transparent-header-meta":"","adv-header-id-meta":"","stick-header-meta":"","header-above-stick-meta":"","header-main-stick-meta":"","header-below-stick-meta":"","astra-migrate-meta-layouts":"set","ast-page-background-enabled":"default","ast-page-background-meta":{"desktop":{"background-color":"var(--ast-global-color-4)","background-image":"","background-repeat":"repeat","background-position":"center center","background-size":"auto","background-attachment":"scroll","background-type":"","background-media":"","overlay-type":"","overlay-color":"","overlay-opacity":"","overlay-gradient":""},"tablet":{"background-color":"","background-image":"","background-repeat":"repeat","background-position":"center center","background-size":"auto","background-attachment":"scroll","background-type":"","background-media":"","overlay-type":"","overlay-color":"","overlay-opacity":"","overlay-gradient":""},"mobile":{"background-color":"","background-image":"","background-repeat":"repeat","background-position":"center center","background-size":"auto","background-attachment":"scroll","background-type":"","background-media":"","overlay-type":"","overlay-color":"","overlay-opacity":"","overlay-gradient":""}},"ast-content-background-meta":{"desktop":{"background-color":"var(--ast-global-color-5)","background-image":"","background-repeat":"repeat","background-position":"center center","background-size":"auto","background-attachment":"scroll","background-type":"","background-media":"","overlay-type":"","overlay-color":"","overlay-opacity":"","overlay-gradient":""},"tablet":{"background-color":"var(--ast-global-color-5)","background-image":"","background-repeat":"repeat","background-position":"center center","background-size":"auto","background-attachment":"scroll","background-type":"","background-media":"","overlay-type":"","overlay-color":"","overlay-opacity":"","overlay-gradient":""},"mobile":{"background-color":"var(--ast-global-color-5)","background-image":"","background-repeat":"repeat","background-position":"center center","background-size":"auto","background-attachment":"scroll","background-type":"","background-media":"","overlay-type":"","overlay-color":"","overlay-opacity":"","overlay-gradient":""}},"footnotes":""},"class_list":["post-23521","page","type-page","status-publish","hentry"],"post_mailing_queue_ids":[],"_links":{"self":[{"href":"https:\/\/serveiseducatius.xtec.cat\/tarragones\/wp-json\/wp\/v2\/pages\/23521","targetHints":{"allow":["GET"]}}],"collection":[{"href":"https:\/\/serveiseducatius.xtec.cat\/tarragones\/wp-json\/wp\/v2\/pages"}],"about":[{"href":"https:\/\/serveiseducatius.xtec.cat\/tarragones\/wp-json\/wp\/v2\/types\/page"}],"author":[{"embeddable":true,"href":"https:\/\/serveiseducatius.xtec.cat\/tarragones\/wp-json\/wp\/v2\/users\/377"}],"replies":[{"embeddable":true,"href":"https:\/\/serveiseducatius.xtec.cat\/tarragones\/wp-json\/wp\/v2\/comments?post=23521"}],"version-history":[{"count":3,"href":"https:\/\/serveiseducatius.xtec.cat\/tarragones\/wp-json\/wp\/v2\/pages\/23521\/revisions"}],"predecessor-version":[{"id":23551,"href":"https:\/\/serveiseducatius.xtec.cat\/tarragones\/wp-json\/wp\/v2\/pages\/23521\/revisions\/23551"}],"up":[{"embeddable":true,"href":"https:\/\/serveiseducatius.xtec.cat\/tarragones\/wp-json\/wp\/v2\/pages\/16752"}],"wp:attachment":[{"href":"https:\/\/serveiseducatius.xtec.cat\/tarragones\/wp-json\/wp\/v2\/media?parent=23521"}],"curies":[{"name":"wp","href":"https:\/\/api.w.org\/{rel}","templated":true}]}}