{"id":23487,"date":"2025-11-17T13:38:24","date_gmt":"2025-11-17T12:38:24","guid":{"rendered":"https:\/\/serveiseducatius.xtec.cat\/tarragones\/?page_id=23487"},"modified":"2025-11-24T13:19:57","modified_gmt":"2025-11-24T12:19:57","slug":"elic-presentacio-de-lequip","status":"publish","type":"page","link":"https:\/\/serveiseducatius.xtec.cat\/tarragones\/el-servei-educatiu\/equip\/elic\/elic-presentacio-de-lequip\/","title":{"rendered":"ELIC &#8211; Presentaci\u00f3 de l&#8217;equip"},"content":{"rendered":"\n<p class=\"has-large-font-size\"><strong><em>Qui som<\/em>?<\/strong><\/p>\n\n\n\n<figure class=\"wp-block-table is-style-stripes\"><table class=\"has-fixed-layout\"><thead><tr><th>Equip d&#8217;assessorament<\/th><th>Zones d&#8217;actuaci\u00f3<\/th><\/tr><\/thead><tbody><tr><td>Albert Salas Garcia<br><a href=\"mailto:asalas4@xtec.cat\">asalas4@xtec.cat<br><\/a>Tel. 977 922 874 &#8211; Ext. 1460<\/td><td>Baix Gai\u00e0<\/td><\/tr><tr><td>Nati Niub\u00f3 Regol<br><a href=\"mailto:nniubo2@xtec.cat\">nniubo2@xtec.cat<\/a><br>Tel. 977 922 874 &#8211; Ext. 1459<\/td><td>Tarragona centre<\/td><\/tr><tr><td>Carla Belmonte Sevil<br><a href=\"mailto:cbelmon4@xtec.cat\">cbelmon4@xtec.cat<\/a><br>Tel. 977 922 874 &#8211; Ext. 1459<\/td><td>Zona de Ponent<\/td><\/tr><tr><td>Laia Llutart i Per\u00ed  &nbsp;<br><a href=\"llutart@xtec.cat\" data-type=\"link\" data-id=\"llutart@xtec.cat\">lllutart@xtec<\/a><br>Tel. 977 922 874 &#8211; Ext. 1459<\/td><td>Sant Salvador&nbsp;<br>Sant Pere i Sant Pau<br>Tarragona centre (AA)<\/td><\/tr><tr><td>Francesca Segarra Ib\u00e1\u00f1ez<br><a href=\"mailto:fsegarra@xtec.cat\">fsegarra@xtec.cat<\/a><br>Tel. 977 922 874 &#8211; Ext. 1460<\/td><td>Vila-seca<\/td><\/tr><tr><td>Nat\u00e0lia Domingo Barenys<br><a href=\"mailto:ndoming9@xtec.cat\">ndoming9@xtec.cat<\/a><br>Tel. 977 922 874 &#8211; Ext. 1459<\/td><td>Tarragon\u00e8s interior<br>Tarragona (postobligat\u00f2ria)<br><\/td><\/tr><tr><td>Duna Ferrer Tur\u00f3n\/Albert \u00c1lvarez&nbsp;<br><a href=\"mailto:dferrer1@xtec.cat\">dferrer1@xtec.cat<\/a><br>Tel. 977 922 874 &#8211; Ext. 1460<\/td><td>Salou<\/td><\/tr><\/tbody><\/table><\/figure>\n\n\n\n<p class=\"has-large-font-size\"><strong><em>Quines funcions tenim?\u00a0<\/em><\/strong><br><\/p>\n\n\n\n<p><\/p>\n\n\n\n<p>D\u2019acord amb les l\u00ednies estrat\u00e8giques, l\u2019atenci\u00f3 a les necessitats dels centres p\u00fablics d\u2019educaci\u00f3 infantil, prim\u00e0ria, secund\u00e0ria i adults es concreten en els aspectes seg\u00fcents:<\/p>\n\n\n\n<ul class=\"wp-block-list\">\n<li>Col\u00b7laboraci\u00f3 en la sensibilitzaci\u00f3, promoci\u00f3, consolidaci\u00f3 i l\u2019<strong>\u00fas de la llengua<\/strong> catalana com a eix d\u2019un projecte pluriling\u00fce.<\/li>\n\n\n\n<li>Assessorament i suport als professors en tot el <strong>proc\u00e9s d\u2019ensenyament i aprenentatge de la llengua<\/strong> al llarg de les diferents etapes de manera integrada amb els continguts curriculars.<\/li>\n\n\n\n<li>Impuls, assessorament, formaci\u00f3 i suport als plans i projectes del Departament d\u2019Educaci\u00f3 relacionats amb l\u2019\u00e0mbit de la <strong>llengua (oral i escrita), la interculturalitat i la cohesi\u00f3 social<\/strong>.<\/li>\n\n\n\n<li>Assessorament als centres educatius en la gesti\u00f3 de la <strong>diversitat ling\u00fc\u00edstica <\/strong>dels alumnes en el marc curricular.<\/li>\n\n\n\n<li>Col\u00b7laboraci\u00f3 en l\u2019organitzaci\u00f3, seguiment i coher\u00e8ncia metodol\u00f2gica de les classes extraescolars de <strong>lleng\u00fces de la nova ciutadania<\/strong> impulsades i\/o gestionades des del Departament.<\/li>\n\n\n\n<li>Assessorament als centres educatius en la <strong>gesti\u00f3 dels usos ling\u00fc\u00edstics<\/strong> per tal que aquests s\u2019ajustin als objectius pedag\u00f2gics fixats i a la normativa vigent.<\/li>\n\n\n\n<li>Col\u00b7laboraci\u00f3 i assessorament en l\u2019elaboraci\u00f3 i actualitzaci\u00f3 del <strong>projecte ling\u00fc\u00edstic<\/strong>, del <strong>pla d\u2019acollida<\/strong> i del <strong>projecte de conviv\u00e8ncia<\/strong>.<\/li>\n\n\n\n<li>Assessorament, formaci\u00f3 i suport al professorat sobre l\u2019organitzaci\u00f3, orientaci\u00f3 metodol\u00f2gica i emocional en l\u2019<strong>acollida de l\u2019alumnat nouvingut<\/strong> al centre, a l\u2019aula i a l\u2019<strong>aula d\u2019acollida<\/strong>, i en l\u2019elaboraci\u00f3 dels plans individuals d\u2019aquests alumnes.<\/li>\n\n\n\n<li>Assessorament, formaci\u00f3 i suport als professors sobre l\u2019organitzaci\u00f3, orientaci\u00f3 metodol\u00f2gica i emocional del suport ling\u00fc\u00edstic i social als <strong>alumnes d\u2019origen estranger<\/strong>.<\/li>\n\n\n\n<li>Col\u00b7laboraci\u00f3 en la formaci\u00f3 permanent del professorat sobre metodologies i recursos, i l\u2019aportaci\u00f3 de criteris d\u2019avaluaci\u00f3 en els \u00e0mbits de la <strong>compet\u00e8ncia ling\u00fc\u00edstica<\/strong> dels alumnes.<\/li>\n\n\n\n<li>Col\u00b7laboraci\u00f3 en la sensibilitzaci\u00f3, promoci\u00f3 i consolidaci\u00f3 de l\u2019educaci\u00f3 intercultural.<\/li>\n\n\n\n<li>Assessorament sobre el respecte a la <strong>diversitat de creences<\/strong> als centres educatius.<\/li>\n\n\n\n<li>Assessorament, dinamitzaci\u00f3 i suport t\u00e8cnic dels i als <strong>plans educatius d\u2019entorn (PEE)<\/strong>, vetllant pels principis d\u2019\u00fas de la llengua catalana, l\u2019equitat, l\u2019educaci\u00f3 intercultural i la cohesi\u00f3 social. Dinamitzaci\u00f3 i promoci\u00f3 de la connexi\u00f3 entre els diferents espais i temps educatius de l\u2019\u00e0mbit formal i no formal de la zona. Promoci\u00f3 de l\u2019acc\u00e9s de tot l\u2019alumnat a l\u2019educaci\u00f3 no formal, com un element estrat\u00e8gic d\u2019equitat i d\u2019igualtat d\u2019oportunitats.<\/li>\n\n\n\n<li>Col\u00b7laboraci\u00f3 en el <strong>Projecte de promoci\u00f3 escolar<\/strong> del poble gitano per reduir l\u2019absentisme de l\u2019alumnat gitano, la seva promoci\u00f3, i la visualitzaci\u00f3 de la cultura gitana en els centres i en el curr\u00edculum.<\/li>\n<\/ul>\n\n\n\n<p>(Font de la informaci\u00f3: <a href=\"https:\/\/xtec.gencat.cat\/ca\/serveis\/sez\/elic\/\">https:\/\/xtec.gencat.cat\/ca\/serveis\/sez\/elic\/<\/a>)<br><\/p>\n\n\n\n<p><\/p>\n","protected":false},"excerpt":{"rendered":"<p>Qui som? Equip d&#8217;assessorament Zones d&#8217;actuaci\u00f3 Albert Salas Garciaasalas4@xtec.catTel. 977 922 874 &#8211; Ext. 1460 Baix Gai\u00e0 Nati Niub\u00f3 Regolnniubo2@xtec.catTel. [&hellip;]<\/p>\n","protected":false},"author":1,"featured_media":0,"parent":16510,"menu_order":0,"comment_status":"closed","ping_status":"close","template":"","meta":{"_bbp_topic_count":0,"_bbp_reply_count":0,"_bbp_total_topic_count":0,"_bbp_total_reply_count":0,"_bbp_voice_count":0,"_bbp_anonymous_reply_count":0,"_bbp_topic_count_hidden":0,"_bbp_reply_count_hidden":0,"_bbp_forum_subforum_count":0,"site-sidebar-layout":"default","site-content-layout":"","ast-site-content-layout":"default","site-content-style":"default","site-sidebar-style":"default","ast-global-header-display":"","ast-banner-title-visibility":"","ast-main-header-display":"","ast-hfb-above-header-display":"","ast-hfb-below-header-display":"","ast-hfb-mobile-header-display":"","site-post-title":"","ast-breadcrumbs-content":"","ast-featured-img":"","footer-sml-layout":"","theme-transparent-header-meta":"","adv-header-id-meta":"","stick-header-meta":"","header-above-stick-meta":"","header-main-stick-meta":"","header-below-stick-meta":"","astra-migrate-meta-layouts":"set","ast-page-background-enabled":"default","ast-page-background-meta":{"desktop":{"background-color":"var(--ast-global-color-4)","background-image":"","background-repeat":"repeat","background-position":"center center","background-size":"auto","background-attachment":"scroll","background-type":"","background-media":"","overlay-type":"","overlay-color":"","overlay-opacity":"","overlay-gradient":""},"tablet":{"background-color":"","background-image":"","background-repeat":"repeat","background-position":"center center","background-size":"auto","background-attachment":"scroll","background-type":"","background-media":"","overlay-type":"","overlay-color":"","overlay-opacity":"","overlay-gradient":""},"mobile":{"background-color":"","background-image":"","background-repeat":"repeat","background-position":"center center","background-size":"auto","background-attachment":"scroll","background-type":"","background-media":"","overlay-type":"","overlay-color":"","overlay-opacity":"","overlay-gradient":""}},"ast-content-background-meta":{"desktop":{"background-color":"var(--ast-global-color-5)","background-image":"","background-repeat":"repeat","background-position":"center center","background-size":"auto","background-attachment":"scroll","background-type":"","background-media":"","overlay-type":"","overlay-color":"","overlay-opacity":"","overlay-gradient":""},"tablet":{"background-color":"var(--ast-global-color-5)","background-image":"","background-repeat":"repeat","background-position":"center center","background-size":"auto","background-attachment":"scroll","background-type":"","background-media":"","overlay-type":"","overlay-color":"","overlay-opacity":"","overlay-gradient":""},"mobile":{"background-color":"var(--ast-global-color-5)","background-image":"","background-repeat":"repeat","background-position":"center center","background-size":"auto","background-attachment":"scroll","background-type":"","background-media":"","overlay-type":"","overlay-color":"","overlay-opacity":"","overlay-gradient":""}},"footnotes":""},"class_list":["post-23487","page","type-page","status-publish","hentry"],"post_mailing_queue_ids":[],"_links":{"self":[{"href":"https:\/\/serveiseducatius.xtec.cat\/tarragones\/wp-json\/wp\/v2\/pages\/23487","targetHints":{"allow":["GET"]}}],"collection":[{"href":"https:\/\/serveiseducatius.xtec.cat\/tarragones\/wp-json\/wp\/v2\/pages"}],"about":[{"href":"https:\/\/serveiseducatius.xtec.cat\/tarragones\/wp-json\/wp\/v2\/types\/page"}],"author":[{"embeddable":true,"href":"https:\/\/serveiseducatius.xtec.cat\/tarragones\/wp-json\/wp\/v2\/users\/1"}],"replies":[{"embeddable":true,"href":"https:\/\/serveiseducatius.xtec.cat\/tarragones\/wp-json\/wp\/v2\/comments?post=23487"}],"version-history":[{"count":6,"href":"https:\/\/serveiseducatius.xtec.cat\/tarragones\/wp-json\/wp\/v2\/pages\/23487\/revisions"}],"predecessor-version":[{"id":23584,"href":"https:\/\/serveiseducatius.xtec.cat\/tarragones\/wp-json\/wp\/v2\/pages\/23487\/revisions\/23584"}],"up":[{"embeddable":true,"href":"https:\/\/serveiseducatius.xtec.cat\/tarragones\/wp-json\/wp\/v2\/pages\/16510"}],"wp:attachment":[{"href":"https:\/\/serveiseducatius.xtec.cat\/tarragones\/wp-json\/wp\/v2\/media?parent=23487"}],"curies":[{"name":"wp","href":"https:\/\/api.w.org\/{rel}","templated":true}]}}