{"id":23058,"date":"2025-10-13T17:09:10","date_gmt":"2025-10-13T15:09:10","guid":{"rendered":"https:\/\/serveiseducatius.xtec.cat\/tarragones\/?page_id=23058"},"modified":"2025-10-14T11:52:15","modified_gmt":"2025-10-14T09:52:15","slug":"comissio-pfz","status":"publish","type":"page","link":"https:\/\/serveiseducatius.xtec.cat\/tarragones\/comissio-pfz\/","title":{"rendered":"Comissi\u00f3 PFZ"},"content":{"rendered":"\n<h5 class=\"wp-block-heading\"><strong>Qu\u00e8 \u00e9s?<\/strong><\/h5>\n\n\n\n<p>La Comissi\u00f3 del PFZ del Tarragon\u00e8s \u00e9s l\u2019\u00f2rgan encarregat d\u2019<strong>elaborar la proposta<\/strong>\u00a0d\u2019activitats del PFZ del Tarragon\u00e8s, de fer-ne el\u00a0<strong>seguiment<\/strong>\u00a0i, finalment, l\u2019<strong>avaluaci\u00f3<\/strong>.<\/p>\n\n\n\n<p>La Secci\u00f3 de Serveis Educatius i Formaci\u00f3 Permanent dels ST analitzar\u00e0 i concretar\u00e0 la proposta de les activitats de territori, en funci\u00f3 de les prioritats i de les demandes no ateses d\u2019alguna zona.<\/p>\n\n\n\n<h5 class=\"wp-block-heading\"><strong>La seva finalitat<\/strong><\/h5>\n\n\n\n<p>Garantir que la proposta formativa que es desenvolupa a la zona sigui adequada a les necessitats, a la demanda i als recursos; que es prioritzin les actuacions amb criteris objectius, comptant amb la participaci\u00f3 de les persones implicades.<\/p>\n\n\n\n<h5 class=\"wp-block-heading\"><strong>La comissi\u00f3 del PFZ est\u00e0 integrada per<\/strong><\/h5>\n\n\n\n<ul class=\"wp-block-list\">\n<li>un inspector d\u2019educaci\u00f3 de la zona que actua com a president;<\/li>\n\n\n\n<li>professionals del centre de recursos pedag\u00f2gics (CRP), una de les quals actua com a secret\u00e0ria;<\/li>\n\n\n\n<li>l\u2019equip de la direcci\u00f3 t\u00e8cnica del Servei Educatiu del Tarragon\u00e8s;<\/li>\n\n\n\n<li>una persona de la secci\u00f3 de Serveis Educatius i Formaci\u00f3 Permanent dels ST;<\/li>\n\n\n\n<li>representants dels centres educatius de la zona amb representaci\u00f3 de les diferents etapes educatives i sectors (p\u00fablic i concertat) i amb una proporcionalitat adequada al nombre de centres;<\/li>\n\n\n\n<li>un o una representant de l\u2019ICE;<\/li>\n\n\n\n<li>un o una representant de l\u2019\u00e0mbit educatiu del consell comarcal i de l\u2019ajuntament.<\/li>\n<\/ul>\n\n\n\n<h5 class=\"wp-block-heading\"><strong>Qui organitza la formaci\u00f3?<\/strong><\/h5>\n\n\n\n<p>Les activitats de formaci\u00f3 s\u00f3n organitzades pels Serveis Educatius del Tarragon\u00e8s, per les diferents unitats del Departament d\u2019Ensenyament i les institucions col\u00b7laboradores, especialment els Instituts de Ci\u00e8ncies de l\u2019Educaci\u00f3 de la URV.<\/p>\n\n\n\n<p>El&nbsp;Centre de Recursos Pedag\u00f2gics&nbsp;organitza i coordina l\u2019execuci\u00f3 i el seguiment de les&nbsp;<a href=\"https:\/\/serveiseducatius.xtec.cat\/tarragones\/formacio\/activitats\/\" data-type=\"page\" data-id=\"420\">activitats del PFZ<\/a>.<\/p>\n\n\n\n<p><\/p>\n","protected":false},"excerpt":{"rendered":"<p>Qu\u00e8 \u00e9s? La Comissi\u00f3 del PFZ del Tarragon\u00e8s \u00e9s l\u2019\u00f2rgan encarregat d\u2019elaborar la proposta\u00a0d\u2019activitats del PFZ del Tarragon\u00e8s, de fer-ne [&hellip;]<\/p>\n","protected":false},"author":1,"featured_media":0,"parent":0,"menu_order":0,"comment_status":"closed","ping_status":"close","template":"","meta":{"_bbp_topic_count":0,"_bbp_reply_count":0,"_bbp_total_topic_count":0,"_bbp_total_reply_count":0,"_bbp_voice_count":0,"_bbp_anonymous_reply_count":0,"_bbp_topic_count_hidden":0,"_bbp_reply_count_hidden":0,"_bbp_forum_subforum_count":0,"site-sidebar-layout":"default","site-content-layout":"","ast-site-content-layout":"default","site-content-style":"default","site-sidebar-style":"default","ast-global-header-display":"","ast-banner-title-visibility":"","ast-main-header-display":"","ast-hfb-above-header-display":"","ast-hfb-below-header-display":"","ast-hfb-mobile-header-display":"","site-post-title":"","ast-breadcrumbs-content":"","ast-featured-img":"","footer-sml-layout":"","theme-transparent-header-meta":"","adv-header-id-meta":"","stick-header-meta":"","header-above-stick-meta":"","header-main-stick-meta":"","header-below-stick-meta":"","astra-migrate-meta-layouts":"set","ast-page-background-enabled":"default","ast-page-background-meta":{"desktop":{"background-color":"var(--ast-global-color-4)","background-image":"","background-repeat":"repeat","background-position":"center center","background-size":"auto","background-attachment":"scroll","background-type":"","background-media":"","overlay-type":"","overlay-color":"","overlay-opacity":"","overlay-gradient":""},"tablet":{"background-color":"","background-image":"","background-repeat":"repeat","background-position":"center center","background-size":"auto","background-attachment":"scroll","background-type":"","background-media":"","overlay-type":"","overlay-color":"","overlay-opacity":"","overlay-gradient":""},"mobile":{"background-color":"","background-image":"","background-repeat":"repeat","background-position":"center center","background-size":"auto","background-attachment":"scroll","background-type":"","background-media":"","overlay-type":"","overlay-color":"","overlay-opacity":"","overlay-gradient":""}},"ast-content-background-meta":{"desktop":{"background-color":"var(--ast-global-color-5)","background-image":"","background-repeat":"repeat","background-position":"center center","background-size":"auto","background-attachment":"scroll","background-type":"","background-media":"","overlay-type":"","overlay-color":"","overlay-opacity":"","overlay-gradient":""},"tablet":{"background-color":"var(--ast-global-color-5)","background-image":"","background-repeat":"repeat","background-position":"center center","background-size":"auto","background-attachment":"scroll","background-type":"","background-media":"","overlay-type":"","overlay-color":"","overlay-opacity":"","overlay-gradient":""},"mobile":{"background-color":"var(--ast-global-color-5)","background-image":"","background-repeat":"repeat","background-position":"center center","background-size":"auto","background-attachment":"scroll","background-type":"","background-media":"","overlay-type":"","overlay-color":"","overlay-opacity":"","overlay-gradient":""}},"footnotes":""},"class_list":["post-23058","page","type-page","status-publish","hentry"],"post_mailing_queue_ids":[],"_links":{"self":[{"href":"https:\/\/serveiseducatius.xtec.cat\/tarragones\/wp-json\/wp\/v2\/pages\/23058","targetHints":{"allow":["GET"]}}],"collection":[{"href":"https:\/\/serveiseducatius.xtec.cat\/tarragones\/wp-json\/wp\/v2\/pages"}],"about":[{"href":"https:\/\/serveiseducatius.xtec.cat\/tarragones\/wp-json\/wp\/v2\/types\/page"}],"author":[{"embeddable":true,"href":"https:\/\/serveiseducatius.xtec.cat\/tarragones\/wp-json\/wp\/v2\/users\/1"}],"replies":[{"embeddable":true,"href":"https:\/\/serveiseducatius.xtec.cat\/tarragones\/wp-json\/wp\/v2\/comments?post=23058"}],"version-history":[{"count":2,"href":"https:\/\/serveiseducatius.xtec.cat\/tarragones\/wp-json\/wp\/v2\/pages\/23058\/revisions"}],"predecessor-version":[{"id":23075,"href":"https:\/\/serveiseducatius.xtec.cat\/tarragones\/wp-json\/wp\/v2\/pages\/23058\/revisions\/23075"}],"wp:attachment":[{"href":"https:\/\/serveiseducatius.xtec.cat\/tarragones\/wp-json\/wp\/v2\/media?parent=23058"}],"curies":[{"name":"wp","href":"https:\/\/api.w.org\/{rel}","templated":true}]}}