{"id":23048,"date":"2025-10-13T16:54:37","date_gmt":"2025-10-13T14:54:37","guid":{"rendered":"https:\/\/serveiseducatius.xtec.cat\/tarragones\/?page_id=23048"},"modified":"2025-10-21T10:25:52","modified_gmt":"2025-10-21T08:25:52","slug":"zona-de-centres","status":"publish","type":"page","link":"https:\/\/serveiseducatius.xtec.cat\/tarragones\/zona-de-centres\/","title":{"rendered":"Zona de centres"},"content":{"rendered":"\n<div class=\"wp-block-getwid-button-group\"><div class=\"wp-block-getwid-button-group__wrapper\">\n<div class=\"wp-block-button has-custom-font-size has-medium-font-size\"><a class=\"wp-block-button__link has-ast-global-color-1-color has-very-light-gray-to-cyan-bluish-gray-gradient-background has-text-color has-background has-link-color has-text-align-center wp-element-button\" href=\"https:\/\/serveiseducatius.xtec.cat\/tarragones\/comissio-pfz\/\">Comissi\u00f3 PFZ<\/a><\/div>\n\n\n\n<div class=\"wp-block-button has-custom-font-size has-medium-font-size\"><a class=\"wp-block-button__link has-ast-global-color-1-color has-very-light-gray-to-cyan-bluish-gray-gradient-background has-text-color has-background has-link-color has-text-align-center wp-element-button\" href=\"https:\/\/serveiseducatius.xtec.cat\/tarragones\/formacio\/formacio-interna-fic\/\">Modalitats de formaci\u00f3<\/a><\/div>\n\n\n\n<div class=\"wp-block-button\"><a class=\"wp-block-button__link has-ast-global-color-1-color has-very-light-gray-to-cyan-bluish-gray-gradient-background has-text-color has-background has-link-color wp-element-button\" href=\"https:\/\/serveiseducatius.xtec.cat\/tarragones\/formacio\/deteccio-de-necessitats\/\">Formulari de detecci\u00f3 de necessitats<\/a><\/div>\n<\/div><\/div>\n\n\n\n<p><\/p>\n\n\n\n<div class=\"wp-block-columns is-layout-flex wp-container-core-columns-is-layout-1 wp-block-columns-is-layout-flex\">\n<div class=\"wp-block-column is-layout-flow wp-block-column-is-layout-flow\" style=\"flex-basis:33.33%\">\n<figure class=\"wp-block-image size-large\"><a href=\"https:\/\/serveiseducatius.xtec.cat\/tarragones\/wp-content\/uploads\/usu549\/2025\/10\/enfoc-coordinadora-de-projectes-socials-ambit-salut-mental-438112-med-4.webp\"><img loading=\"lazy\" decoding=\"async\" width=\"1024\" height=\"1024\" src=\"https:\/\/serveiseducatius.xtec.cat\/tarragones\/wp-content\/uploads\/usu549\/2025\/10\/enfoc-coordinadora-de-projectes-socials-ambit-salut-mental-438112-med-4-1024x1024.webp\" alt=\"\" class=\"wp-image-23257\" srcset=\"https:\/\/serveiseducatius.xtec.cat\/tarragones\/wp-content\/uploads\/usu549\/2025\/10\/enfoc-coordinadora-de-projectes-socials-ambit-salut-mental-438112-med-4-1024x1024.webp 1024w, https:\/\/serveiseducatius.xtec.cat\/tarragones\/wp-content\/uploads\/usu549\/2025\/10\/enfoc-coordinadora-de-projectes-socials-ambit-salut-mental-438112-med-4-300x300.webp 300w, https:\/\/serveiseducatius.xtec.cat\/tarragones\/wp-content\/uploads\/usu549\/2025\/10\/enfoc-coordinadora-de-projectes-socials-ambit-salut-mental-438112-med-4-150x150.webp 150w, https:\/\/serveiseducatius.xtec.cat\/tarragones\/wp-content\/uploads\/usu549\/2025\/10\/enfoc-coordinadora-de-projectes-socials-ambit-salut-mental-438112-med-4-768x768.webp 768w, https:\/\/serveiseducatius.xtec.cat\/tarragones\/wp-content\/uploads\/usu549\/2025\/10\/enfoc-coordinadora-de-projectes-socials-ambit-salut-mental-438112-med-4.webp 1080w\" sizes=\"auto, (max-width: 1024px) 100vw, 1024px\" \/><\/a><\/figure>\n<\/div>\n\n\n\n<div class=\"wp-block-column is-layout-flow wp-block-column-is-layout-flow\" style=\"flex-basis:66.66%\">\n<p>La proposta formativa a petici\u00f3 dels centres educatius dins del Pla de Formaci\u00f3 de Zona (PFZ) consisteix en una planificaci\u00f3 territorial de formaci\u00f3 cont\u00ednua adre\u00e7ada al professorat i als centres de formaci\u00f3. Aquesta proposta es basa en la detecci\u00f3 pr\u00e8via de necessitats formatives plantejades pels centres i el professorat de la seva \u00e0rea territorial, i es desenvolupa amb la participaci\u00f3 activa dels centres a trav\u00e9s de processos i comissions espec\u00edfiques.<\/p>\n\n\n\n<p>Els Plans de Formaci\u00f3 de Zona tenen com a objectiu principal donar resposta a les necessitats formatives detectades, garantint que la formaci\u00f3 sigui coherent amb els objectius del Departament d&#8217;Educaci\u00f3 i complement\u00e0ria a altres ofertes formatives. La formaci\u00f3 a petici\u00f3 s&#8217;organitza preferentment com a formaci\u00f3 en centre o per a centres, assegurant que s&#8217;adapti a les demandes concretes, recursos i contextos educatius dels centres participants.<\/p>\n\n\n\n<p>Finalment, la comissi\u00f3 del PFZ, formada per representants dels centres, inspecci\u00f3 educativa, serveis territorials i altres agents educatius, supervisa i aprova la proposta formativa per assegurar la seva adequaci\u00f3, rellev\u00e0ncia i qualitat dins la zona educativa corresponent.<\/p>\n<\/div>\n<\/div>\n\n\n\n<div class=\"wp-block-buttons is-layout-flex wp-block-buttons-is-layout-flex\">\n<div class=\"wp-block-button has-custom-font-size has-small-font-size\"><a class=\"wp-block-button__link has-white-color has-ast-global-color-1-background-color has-text-color has-background has-link-color wp-element-button\" href=\"https:\/\/serveiseducatius.xtec.cat\/tarragones\/formacio\/zona-formadors\/\">Zona de formadors\/es<\/a><\/div>\n\n\n\n<div class=\"wp-block-button has-custom-font-size has-small-font-size\"><a class=\"wp-block-button__link has-white-color has-ast-global-color-1-background-color has-text-color has-background has-link-color wp-element-button\" href=\"https:\/\/serveiseducatius.xtec.cat\/tarragones\/formacio\/meves-activitats\/\">Zona de participants<\/a><\/div>\n\n\n\n<div class=\"wp-block-button has-custom-font-size has-small-font-size\"><a class=\"wp-block-button__link has-white-color has-ast-global-color-1-background-color has-text-color has-background has-link-color wp-element-button\" href=\"https:\/\/serveiseducatius.xtec.cat\/tarragones\/formacio\/activitats\/\">Cat\u00e0leg d&#8217;activitats<\/a><\/div>\n<\/div>\n\n\n\n<p><\/p>\n","protected":false},"excerpt":{"rendered":"<p>La proposta formativa a petici\u00f3 dels centres educatius dins del Pla de Formaci\u00f3 de Zona (PFZ) consisteix en una planificaci\u00f3 [&hellip;]<\/p>\n","protected":false},"author":377,"featured_media":0,"parent":0,"menu_order":0,"comment_status":"closed","ping_status":"close","template":"","meta":{"_bbp_topic_count":0,"_bbp_reply_count":0,"_bbp_total_topic_count":0,"_bbp_total_reply_count":0,"_bbp_voice_count":0,"_bbp_anonymous_reply_count":0,"_bbp_topic_count_hidden":0,"_bbp_reply_count_hidden":0,"_bbp_forum_subforum_count":0,"site-sidebar-layout":"default","site-content-layout":"","ast-site-content-layout":"default","site-content-style":"default","site-sidebar-style":"default","ast-global-header-display":"","ast-banner-title-visibility":"","ast-main-header-display":"","ast-hfb-above-header-display":"","ast-hfb-below-header-display":"","ast-hfb-mobile-header-display":"","site-post-title":"","ast-breadcrumbs-content":"","ast-featured-img":"","footer-sml-layout":"","theme-transparent-header-meta":"","adv-header-id-meta":"","stick-header-meta":"","header-above-stick-meta":"","header-main-stick-meta":"","header-below-stick-meta":"","astra-migrate-meta-layouts":"set","ast-page-background-enabled":"default","ast-page-background-meta":{"desktop":{"background-color":"var(--ast-global-color-4)","background-image":"","background-repeat":"repeat","background-position":"center center","background-size":"auto","background-attachment":"scroll","background-type":"","background-media":"","overlay-type":"","overlay-color":"","overlay-opacity":"","overlay-gradient":""},"tablet":{"background-color":"","background-image":"","background-repeat":"repeat","background-position":"center center","background-size":"auto","background-attachment":"scroll","background-type":"","background-media":"","overlay-type":"","overlay-color":"","overlay-opacity":"","overlay-gradient":""},"mobile":{"background-color":"","background-image":"","background-repeat":"repeat","background-position":"center center","background-size":"auto","background-attachment":"scroll","background-type":"","background-media":"","overlay-type":"","overlay-color":"","overlay-opacity":"","overlay-gradient":""}},"ast-content-background-meta":{"desktop":{"background-color":"var(--ast-global-color-5)","background-image":"","background-repeat":"repeat","background-position":"center center","background-size":"auto","background-attachment":"scroll","background-type":"","background-media":"","overlay-type":"","overlay-color":"","overlay-opacity":"","overlay-gradient":""},"tablet":{"background-color":"var(--ast-global-color-5)","background-image":"","background-repeat":"repeat","background-position":"center center","background-size":"auto","background-attachment":"scroll","background-type":"","background-media":"","overlay-type":"","overlay-color":"","overlay-opacity":"","overlay-gradient":""},"mobile":{"background-color":"var(--ast-global-color-5)","background-image":"","background-repeat":"repeat","background-position":"center center","background-size":"auto","background-attachment":"scroll","background-type":"","background-media":"","overlay-type":"","overlay-color":"","overlay-opacity":"","overlay-gradient":""}},"footnotes":""},"class_list":["post-23048","page","type-page","status-publish","hentry"],"post_mailing_queue_ids":[],"_links":{"self":[{"href":"https:\/\/serveiseducatius.xtec.cat\/tarragones\/wp-json\/wp\/v2\/pages\/23048","targetHints":{"allow":["GET"]}}],"collection":[{"href":"https:\/\/serveiseducatius.xtec.cat\/tarragones\/wp-json\/wp\/v2\/pages"}],"about":[{"href":"https:\/\/serveiseducatius.xtec.cat\/tarragones\/wp-json\/wp\/v2\/types\/page"}],"author":[{"embeddable":true,"href":"https:\/\/serveiseducatius.xtec.cat\/tarragones\/wp-json\/wp\/v2\/users\/377"}],"replies":[{"embeddable":true,"href":"https:\/\/serveiseducatius.xtec.cat\/tarragones\/wp-json\/wp\/v2\/comments?post=23048"}],"version-history":[{"count":6,"href":"https:\/\/serveiseducatius.xtec.cat\/tarragones\/wp-json\/wp\/v2\/pages\/23048\/revisions"}],"predecessor-version":[{"id":23258,"href":"https:\/\/serveiseducatius.xtec.cat\/tarragones\/wp-json\/wp\/v2\/pages\/23048\/revisions\/23258"}],"wp:attachment":[{"href":"https:\/\/serveiseducatius.xtec.cat\/tarragones\/wp-json\/wp\/v2\/media?parent=23048"}],"curies":[{"name":"wp","href":"https:\/\/api.w.org\/{rel}","templated":true}]}}