{"id":22796,"date":"2025-05-05T13:20:48","date_gmt":"2025-05-05T11:20:48","guid":{"rendered":"https:\/\/serveiseducatius.xtec.cat\/tarragones\/?page_id=22796"},"modified":"2025-12-09T11:37:01","modified_gmt":"2025-12-09T10:37:01","slug":"22796-2","status":"publish","type":"page","link":"https:\/\/serveiseducatius.xtec.cat\/tarragones\/22796-2\/","title":{"rendered":"Recursos"},"content":{"rendered":"\n<div class=\"wp-block-buttons is-layout-flex wp-block-buttons-is-layout-flex\">\n<div class=\"wp-block-button has-custom-font-size has-medium-font-size\"><a class=\"wp-block-button__link has-white-color has-ast-global-color-1-background-color has-text-color has-background has-link-color wp-element-button\" href=\"https:\/\/serveiseducatius.xtec.cat\/tarragones\/categoria\/recursos\/\">Cat\u00e0leg de Recursos<\/a><\/div>\n\n\n\n<div class=\"wp-block-button has-custom-font-size has-medium-font-size\"><a class=\"wp-block-button__link has-white-color has-ast-global-color-1-background-color has-text-color has-background has-link-color wp-element-button\" href=\"https:\/\/serveiseducatius.xtec.cat\/tarragones\/general\/formulari-demanda-de-recurs\/\">Formulari per demanar un recurs<\/a><\/div>\n<\/div>\n\n\n\n<div class=\"wp-block-media-text is-stacked-on-mobile\" style=\"grid-template-columns:40% auto\"><figure class=\"wp-block-media-text__media\"><img loading=\"lazy\" decoding=\"async\" width=\"1024\" height=\"601\" src=\"https:\/\/serveiseducatius.xtec.cat\/tarragones\/wp-content\/uploads\/usu549\/2024\/09\/RECURSOS-1-e1760969621630-1024x601.png\" alt=\"\" class=\"wp-image-21728 size-full\" srcset=\"https:\/\/serveiseducatius.xtec.cat\/tarragones\/wp-content\/uploads\/usu549\/2024\/09\/RECURSOS-1-e1760969621630-1024x601.png 1024w, https:\/\/serveiseducatius.xtec.cat\/tarragones\/wp-content\/uploads\/usu549\/2024\/09\/RECURSOS-1-e1760969621630-300x176.png 300w, https:\/\/serveiseducatius.xtec.cat\/tarragones\/wp-content\/uploads\/usu549\/2024\/09\/RECURSOS-1-e1760969621630-768x451.png 768w, https:\/\/serveiseducatius.xtec.cat\/tarragones\/wp-content\/uploads\/usu549\/2024\/09\/RECURSOS-1-e1760969621630.png 1500w\" sizes=\"auto, (max-width: 1024px) 100vw, 1024px\" \/><\/figure><div class=\"wp-block-media-text__content\">\n<p><\/p>\n\n\n\n<p><\/p>\n\n\n\n<p>Els <strong>recursos <\/strong>donen suport als centres educatius, escoles i instituts, aix\u00ed com als equips docents i indirectament a l&#8217;alumnat. Aquests recursos consisteixen en<strong> materials pedag\u00f2gics<\/strong> que contribueixen a la <strong>millora de les pr\u00e0ctiques educatives i dels processos d\u2019aprenentatge<\/strong>.<\/p>\n\n\n\n<p><strong>La durada del pr\u00e9stec habitualment \u00e9s de 30 dies<\/strong> i la disponibilitat es gestiona segons les necessitats espec\u00edfiques, amb un marge d&#8217;una setmana de temps per preparar el material.<\/p>\n\n\n\n<p>Per fer una demanda, cal omplir el <strong>formulari de pr\u00e9stec<\/strong>, des d&#8217;on es derivar\u00e0 la petici\u00f3 i es gestionar\u00e0 la sol\u00b7licitud. <\/p>\n<\/div><\/div>\n\n\n\n<p><\/p>\n","protected":false},"excerpt":{"rendered":"<p>Els recursos donen suport als centres educatius, escoles i instituts, aix\u00ed com als equips docents i indirectament a l&#8217;alumnat. Aquests [&hellip;]<\/p>\n","protected":false},"author":1,"featured_media":0,"parent":0,"menu_order":0,"comment_status":"closed","ping_status":"close","template":"","meta":{"_bbp_topic_count":0,"_bbp_reply_count":0,"_bbp_total_topic_count":0,"_bbp_total_reply_count":0,"_bbp_voice_count":0,"_bbp_anonymous_reply_count":0,"_bbp_topic_count_hidden":0,"_bbp_reply_count_hidden":0,"_bbp_forum_subforum_count":0,"site-sidebar-layout":"default","site-content-layout":"","ast-site-content-layout":"default","site-content-style":"default","site-sidebar-style":"default","ast-global-header-display":"","ast-banner-title-visibility":"","ast-main-header-display":"","ast-hfb-above-header-display":"","ast-hfb-below-header-display":"","ast-hfb-mobile-header-display":"","site-post-title":"","ast-breadcrumbs-content":"","ast-featured-img":"","footer-sml-layout":"","theme-transparent-header-meta":"","adv-header-id-meta":"","stick-header-meta":"","header-above-stick-meta":"","header-main-stick-meta":"","header-below-stick-meta":"","astra-migrate-meta-layouts":"set","ast-page-background-enabled":"default","ast-page-background-meta":{"desktop":{"background-color":"var(--ast-global-color-4)","background-image":"","background-repeat":"repeat","background-position":"center center","background-size":"auto","background-attachment":"scroll","background-type":"","background-media":"","overlay-type":"","overlay-color":"","overlay-opacity":"","overlay-gradient":""},"tablet":{"background-color":"","background-image":"","background-repeat":"repeat","background-position":"center center","background-size":"auto","background-attachment":"scroll","background-type":"","background-media":"","overlay-type":"","overlay-color":"","overlay-opacity":"","overlay-gradient":""},"mobile":{"background-color":"","background-image":"","background-repeat":"repeat","background-position":"center center","background-size":"auto","background-attachment":"scroll","background-type":"","background-media":"","overlay-type":"","overlay-color":"","overlay-opacity":"","overlay-gradient":""}},"ast-content-background-meta":{"desktop":{"background-color":"var(--ast-global-color-5)","background-image":"","background-repeat":"repeat","background-position":"center center","background-size":"auto","background-attachment":"scroll","background-type":"","background-media":"","overlay-type":"","overlay-color":"","overlay-opacity":"","overlay-gradient":""},"tablet":{"background-color":"var(--ast-global-color-5)","background-image":"","background-repeat":"repeat","background-position":"center center","background-size":"auto","background-attachment":"scroll","background-type":"","background-media":"","overlay-type":"","overlay-color":"","overlay-opacity":"","overlay-gradient":""},"mobile":{"background-color":"var(--ast-global-color-5)","background-image":"","background-repeat":"repeat","background-position":"center center","background-size":"auto","background-attachment":"scroll","background-type":"","background-media":"","overlay-type":"","overlay-color":"","overlay-opacity":"","overlay-gradient":""}},"footnotes":""},"class_list":["post-22796","page","type-page","status-publish","hentry"],"post_mailing_queue_ids":[],"_links":{"self":[{"href":"https:\/\/serveiseducatius.xtec.cat\/tarragones\/wp-json\/wp\/v2\/pages\/22796","targetHints":{"allow":["GET"]}}],"collection":[{"href":"https:\/\/serveiseducatius.xtec.cat\/tarragones\/wp-json\/wp\/v2\/pages"}],"about":[{"href":"https:\/\/serveiseducatius.xtec.cat\/tarragones\/wp-json\/wp\/v2\/types\/page"}],"author":[{"embeddable":true,"href":"https:\/\/serveiseducatius.xtec.cat\/tarragones\/wp-json\/wp\/v2\/users\/1"}],"replies":[{"embeddable":true,"href":"https:\/\/serveiseducatius.xtec.cat\/tarragones\/wp-json\/wp\/v2\/comments?post=22796"}],"version-history":[{"count":6,"href":"https:\/\/serveiseducatius.xtec.cat\/tarragones\/wp-json\/wp\/v2\/pages\/22796\/revisions"}],"predecessor-version":[{"id":23636,"href":"https:\/\/serveiseducatius.xtec.cat\/tarragones\/wp-json\/wp\/v2\/pages\/22796\/revisions\/23636"}],"wp:attachment":[{"href":"https:\/\/serveiseducatius.xtec.cat\/tarragones\/wp-json\/wp\/v2\/media?parent=22796"}],"curies":[{"name":"wp","href":"https:\/\/api.w.org\/{rel}","templated":true}]}}